{"id":16355,"date":"2024-06-01T16:17:24","date_gmt":"2024-06-01T15:17:24","guid":{"rendered":"https:\/\/vlatelie.com\/?post_type=product&#038;p=16355"},"modified":"2025-07-22T20:36:52","modified_gmt":"2025-07-22T23:36:52","slug":"coracao-riscado-instant-download-svg-png-eps-dxf-jpg-digital-download","status":"publish","type":"product","link":"https:\/\/vlatelie.com\/en\/shop\/digital\/coracao-riscado-instant-download-svg-png-eps-dxf-jpg-digital-download\/","title":{"rendered":"Striped Heart for Instant Download in svg, png, eps, dxf and jpg"},"content":{"rendered":"<h1 class=\"wt-flex-grow-xs-1 wt-break-word wt-mr-lg-4 wt-text-title-larger\" title=\"SVG horse Instant download SVG, PNG, eps, dxf, jpg digital download\">Striped Heart for Instant Download in SVG, PNG, EPS, DXF and JPG<\/h1>\n<p>Looking for a creative way to bring your ideas to life? Here's a collection of high-quality images in ZIP format that will revolutionise your creativity!<\/p>\n<p>What you get:<\/p>\n<p>\ud83d\udc55 Images for Customisation: A variety of exclusive images, from cool illustrations to elegant prints. You can personalise T-shirts, mugs and much more with these amazing creations.<\/p>\n<p>\ud83d\udccf Customisable sizes: Images are available in editable formats, which means you can adjust the size to suit your needs. Create designs that are perfect for T-shirt sizes, mugs or any decoration project.<\/p>\n<p>\ud83c\udfa8 Creative Versatility: In addition to T-shirts and mugs, these images can be used in a variety of creative projects, such as interior decoration, photo albums, personalised cards and much more.<\/p>\n<p>Why choose our products?<\/p>\n<p>Superior Quality: All images have been carefully created by talented designers, guaranteeing the highest print quality.<\/p>\n<p>Ease of Use: The ZIP files come with clear instructions and are compatible with the main graphics editing programmes. You don't need to be an expert to create amazing designs.<\/p>\n<p>\ud83d\udca1 Infinite Inspiration: Unlock your creativity and turn your ideas into reality with these versatile images.<\/p>\n<p>Unique Personalisation: Make personalised gifts, unique outfits and add an exclusive touch to your decor with ease.<\/p>\n<p>\ud83c\udf1f Express yourself: Your creations will come to life and tell your story in a unique way.<\/p>\n<p>\u2728 Let your imagination run wild and turn your ideas into reality!<\/p>","protected":false},"excerpt":{"rendered":"<p>Looking for a creative way to bring your ideas to life?<br \/>\nWe present a collection of high-quality images in ZIP format that will revolutionise your creativity!<br \/>\nWe provide a high-quality file in the following formats: svg, png, eps, dxf and jpg.<\/p>","protected":false},"featured_media":16375,"comment_status":"open","ping_status":"closed","template":"","meta":[],"product_brand":[],"product_cat":[29],"product_tag":[83,82,77,138,141,142,140,137],"class_list":{"0":"post-16355","1":"product","2":"type-product","3":"status-publish","4":"has-post-thumbnail","6":"product_cat-artigos-digitais","7":"product_tag-coracao-riscado-png","8":"product_tag-coracao-riscado-svg","9":"product_tag-digital-download","10":"product_tag-dxf","11":"product_tag-eps","12":"product_tag-jpg","13":"product_tag-png","14":"product_tag-svg","16":"first","17":"instock","18":"sale","19":"downloadable","20":"virtual","21":"sold-individually","22":"purchasable","23":"product-type-simple"},"ct_brands":[],"yoast_head":"<!-- This site is optimized with the Yoast SEO Premium plugin v27.2 (Yoast SEO v27.2) - https:\/\/yoast.com\/product\/yoast-seo-premium-wordpress\/ -->\n<title>Cora\u00e7\u00e3o Riscado para Download Imediato em svg, png, eps, dxf e jpg - VLAteli\u00ea e Ateli\u00ea da Decora\u00e7\u00e3o<\/title>\n<meta name=\"robots\" content=\"index, follow, max-snippet:-1, max-image-preview:large, max-video-preview:-1\" \/>\n<link rel=\"canonical\" href=\"https:\/\/vlatelie.com\/en\/shop\/digital\/coracao-riscado-instant-download-svg-png-eps-dxf-jpg-digital-download\/\" \/>\n<meta property=\"og:locale\" content=\"en_GB\" \/>\n<meta property=\"og:type\" content=\"article\" \/>\n<meta property=\"og:title\" content=\"Cora\u00e7\u00e3o Riscado para Download Imediato em svg, png, eps, dxf e jpg\" \/>\n<meta property=\"og:description\" content=\"Procurando uma maneira criativa de dar vida \u00e0s suas ideias? Apresentamos uma cole\u00e7\u00e3o de imagens de alta qualidade em formato ZIP que vai revolucionar sua criatividade! Disponibilizamos um ficheiro de alta qualidade nos formatos: svg, png, eps, dxf e jpg.\" \/>\n<meta property=\"og:url\" content=\"https:\/\/vlatelie.com\/en\/shop\/digital\/coracao-riscado-instant-download-svg-png-eps-dxf-jpg-digital-download\/\" \/>\n<meta property=\"og:site_name\" content=\"VLAteli\u00ea e Ateli\u00ea da Decora\u00e7\u00e3o\" \/>\n<meta property=\"article:publisher\" content=\"https:\/\/www.facebook.com\/ateliedadecora\" \/>\n<meta property=\"article:modified_time\" content=\"2025-07-22T23:36:52+00:00\" \/>\n<meta property=\"og:image\" content=\"https:\/\/vlatelie.com\/wp-content\/uploads\/2024\/06\/heart_riscado.png\" \/>\n\t<meta property=\"og:image:width\" content=\"700\" \/>\n\t<meta property=\"og:image:height\" content=\"700\" \/>\n\t<meta property=\"og:image:type\" content=\"image\/png\" \/>\n<meta name=\"twitter:card\" content=\"summary_large_image\" \/>\n<meta name=\"twitter:label1\" content=\"Price\" \/>\n\t<meta name=\"twitter:data1\" content=\"0,54&#036;\" \/>\n\t<meta name=\"twitter:label2\" content=\"Availability\" \/>\n\t<meta name=\"twitter:data2\" content=\"In stock\" \/>\n<script type=\"application\/ld+json\" class=\"yoast-schema-graph\">{\"@context\":\"https:\/\/schema.org\",\"@graph\":[{\"@type\":[\"WebPage\",\"ItemPage\"],\"@id\":\"https:\/\/vlatelie.com\/shop\/artigos-digitais\/coracao-riscado-para-download-imediato-em-svg-png-eps-dxf-e-jpg\/\",\"url\":\"https:\/\/vlatelie.com\/shop\/artigos-digitais\/coracao-riscado-para-download-imediato-em-svg-png-eps-dxf-e-jpg\/\",\"name\":\"Cora\u00e7\u00e3o Riscado para Download Imediato em svg, png, eps, dxf e jpg - VLAteli\u00ea e Ateli\u00ea da Decora\u00e7\u00e3o\",\"isPartOf\":{\"@id\":\"https:\/\/vlatelie.com\/es\/#website\"},\"primaryImageOfPage\":{\"@id\":\"https:\/\/vlatelie.com\/shop\/artigos-digitais\/coracao-riscado-para-download-imediato-em-svg-png-eps-dxf-e-jpg\/#primaryimage\"},\"image\":{\"@id\":\"https:\/\/vlatelie.com\/shop\/artigos-digitais\/coracao-riscado-para-download-imediato-em-svg-png-eps-dxf-e-jpg\/#primaryimage\"},\"thumbnailUrl\":\"https:\/\/vlatelie.com\/wp-content\/uploads\/2024\/06\/heart_riscado.png\",\"datePublished\":\"2024-06-01T15:17:24+00:00\",\"dateModified\":\"2025-07-22T23:36:52+00:00\",\"breadcrumb\":{\"@id\":\"https:\/\/vlatelie.com\/shop\/artigos-digitais\/coracao-riscado-para-download-imediato-em-svg-png-eps-dxf-e-jpg\/#breadcrumb\"},\"inLanguage\":\"en-GB\",\"potentialAction\":[{\"@type\":\"ReadAction\",\"target\":[\"https:\/\/vlatelie.com\/shop\/artigos-digitais\/coracao-riscado-para-download-imediato-em-svg-png-eps-dxf-e-jpg\/\"]}]},{\"@type\":\"ImageObject\",\"inLanguage\":\"en-GB\",\"@id\":\"https:\/\/vlatelie.com\/shop\/artigos-digitais\/coracao-riscado-para-download-imediato-em-svg-png-eps-dxf-e-jpg\/#primaryimage\",\"url\":\"https:\/\/vlatelie.com\/wp-content\/uploads\/2024\/06\/heart_riscado.png\",\"contentUrl\":\"https:\/\/vlatelie.com\/wp-content\/uploads\/2024\/06\/heart_riscado.png\",\"width\":700,\"height\":700},{\"@type\":\"BreadcrumbList\",\"@id\":\"https:\/\/vlatelie.com\/shop\/artigos-digitais\/coracao-riscado-para-download-imediato-em-svg-png-eps-dxf-e-jpg\/#breadcrumb\",\"itemListElement\":[{\"@type\":\"ListItem\",\"position\":1,\"name\":\"In\u00edcio\",\"item\":\"https:\/\/vlatelie.com\/fr\/\"},{\"@type\":\"ListItem\",\"position\":2,\"name\":\"Shop\",\"item\":\"https:\/\/vlatelie.com\/es\/tienda\/\"},{\"@type\":\"ListItem\",\"position\":3,\"name\":\"Cora\u00e7\u00e3o Riscado para Download Imediato em svg, png, eps, dxf e jpg\"}]},{\"@type\":\"WebSite\",\"@id\":\"https:\/\/vlatelie.com\/es\/#website\",\"url\":\"https:\/\/vlatelie.com\/es\/\",\"name\":\"VLAteli\u00ea e Ateli\u00ea da Decora\u00e7\u00e3o\",\"description\":\"Onde cada pe\u00e7a conta uma hist\u00f3ria\",\"publisher\":{\"@id\":\"https:\/\/vlatelie.com\/es\/#organization\"},\"alternateName\":\"VLAteli\u00ea\",\"potentialAction\":[{\"@type\":\"SearchAction\",\"target\":{\"@type\":\"EntryPoint\",\"urlTemplate\":\"https:\/\/vlatelie.com\/es\/?s={search_term_string}\"},\"query-input\":{\"@type\":\"PropertyValueSpecification\",\"valueRequired\":true,\"valueName\":\"search_term_string\"}}],\"inLanguage\":\"en-GB\"},{\"@type\":\"Organization\",\"@id\":\"https:\/\/vlatelie.com\/es\/#organization\",\"name\":\"VLAteli\u00ea e Ateli\u00ea da Decora\u00e7\u00e3o\",\"url\":\"https:\/\/vlatelie.com\/es\/\",\"logo\":{\"@type\":\"ImageObject\",\"inLanguage\":\"en-GB\",\"@id\":\"https:\/\/vlatelie.com\/es\/#\/schema\/logo\/image\/\",\"url\":\"https:\/\/vlatelie.com\/wp-content\/uploads\/2024\/03\/logo_vlatelie_pink.svg\",\"contentUrl\":\"https:\/\/vlatelie.com\/wp-content\/uploads\/2024\/03\/logo_vlatelie_pink.svg\",\"width\":377,\"height\":127,\"caption\":\"VLAteli\u00ea e Ateli\u00ea da Decora\u00e7\u00e3o\"},\"image\":{\"@id\":\"https:\/\/vlatelie.com\/es\/#\/schema\/logo\/image\/\"},\"sameAs\":[\"https:\/\/www.facebook.com\/ateliedadecora\",\"https:\/\/www.instagram.com\/ateliedadecora\"],\"hasMerchantReturnPolicy\":{\"@type\":\"MerchantReturnPolicy\",\"merchantReturnLink\":\"https:\/\/vlatelie.com\/en\/return-and-refund-policy\/\"}}]}<\/script>\n<meta property=\"product:price:amount\" content=\"0.54\" \/>\n<meta property=\"product:price:currency\" content=\"USD\" \/>\n<meta property=\"og:availability\" content=\"instock\" \/>\n<meta property=\"product:availability\" content=\"instock\" \/>\n<meta property=\"product:condition\" content=\"new\" \/>\n<!-- \/ Yoast SEO Premium plugin. -->","yoast_head_json":{"title":"Striped Heart for Instant Download in svg, png, eps, dxf and jpg - VLAteli\u00ea e Ateli\u00ea da Decora\u00e7\u00e3o","robots":{"index":"index","follow":"follow","max-snippet":"max-snippet:-1","max-image-preview":"max-image-preview:large","max-video-preview":"max-video-preview:-1"},"canonical":"https:\/\/vlatelie.com\/en\/shop\/digital\/coracao-riscado-instant-download-svg-png-eps-dxf-jpg-digital-download\/","og_locale":"en_GB","og_type":"article","og_title":"Cora\u00e7\u00e3o Riscado para Download Imediato em svg, png, eps, dxf e jpg","og_description":"Procurando uma maneira criativa de dar vida \u00e0s suas ideias? Apresentamos uma cole\u00e7\u00e3o de imagens de alta qualidade em formato ZIP que vai revolucionar sua criatividade! Disponibilizamos um ficheiro de alta qualidade nos formatos: svg, png, eps, dxf e jpg.","og_url":"https:\/\/vlatelie.com\/en\/shop\/digital\/coracao-riscado-instant-download-svg-png-eps-dxf-jpg-digital-download\/","og_site_name":"VLAteli\u00ea e Ateli\u00ea da Decora\u00e7\u00e3o","article_publisher":"https:\/\/www.facebook.com\/ateliedadecora","article_modified_time":"2025-07-22T23:36:52+00:00","og_image":[{"width":700,"height":700,"url":"https:\/\/vlatelie.com\/wp-content\/uploads\/2024\/06\/heart_riscado.png","type":"image\/png"}],"twitter_card":"summary_large_image","twitter_misc":{"Price":"0,54&#36;","Availability":"In stock"},"schema":{"@context":"https:\/\/schema.org","@graph":[{"@type":["WebPage","ItemPage"],"@id":"https:\/\/vlatelie.com\/shop\/artigos-digitais\/coracao-riscado-para-download-imediato-em-svg-png-eps-dxf-e-jpg\/","url":"https:\/\/vlatelie.com\/shop\/artigos-digitais\/coracao-riscado-para-download-imediato-em-svg-png-eps-dxf-e-jpg\/","name":"Striped Heart for Instant Download in svg, png, eps, dxf and jpg - VLAteli\u00ea e Ateli\u00ea da Decora\u00e7\u00e3o","isPartOf":{"@id":"https:\/\/vlatelie.com\/es\/#website"},"primaryImageOfPage":{"@id":"https:\/\/vlatelie.com\/shop\/artigos-digitais\/coracao-riscado-para-download-imediato-em-svg-png-eps-dxf-e-jpg\/#primaryimage"},"image":{"@id":"https:\/\/vlatelie.com\/shop\/artigos-digitais\/coracao-riscado-para-download-imediato-em-svg-png-eps-dxf-e-jpg\/#primaryimage"},"thumbnailUrl":"https:\/\/vlatelie.com\/wp-content\/uploads\/2024\/06\/heart_riscado.png","datePublished":"2024-06-01T15:17:24+00:00","dateModified":"2025-07-22T23:36:52+00:00","breadcrumb":{"@id":"https:\/\/vlatelie.com\/shop\/artigos-digitais\/coracao-riscado-para-download-imediato-em-svg-png-eps-dxf-e-jpg\/#breadcrumb"},"inLanguage":"en-GB","potentialAction":[{"@type":"ReadAction","target":["https:\/\/vlatelie.com\/shop\/artigos-digitais\/coracao-riscado-para-download-imediato-em-svg-png-eps-dxf-e-jpg\/"]}]},{"@type":"ImageObject","inLanguage":"en-GB","@id":"https:\/\/vlatelie.com\/shop\/artigos-digitais\/coracao-riscado-para-download-imediato-em-svg-png-eps-dxf-e-jpg\/#primaryimage","url":"https:\/\/vlatelie.com\/wp-content\/uploads\/2024\/06\/heart_riscado.png","contentUrl":"https:\/\/vlatelie.com\/wp-content\/uploads\/2024\/06\/heart_riscado.png","width":700,"height":700},{"@type":"BreadcrumbList","@id":"https:\/\/vlatelie.com\/shop\/artigos-digitais\/coracao-riscado-para-download-imediato-em-svg-png-eps-dxf-e-jpg\/#breadcrumb","itemListElement":[{"@type":"ListItem","position":1,"name":"In\u00edcio","item":"https:\/\/vlatelie.com\/fr\/"},{"@type":"ListItem","position":2,"name":"Shop","item":"https:\/\/vlatelie.com\/es\/tienda\/"},{"@type":"ListItem","position":3,"name":"Cora\u00e7\u00e3o Riscado para Download Imediato em svg, png, eps, dxf e jpg"}]},{"@type":"WebSite","@id":"https:\/\/vlatelie.com\/es\/#website","url":"https:\/\/vlatelie.com\/es\/","name":"VLAteli\u00ea and Ateli\u00ea da Decora\u00e7\u00e3o","description":"Where each piece tells a story","publisher":{"@id":"https:\/\/vlatelie.com\/es\/#organization"},"alternateName":"VLAteli\u00ea","potentialAction":[{"@type":"SearchAction","target":{"@type":"EntryPoint","urlTemplate":"https:\/\/vlatelie.com\/es\/?s={search_term_string}"},"query-input":{"@type":"PropertyValueSpecification","valueRequired":true,"valueName":"search_term_string"}}],"inLanguage":"en-GB"},{"@type":"Organization","@id":"https:\/\/vlatelie.com\/es\/#organization","name":"VLAteli\u00ea and Ateli\u00ea da Decora\u00e7\u00e3o","url":"https:\/\/vlatelie.com\/es\/","logo":{"@type":"ImageObject","inLanguage":"en-GB","@id":"https:\/\/vlatelie.com\/es\/#\/schema\/logo\/image\/","url":"https:\/\/vlatelie.com\/wp-content\/uploads\/2024\/03\/logo_vlatelie_pink.svg","contentUrl":"https:\/\/vlatelie.com\/wp-content\/uploads\/2024\/03\/logo_vlatelie_pink.svg","width":377,"height":127,"caption":"VLAteli\u00ea e Ateli\u00ea da Decora\u00e7\u00e3o"},"image":{"@id":"https:\/\/vlatelie.com\/es\/#\/schema\/logo\/image\/"},"sameAs":["https:\/\/www.facebook.com\/ateliedadecora","https:\/\/www.instagram.com\/ateliedadecora"],"hasMerchantReturnPolicy":{"@type":"MerchantReturnPolicy","merchantReturnLink":"https:\/\/vlatelie.com\/en\/return-and-refund-policy\/"}}]},"product_price_amount":"0.54","product_price_currency":"USD","og_availability":"instock","product_availability":"instock","product_condition":"new"},"_links":{"self":[{"href":"https:\/\/vlatelie.com\/en\/wp-json\/wp\/v2\/product\/16355","targetHints":{"allow":["GET"]}}],"collection":[{"href":"https:\/\/vlatelie.com\/en\/wp-json\/wp\/v2\/product"}],"about":[{"href":"https:\/\/vlatelie.com\/en\/wp-json\/wp\/v2\/types\/product"}],"replies":[{"embeddable":true,"href":"https:\/\/vlatelie.com\/en\/wp-json\/wp\/v2\/comments?post=16355"}],"version-history":[{"count":0,"href":"https:\/\/vlatelie.com\/en\/wp-json\/wp\/v2\/product\/16355\/revisions"}],"wp:featuredmedia":[{"embeddable":true,"href":"https:\/\/vlatelie.com\/en\/wp-json\/wp\/v2\/media\/16375"}],"wp:attachment":[{"href":"https:\/\/vlatelie.com\/en\/wp-json\/wp\/v2\/media?parent=16355"}],"wp:term":[{"taxonomy":"product_brand","embeddable":true,"href":"https:\/\/vlatelie.com\/en\/wp-json\/wp\/v2\/product_brand?post=16355"},{"taxonomy":"product_cat","embeddable":true,"href":"https:\/\/vlatelie.com\/en\/wp-json\/wp\/v2\/product_cat?post=16355"},{"taxonomy":"product_tag","embeddable":true,"href":"https:\/\/vlatelie.com\/en\/wp-json\/wp\/v2\/product_tag?post=16355"}],"curies":[{"name":"wp","href":"https:\/\/api.w.org\/{rel}","templated":true}]}}