{"id":17172,"date":"2024-10-22T21:52:26","date_gmt":"2024-10-22T20:52:26","guid":{"rendered":"https:\/\/vlatelie.com\/?post_type=product&#038;p=17172"},"modified":"2025-07-22T20:41:20","modified_gmt":"2025-07-22T23:41:20","slug":"coracao-riscado-instant-download-svg-png-eps-dxf-jpg-digital-download-13","status":"publish","type":"product","link":"https:\/\/vlatelie.com\/en\/shop\/digital\/coracao-riscado-instant-download-svg-png-eps-dxf-jpg-digital-download-13\/","title":{"rendered":"5-pointed star box mould to download in pdf, svg and dxf"},"content":{"rendered":"<h1 class=\"wt-flex-grow-xs-1 wt-break-word wt-mr-lg-4 wt-text-title-larger\" title=\"SVG horse Instant download SVG, PNG, eps, dxf, jpg digital download\">5-pointed star box mould to download in pdf, svg and dxf<\/h1>\n<p><strong>What you get:<\/strong><\/p>\n<p>\ud83d\udccf Customisable sizes: Images are available in editable formats, which means you can adjust the size according to your needs.<\/p>\n<p>Superior Quality: All images have been carefully created by talented designers, guaranteeing the highest print quality.<\/p>\n<p>Ease of Use: The ZIP files come with clear instructions and are compatible with the main graphics editing programmes. You don't need to be an expert to create amazing designs.<\/p>\n<p>\ud83d\udca1 Infinite Inspiration: Unlock your creativity and turn your ideas into reality with these versatile images.<\/p>","protected":false},"excerpt":{"rendered":"<p>Looking for a creative way to bring your ideas to life? Here's a collection of high-quality images in ZIP format that will revolutionise your creativity! We provide a high-quality file in the following formats: svg, dxf and jpg.<\/p>","protected":false},"featured_media":17211,"comment_status":"open","ping_status":"closed","template":"","meta":[],"product_brand":[],"product_cat":[29,147],"product_tag":[127,138,124,149,139,137],"class_list":{"0":"post-17172","1":"product","2":"type-product","3":"status-publish","4":"has-post-thumbnail","6":"product_cat-artigos-digitais","7":"product_cat-moldes","8":"product_tag-caixa-svg","9":"product_tag-dxf","10":"product_tag-molde","11":"product_tag-molde-caixa-estrela","12":"product_tag-pdf","13":"product_tag-svg","15":"first","16":"instock","17":"downloadable","18":"virtual","19":"sold-individually","20":"purchasable","21":"product-type-simple"},"ct_brands":[],"yoast_head":"<!-- This site is optimized with the Yoast SEO Premium plugin v27.2 (Yoast SEO v27.2) - https:\/\/yoast.com\/product\/yoast-seo-premium-wordpress\/ -->\n<title>Molde de Caixa Estrela 5 Pontas para download em pdf, svg e dxf - VLAteli\u00ea e Ateli\u00ea da Decora\u00e7\u00e3o<\/title>\n<meta name=\"robots\" content=\"index, follow, max-snippet:-1, max-image-preview:large, max-video-preview:-1\" \/>\n<link rel=\"canonical\" href=\"https:\/\/vlatelie.com\/en\/shop\/digital\/coracao-riscado-instant-download-svg-png-eps-dxf-jpg-digital-download-13\/\" \/>\n<meta property=\"og:locale\" content=\"en_GB\" \/>\n<meta property=\"og:type\" content=\"article\" \/>\n<meta property=\"og:title\" content=\"Molde de Caixa Estrela 5 Pontas para download em pdf, svg e dxf\" \/>\n<meta property=\"og:description\" content=\"Procurando uma maneira criativa de dar vida \u00e0s suas ideias? Apresentamos uma cole\u00e7\u00e3o de imagens de alta qualidade em formato ZIP que vai revolucionar sua criatividade! Disponibilizamos um ficheiro de alta qualidade nos formatos: svg, dxf e jpg.\" \/>\n<meta property=\"og:url\" content=\"https:\/\/vlatelie.com\/en\/shop\/digital\/coracao-riscado-instant-download-svg-png-eps-dxf-jpg-digital-download-13\/\" \/>\n<meta property=\"og:site_name\" content=\"VLAteli\u00ea e Ateli\u00ea da Decora\u00e7\u00e3o\" \/>\n<meta property=\"article:publisher\" content=\"https:\/\/www.facebook.com\/ateliedadecora\" \/>\n<meta property=\"article:modified_time\" content=\"2025-07-22T23:41:20+00:00\" \/>\n<meta property=\"og:image\" content=\"https:\/\/vlatelie.com\/wp-content\/uploads\/2024\/10\/caixa-estrela-de-5-pontas.jpg\" \/>\n\t<meta property=\"og:image:width\" content=\"600\" \/>\n\t<meta property=\"og:image:height\" content=\"600\" \/>\n\t<meta property=\"og:image:type\" content=\"image\/jpeg\" \/>\n<meta name=\"twitter:card\" content=\"summary_large_image\" \/>\n<meta name=\"twitter:label1\" content=\"Price\" \/>\n\t<meta name=\"twitter:data1\" content=\"0,95&#036;\" \/>\n\t<meta name=\"twitter:label2\" content=\"Availability\" \/>\n\t<meta name=\"twitter:data2\" content=\"In stock\" \/>\n<script type=\"application\/ld+json\" class=\"yoast-schema-graph\">{\"@context\":\"https:\/\/schema.org\",\"@graph\":[{\"@type\":[\"WebPage\",\"ItemPage\"],\"@id\":\"https:\/\/vlatelie.com\/shop\/artigos-digitais\/molde-de-caixa-estrela-para-download-em-pdf-svg-dxf\/\",\"url\":\"https:\/\/vlatelie.com\/shop\/artigos-digitais\/molde-de-caixa-estrela-para-download-em-pdf-svg-dxf\/\",\"name\":\"Molde de Caixa Estrela 5 Pontas para download em pdf, svg e dxf - VLAteli\u00ea e Ateli\u00ea da Decora\u00e7\u00e3o\",\"isPartOf\":{\"@id\":\"https:\/\/vlatelie.com\/es\/#website\"},\"primaryImageOfPage\":{\"@id\":\"https:\/\/vlatelie.com\/shop\/artigos-digitais\/molde-de-caixa-estrela-para-download-em-pdf-svg-dxf\/#primaryimage\"},\"image\":{\"@id\":\"https:\/\/vlatelie.com\/shop\/artigos-digitais\/molde-de-caixa-estrela-para-download-em-pdf-svg-dxf\/#primaryimage\"},\"thumbnailUrl\":\"https:\/\/vlatelie.com\/wp-content\/uploads\/2024\/10\/caixa-estrela-de-5-pontas.jpg\",\"datePublished\":\"2024-10-22T20:52:26+00:00\",\"dateModified\":\"2025-07-22T23:41:20+00:00\",\"breadcrumb\":{\"@id\":\"https:\/\/vlatelie.com\/shop\/artigos-digitais\/molde-de-caixa-estrela-para-download-em-pdf-svg-dxf\/#breadcrumb\"},\"inLanguage\":\"en-GB\",\"potentialAction\":[{\"@type\":\"ReadAction\",\"target\":[\"https:\/\/vlatelie.com\/shop\/artigos-digitais\/molde-de-caixa-estrela-para-download-em-pdf-svg-dxf\/\"]}]},{\"@type\":\"ImageObject\",\"inLanguage\":\"en-GB\",\"@id\":\"https:\/\/vlatelie.com\/shop\/artigos-digitais\/molde-de-caixa-estrela-para-download-em-pdf-svg-dxf\/#primaryimage\",\"url\":\"https:\/\/vlatelie.com\/wp-content\/uploads\/2024\/10\/caixa-estrela-de-5-pontas.jpg\",\"contentUrl\":\"https:\/\/vlatelie.com\/wp-content\/uploads\/2024\/10\/caixa-estrela-de-5-pontas.jpg\",\"width\":600,\"height\":600,\"caption\":\"Molde Caixa Estrela de 5 pontas para download\"},{\"@type\":\"BreadcrumbList\",\"@id\":\"https:\/\/vlatelie.com\/shop\/artigos-digitais\/molde-de-caixa-estrela-para-download-em-pdf-svg-dxf\/#breadcrumb\",\"itemListElement\":[{\"@type\":\"ListItem\",\"position\":1,\"name\":\"In\u00edcio\",\"item\":\"https:\/\/vlatelie.com\/fr\/\"},{\"@type\":\"ListItem\",\"position\":2,\"name\":\"Shop\",\"item\":\"https:\/\/vlatelie.com\/es\/tienda\/\"},{\"@type\":\"ListItem\",\"position\":3,\"name\":\"Molde de Caixa Estrela 5 Pontas para download em pdf, svg e dxf\"}]},{\"@type\":\"WebSite\",\"@id\":\"https:\/\/vlatelie.com\/es\/#website\",\"url\":\"https:\/\/vlatelie.com\/es\/\",\"name\":\"VLAteli\u00ea e Ateli\u00ea da Decora\u00e7\u00e3o\",\"description\":\"Onde cada pe\u00e7a conta uma hist\u00f3ria\",\"publisher\":{\"@id\":\"https:\/\/vlatelie.com\/es\/#organization\"},\"alternateName\":\"VLAteli\u00ea\",\"potentialAction\":[{\"@type\":\"SearchAction\",\"target\":{\"@type\":\"EntryPoint\",\"urlTemplate\":\"https:\/\/vlatelie.com\/es\/?s={search_term_string}\"},\"query-input\":{\"@type\":\"PropertyValueSpecification\",\"valueRequired\":true,\"valueName\":\"search_term_string\"}}],\"inLanguage\":\"en-GB\"},{\"@type\":\"Organization\",\"@id\":\"https:\/\/vlatelie.com\/es\/#organization\",\"name\":\"VLAteli\u00ea e Ateli\u00ea da Decora\u00e7\u00e3o\",\"url\":\"https:\/\/vlatelie.com\/es\/\",\"logo\":{\"@type\":\"ImageObject\",\"inLanguage\":\"en-GB\",\"@id\":\"https:\/\/vlatelie.com\/es\/#\/schema\/logo\/image\/\",\"url\":\"https:\/\/vlatelie.com\/wp-content\/uploads\/2024\/03\/logo_vlatelie_pink.svg\",\"contentUrl\":\"https:\/\/vlatelie.com\/wp-content\/uploads\/2024\/03\/logo_vlatelie_pink.svg\",\"width\":377,\"height\":127,\"caption\":\"VLAteli\u00ea e Ateli\u00ea da Decora\u00e7\u00e3o\"},\"image\":{\"@id\":\"https:\/\/vlatelie.com\/es\/#\/schema\/logo\/image\/\"},\"sameAs\":[\"https:\/\/www.facebook.com\/ateliedadecora\",\"https:\/\/www.instagram.com\/ateliedadecora\"],\"hasMerchantReturnPolicy\":{\"@type\":\"MerchantReturnPolicy\",\"merchantReturnLink\":\"https:\/\/vlatelie.com\/en\/return-and-refund-policy\/\"}}]}<\/script>\n<meta property=\"product:price:amount\" content=\"0.95\" \/>\n<meta property=\"product:price:currency\" content=\"USD\" \/>\n<meta property=\"og:availability\" content=\"instock\" \/>\n<meta property=\"product:availability\" content=\"instock\" \/>\n<meta property=\"product:condition\" content=\"new\" \/>\n<!-- \/ Yoast SEO Premium plugin. -->","yoast_head_json":{"title":"5-pointed star box mould to download in pdf, svg and dxf - VLAteli\u00ea e Ateli\u00ea da Decora\u00e7\u00e3o","robots":{"index":"index","follow":"follow","max-snippet":"max-snippet:-1","max-image-preview":"max-image-preview:large","max-video-preview":"max-video-preview:-1"},"canonical":"https:\/\/vlatelie.com\/en\/shop\/digital\/coracao-riscado-instant-download-svg-png-eps-dxf-jpg-digital-download-13\/","og_locale":"en_GB","og_type":"article","og_title":"Molde de Caixa Estrela 5 Pontas para download em pdf, svg e dxf","og_description":"Procurando uma maneira criativa de dar vida \u00e0s suas ideias? Apresentamos uma cole\u00e7\u00e3o de imagens de alta qualidade em formato ZIP que vai revolucionar sua criatividade! Disponibilizamos um ficheiro de alta qualidade nos formatos: svg, dxf e jpg.","og_url":"https:\/\/vlatelie.com\/en\/shop\/digital\/coracao-riscado-instant-download-svg-png-eps-dxf-jpg-digital-download-13\/","og_site_name":"VLAteli\u00ea e Ateli\u00ea da Decora\u00e7\u00e3o","article_publisher":"https:\/\/www.facebook.com\/ateliedadecora","article_modified_time":"2025-07-22T23:41:20+00:00","og_image":[{"width":600,"height":600,"url":"https:\/\/vlatelie.com\/wp-content\/uploads\/2024\/10\/caixa-estrela-de-5-pontas.jpg","type":"image\/jpeg"}],"twitter_card":"summary_large_image","twitter_misc":{"Price":"0,95&#36;","Availability":"In stock"},"schema":{"@context":"https:\/\/schema.org","@graph":[{"@type":["WebPage","ItemPage"],"@id":"https:\/\/vlatelie.com\/shop\/artigos-digitais\/molde-de-caixa-estrela-para-download-em-pdf-svg-dxf\/","url":"https:\/\/vlatelie.com\/shop\/artigos-digitais\/molde-de-caixa-estrela-para-download-em-pdf-svg-dxf\/","name":"5-pointed star box mould to download in pdf, svg and dxf - VLAteli\u00ea e Ateli\u00ea da Decora\u00e7\u00e3o","isPartOf":{"@id":"https:\/\/vlatelie.com\/es\/#website"},"primaryImageOfPage":{"@id":"https:\/\/vlatelie.com\/shop\/artigos-digitais\/molde-de-caixa-estrela-para-download-em-pdf-svg-dxf\/#primaryimage"},"image":{"@id":"https:\/\/vlatelie.com\/shop\/artigos-digitais\/molde-de-caixa-estrela-para-download-em-pdf-svg-dxf\/#primaryimage"},"thumbnailUrl":"https:\/\/vlatelie.com\/wp-content\/uploads\/2024\/10\/caixa-estrela-de-5-pontas.jpg","datePublished":"2024-10-22T20:52:26+00:00","dateModified":"2025-07-22T23:41:20+00:00","breadcrumb":{"@id":"https:\/\/vlatelie.com\/shop\/artigos-digitais\/molde-de-caixa-estrela-para-download-em-pdf-svg-dxf\/#breadcrumb"},"inLanguage":"en-GB","potentialAction":[{"@type":"ReadAction","target":["https:\/\/vlatelie.com\/shop\/artigos-digitais\/molde-de-caixa-estrela-para-download-em-pdf-svg-dxf\/"]}]},{"@type":"ImageObject","inLanguage":"en-GB","@id":"https:\/\/vlatelie.com\/shop\/artigos-digitais\/molde-de-caixa-estrela-para-download-em-pdf-svg-dxf\/#primaryimage","url":"https:\/\/vlatelie.com\/wp-content\/uploads\/2024\/10\/caixa-estrela-de-5-pontas.jpg","contentUrl":"https:\/\/vlatelie.com\/wp-content\/uploads\/2024\/10\/caixa-estrela-de-5-pontas.jpg","width":600,"height":600,"caption":"Molde Caixa Estrela de 5 pontas para download"},{"@type":"BreadcrumbList","@id":"https:\/\/vlatelie.com\/shop\/artigos-digitais\/molde-de-caixa-estrela-para-download-em-pdf-svg-dxf\/#breadcrumb","itemListElement":[{"@type":"ListItem","position":1,"name":"In\u00edcio","item":"https:\/\/vlatelie.com\/fr\/"},{"@type":"ListItem","position":2,"name":"Shop","item":"https:\/\/vlatelie.com\/es\/tienda\/"},{"@type":"ListItem","position":3,"name":"Molde de Caixa Estrela 5 Pontas para download em pdf, svg e dxf"}]},{"@type":"WebSite","@id":"https:\/\/vlatelie.com\/es\/#website","url":"https:\/\/vlatelie.com\/es\/","name":"VLAteli\u00ea and Ateli\u00ea da Decora\u00e7\u00e3o","description":"Where each piece tells a story","publisher":{"@id":"https:\/\/vlatelie.com\/es\/#organization"},"alternateName":"VLAteli\u00ea","potentialAction":[{"@type":"SearchAction","target":{"@type":"EntryPoint","urlTemplate":"https:\/\/vlatelie.com\/es\/?s={search_term_string}"},"query-input":{"@type":"PropertyValueSpecification","valueRequired":true,"valueName":"search_term_string"}}],"inLanguage":"en-GB"},{"@type":"Organization","@id":"https:\/\/vlatelie.com\/es\/#organization","name":"VLAteli\u00ea and Ateli\u00ea da Decora\u00e7\u00e3o","url":"https:\/\/vlatelie.com\/es\/","logo":{"@type":"ImageObject","inLanguage":"en-GB","@id":"https:\/\/vlatelie.com\/es\/#\/schema\/logo\/image\/","url":"https:\/\/vlatelie.com\/wp-content\/uploads\/2024\/03\/logo_vlatelie_pink.svg","contentUrl":"https:\/\/vlatelie.com\/wp-content\/uploads\/2024\/03\/logo_vlatelie_pink.svg","width":377,"height":127,"caption":"VLAteli\u00ea e Ateli\u00ea da Decora\u00e7\u00e3o"},"image":{"@id":"https:\/\/vlatelie.com\/es\/#\/schema\/logo\/image\/"},"sameAs":["https:\/\/www.facebook.com\/ateliedadecora","https:\/\/www.instagram.com\/ateliedadecora"],"hasMerchantReturnPolicy":{"@type":"MerchantReturnPolicy","merchantReturnLink":"https:\/\/vlatelie.com\/en\/return-and-refund-policy\/"}}]},"product_price_amount":"0.95","product_price_currency":"USD","og_availability":"instock","product_availability":"instock","product_condition":"new"},"_links":{"self":[{"href":"https:\/\/vlatelie.com\/en\/wp-json\/wp\/v2\/product\/17172","targetHints":{"allow":["GET"]}}],"collection":[{"href":"https:\/\/vlatelie.com\/en\/wp-json\/wp\/v2\/product"}],"about":[{"href":"https:\/\/vlatelie.com\/en\/wp-json\/wp\/v2\/types\/product"}],"replies":[{"embeddable":true,"href":"https:\/\/vlatelie.com\/en\/wp-json\/wp\/v2\/comments?post=17172"}],"version-history":[{"count":0,"href":"https:\/\/vlatelie.com\/en\/wp-json\/wp\/v2\/product\/17172\/revisions"}],"wp:featuredmedia":[{"embeddable":true,"href":"https:\/\/vlatelie.com\/en\/wp-json\/wp\/v2\/media\/17211"}],"wp:attachment":[{"href":"https:\/\/vlatelie.com\/en\/wp-json\/wp\/v2\/media?parent=17172"}],"wp:term":[{"taxonomy":"product_brand","embeddable":true,"href":"https:\/\/vlatelie.com\/en\/wp-json\/wp\/v2\/product_brand?post=17172"},{"taxonomy":"product_cat","embeddable":true,"href":"https:\/\/vlatelie.com\/en\/wp-json\/wp\/v2\/product_cat?post=17172"},{"taxonomy":"product_tag","embeddable":true,"href":"https:\/\/vlatelie.com\/en\/wp-json\/wp\/v2\/product_tag?post=17172"}],"curies":[{"name":"wp","href":"https:\/\/api.w.org\/{rel}","templated":true}]}}