{"id":17400,"date":"2024-11-24T13:56:50","date_gmt":"2024-11-24T13:56:50","guid":{"rendered":"https:\/\/vlatelie.com\/?post_type=product&#038;p=17400"},"modified":"2025-07-22T20:40:35","modified_gmt":"2025-07-22T23:40:35","slug":"mums-in-the-home-office","status":"publish","type":"product","link":"https:\/\/vlatelie.com\/en\/shop\/digital\/mums-in-the-home-office\/","title":{"rendered":"Mums in the Home Office"},"content":{"rendered":"<p>Discover all the secrets of working from home and earning extra income to transform your life.<\/p>\n<p>Mums in the Home Office is for ordinary people like you and me who have started to believe that it's possible to change your life by working from home. Without showing up, without exposing your family and without risk. Start earning your own income without depending on anyone. What's more, the e-book will give you an overview of how people are making money online. Definitely a great idea to start earning that money you so desperately need.<\/p>","protected":false},"excerpt":{"rendered":"<p>Discover all the secrets of working from home and earning extra income to transform your life.<\/p>","protected":false},"featured_media":17395,"comment_status":"open","ping_status":"closed","template":"","meta":[],"product_brand":[],"product_cat":[29],"product_tag":[],"class_list":{"0":"post-17400","1":"product","2":"type-product","3":"status-publish","4":"has-post-thumbnail","6":"product_cat-artigos-digitais","8":"first","9":"instock","10":"sale","11":"downloadable","12":"virtual","13":"sold-individually","14":"purchasable","15":"product-type-simple"},"ct_brands":[],"yoast_head":"<!-- This site is optimized with the Yoast SEO Premium plugin v27.2 (Yoast SEO v27.2) - https:\/\/yoast.com\/product\/yoast-seo-premium-wordpress\/ -->\n<title>Mam\u00e3es no Home Office - VLAteli\u00ea e Ateli\u00ea da Decora\u00e7\u00e3o<\/title>\n<meta name=\"description\" content=\"Este \u00e9 um e-book para pessoas comuns como eu e voc\u00ea que come\u00e7aram a acreditar que \u00e9 poss\u00edvel mudar de vida trabalhando de casa.\" \/>\n<meta name=\"robots\" content=\"index, follow, max-snippet:-1, max-image-preview:large, max-video-preview:-1\" \/>\n<link rel=\"canonical\" href=\"https:\/\/vlatelie.com\/en\/shop\/digital\/mums-in-the-home-office\/\" \/>\n<meta property=\"og:locale\" content=\"en_GB\" \/>\n<meta property=\"og:type\" content=\"article\" \/>\n<meta property=\"og:title\" content=\"Mam\u00e3es no Home Office\" \/>\n<meta property=\"og:description\" content=\"Este \u00e9 um e-book para pessoas comuns como eu e voc\u00ea que come\u00e7aram a acreditar que \u00e9 poss\u00edvel mudar de vida trabalhando de casa.\" \/>\n<meta property=\"og:url\" content=\"https:\/\/vlatelie.com\/en\/shop\/digital\/mums-in-the-home-office\/\" \/>\n<meta property=\"og:site_name\" content=\"VLAteli\u00ea e Ateli\u00ea da Decora\u00e7\u00e3o\" \/>\n<meta property=\"article:publisher\" content=\"https:\/\/www.facebook.com\/ateliedadecora\" \/>\n<meta property=\"article:modified_time\" content=\"2025-07-22T23:40:35+00:00\" \/>\n<meta property=\"og:image\" content=\"https:\/\/vlatelie.com\/wp-content\/uploads\/2024\/11\/MamaesNoHomeOffice_ebook.jpg\" \/>\n\t<meta property=\"og:image:width\" content=\"600\" \/>\n\t<meta property=\"og:image:height\" content=\"600\" \/>\n\t<meta property=\"og:image:type\" content=\"image\/jpeg\" \/>\n<meta name=\"twitter:card\" content=\"summary_large_image\" \/>\n<meta name=\"twitter:label1\" content=\"Price\" \/>\n\t<meta name=\"twitter:data1\" content=\"8,12&#036;\" \/>\n\t<meta name=\"twitter:label2\" content=\"Availability\" \/>\n\t<meta name=\"twitter:data2\" content=\"In stock\" \/>\n<script type=\"application\/ld+json\" class=\"yoast-schema-graph\">{\"@context\":\"https:\/\/schema.org\",\"@graph\":[{\"@type\":[\"WebPage\",\"ItemPage\"],\"@id\":\"https:\/\/vlatelie.com\/shop\/artigos-digitais\/mamaes-no-home-office\/\",\"url\":\"https:\/\/vlatelie.com\/shop\/artigos-digitais\/mamaes-no-home-office\/\",\"name\":\"Mam\u00e3es no Home Office - VLAteli\u00ea e Ateli\u00ea da Decora\u00e7\u00e3o\",\"isPartOf\":{\"@id\":\"https:\/\/vlatelie.com\/es\/#website\"},\"primaryImageOfPage\":{\"@id\":\"https:\/\/vlatelie.com\/shop\/artigos-digitais\/mamaes-no-home-office\/#primaryimage\"},\"image\":{\"@id\":\"https:\/\/vlatelie.com\/shop\/artigos-digitais\/mamaes-no-home-office\/#primaryimage\"},\"thumbnailUrl\":\"https:\/\/vlatelie.com\/wp-content\/uploads\/2024\/11\/MamaesNoHomeOffice_ebook.jpg\",\"datePublished\":\"2024-11-24T13:56:50+00:00\",\"dateModified\":\"2025-07-22T23:40:35+00:00\",\"description\":\"Este \u00e9 um e-book para pessoas comuns como eu e voc\u00ea que come\u00e7aram a acreditar que \u00e9 poss\u00edvel mudar de vida trabalhando de casa.\",\"breadcrumb\":{\"@id\":\"https:\/\/vlatelie.com\/shop\/artigos-digitais\/mamaes-no-home-office\/#breadcrumb\"},\"inLanguage\":\"en-GB\",\"potentialAction\":[{\"@type\":\"ReadAction\",\"target\":[\"https:\/\/vlatelie.com\/shop\/artigos-digitais\/mamaes-no-home-office\/\"]}]},{\"@type\":\"ImageObject\",\"inLanguage\":\"en-GB\",\"@id\":\"https:\/\/vlatelie.com\/shop\/artigos-digitais\/mamaes-no-home-office\/#primaryimage\",\"url\":\"https:\/\/vlatelie.com\/wp-content\/uploads\/2024\/11\/MamaesNoHomeOffice_ebook.jpg\",\"contentUrl\":\"https:\/\/vlatelie.com\/wp-content\/uploads\/2024\/11\/MamaesNoHomeOffice_ebook.jpg\",\"width\":600,\"height\":600,\"caption\":\"capa ebook mam\u00e3es no home office\"},{\"@type\":\"BreadcrumbList\",\"@id\":\"https:\/\/vlatelie.com\/shop\/artigos-digitais\/mamaes-no-home-office\/#breadcrumb\",\"itemListElement\":[{\"@type\":\"ListItem\",\"position\":1,\"name\":\"In\u00edcio\",\"item\":\"https:\/\/vlatelie.com\/fr\/\"},{\"@type\":\"ListItem\",\"position\":2,\"name\":\"Shop\",\"item\":\"https:\/\/vlatelie.com\/es\/tienda\/\"},{\"@type\":\"ListItem\",\"position\":3,\"name\":\"Mam\u00e3es no Home Office\"}]},{\"@type\":\"WebSite\",\"@id\":\"https:\/\/vlatelie.com\/es\/#website\",\"url\":\"https:\/\/vlatelie.com\/es\/\",\"name\":\"VLAteli\u00ea e Ateli\u00ea da Decora\u00e7\u00e3o\",\"description\":\"Onde cada pe\u00e7a conta uma hist\u00f3ria\",\"publisher\":{\"@id\":\"https:\/\/vlatelie.com\/es\/#organization\"},\"alternateName\":\"VLAteli\u00ea\",\"potentialAction\":[{\"@type\":\"SearchAction\",\"target\":{\"@type\":\"EntryPoint\",\"urlTemplate\":\"https:\/\/vlatelie.com\/es\/?s={search_term_string}\"},\"query-input\":{\"@type\":\"PropertyValueSpecification\",\"valueRequired\":true,\"valueName\":\"search_term_string\"}}],\"inLanguage\":\"en-GB\"},{\"@type\":\"Organization\",\"@id\":\"https:\/\/vlatelie.com\/es\/#organization\",\"name\":\"VLAteli\u00ea e Ateli\u00ea da Decora\u00e7\u00e3o\",\"url\":\"https:\/\/vlatelie.com\/es\/\",\"logo\":{\"@type\":\"ImageObject\",\"inLanguage\":\"en-GB\",\"@id\":\"https:\/\/vlatelie.com\/es\/#\/schema\/logo\/image\/\",\"url\":\"https:\/\/vlatelie.com\/wp-content\/uploads\/2024\/03\/logo_vlatelie_pink.svg\",\"contentUrl\":\"https:\/\/vlatelie.com\/wp-content\/uploads\/2024\/03\/logo_vlatelie_pink.svg\",\"width\":377,\"height\":127,\"caption\":\"VLAteli\u00ea e Ateli\u00ea da Decora\u00e7\u00e3o\"},\"image\":{\"@id\":\"https:\/\/vlatelie.com\/es\/#\/schema\/logo\/image\/\"},\"sameAs\":[\"https:\/\/www.facebook.com\/ateliedadecora\",\"https:\/\/www.instagram.com\/ateliedadecora\"],\"hasMerchantReturnPolicy\":{\"@type\":\"MerchantReturnPolicy\",\"merchantReturnLink\":\"https:\/\/vlatelie.com\/en\/return-and-refund-policy\/\"}}]}<\/script>\n<meta property=\"product:price:amount\" content=\"8.12\" \/>\n<meta property=\"product:price:currency\" content=\"USD\" \/>\n<meta property=\"og:availability\" content=\"instock\" \/>\n<meta property=\"product:availability\" content=\"instock\" \/>\n<meta property=\"product:condition\" content=\"new\" \/>\n<!-- \/ Yoast SEO Premium plugin. -->","yoast_head_json":{"title":"Mums in the Home Office - VLAteli\u00ea and Ateli\u00ea da Decora\u00e7\u00e3o","description":"This is an e-book for ordinary people like you and me who have started to believe that it's possible to change your life by working from home.","robots":{"index":"index","follow":"follow","max-snippet":"max-snippet:-1","max-image-preview":"max-image-preview:large","max-video-preview":"max-video-preview:-1"},"canonical":"https:\/\/vlatelie.com\/en\/shop\/digital\/mums-in-the-home-office\/","og_locale":"en_GB","og_type":"article","og_title":"Mam\u00e3es no Home Office","og_description":"Este \u00e9 um e-book para pessoas comuns como eu e voc\u00ea que come\u00e7aram a acreditar que \u00e9 poss\u00edvel mudar de vida trabalhando de casa.","og_url":"https:\/\/vlatelie.com\/en\/shop\/digital\/mums-in-the-home-office\/","og_site_name":"VLAteli\u00ea e Ateli\u00ea da Decora\u00e7\u00e3o","article_publisher":"https:\/\/www.facebook.com\/ateliedadecora","article_modified_time":"2025-07-22T23:40:35+00:00","og_image":[{"width":600,"height":600,"url":"https:\/\/vlatelie.com\/wp-content\/uploads\/2024\/11\/MamaesNoHomeOffice_ebook.jpg","type":"image\/jpeg"}],"twitter_card":"summary_large_image","twitter_misc":{"Price":"8,12&#36;","Availability":"In stock"},"schema":{"@context":"https:\/\/schema.org","@graph":[{"@type":["WebPage","ItemPage"],"@id":"https:\/\/vlatelie.com\/shop\/artigos-digitais\/mamaes-no-home-office\/","url":"https:\/\/vlatelie.com\/shop\/artigos-digitais\/mamaes-no-home-office\/","name":"Mums in the Home Office - VLAteli\u00ea and Ateli\u00ea da Decora\u00e7\u00e3o","isPartOf":{"@id":"https:\/\/vlatelie.com\/es\/#website"},"primaryImageOfPage":{"@id":"https:\/\/vlatelie.com\/shop\/artigos-digitais\/mamaes-no-home-office\/#primaryimage"},"image":{"@id":"https:\/\/vlatelie.com\/shop\/artigos-digitais\/mamaes-no-home-office\/#primaryimage"},"thumbnailUrl":"https:\/\/vlatelie.com\/wp-content\/uploads\/2024\/11\/MamaesNoHomeOffice_ebook.jpg","datePublished":"2024-11-24T13:56:50+00:00","dateModified":"2025-07-22T23:40:35+00:00","description":"This is an e-book for ordinary people like you and me who have started to believe that it's possible to change your life by working from home.","breadcrumb":{"@id":"https:\/\/vlatelie.com\/shop\/artigos-digitais\/mamaes-no-home-office\/#breadcrumb"},"inLanguage":"en-GB","potentialAction":[{"@type":"ReadAction","target":["https:\/\/vlatelie.com\/shop\/artigos-digitais\/mamaes-no-home-office\/"]}]},{"@type":"ImageObject","inLanguage":"en-GB","@id":"https:\/\/vlatelie.com\/shop\/artigos-digitais\/mamaes-no-home-office\/#primaryimage","url":"https:\/\/vlatelie.com\/wp-content\/uploads\/2024\/11\/MamaesNoHomeOffice_ebook.jpg","contentUrl":"https:\/\/vlatelie.com\/wp-content\/uploads\/2024\/11\/MamaesNoHomeOffice_ebook.jpg","width":600,"height":600,"caption":"capa ebook mam\u00e3es no home office"},{"@type":"BreadcrumbList","@id":"https:\/\/vlatelie.com\/shop\/artigos-digitais\/mamaes-no-home-office\/#breadcrumb","itemListElement":[{"@type":"ListItem","position":1,"name":"In\u00edcio","item":"https:\/\/vlatelie.com\/fr\/"},{"@type":"ListItem","position":2,"name":"Shop","item":"https:\/\/vlatelie.com\/es\/tienda\/"},{"@type":"ListItem","position":3,"name":"Mam\u00e3es no Home Office"}]},{"@type":"WebSite","@id":"https:\/\/vlatelie.com\/es\/#website","url":"https:\/\/vlatelie.com\/es\/","name":"VLAteli\u00ea and Ateli\u00ea da Decora\u00e7\u00e3o","description":"Where each piece tells a story","publisher":{"@id":"https:\/\/vlatelie.com\/es\/#organization"},"alternateName":"VLAteli\u00ea","potentialAction":[{"@type":"SearchAction","target":{"@type":"EntryPoint","urlTemplate":"https:\/\/vlatelie.com\/es\/?s={search_term_string}"},"query-input":{"@type":"PropertyValueSpecification","valueRequired":true,"valueName":"search_term_string"}}],"inLanguage":"en-GB"},{"@type":"Organization","@id":"https:\/\/vlatelie.com\/es\/#organization","name":"VLAteli\u00ea and Ateli\u00ea da Decora\u00e7\u00e3o","url":"https:\/\/vlatelie.com\/es\/","logo":{"@type":"ImageObject","inLanguage":"en-GB","@id":"https:\/\/vlatelie.com\/es\/#\/schema\/logo\/image\/","url":"https:\/\/vlatelie.com\/wp-content\/uploads\/2024\/03\/logo_vlatelie_pink.svg","contentUrl":"https:\/\/vlatelie.com\/wp-content\/uploads\/2024\/03\/logo_vlatelie_pink.svg","width":377,"height":127,"caption":"VLAteli\u00ea e Ateli\u00ea da Decora\u00e7\u00e3o"},"image":{"@id":"https:\/\/vlatelie.com\/es\/#\/schema\/logo\/image\/"},"sameAs":["https:\/\/www.facebook.com\/ateliedadecora","https:\/\/www.instagram.com\/ateliedadecora"],"hasMerchantReturnPolicy":{"@type":"MerchantReturnPolicy","merchantReturnLink":"https:\/\/vlatelie.com\/en\/return-and-refund-policy\/"}}]},"product_price_amount":"8.12","product_price_currency":"USD","og_availability":"instock","product_availability":"instock","product_condition":"new"},"_links":{"self":[{"href":"https:\/\/vlatelie.com\/en\/wp-json\/wp\/v2\/product\/17400","targetHints":{"allow":["GET"]}}],"collection":[{"href":"https:\/\/vlatelie.com\/en\/wp-json\/wp\/v2\/product"}],"about":[{"href":"https:\/\/vlatelie.com\/en\/wp-json\/wp\/v2\/types\/product"}],"replies":[{"embeddable":true,"href":"https:\/\/vlatelie.com\/en\/wp-json\/wp\/v2\/comments?post=17400"}],"version-history":[{"count":0,"href":"https:\/\/vlatelie.com\/en\/wp-json\/wp\/v2\/product\/17400\/revisions"}],"wp:featuredmedia":[{"embeddable":true,"href":"https:\/\/vlatelie.com\/en\/wp-json\/wp\/v2\/media\/17395"}],"wp:attachment":[{"href":"https:\/\/vlatelie.com\/en\/wp-json\/wp\/v2\/media?parent=17400"}],"wp:term":[{"taxonomy":"product_brand","embeddable":true,"href":"https:\/\/vlatelie.com\/en\/wp-json\/wp\/v2\/product_brand?post=17400"},{"taxonomy":"product_cat","embeddable":true,"href":"https:\/\/vlatelie.com\/en\/wp-json\/wp\/v2\/product_cat?post=17400"},{"taxonomy":"product_tag","embeddable":true,"href":"https:\/\/vlatelie.com\/en\/wp-json\/wp\/v2\/product_tag?post=17400"}],"curies":[{"name":"wp","href":"https:\/\/api.w.org\/{rel}","templated":true}]}}