{"id":18647,"date":"2025-07-22T13:22:06","date_gmt":"2025-07-22T16:22:06","guid":{"rendered":"https:\/\/vlatelie.com\/?post_type=product&#038;p=18647"},"modified":"2025-07-22T20:33:33","modified_gmt":"2025-07-22T23:33:33","slug":"creative-packaging-sustainable-sweets","status":"publish","type":"product","link":"https:\/\/vlatelie.com\/en\/shop\/digital\/creative-packaging-sustainable-sweets\/","title":{"rendered":"Creative Candy Packaging - Make, Sell and Profit with Sustainability"},"content":{"rendered":"<p>Turn your sweets into real experiences with the e-book <strong>Creative Packaging: Make, Sell and Profit!<\/strong>. Learn how to make <strong>sustainable, handmade and charming packaging<\/strong> using affordable materials such as kraft paper, jute, fabric and much more. With detailed step-by-step instructions, practical moulds and marketing tips, this guide is ideal for anyone who sells brigadeiros, brownies, cupcakes, pies and wants to delight customers from the first impression. Enhance your product and stand out with packaging that sells itself.<\/p>","protected":false},"excerpt":{"rendered":"<p>E-book with step-by-step instructions for creating sustainable, creative and economical packaging for sweets. Ideal for those who make and sell.<\/p>","protected":false},"featured_media":18646,"comment_status":"open","ping_status":"closed","template":"","meta":[],"product_brand":[],"product_cat":[29],"product_tag":[],"class_list":{"0":"post-18647","1":"product","2":"type-product","3":"status-publish","4":"has-post-thumbnail","6":"product_cat-artigos-digitais","8":"first","9":"instock","10":"sale","11":"downloadable","12":"virtual","13":"sold-individually","14":"taxable","15":"purchasable","16":"product-type-simple"},"ct_brands":[],"yoast_head":"<!-- This site is optimized with the Yoast SEO Premium plugin v27.2 (Yoast SEO v27.2) - https:\/\/yoast.com\/product\/yoast-seo-premium-wordpress\/ -->\n<title>Embalagens Sustent\u00e1veis e Criativas para Doces - VLAteli\u00ea<\/title>\n<meta name=\"description\" content=\"Aprenda a criar embalagens criativas e sustent\u00e1veis para doces e aumente seu lucro com este e-book completo e inspirador!\" \/>\n<meta name=\"robots\" content=\"index, follow, max-snippet:-1, max-image-preview:large, max-video-preview:-1\" \/>\n<link rel=\"canonical\" href=\"https:\/\/vlatelie.com\/en\/shop\/digital\/creative-packaging-sustainable-sweets\/\" \/>\n<meta property=\"og:locale\" content=\"en_GB\" \/>\n<meta property=\"og:type\" content=\"article\" \/>\n<meta property=\"og:title\" content=\"Embalagens Criativas para Doces \u2013 Fa\u00e7a, Venda e Lucre com Sustentabilidade\" \/>\n<meta property=\"og:description\" content=\"Aprenda a criar embalagens criativas e sustent\u00e1veis para doces e aumente seu lucro com este e-book completo e inspirador!\" \/>\n<meta property=\"og:url\" content=\"https:\/\/vlatelie.com\/en\/shop\/digital\/creative-packaging-sustainable-sweets\/\" \/>\n<meta property=\"og:site_name\" content=\"VLAteli\u00ea e Ateli\u00ea da Decora\u00e7\u00e3o\" \/>\n<meta property=\"article:publisher\" content=\"https:\/\/www.facebook.com\/ateliedadecora\" \/>\n<meta property=\"article:modified_time\" content=\"2025-07-22T23:33:33+00:00\" \/>\n<meta property=\"og:image\" content=\"https:\/\/vlatelie.com\/wp-content\/uploads\/2025\/07\/embalagens-criativas-faca-e-venda-com-sustentabilidade-ebook.webp\" \/>\n\t<meta property=\"og:image:width\" content=\"700\" \/>\n\t<meta property=\"og:image:height\" content=\"420\" \/>\n\t<meta property=\"og:image:type\" content=\"image\/webp\" \/>\n<meta name=\"twitter:card\" content=\"summary_large_image\" \/>\n<meta name=\"twitter:label1\" content=\"Price\" \/>\n\t<meta name=\"twitter:data1\" content=\"8,25&#036; c\/iva\" \/>\n\t<meta name=\"twitter:label2\" content=\"Availability\" \/>\n\t<meta name=\"twitter:data2\" content=\"In stock\" \/>\n<script type=\"application\/ld+json\" class=\"yoast-schema-graph\">{\"@context\":\"https:\/\/schema.org\",\"@graph\":[{\"@type\":[\"WebPage\",\"ItemPage\"],\"@id\":\"https:\/\/vlatelie.com\/shop\/artigos-digitais\/embalagens-criativas-doces-sustentaveis\/\",\"url\":\"https:\/\/vlatelie.com\/shop\/artigos-digitais\/embalagens-criativas-doces-sustentaveis\/\",\"name\":\"Embalagens Sustent\u00e1veis e Criativas para Doces - VLAteli\u00ea\",\"isPartOf\":{\"@id\":\"https:\/\/vlatelie.com\/en\/#website\"},\"primaryImageOfPage\":{\"@id\":\"https:\/\/vlatelie.com\/shop\/artigos-digitais\/embalagens-criativas-doces-sustentaveis\/#primaryimage\"},\"image\":{\"@id\":\"https:\/\/vlatelie.com\/shop\/artigos-digitais\/embalagens-criativas-doces-sustentaveis\/#primaryimage\"},\"thumbnailUrl\":\"https:\/\/vlatelie.com\/wp-content\/uploads\/2025\/07\/embalagens-criativas-faca-e-venda-com-sustentabilidade-ebook.webp\",\"datePublished\":\"2025-07-22T16:22:06+00:00\",\"dateModified\":\"2025-07-22T23:33:33+00:00\",\"description\":\"Aprenda a criar embalagens criativas e sustent\u00e1veis para doces e aumente seu lucro com este e-book completo e inspirador!\",\"breadcrumb\":{\"@id\":\"https:\/\/vlatelie.com\/shop\/artigos-digitais\/embalagens-criativas-doces-sustentaveis\/#breadcrumb\"},\"inLanguage\":\"en-GB\",\"potentialAction\":[{\"@type\":\"ReadAction\",\"target\":[\"https:\/\/vlatelie.com\/shop\/artigos-digitais\/embalagens-criativas-doces-sustentaveis\/\"]}]},{\"@type\":\"ImageObject\",\"inLanguage\":\"en-GB\",\"@id\":\"https:\/\/vlatelie.com\/shop\/artigos-digitais\/embalagens-criativas-doces-sustentaveis\/#primaryimage\",\"url\":\"https:\/\/vlatelie.com\/wp-content\/uploads\/2025\/07\/embalagens-criativas-faca-e-venda-com-sustentabilidade-ebook.webp\",\"contentUrl\":\"https:\/\/vlatelie.com\/wp-content\/uploads\/2025\/07\/embalagens-criativas-faca-e-venda-com-sustentabilidade-ebook.webp\",\"width\":700,\"height\":420,\"caption\":\"ebook de embalagens criativas\"},{\"@type\":\"BreadcrumbList\",\"@id\":\"https:\/\/vlatelie.com\/shop\/artigos-digitais\/embalagens-criativas-doces-sustentaveis\/#breadcrumb\",\"itemListElement\":[{\"@type\":\"ListItem\",\"position\":1,\"name\":\"In\u00edcio\",\"item\":\"https:\/\/vlatelie.com\/en\/\"},{\"@type\":\"ListItem\",\"position\":2,\"name\":\"Shop\",\"item\":\"https:\/\/floralwhite-whale-967499.hostingersite.com\/en\/shop\/\"},{\"@type\":\"ListItem\",\"position\":3,\"name\":\"Embalagens Criativas para Doces \u2013 Fa\u00e7a, Venda e Lucre com Sustentabilidade\"}]},{\"@type\":\"WebSite\",\"@id\":\"https:\/\/vlatelie.com\/en\/#website\",\"url\":\"https:\/\/vlatelie.com\/en\/\",\"name\":\"VLAteli\u00ea e Ateli\u00ea da Decora\u00e7\u00e3o\",\"description\":\"Onde cada pe\u00e7a conta uma hist\u00f3ria\",\"publisher\":{\"@id\":\"https:\/\/vlatelie.com\/en\/#organization\"},\"alternateName\":\"VLAteli\u00ea\",\"potentialAction\":[{\"@type\":\"SearchAction\",\"target\":{\"@type\":\"EntryPoint\",\"urlTemplate\":\"https:\/\/vlatelie.com\/en\/?s={search_term_string}\"},\"query-input\":{\"@type\":\"PropertyValueSpecification\",\"valueRequired\":true,\"valueName\":\"search_term_string\"}}],\"inLanguage\":\"en-GB\"},{\"@type\":\"Organization\",\"@id\":\"https:\/\/vlatelie.com\/en\/#organization\",\"name\":\"VLAteli\u00ea e Ateli\u00ea da Decora\u00e7\u00e3o\",\"url\":\"https:\/\/vlatelie.com\/en\/\",\"logo\":{\"@type\":\"ImageObject\",\"inLanguage\":\"en-GB\",\"@id\":\"https:\/\/vlatelie.com\/en\/#\/schema\/logo\/image\/\",\"url\":\"https:\/\/vlatelie.com\/wp-content\/uploads\/2024\/03\/logo_vlatelie_pink.svg\",\"contentUrl\":\"https:\/\/vlatelie.com\/wp-content\/uploads\/2024\/03\/logo_vlatelie_pink.svg\",\"width\":377,\"height\":127,\"caption\":\"VLAteli\u00ea e Ateli\u00ea da Decora\u00e7\u00e3o\"},\"image\":{\"@id\":\"https:\/\/vlatelie.com\/en\/#\/schema\/logo\/image\/\"},\"sameAs\":[\"https:\/\/www.facebook.com\/ateliedadecora\",\"https:\/\/www.instagram.com\/ateliedadecora\"],\"hasMerchantReturnPolicy\":{\"@type\":\"MerchantReturnPolicy\",\"merchantReturnLink\":\"https:\/\/vlatelie.com\/en\/return-and-refund-policy\/\"}}]}<\/script>\n<meta property=\"product:price:amount\" content=\"8.25\" \/>\n<meta property=\"product:price:currency\" content=\"USD\" \/>\n<meta property=\"og:availability\" content=\"instock\" \/>\n<meta property=\"product:availability\" content=\"instock\" \/>\n<meta property=\"product:condition\" content=\"new\" \/>\n<!-- \/ Yoast SEO Premium plugin. -->","yoast_head_json":{"title":"Sustainable and Creative Packaging for Sweets - VLAteli\u00ea","description":"Learn how to create creative and sustainable packaging for sweets and increase your profits with this complete and inspiring e-book!","robots":{"index":"index","follow":"follow","max-snippet":"max-snippet:-1","max-image-preview":"max-image-preview:large","max-video-preview":"max-video-preview:-1"},"canonical":"https:\/\/vlatelie.com\/en\/shop\/digital\/creative-packaging-sustainable-sweets\/","og_locale":"en_GB","og_type":"article","og_title":"Embalagens Criativas para Doces \u2013 Fa\u00e7a, Venda e Lucre com Sustentabilidade","og_description":"Aprenda a criar embalagens criativas e sustent\u00e1veis para doces e aumente seu lucro com este e-book completo e inspirador!","og_url":"https:\/\/vlatelie.com\/en\/shop\/digital\/creative-packaging-sustainable-sweets\/","og_site_name":"VLAteli\u00ea e Ateli\u00ea da Decora\u00e7\u00e3o","article_publisher":"https:\/\/www.facebook.com\/ateliedadecora","article_modified_time":"2025-07-22T23:33:33+00:00","og_image":[{"width":700,"height":420,"url":"https:\/\/vlatelie.com\/wp-content\/uploads\/2025\/07\/embalagens-criativas-faca-e-venda-com-sustentabilidade-ebook.webp","type":"image\/webp"}],"twitter_card":"summary_large_image","twitter_misc":{"Price":"8,25&#36; c\/iva","Availability":"In stock"},"schema":{"@context":"https:\/\/schema.org","@graph":[{"@type":["WebPage","ItemPage"],"@id":"https:\/\/vlatelie.com\/shop\/artigos-digitais\/embalagens-criativas-doces-sustentaveis\/","url":"https:\/\/vlatelie.com\/shop\/artigos-digitais\/embalagens-criativas-doces-sustentaveis\/","name":"Sustainable and Creative Packaging for Sweets - VLAteli\u00ea","isPartOf":{"@id":"https:\/\/vlatelie.com\/en\/#website"},"primaryImageOfPage":{"@id":"https:\/\/vlatelie.com\/shop\/artigos-digitais\/embalagens-criativas-doces-sustentaveis\/#primaryimage"},"image":{"@id":"https:\/\/vlatelie.com\/shop\/artigos-digitais\/embalagens-criativas-doces-sustentaveis\/#primaryimage"},"thumbnailUrl":"https:\/\/vlatelie.com\/wp-content\/uploads\/2025\/07\/embalagens-criativas-faca-e-venda-com-sustentabilidade-ebook.webp","datePublished":"2025-07-22T16:22:06+00:00","dateModified":"2025-07-22T23:33:33+00:00","description":"Learn how to create creative and sustainable packaging for sweets and increase your profits with this complete and inspiring e-book!","breadcrumb":{"@id":"https:\/\/vlatelie.com\/shop\/artigos-digitais\/embalagens-criativas-doces-sustentaveis\/#breadcrumb"},"inLanguage":"en-GB","potentialAction":[{"@type":"ReadAction","target":["https:\/\/vlatelie.com\/shop\/artigos-digitais\/embalagens-criativas-doces-sustentaveis\/"]}]},{"@type":"ImageObject","inLanguage":"en-GB","@id":"https:\/\/vlatelie.com\/shop\/artigos-digitais\/embalagens-criativas-doces-sustentaveis\/#primaryimage","url":"https:\/\/vlatelie.com\/wp-content\/uploads\/2025\/07\/embalagens-criativas-faca-e-venda-com-sustentabilidade-ebook.webp","contentUrl":"https:\/\/vlatelie.com\/wp-content\/uploads\/2025\/07\/embalagens-criativas-faca-e-venda-com-sustentabilidade-ebook.webp","width":700,"height":420,"caption":"ebook de embalagens criativas"},{"@type":"BreadcrumbList","@id":"https:\/\/vlatelie.com\/shop\/artigos-digitais\/embalagens-criativas-doces-sustentaveis\/#breadcrumb","itemListElement":[{"@type":"ListItem","position":1,"name":"In\u00edcio","item":"https:\/\/vlatelie.com\/en\/"},{"@type":"ListItem","position":2,"name":"Shop","item":"https:\/\/floralwhite-whale-967499.hostingersite.com\/en\/shop\/"},{"@type":"ListItem","position":3,"name":"Embalagens Criativas para Doces \u2013 Fa\u00e7a, Venda e Lucre com Sustentabilidade"}]},{"@type":"WebSite","@id":"https:\/\/vlatelie.com\/en\/#website","url":"https:\/\/vlatelie.com\/en\/","name":"VLAteli\u00ea and Ateli\u00ea da Decora\u00e7\u00e3o","description":"Where each piece tells a story","publisher":{"@id":"https:\/\/vlatelie.com\/en\/#organization"},"alternateName":"VLAteli\u00ea","potentialAction":[{"@type":"SearchAction","target":{"@type":"EntryPoint","urlTemplate":"https:\/\/vlatelie.com\/en\/?s={search_term_string}"},"query-input":{"@type":"PropertyValueSpecification","valueRequired":true,"valueName":"search_term_string"}}],"inLanguage":"en-GB"},{"@type":"Organization","@id":"https:\/\/vlatelie.com\/en\/#organization","name":"VLAteli\u00ea and Ateli\u00ea da Decora\u00e7\u00e3o","url":"https:\/\/vlatelie.com\/en\/","logo":{"@type":"ImageObject","inLanguage":"en-GB","@id":"https:\/\/vlatelie.com\/en\/#\/schema\/logo\/image\/","url":"https:\/\/vlatelie.com\/wp-content\/uploads\/2024\/03\/logo_vlatelie_pink.svg","contentUrl":"https:\/\/vlatelie.com\/wp-content\/uploads\/2024\/03\/logo_vlatelie_pink.svg","width":377,"height":127,"caption":"VLAteli\u00ea e Ateli\u00ea da Decora\u00e7\u00e3o"},"image":{"@id":"https:\/\/vlatelie.com\/en\/#\/schema\/logo\/image\/"},"sameAs":["https:\/\/www.facebook.com\/ateliedadecora","https:\/\/www.instagram.com\/ateliedadecora"],"hasMerchantReturnPolicy":{"@type":"MerchantReturnPolicy","merchantReturnLink":"https:\/\/vlatelie.com\/en\/return-and-refund-policy\/"}}]},"product_price_amount":"8.25","product_price_currency":"USD","og_availability":"instock","product_availability":"instock","product_condition":"new"},"_links":{"self":[{"href":"https:\/\/vlatelie.com\/en\/wp-json\/wp\/v2\/product\/18647","targetHints":{"allow":["GET"]}}],"collection":[{"href":"https:\/\/vlatelie.com\/en\/wp-json\/wp\/v2\/product"}],"about":[{"href":"https:\/\/vlatelie.com\/en\/wp-json\/wp\/v2\/types\/product"}],"replies":[{"embeddable":true,"href":"https:\/\/vlatelie.com\/en\/wp-json\/wp\/v2\/comments?post=18647"}],"version-history":[{"count":0,"href":"https:\/\/vlatelie.com\/en\/wp-json\/wp\/v2\/product\/18647\/revisions"}],"wp:featuredmedia":[{"embeddable":true,"href":"https:\/\/vlatelie.com\/en\/wp-json\/wp\/v2\/media\/18646"}],"wp:attachment":[{"href":"https:\/\/vlatelie.com\/en\/wp-json\/wp\/v2\/media?parent=18647"}],"wp:term":[{"taxonomy":"product_brand","embeddable":true,"href":"https:\/\/vlatelie.com\/en\/wp-json\/wp\/v2\/product_brand?post=18647"},{"taxonomy":"product_cat","embeddable":true,"href":"https:\/\/vlatelie.com\/en\/wp-json\/wp\/v2\/product_cat?post=18647"},{"taxonomy":"product_tag","embeddable":true,"href":"https:\/\/vlatelie.com\/en\/wp-json\/wp\/v2\/product_tag?post=18647"}],"curies":[{"name":"wp","href":"https:\/\/api.w.org\/{rel}","templated":true}]}}