{"id":15940,"date":"2024-04-07T20:55:01","date_gmt":"2024-04-07T19:55:01","guid":{"rendered":"https:\/\/vlatelie.com\/declaracao-de-privacidade-ue\/"},"modified":"2025-08-26T10:53:27","modified_gmt":"2025-08-26T13:53:27","slug":"politica-de-privacidad","status":"publish","type":"page","link":"https:\/\/vlatelie.com\/es\/politica-de-privacidad\/","title":{"rendered":"Pol\u00edtica de privacidad"},"content":{"rendered":"<div data-elementor-type=\"wp-page\" data-elementor-id=\"15940\" class=\"elementor elementor-15940\" data-elementor-post-type=\"page\">\n\t\t\t\t<div class=\"elementor-element elementor-element-2a9efc6 e-flex e-con-boxed e-con e-parent\" data-id=\"2a9efc6\" data-element_type=\"container\" data-e-type=\"container\">\n\t\t\t\t\t<div class=\"e-con-inner\">\n\t\t<div class=\"elementor-element elementor-element-2c13dc2 e-con-full e-flex e-con e-child\" data-id=\"2c13dc2\" data-element_type=\"container\" data-e-type=\"container\" data-settings=\"{&quot;background_background&quot;:&quot;classic&quot;}\">\n\t\t\t\t<div class=\"elementor-element elementor-element-16115edc elementor-widget__width-inherit elementor-widget elementor-widget-text-editor\" data-id=\"16115edc\" data-element_type=\"widget\" data-e-type=\"widget\" data-widget_type=\"text-editor.default\">\n\t\t\t\t<div class=\"elementor-widget-container\">\n\t\t\t\t\t\t\t\t\t<h1><strong>Pol\u00edtica de privacidad<\/strong><\/h1><p><br \/><strong>\u00daltima actualizaci\u00f3n:<\/strong> 26 de agosto de 2025<br \/><strong>Fecha de entrada en vigor:<\/strong> 18 de marzo de 2025<\/p><p>El presente <strong>Pol\u00edtica de privacidad<\/strong> describe c\u00f3mo <strong>VLAteli\u00ea<\/strong>, ubicado en:<\/p><p>VLAteli\u00ea<br \/>Calle Casa do Povo, 87<br \/>Almeirim, 2080-222, Portugal<br \/>Correo electr\u00f3nico: <a href=\"mailto:geral@vlatelie.com\">geral@vlatelie.com<\/a><br \/>Tel\u00e9fono: +351 910 976 622<\/p><p>A <strong>VLAteli\u00ea y Ateli\u00ea da Decora\u00e7\u00e3o<\/strong> valora su privacidad y se compromete a proteger los datos personales de sus clientes y visitantes. Esta pol\u00edtica de privacidad describe c\u00f3mo recopilamos, utilizamos, almacenamos y compartimos su informaci\u00f3n cuando utiliza nuestro sitio web <strong><a href=\"https:\/\/vlatelie.com\/es\/\">https:\/\/vlatelie.com<\/a><\/strong>de conformidad con el <strong>Ley General de Protecci\u00f3n de Datos (LGPD - Ley 13.709\/2018)<\/strong>con el <strong>Reglamento Europeo de Protecci\u00f3n de Datos (RGPD)<\/strong> y con el <strong>T\u00e9rminos de Meta para desarrolladores<\/strong>.<\/p><p>\u00a0<\/p><h2><strong>Informaci\u00f3n que recopilamos<\/strong><\/h2><p>Podemos recopilar los siguientes tipos de informaci\u00f3n:<\/p><ul><li><strong>Registro e inicio de sesi\u00f3n<\/strong>nombre, direcci\u00f3n de correo electr\u00f3nico y datos de redes sociales cuando utilice el <strong>Inicio de sesi\u00f3n en Nextend Social<\/strong> (inicio de sesi\u00f3n a trav\u00e9s de Facebook, Google, etc.).<\/li><li><strong>Compras<\/strong>nombre, CPF\/CNPJ, direcci\u00f3n, n\u00famero de tel\u00e9fono, datos de facturaci\u00f3n e historial de pedidos, recogidos a trav\u00e9s de <strong>WooCommerce<\/strong> e <strong>Impuestos WooCommerce<\/strong>.<\/li><li><strong>Pagos<\/strong>procesado por <strong>Raya<\/strong>. No almacenamos los n\u00fameros completos de las tarjetas de cr\u00e9dito.<\/li><li><strong>Navegaci\u00f3n<\/strong>Direcci\u00f3n IP, navegador, dispositivo y p\u00e1ginas visitadas.<\/li><li><strong>Seguridad<\/strong>: datos recogidos por <strong>hCaptcha<\/strong> para evitar el fraude y el acceso automatizado.<\/li><li><strong>Comentarios<\/strong>Informaci\u00f3n enviada en formularios, protegida por <strong>Akismet<\/strong> contra el spam.<\/li><li><strong>Im\u00e1genes<\/strong>optimizado autom\u00e1ticamente por <strong>WP Smush<\/strong> (sin recogida de datos personales).<\/li><li><strong>Publicidad<\/strong>cookies an\u00f3nimas utilizadas por <strong>Anuncios avanzados Pro<\/strong> para mostrar anuncios.<\/li><li><strong>Traducci\u00f3n<\/strong>contenidos tratados por <strong>Loco Traducir<\/strong>sin recoger datos personales.<\/li><\/ul><p>\u00a0<\/p><h2><strong>Finalidad del uso de los datos<\/strong><\/h2><p>Utilizamos los datos para<\/p><ul><li>Permitir la creaci\u00f3n de cuentas y un inicio de sesi\u00f3n seguro.<\/li><li>Tramitaci\u00f3n de pedidos y entrega de productos digitales.<\/li><li>Garantizar la seguridad y la prevenci\u00f3n del fraude.<\/li><li>Cumplir las obligaciones legales y fiscales.<\/li><li>Mejorar la experiencia de navegaci\u00f3n.<\/li><li>Mostrar anuncios personalizados.<\/li><li>Cumplir obligaciones contractuales con terceros (Stripe, hCaptcha, inicio de sesi\u00f3n social).<\/li><\/ul><p>\u00a0<\/p><h2><strong>Intercambio de informaci\u00f3n<\/strong><\/h2><p>Sus datos pueden ser compartidos con:<\/p><ul><li><strong>Plataformas de acceso social<\/strong> (Facebook, Google, etc.).<\/li><li><strong>Proveedores de pago<\/strong> (Raya).<\/li><li><strong>Servicios de seguridad<\/strong> (hCaptcha, Akismet).<\/li><li><strong>Servicios de alojamiento y CDN<\/strong>.<\/li><li><strong>Autoridades jur\u00eddicas y fiscales<\/strong>cuando sea necesario.<\/li><\/ul><p>Nunca vendemos su informaci\u00f3n personal.<\/p><p>\u00a0<\/p><h2><strong>Base jur\u00eddica del tratamiento de datos<\/strong><\/h2><p>Tratamos sus datos sobre la base de:<\/p><ul><li><strong>Ejecuci\u00f3n del contrato<\/strong> - tramitaci\u00f3n de la compra.<\/li><li><strong>Consentimiento<\/strong> - inicio de sesi\u00f3n social, anuncios y comunicaciones de marketing.<\/li><li><strong>Obligaci\u00f3n legal<\/strong> - emisi\u00f3n de facturas y obligaciones fiscales.<\/li><li><strong>Inter\u00e9s leg\u00edtimo<\/strong> - prevenci\u00f3n del fraude y mejora de la experiencia del sitio web.<\/li><\/ul><p>\u00a0<\/p><h2><strong>Derechos del titular<\/strong><\/h2><p>Tiene derecho a:<\/p><ul><li>Confirmar que procesamos sus datos.<\/li><li>Acceda a sus datos personales.<\/li><li>Corrija los datos incompletos o incorrectos.<\/li><li>Solicitar la supresi\u00f3n de datos innecesarios.<\/li><li>Revocar el consentimiento en cualquier momento.<\/li><li>Solicitar la portabilidad de los datos.<\/li><\/ul><p>Para ejercer sus derechos, env\u00ede una solicitud a<br \/>\ud83d\udce7 <strong>geral@vlatelie.com<\/strong><\/p><p>\u00a0<\/p><h2><strong>Almacenamiento y seguridad<\/strong><\/h2><ul><li>Utilizamos encriptaci\u00f3n SSL\/TLS en todo el sitio.<\/li><li>Sus datos se almacenan de forma segura durante el tiempo necesario.<\/li><li>Aplicamos medidas t\u00e9cnicas contra el acceso no autorizado.<\/li><\/ul><p>\u00a0<\/p><h2><strong>Borrar datos<\/strong><\/h2><p>Puede solicitar la supresi\u00f3n de sus datos personales en cualquier momento enviando un correo electr\u00f3nico a <strong>geral@vlatelie.com<\/strong>.<br \/>La supresi\u00f3n se efectuar\u00e1 dentro de <strong>30 d\u00edas<\/strong>a menos que exista una obligaci\u00f3n legal de retenerla.<\/p><p>\u00a0<\/p><h2><strong>Uso de cookies<\/strong><\/h2><p>Utilizamos cookies para:<\/p><ul><li>Recuerde sus preferencias de inicio de sesi\u00f3n.<\/li><li>Mantenga activa la cesta de la compra.<\/li><li>Analizar el tr\u00e1fico y el rendimiento del sitio web.<\/li><li>Mostrar anuncios relevantes con <strong>Anuncios avanzados Pro<\/strong>.<\/li><\/ul><p>Puede desactivar las cookies en su navegador, pero es posible que algunas funcionalidades no funcionen correctamente.<\/p><p>\u00a0<\/p><h2><strong>Cambios en esta pol\u00edtica<\/strong><\/h2><p>Podemos actualizar esta pol\u00edtica de vez en cuando.<br \/>La \u00faltima versi\u00f3n estar\u00e1 siempre disponible en:<br \/>\ud83d\udc49 <a href=\"https:\/\/vlatelie.com\/es\/politica-de-privacidad\/\">https:\/\/vlatelie.com\/politica-privacidade\/<\/a><\/p><p>\u00a0<\/p><h2><strong>P\u00f3ngase en contacto con<\/strong><\/h2><p>Si tiene alguna pregunta sobre esta pol\u00edtica o el uso de sus datos personales, p\u00f3ngase en contacto con nosotros:<\/p><p>\ud83d\udce7 <strong>privacidade@vlatelie.com<\/strong><br \/>\ud83c\udf10 <strong><a href=\"https:\/\/vlatelie.com\/es\/\">https:\/\/vlatelie.com<\/a><\/strong><\/p><p data-start=\"291\" data-end=\"783\">\u00a0<\/p>\t\t\t\t\t\t\t\t<\/div>\n\t\t\t\t<\/div>\n\t\t\t\t<\/div>\n\t\t<div class=\"elementor-element elementor-element-1e9ae43 e-con-full elementor-hidden-tablet elementor-hidden-mobile e-flex e-con e-child\" data-id=\"1e9ae43\" data-element_type=\"container\" data-e-type=\"container\">\n\t\t<div class=\"elementor-element elementor-element-be20f9f e-con-full e-flex e-con e-child\" data-id=\"be20f9f\" data-element_type=\"container\" data-e-type=\"container\" data-settings=\"{&quot;background_background&quot;:&quot;classic&quot;}\">\n\t\t\t\t<div class=\"elementor-element elementor-element-da01173 elementor-nav-menu--dropdown-tablet elementor-nav-menu__text-align-aside elementor-nav-menu--toggle elementor-nav-menu--burger elementor-widget elementor-widget-nav-menu\" data-id=\"da01173\" data-element_type=\"widget\" data-e-type=\"widget\" data-settings=\"{&quot;layout&quot;:&quot;vertical&quot;,&quot;submenu_icon&quot;:{&quot;value&quot;:&quot;&lt;svg aria-hidden=\\&quot;true\\&quot; class=\\&quot;e-font-icon-svg e-fas-caret-down\\&quot; viewBox=\\&quot;0 0 320 512\\&quot; xmlns=\\&quot;http:\\\/\\\/www.w3.org\\\/2000\\\/svg\\&quot;&gt;&lt;path d=\\&quot;M31.3 192h257.3c17.8 0 26.7 21.5 14.1 34.1L174.1 354.8c-7.8 7.8-20.5 7.8-28.3 0L17.2 226.1C4.6 213.5 13.5 192 31.3 192z\\&quot;&gt;&lt;\\\/path&gt;&lt;\\\/svg&gt;&quot;,&quot;library&quot;:&quot;fa-solid&quot;},&quot;toggle&quot;:&quot;burger&quot;}\" data-widget_type=\"nav-menu.default\">\n\t\t\t\t<div class=\"elementor-widget-container\">\n\t\t\t\t\t\t\t\t<nav aria-label=\"Men\u00fa\" class=\"elementor-nav-menu--main elementor-nav-menu__container elementor-nav-menu--layout-vertical e--pointer-background e--animation-fade\">\n\t\t\t\t<ul id=\"menu-1-da01173\" class=\"elementor-nav-menu sm-vertical\"><li class=\"menu-item menu-item-type-post_type menu-item-object-page menu-item-privacy-policy menu-item-16257\"><a rel=\"privacy-policy\" href=\"https:\/\/vlatelie.com\/es\/politica-de-privacidad\/\" class=\"elementor-item\">Pol\u00edtica de privacidad<\/a><\/li>\n<li class=\"menu-item menu-item-type-post_type menu-item-object-page menu-item-16220\"><a href=\"https:\/\/vlatelie.com\/es\/condiciones-generales\/\" class=\"elementor-item\">Condiciones generales<\/a><\/li>\n<li class=\"menu-item menu-item-type-post_type menu-item-object-page menu-item-16221\"><a href=\"https:\/\/vlatelie.com\/es\/politica-de-cookies\/\" class=\"elementor-item\">Pol\u00edtica de cookies<\/a><\/li>\n<li class=\"menu-item menu-item-type-post_type menu-item-object-page menu-item-16218\"><a href=\"https:\/\/vlatelie.com\/es\/envio-y-entrega\/\" class=\"elementor-item\">Pol\u00edtica de env\u00edos y entregas<\/a><\/li>\n<li class=\"menu-item menu-item-type-post_type menu-item-object-page menu-item-16219\"><a href=\"https:\/\/vlatelie.com\/es\/politica-de-devolucion-y-reembolso\/\" class=\"elementor-item\">Pol\u00edtica de devoluciones y reembolsos<\/a><\/li>\n<\/ul>\t\t\t<\/nav>\n\t\t\t\t\t<div class=\"elementor-menu-toggle\" role=\"button\" tabindex=\"0\" aria-label=\"Menu Toggle\" aria-expanded=\"false\">\n\t\t\t<svg aria-hidden=\"true\" role=\"presentation\" class=\"elementor-menu-toggle__icon--open e-font-icon-svg e-eicon-menu-bar\" viewbox=\"0 0 1000 1000\" xmlns=\"http:\/\/www.w3.org\/2000\/svg\"><path d=\"M104 333H896C929 333 958 304 958 271S929 208 896 208H104C71 208 42 237 42 271S71 333 104 333ZM104 583H896C929 583 958 554 958 521S929 458 896 458H104C71 458 42 487 42 521S71 583 104 583ZM104 833H896C929 833 958 804 958 771S929 708 896 708H104C71 708 42 737 42 771S71 833 104 833Z\"><\/path><\/svg><svg aria-hidden=\"true\" role=\"presentation\" class=\"elementor-menu-toggle__icon--close e-font-icon-svg e-eicon-close\" viewbox=\"0 0 1000 1000\" xmlns=\"http:\/\/www.w3.org\/2000\/svg\"><path d=\"M742 167L500 408 258 167C246 154 233 150 217 150 196 150 179 158 167 167 154 179 150 196 150 212 150 229 154 242 171 254L408 500 167 742C138 771 138 800 167 829 196 858 225 858 254 829L496 587 738 829C750 842 767 846 783 846 800 846 817 842 829 829 842 817 846 804 846 783 846 767 842 750 829 737L588 500 833 258C863 229 863 200 833 171 804 137 775 137 742 167Z\"><\/path><\/svg>\t\t<\/div>\n\t\t\t\t\t<nav class=\"elementor-nav-menu--dropdown elementor-nav-menu__container\" aria-hidden=\"true\">\n\t\t\t\t<ul id=\"menu-2-da01173\" class=\"elementor-nav-menu sm-vertical\"><li class=\"menu-item menu-item-type-post_type menu-item-object-page menu-item-privacy-policy menu-item-16257\"><a rel=\"privacy-policy\" href=\"https:\/\/vlatelie.com\/es\/politica-de-privacidad\/\" class=\"elementor-item\" tabindex=\"-1\">Pol\u00edtica de privacidad<\/a><\/li>\n<li class=\"menu-item menu-item-type-post_type menu-item-object-page menu-item-16220\"><a href=\"https:\/\/vlatelie.com\/es\/condiciones-generales\/\" class=\"elementor-item\" tabindex=\"-1\">Condiciones generales<\/a><\/li>\n<li class=\"menu-item menu-item-type-post_type menu-item-object-page menu-item-16221\"><a href=\"https:\/\/vlatelie.com\/es\/politica-de-cookies\/\" class=\"elementor-item\" tabindex=\"-1\">Pol\u00edtica de cookies<\/a><\/li>\n<li class=\"menu-item menu-item-type-post_type menu-item-object-page menu-item-16218\"><a href=\"https:\/\/vlatelie.com\/es\/envio-y-entrega\/\" class=\"elementor-item\" tabindex=\"-1\">Pol\u00edtica de env\u00edos y entregas<\/a><\/li>\n<li class=\"menu-item menu-item-type-post_type menu-item-object-page menu-item-16219\"><a href=\"https:\/\/vlatelie.com\/es\/politica-de-devolucion-y-reembolso\/\" class=\"elementor-item\" tabindex=\"-1\">Pol\u00edtica de devoluciones y reembolsos<\/a><\/li>\n<\/ul>\t\t\t<\/nav>\n\t\t\t\t\t\t<\/div>\n\t\t\t\t<\/div>\n\t\t\t\t<\/div>\n\t\t\t\t<\/div>\n\t\t\t\t\t<\/div>\n\t\t\t\t<\/div>\n\t\t\t\t<\/div>","protected":false},"excerpt":{"rendered":"<p>Pol\u00edtica de Privacidade \u00daltima atualiza\u00e7\u00e3o: 26 de agosto de 2025 Data de vig\u00eancia: 18 de mar\u00e7o de 2025 A presente Pol\u00edtica de Privacidade descreve como a VLAteli\u00ea, localizada em: VLAteli\u00ea Rua Casa do Povo, 87 Almeirim, 2080-222, Portugal E-mail: geral@vlatelie.com Telefone: +351 910 976 622 A VLAteli\u00ea e Ateli\u00ea da Decora\u00e7\u00e3o valoriza a sua privacidade [&hellip;]<\/p>","protected":false},"author":1,"featured_media":19049,"parent":0,"menu_order":0,"comment_status":"closed","ping_status":"closed","template":"","meta":{"footnotes":""},"class_list":["post-15940","page","type-page","status-publish","has-post-thumbnail","hentry"],"blocksy_meta":[],"yoast_head":"<!-- This site is optimized with the Yoast SEO Premium plugin v27.2 (Yoast SEO v27.2) - https:\/\/yoast.com\/product\/yoast-seo-premium-wordpress\/ -->\n<title>Pol\u00edtica de Privacidade - VLAteli\u00ea e Ateli\u00ea da Decora\u00e7\u00e3o<\/title>\n<meta name=\"description\" content=\"Confira a pol\u00edtica de privacidade e saiba como protegemos suas informa\u00e7\u00f5es, garantindo transpar\u00eancia, seguran\u00e7a e confian\u00e7a em cada intera\u00e7\u00e3o.\" \/>\n<meta name=\"robots\" content=\"index, follow, max-snippet:-1, max-image-preview:large, max-video-preview:-1\" \/>\n<link rel=\"canonical\" href=\"https:\/\/vlatelie.com\/es\/politica-de-privacidad\/\" \/>\n<meta property=\"og:locale\" content=\"es_ES\" \/>\n<meta property=\"og:type\" content=\"article\" \/>\n<meta property=\"og:title\" content=\"Pol\u00edtica de Privacidade\" \/>\n<meta property=\"og:description\" content=\"Confira a pol\u00edtica de privacidade e saiba como protegemos suas informa\u00e7\u00f5es, garantindo transpar\u00eancia, seguran\u00e7a e confian\u00e7a em cada intera\u00e7\u00e3o.\" \/>\n<meta property=\"og:url\" content=\"https:\/\/vlatelie.com\/es\/politica-de-privacidad\/\" \/>\n<meta property=\"og:site_name\" content=\"VLAteli\u00ea e Ateli\u00ea da Decora\u00e7\u00e3o\" \/>\n<meta property=\"article:publisher\" content=\"https:\/\/www.facebook.com\/ateliedadecora\" \/>\n<meta property=\"article:modified_time\" content=\"2025-08-26T13:53:27+00:00\" \/>\n<meta property=\"og:image\" content=\"https:\/\/vlatelie.com\/wp-content\/uploads\/2025\/08\/politica-privacidade.webp\" \/>\n\t<meta property=\"og:image:width\" content=\"1536\" \/>\n\t<meta property=\"og:image:height\" content=\"640\" \/>\n\t<meta property=\"og:image:type\" content=\"image\/webp\" \/>\n<meta name=\"twitter:card\" content=\"summary_large_image\" \/>\n<meta name=\"twitter:label1\" content=\"Tiempo de lectura\" \/>\n\t<meta name=\"twitter:data1\" content=\"4 minutos\" \/>\n<script type=\"application\/ld+json\" class=\"yoast-schema-graph\">{\"@context\":\"https:\/\/schema.org\",\"@graph\":[{\"@type\":[\"WebPage\",\"AboutPage\"],\"@id\":\"https:\/\/vlatelie.com\/politica-privacidade\/\",\"url\":\"https:\/\/vlatelie.com\/politica-privacidade\/\",\"name\":\"Pol\u00edtica de Privacidade - VLAteli\u00ea e Ateli\u00ea da Decora\u00e7\u00e3o\",\"isPartOf\":{\"@id\":\"https:\/\/vlatelie.com\/es\/#website\"},\"primaryImageOfPage\":{\"@id\":\"https:\/\/vlatelie.com\/politica-privacidade\/#primaryimage\"},\"image\":{\"@id\":\"https:\/\/vlatelie.com\/politica-privacidade\/#primaryimage\"},\"thumbnailUrl\":\"https:\/\/vlatelie.com\/wp-content\/uploads\/2025\/08\/politica-privacidade.webp\",\"datePublished\":\"2024-04-07T19:55:01+00:00\",\"dateModified\":\"2025-08-26T13:53:27+00:00\",\"description\":\"Confira a pol\u00edtica de privacidade e saiba como protegemos suas informa\u00e7\u00f5es, garantindo transpar\u00eancia, seguran\u00e7a e confian\u00e7a em cada intera\u00e7\u00e3o.\",\"breadcrumb\":{\"@id\":\"https:\/\/vlatelie.com\/politica-privacidade\/#breadcrumb\"},\"inLanguage\":\"es\",\"potentialAction\":[{\"@type\":\"ReadAction\",\"target\":[\"https:\/\/vlatelie.com\/politica-privacidade\/\"]}]},{\"@type\":\"ImageObject\",\"inLanguage\":\"es\",\"@id\":\"https:\/\/vlatelie.com\/politica-privacidade\/#primaryimage\",\"url\":\"https:\/\/vlatelie.com\/wp-content\/uploads\/2025\/08\/politica-privacidade.webp\",\"contentUrl\":\"https:\/\/vlatelie.com\/wp-content\/uploads\/2025\/08\/politica-privacidade.webp\",\"width\":1536,\"height\":640,\"caption\":\"pol\u00edtica de privacidade do vlatelie\"},{\"@type\":\"BreadcrumbList\",\"@id\":\"https:\/\/vlatelie.com\/politica-privacidade\/#breadcrumb\",\"itemListElement\":[{\"@type\":\"ListItem\",\"position\":1,\"name\":\"In\u00edcio\",\"item\":\"https:\/\/vlatelie.com\/fr\/\"},{\"@type\":\"ListItem\",\"position\":2,\"name\":\"Pol\u00edtica de Privacidade\"}]},{\"@type\":\"WebSite\",\"@id\":\"https:\/\/vlatelie.com\/es\/#website\",\"url\":\"https:\/\/vlatelie.com\/es\/\",\"name\":\"VLAteli\u00ea e Ateli\u00ea da Decora\u00e7\u00e3o\",\"description\":\"Onde cada pe\u00e7a conta uma hist\u00f3ria\",\"publisher\":{\"@id\":\"https:\/\/vlatelie.com\/es\/#organization\"},\"alternateName\":\"VLAteli\u00ea\",\"potentialAction\":[{\"@type\":\"SearchAction\",\"target\":{\"@type\":\"EntryPoint\",\"urlTemplate\":\"https:\/\/vlatelie.com\/es\/?s={search_term_string}\"},\"query-input\":{\"@type\":\"PropertyValueSpecification\",\"valueRequired\":true,\"valueName\":\"search_term_string\"}}],\"inLanguage\":\"es\"},{\"@type\":\"Organization\",\"@id\":\"https:\/\/vlatelie.com\/es\/#organization\",\"name\":\"VLAteli\u00ea e Ateli\u00ea da Decora\u00e7\u00e3o\",\"url\":\"https:\/\/vlatelie.com\/es\/\",\"logo\":{\"@type\":\"ImageObject\",\"inLanguage\":\"es\",\"@id\":\"https:\/\/vlatelie.com\/es\/#\/schema\/logo\/image\/\",\"url\":\"https:\/\/vlatelie.com\/wp-content\/uploads\/2024\/03\/logo_vlatelie_pink.svg\",\"contentUrl\":\"https:\/\/vlatelie.com\/wp-content\/uploads\/2024\/03\/logo_vlatelie_pink.svg\",\"width\":377,\"height\":127,\"caption\":\"VLAteli\u00ea e Ateli\u00ea da Decora\u00e7\u00e3o\"},\"image\":{\"@id\":\"https:\/\/vlatelie.com\/es\/#\/schema\/logo\/image\/\"},\"sameAs\":[\"https:\/\/www.facebook.com\/ateliedadecora\",\"https:\/\/www.instagram.com\/ateliedadecora\"],\"hasMerchantReturnPolicy\":{\"@type\":\"MerchantReturnPolicy\",\"merchantReturnLink\":\"https:\/\/vlatelie.com\/es\/politica-de-devolucion-y-reembolso\/\"}}]}<\/script>\n<!-- \/ Yoast SEO Premium plugin. -->","yoast_head_json":{"title":"Pol\u00edtica de privacidad - VLAteli\u00ea y Ateli\u00ea da Decora\u00e7\u00e3o","description":"Consulte nuestra pol\u00edtica de privacidad y descubra c\u00f3mo protegemos su informaci\u00f3n, garantizando transparencia, seguridad y confianza en cada interacci\u00f3n.","robots":{"index":"index","follow":"follow","max-snippet":"max-snippet:-1","max-image-preview":"max-image-preview:large","max-video-preview":"max-video-preview:-1"},"canonical":"https:\/\/vlatelie.com\/es\/politica-de-privacidad\/","og_locale":"es_ES","og_type":"article","og_title":"Pol\u00edtica de Privacidade","og_description":"Confira a pol\u00edtica de privacidade e saiba como protegemos suas informa\u00e7\u00f5es, garantindo transpar\u00eancia, seguran\u00e7a e confian\u00e7a em cada intera\u00e7\u00e3o.","og_url":"https:\/\/vlatelie.com\/es\/politica-de-privacidad\/","og_site_name":"VLAteli\u00ea e Ateli\u00ea da Decora\u00e7\u00e3o","article_publisher":"https:\/\/www.facebook.com\/ateliedadecora","article_modified_time":"2025-08-26T13:53:27+00:00","og_image":[{"width":1536,"height":640,"url":"https:\/\/vlatelie.com\/wp-content\/uploads\/2025\/08\/politica-privacidade.webp","type":"image\/webp"}],"twitter_card":"summary_large_image","twitter_misc":{"Tiempo de lectura":"4 minutos"},"schema":{"@context":"https:\/\/schema.org","@graph":[{"@type":["WebPage","AboutPage"],"@id":"https:\/\/vlatelie.com\/politica-privacidade\/","url":"https:\/\/vlatelie.com\/politica-privacidade\/","name":"Pol\u00edtica de privacidad - VLAteli\u00ea y Ateli\u00ea da Decora\u00e7\u00e3o","isPartOf":{"@id":"https:\/\/vlatelie.com\/es\/#website"},"primaryImageOfPage":{"@id":"https:\/\/vlatelie.com\/politica-privacidade\/#primaryimage"},"image":{"@id":"https:\/\/vlatelie.com\/politica-privacidade\/#primaryimage"},"thumbnailUrl":"https:\/\/vlatelie.com\/wp-content\/uploads\/2025\/08\/politica-privacidade.webp","datePublished":"2024-04-07T19:55:01+00:00","dateModified":"2025-08-26T13:53:27+00:00","description":"Consulte nuestra pol\u00edtica de privacidad y descubra c\u00f3mo protegemos su informaci\u00f3n, garantizando transparencia, seguridad y confianza en cada interacci\u00f3n.","breadcrumb":{"@id":"https:\/\/vlatelie.com\/politica-privacidade\/#breadcrumb"},"inLanguage":"es","potentialAction":[{"@type":"ReadAction","target":["https:\/\/vlatelie.com\/politica-privacidade\/"]}]},{"@type":"ImageObject","inLanguage":"es","@id":"https:\/\/vlatelie.com\/politica-privacidade\/#primaryimage","url":"https:\/\/vlatelie.com\/wp-content\/uploads\/2025\/08\/politica-privacidade.webp","contentUrl":"https:\/\/vlatelie.com\/wp-content\/uploads\/2025\/08\/politica-privacidade.webp","width":1536,"height":640,"caption":"pol\u00edtica de privacidade do vlatelie"},{"@type":"BreadcrumbList","@id":"https:\/\/vlatelie.com\/politica-privacidade\/#breadcrumb","itemListElement":[{"@type":"ListItem","position":1,"name":"In\u00edcio","item":"https:\/\/vlatelie.com\/fr\/"},{"@type":"ListItem","position":2,"name":"Pol\u00edtica de Privacidade"}]},{"@type":"WebSite","@id":"https:\/\/vlatelie.com\/es\/#website","url":"https:\/\/vlatelie.com\/es\/","name":"VLAteli\u00ea y Ateli\u00ea da Decora\u00e7\u00e3o","description":"Donde cada pieza cuenta una historia","publisher":{"@id":"https:\/\/vlatelie.com\/es\/#organization"},"alternateName":"VLAteli\u00ea","potentialAction":[{"@type":"SearchAction","target":{"@type":"EntryPoint","urlTemplate":"https:\/\/vlatelie.com\/es\/?s={search_term_string}"},"query-input":{"@type":"PropertyValueSpecification","valueRequired":true,"valueName":"search_term_string"}}],"inLanguage":"es"},{"@type":"Organization","@id":"https:\/\/vlatelie.com\/es\/#organization","name":"VLAteli\u00ea y Ateli\u00ea da Decora\u00e7\u00e3o","url":"https:\/\/vlatelie.com\/es\/","logo":{"@type":"ImageObject","inLanguage":"es","@id":"https:\/\/vlatelie.com\/es\/#\/schema\/logo\/image\/","url":"https:\/\/vlatelie.com\/wp-content\/uploads\/2024\/03\/logo_vlatelie_pink.svg","contentUrl":"https:\/\/vlatelie.com\/wp-content\/uploads\/2024\/03\/logo_vlatelie_pink.svg","width":377,"height":127,"caption":"VLAteli\u00ea e Ateli\u00ea da Decora\u00e7\u00e3o"},"image":{"@id":"https:\/\/vlatelie.com\/es\/#\/schema\/logo\/image\/"},"sameAs":["https:\/\/www.facebook.com\/ateliedadecora","https:\/\/www.instagram.com\/ateliedadecora"],"hasMerchantReturnPolicy":{"@type":"MerchantReturnPolicy","merchantReturnLink":"https:\/\/vlatelie.com\/es\/politica-de-devolucion-y-reembolso\/"}}]}},"_links":{"self":[{"href":"https:\/\/vlatelie.com\/es\/wp-json\/wp\/v2\/pages\/15940","targetHints":{"allow":["GET"]}}],"collection":[{"href":"https:\/\/vlatelie.com\/es\/wp-json\/wp\/v2\/pages"}],"about":[{"href":"https:\/\/vlatelie.com\/es\/wp-json\/wp\/v2\/types\/page"}],"author":[{"embeddable":true,"href":"https:\/\/vlatelie.com\/es\/wp-json\/wp\/v2\/users\/1"}],"replies":[{"embeddable":true,"href":"https:\/\/vlatelie.com\/es\/wp-json\/wp\/v2\/comments?post=15940"}],"version-history":[{"count":0,"href":"https:\/\/vlatelie.com\/es\/wp-json\/wp\/v2\/pages\/15940\/revisions"}],"wp:featuredmedia":[{"embeddable":true,"href":"https:\/\/vlatelie.com\/es\/wp-json\/wp\/v2\/media\/19049"}],"wp:attachment":[{"href":"https:\/\/vlatelie.com\/es\/wp-json\/wp\/v2\/media?parent=15940"}],"curies":[{"name":"wp","href":"https:\/\/api.w.org\/{rel}","templated":true}]}}