{"id":16452,"date":"2024-06-05T12:18:09","date_gmt":"2024-06-05T11:18:09","guid":{"rendered":"https:\/\/vlatelie.com\/orders-tracking\/"},"modified":"2025-07-25T13:47:52","modified_gmt":"2025-07-25T16:47:52","slug":"seguimiento-de-pedidos","status":"publish","type":"page","link":"https:\/\/vlatelie.com\/es\/seguimiento-de-pedidos\/","title":{"rendered":"Seguimiento de pedidos"},"content":{"rendered":"<div data-elementor-type=\"wp-page\" data-elementor-id=\"16452\" class=\"elementor elementor-16452\" data-elementor-post-type=\"page\">\n\t\t\t\t<div class=\"elementor-element elementor-element-1453183 e-flex e-con-boxed e-con e-parent\" data-id=\"1453183\" data-element_type=\"container\" data-e-type=\"container\">\n\t\t\t\t\t<div class=\"e-con-inner\">\n\t\t<div class=\"elementor-element elementor-element-97e0f63 e-grid e-con-boxed e-con e-child\" data-id=\"97e0f63\" data-element_type=\"container\" data-e-type=\"container\" data-settings=\"{&quot;background_background&quot;:&quot;classic&quot;}\">\n\t\t\t\t\t<div class=\"e-con-inner\">\n\t\t<div class=\"elementor-element elementor-element-5fb33e35 e-con-full e-flex e-con e-child\" data-id=\"5fb33e35\" data-element_type=\"container\" data-e-type=\"container\" data-settings=\"{&quot;background_background&quot;:&quot;classic&quot;}\">\n\t\t\t\t<div class=\"elementor-element elementor-element-6efff6d9 elementor-view-framed elementor-widget__width-auto elementor-shape-circle elementor-invisible elementor-widget elementor-widget-icon\" data-id=\"6efff6d9\" data-element_type=\"widget\" data-e-type=\"widget\" data-settings=\"{&quot;_animation&quot;:&quot;zoomIn&quot;}\" data-widget_type=\"icon.default\">\n\t\t\t\t<div class=\"elementor-widget-container\">\n\t\t\t\t\t\t\t<div class=\"elementor-icon-wrapper\">\n\t\t\t<div class=\"elementor-icon elementor-animation-rotate\">\n\t\t\t<svg xmlns=\"http:\/\/www.w3.org\/2000\/svg\" id=\"a6e4e448-62eb-4a20-8ade-ac923322afab\" data-name=\"Layer 1\" width=\"148\" height=\"148\" viewbox=\"0 0 148 148\"><g style=\"opacity:0\"><rect width=\"148\" height=\"148\" style=\"fill:#fff\"><\/rect><\/g><path d=\"M128.3635,69.5112a42.9871,42.9871,0,0,0-12.6445-5.9883c-.554-.1768-1.1238-.3466-1.6955-.5155C109.5826,43.0188,93.3268,28.1509,74,28.1509S38.418,43.019,33.9774,63.0079c-.5722.169-1.1425.339-1.6969.516a42.9654,42.9654,0,0,0-12.644,5.9873C16.56,71.8335,15,74.3,15,76.8433s1.56,5.0107,4.6367,7.332a42.9685,42.9685,0,0,0,12.644,5.9883c1.13.3607,2.3067.7,3.5091,1.028C41.9187,107.9771,56.7319,119.8491,74,119.8491s32.0819-11.872,38.2111-28.6577c1.2022-.3274,2.379-.6672,3.5087-1.0278a42.99,42.99,0,0,0,12.6435-5.9883C131.44,81.854,133,79.3872,133,76.8433S131.4407,71.8335,128.3635,69.5112ZM74,30.1509c18.0349,0,33.2564,13.6781,37.8227,32.2376C101.2283,59.5532,87.9884,58.0063,74,58.0063S46.7726,59.5531,36.178,62.3889C40.7441,43.8292,55.9657,30.1509,74,30.1509Zm39.2295,43.85a48.1985,48.1985,0,0,1-2.5515,15.5347C100.36,92.22,87.5437,93.6812,74,93.6812s-26.3585-1.4607-36.6767-4.1451a48.1982,48.1982,0,0,1-2.5519-15.5356,48.7831,48.7831,0,0,1,.9179-9.4033C46.2732,61.6309,59.73,60.0063,74,60.0063s27.7276,1.6246,38.3121,4.5911A48.7732,48.7732,0,0,1,113.23,74.0005ZM32.8889,88.2593a41.7084,41.7084,0,0,1-12.0473-5.68C18.2922,80.6558,17,78.7261,17,76.8433s1.2924-3.8116,3.8418-5.7364a41.653,41.653,0,0,1,12.0473-5.6787c.2115-.0675.4332-.13.6474-.1968a50.8671,50.8671,0,0,0-.7651,8.7691A50.276,50.276,0,0,0,35.02,88.9061Q33.9334,88.5922,32.8889,88.2593ZM74,117.8491c-15.9607,0-29.7161-10.7152-35.8359-26.0431A154.3628,154.3628,0,0,0,74,95.6812a154.3641,154.3641,0,0,0,35.837-3.8754C103.717,107.1338,89.9614,117.8491,74,117.8491Zm53.1582-35.27a41.6861,41.6861,0,0,1-12.0468,5.6787q-1.0432.333-2.1306.6467A50.2755,50.2755,0,0,0,115.23,74.0005a50.8649,50.8649,0,0,0-.765-8.7689c.2139.0663.4356.1292.6469.1966a41.6625,41.6625,0,0,1,12.0468,5.6787C129.7073,73.0317,131,74.9614,131,76.8433S129.7073,80.6558,127.1584,82.58Z\"><\/path><\/svg>\t\t\t<\/div>\n\t\t<\/div>\n\t\t\t\t\t\t<\/div>\n\t\t\t\t<\/div>\n\t\t\t\t<div class=\"elementor-element elementor-element-232464ea elementor-widget elementor-widget-heading\" data-id=\"232464ea\" data-element_type=\"widget\" data-e-type=\"widget\" data-widget_type=\"heading.default\">\n\t\t\t\t<div class=\"elementor-widget-container\">\n\t\t\t\t\t<p class=\"elementor-heading-title elementor-size-default\">Pista<\/p>\t\t\t\t<\/div>\n\t\t\t\t<\/div>\n\t\t\t\t<div class=\"elementor-element elementor-element-6afcd848 elementor-widget elementor-widget-heading\" data-id=\"6afcd848\" data-element_type=\"widget\" data-e-type=\"widget\" data-widget_type=\"heading.default\">\n\t\t\t\t<div class=\"elementor-widget-container\">\n\t\t\t\t\t<h2 class=\"elementor-heading-title elementor-size-default\">Siga su pedido aqu\u00ed<\/h2>\t\t\t\t<\/div>\n\t\t\t\t<\/div>\n\t\t\t\t<div class=\"elementor-element elementor-element-7712bf4d elementor-widget elementor-widget-text-editor\" data-id=\"7712bf4d\" data-element_type=\"widget\" data-e-type=\"widget\" data-widget_type=\"text-editor.default\">\n\t\t\t\t<div class=\"elementor-widget-container\">\n\t\t\t\t\t\t\t\t\t<p>En cuanto se haya enviado su pedido, recibir\u00e1 un correo electr\u00f3nico con un n\u00famero de seguimiento para que pueda seguir el rastro de su paquete. Tambi\u00e9n puede introducir su n\u00famero de seguimiento en el campo de abajo para comprobar el estado m\u00e1s reciente de su env\u00edo.<\/p><p>El n\u00famero de seguimiento (no el n\u00famero de pedido).<\/p>\t\t\t\t\t\t\t\t<\/div>\n\t\t\t\t<\/div>\n\t\t\t\t<div class=\"elementor-element elementor-element-c9ca774 elementor-widget elementor-widget-wc-elements\" data-id=\"c9ca774\" data-element_type=\"widget\" data-e-type=\"widget\" data-widget_type=\"wc-elements.default\">\n\t\t\t\t<div class=\"elementor-widget-container\">\n\t\t\t\t\t<div class=\"woocommerce\"><\/div>\t\t\t\t<\/div>\n\t\t\t\t<\/div>\n\t\t\t\t<\/div>\n\t\t<div class=\"elementor-element elementor-element-68abd950 e-con-full e-flex e-con e-child\" data-id=\"68abd950\" data-element_type=\"container\" data-e-type=\"container\">\n\t\t\t\t<div class=\"elementor-element elementor-element-499d7af0 elementor-position-inline-start animated-slow elementor-view-framed elementor-shape-circle elementor-mobile-position-block-start elementor-invisible elementor-widget elementor-widget-icon-box\" data-id=\"499d7af0\" data-element_type=\"widget\" data-e-type=\"widget\" data-settings=\"{&quot;_animation&quot;:&quot;fadeIn&quot;,&quot;_animation_delay&quot;:&quot;0&quot;}\" data-widget_type=\"icon-box.default\">\n\t\t\t\t<div class=\"elementor-widget-container\">\n\t\t\t\t\t\t\t<div class=\"elementor-icon-box-wrapper\">\n\n\t\t\t\t\t\t<div class=\"elementor-icon-box-icon\">\n\t\t\t\t<span  class=\"elementor-icon elementor-animation-grow\">\n\t\t\t\t<svg aria-hidden=\"true\" class=\"e-font-icon-svg e-fas-recycle\" viewbox=\"0 0 512 512\" xmlns=\"http:\/\/www.w3.org\/2000\/svg\"><path d=\"M184.561 261.903c3.232 13.997-12.123 24.635-24.068 17.168l-40.736-25.455-50.867 81.402C55.606 356.273 70.96 384 96.012 384H148c6.627 0 12 5.373 12 12v40c0 6.627-5.373 12-12 12H96.115c-75.334 0-121.302-83.048-81.408-146.88l50.822-81.388-40.725-25.448c-12.081-7.547-8.966-25.961 4.879-29.158l110.237-25.45c8.611-1.988 17.201 3.381 19.189 11.99l25.452 110.237zm98.561-182.915l41.289 66.076-40.74 25.457c-12.051 7.528-9 25.953 4.879 29.158l110.237 25.45c8.672 1.999 17.215-3.438 19.189-11.99l25.45-110.237c3.197-13.844-11.99-24.719-24.068-17.168l-40.687 25.424-41.263-66.082c-37.521-60.033-125.209-60.171-162.816 0l-17.963 28.766c-3.51 5.62-1.8 13.021 3.82 16.533l33.919 21.195c5.62 3.512 13.024 1.803 16.536-3.817l17.961-28.743c12.712-20.341 41.973-19.676 54.257-.022zM497.288 301.12l-27.515-44.065c-3.511-5.623-10.916-7.334-16.538-3.821l-33.861 21.159c-5.62 3.512-7.33 10.915-3.818 16.536l27.564 44.112c13.257 21.211-2.057 48.96-27.136 48.96H320V336.02c0-14.213-17.242-21.383-27.313-11.313l-80 79.981c-6.249 6.248-6.249 16.379 0 22.627l80 79.989C302.689 517.308 320 510.3 320 495.989V448h95.88c75.274 0 121.335-82.997 81.408-146.88z\"><\/path><\/svg>\t\t\t\t<\/span>\n\t\t\t<\/div>\n\t\t\t\n\t\t\t\t\t\t<div class=\"elementor-icon-box-content\">\n\n\t\t\t\t\t\t\t\t\t<h3 class=\"elementor-icon-box-title\">\n\t\t\t\t\t\t<span  >\n\t\t\t\t\t\t\t14 d\u00edas para devolver productos f\u00edsicos\t\t\t\t\t\t<\/span>\n\t\t\t\t\t<\/h3>\n\t\t\t\t\n\t\t\t\t\t\t\t\t\t<p class=\"elementor-icon-box-description\">\n\t\t\t\t\t\tTodos los productos de nuestro sitio web pueden devolverse en un plazo de 14 d\u00edas a partir de la fecha de recepci\u00f3n.\t\t\t\t\t<\/p>\n\t\t\t\t\n\t\t\t<\/div>\n\t\t\t\n\t\t<\/div>\n\t\t\t\t\t\t<\/div>\n\t\t\t\t<\/div>\n\t\t\t\t<div class=\"elementor-element elementor-element-2b3f7fd3 elementor-position-inline-start animated-slow elementor-view-framed elementor-shape-circle elementor-mobile-position-block-start elementor-invisible elementor-widget elementor-widget-icon-box\" data-id=\"2b3f7fd3\" data-element_type=\"widget\" data-e-type=\"widget\" data-settings=\"{&quot;_animation&quot;:&quot;fadeIn&quot;,&quot;_animation_delay&quot;:&quot;200&quot;}\" data-widget_type=\"icon-box.default\">\n\t\t\t\t<div class=\"elementor-widget-container\">\n\t\t\t\t\t\t\t<div class=\"elementor-icon-box-wrapper\">\n\n\t\t\t\t\t\t<div class=\"elementor-icon-box-icon\">\n\t\t\t\t<span  class=\"elementor-icon elementor-animation-grow\">\n\t\t\t\t<svg aria-hidden=\"true\" class=\"e-font-icon-svg e-far-check-circle\" viewbox=\"0 0 512 512\" xmlns=\"http:\/\/www.w3.org\/2000\/svg\"><path d=\"M256 8C119.033 8 8 119.033 8 256s111.033 248 248 248 248-111.033 248-248S392.967 8 256 8zm0 48c110.532 0 200 89.451 200 200 0 110.532-89.451 200-200 200-110.532 0-200-89.451-200-200 0-110.532 89.451-200 200-200m140.204 130.267l-22.536-22.718c-4.667-4.705-12.265-4.736-16.97-.068L215.346 303.697l-59.792-60.277c-4.667-4.705-12.265-4.736-16.97-.069l-22.719 22.536c-4.705 4.667-4.736 12.265-.068 16.971l90.781 91.516c4.667 4.705 12.265 4.736 16.97.068l172.589-171.204c4.704-4.668 4.734-12.266.067-16.971z\"><\/path><\/svg>\t\t\t\t<\/span>\n\t\t\t<\/div>\n\t\t\t\n\t\t\t\t\t\t<div class=\"elementor-icon-box-content\">\n\n\t\t\t\t\t\t\t\t\t<h3 class=\"elementor-icon-box-title\">\n\t\t\t\t\t\t<span  >\n\t\t\t\t\t\t\tEntrega\t\t\t\t\t\t<\/span>\n\t\t\t\t\t<\/h3>\n\t\t\t\t\n\t\t\t\t\t\t\t\t\t<p class=\"elementor-icon-box-description\">\n\t\t\t\t\t\tLos art\u00edculos f\u00edsicos se entregan entre 5 y 10 d\u00edas laborables. Los art\u00edculos digitales est\u00e1n disponibles en el momento de la compra.\t\t\t\t\t<\/p>\n\t\t\t\t\n\t\t\t<\/div>\n\t\t\t\n\t\t<\/div>\n\t\t\t\t\t\t<\/div>\n\t\t\t\t<\/div>\n\t\t\t\t<div class=\"elementor-element elementor-element-48db82c7 elementor-position-inline-start animated-slow elementor-view-framed elementor-shape-circle elementor-mobile-position-block-start elementor-invisible elementor-widget elementor-widget-icon-box\" data-id=\"48db82c7\" data-element_type=\"widget\" data-e-type=\"widget\" data-settings=\"{&quot;_animation&quot;:&quot;fadeIn&quot;,&quot;_animation_delay&quot;:&quot;300&quot;}\" data-widget_type=\"icon-box.default\">\n\t\t\t\t<div class=\"elementor-widget-container\">\n\t\t\t\t\t\t\t<div class=\"elementor-icon-box-wrapper\">\n\n\t\t\t\t\t\t<div class=\"elementor-icon-box-icon\">\n\t\t\t\t<span  class=\"elementor-icon elementor-animation-grow\">\n\t\t\t\t<svg xmlns=\"http:\/\/www.w3.org\/2000\/svg\" id=\"Layer_1\" viewbox=\"0 0 24.00001 21.73766\"><path d=\"M23.96008,12.4685l-1.82178-10.33203c-.24768-1.40375-1.59131-2.34448-2.99487-2.09692L3.51831,2.79473c-1.40381.2475-2.34454,1.59094-2.09698,2.99469l.13385.75928c-.91425.3988-1.55518,1.31104-1.55518,2.37054v10.23328c0,1.42548,1.15967,2.58514,2.58514,2.58514h15.5108c1.42548,0,2.58514-1.15967,2.58514-2.58514v-3.4809l1.18195-.20837c.67999-.11993,1.27264-.4975,1.6687-1.06311.39612-.56567.54822-1.25171.42834-1.93164ZM19.27106,19.15246c0,.64801-.52716,1.17511-1.17511,1.17511H2.58514c-.64795,0-1.17505-.5271-1.17505-1.17505v-5.01135h17.86096v5.01129ZM19.27106,12.73113H1.4101v-1.78845h17.86096v1.78845ZM19.27106,9.53265H1.4101v-.6134c0-.64789.5271-1.17505,1.17505-1.17505h15.5108c.64795,0,1.17511.52716,1.17511,1.17505v.6134ZM22.37671,13.5913c-.17999.25714-.4494.42871-.75848.48328l-.93713.16522v-5.32062c0-1.42548-1.15967-2.58508-2.58514-2.58508H2.94922l-.13922-.78955c-.0545-.30908.01465-.62091.1947-.87805.17999-.25714.4494-.42871.75848-.48322l15.62518-2.75519c.06873-.01208.13708-.01794.20465-.01794.55914,0,1.05627.40179,1.15662.97113l1.82178,10.33197c.0545.3092-.01465.62097-.1947.87805ZM2.88184,18.20122c0-.38934.31567-.70502.70502-.70502h3.19855c.38934,0,.70508.31567.70508.70502,0,.3894-.31573.70508-.70508.70508h-3.19855c-.38934,0-.70502-.31567-.70502-.70508Z\" fill=\"#000\" stroke-width=\"0\"><\/path><\/svg>\t\t\t\t<\/span>\n\t\t\t<\/div>\n\t\t\t\n\t\t\t\t\t\t<div class=\"elementor-icon-box-content\">\n\n\t\t\t\t\t\t\t\t\t<h3 class=\"elementor-icon-box-title\">\n\t\t\t\t\t\t<span  >\n\t\t\t\t\t\t\tFormas de pago\t\t\t\t\t\t<\/span>\n\t\t\t\t\t<\/h3>\n\t\t\t\t\n\t\t\t\t\t\t\t\t\t<p class=\"elementor-icon-box-description\">\n\t\t\t\t\t\tDisponemos de varios m\u00e9todos de pago, seleccione la opci\u00f3n que desee al finalizar su compra.\t\t\t\t\t<\/p>\n\t\t\t\t\n\t\t\t<\/div>\n\t\t\t\n\t\t<\/div>\n\t\t\t\t\t\t<\/div>\n\t\t\t\t<\/div>\n\t\t\t\t<\/div>\n\t\t\t\t\t<\/div>\n\t\t\t\t<\/div>\n\t\t\t\t\t<\/div>\n\t\t\t\t<\/div>\n\t\t\t\t<\/div>","protected":false},"excerpt":{"rendered":"<p>Rastrear Siga aqui a sua Encomenda Assim que seu pedido for despachado, voc\u00ea receber\u00e1 um-mail contendo um n\u00famero dereamento para acompanhar a sua encomendaVoc\u00ea tamb\u00e9m pode inserir seu n\u00famero de rastento no campo abaixo para verificar o status mais atualizado sua remessa. O n\u00famero de rastreamento (n\u00e3o o n\u00famero do pedido). 14 dias para devolu\u00e7\u00e3o [&hellip;]<\/p>","protected":false},"author":1,"featured_media":0,"parent":0,"menu_order":0,"comment_status":"closed","ping_status":"closed","template":"","meta":{"footnotes":""},"class_list":["post-16452","page","type-page","status-publish","hentry"],"blocksy_meta":[],"yoast_head":"<!-- This site is optimized with the Yoast SEO Premium plugin v27.2 (Yoast SEO v27.2) - https:\/\/yoast.com\/product\/yoast-seo-premium-wordpress\/ -->\n<title>Seguir encomenda - VLAteli\u00ea e Ateli\u00ea da Decora\u00e7\u00e3o<\/title>\n<meta name=\"robots\" content=\"index, follow, max-snippet:-1, max-image-preview:large, max-video-preview:-1\" \/>\n<link rel=\"canonical\" href=\"https:\/\/floralwhite-whale-967499.hostingersite.com\/en\/orders-tracking\/\" \/>\n<meta property=\"og:locale\" content=\"es_ES\" \/>\n<meta property=\"og:type\" content=\"article\" \/>\n<meta property=\"og:title\" content=\"Seguir encomenda\" \/>\n<meta property=\"og:description\" content=\"Rastrear Siga aqui a sua Encomenda Assim que seu pedido for despachado, voc\u00ea receber\u00e1 um-mail contendo um n\u00famero dereamento para acompanhar a sua encomendaVoc\u00ea tamb\u00e9m pode inserir seu n\u00famero de rastento no campo abaixo para verificar o status mais atualizado sua remessa. O n\u00famero de rastreamento (n\u00e3o o n\u00famero do pedido). 14 dias para devolu\u00e7\u00e3o [&hellip;]\" \/>\n<meta property=\"og:url\" content=\"https:\/\/floralwhite-whale-967499.hostingersite.com\/en\/orders-tracking\/\" \/>\n<meta property=\"og:site_name\" content=\"VLAteli\u00ea e Ateli\u00ea da Decora\u00e7\u00e3o\" \/>\n<meta property=\"article:publisher\" content=\"https:\/\/www.facebook.com\/ateliedadecora\" \/>\n<meta property=\"article:modified_time\" content=\"2025-07-25T16:47:52+00:00\" \/>\n<meta property=\"og:image\" content=\"https:\/\/vlatelie.com\/wp-content\/uploads\/2025\/07\/banner_home_vlatelie.webp\" \/>\n\t<meta property=\"og:image:width\" content=\"1200\" \/>\n\t<meta property=\"og:image:height\" content=\"675\" \/>\n\t<meta property=\"og:image:type\" content=\"image\/webp\" \/>\n<meta name=\"twitter:card\" content=\"summary_large_image\" \/>\n<meta name=\"twitter:label1\" content=\"Tiempo de lectura\" \/>\n\t<meta name=\"twitter:data1\" content=\"1 minuto\" \/>\n<script type=\"application\/ld+json\" class=\"yoast-schema-graph\">{\"@context\":\"https:\/\/schema.org\",\"@graph\":[{\"@type\":\"WebPage\",\"@id\":\"https:\/\/floralwhite-whale-967499.hostingersite.com\/en\/orders-tracking\/\",\"url\":\"https:\/\/floralwhite-whale-967499.hostingersite.com\/en\/orders-tracking\/\",\"name\":\"Seguir encomenda - VLAteli\u00ea e Ateli\u00ea da Decora\u00e7\u00e3o\",\"isPartOf\":{\"@id\":\"https:\/\/vlatelie.com\/es\/#website\"},\"datePublished\":\"2024-06-05T11:18:09+00:00\",\"dateModified\":\"2025-07-25T16:47:52+00:00\",\"breadcrumb\":{\"@id\":\"https:\/\/floralwhite-whale-967499.hostingersite.com\/en\/orders-tracking\/#breadcrumb\"},\"inLanguage\":\"es\",\"potentialAction\":[{\"@type\":\"ReadAction\",\"target\":[\"https:\/\/floralwhite-whale-967499.hostingersite.com\/en\/orders-tracking\/\"]}]},{\"@type\":\"BreadcrumbList\",\"@id\":\"https:\/\/floralwhite-whale-967499.hostingersite.com\/en\/orders-tracking\/#breadcrumb\",\"itemListElement\":[{\"@type\":\"ListItem\",\"position\":1,\"name\":\"In\u00edcio\",\"item\":\"https:\/\/vlatelie.com\/fr\/\"},{\"@type\":\"ListItem\",\"position\":2,\"name\":\"Seguir encomenda\"}]},{\"@type\":\"WebSite\",\"@id\":\"https:\/\/vlatelie.com\/es\/#website\",\"url\":\"https:\/\/vlatelie.com\/es\/\",\"name\":\"VLAteli\u00ea e Ateli\u00ea da Decora\u00e7\u00e3o\",\"description\":\"Onde cada pe\u00e7a conta uma hist\u00f3ria\",\"publisher\":{\"@id\":\"https:\/\/vlatelie.com\/es\/#organization\"},\"alternateName\":\"VLAteli\u00ea\",\"potentialAction\":[{\"@type\":\"SearchAction\",\"target\":{\"@type\":\"EntryPoint\",\"urlTemplate\":\"https:\/\/vlatelie.com\/es\/?s={search_term_string}\"},\"query-input\":{\"@type\":\"PropertyValueSpecification\",\"valueRequired\":true,\"valueName\":\"search_term_string\"}}],\"inLanguage\":\"es\"},{\"@type\":\"Organization\",\"@id\":\"https:\/\/vlatelie.com\/es\/#organization\",\"name\":\"VLAteli\u00ea e Ateli\u00ea da Decora\u00e7\u00e3o\",\"url\":\"https:\/\/vlatelie.com\/es\/\",\"logo\":{\"@type\":\"ImageObject\",\"inLanguage\":\"es\",\"@id\":\"https:\/\/vlatelie.com\/es\/#\/schema\/logo\/image\/\",\"url\":\"https:\/\/vlatelie.com\/wp-content\/uploads\/2024\/03\/logo_vlatelie_pink.svg\",\"contentUrl\":\"https:\/\/vlatelie.com\/wp-content\/uploads\/2024\/03\/logo_vlatelie_pink.svg\",\"width\":377,\"height\":127,\"caption\":\"VLAteli\u00ea e Ateli\u00ea da Decora\u00e7\u00e3o\"},\"image\":{\"@id\":\"https:\/\/vlatelie.com\/es\/#\/schema\/logo\/image\/\"},\"sameAs\":[\"https:\/\/www.facebook.com\/ateliedadecora\",\"https:\/\/www.instagram.com\/ateliedadecora\"],\"hasMerchantReturnPolicy\":{\"@type\":\"MerchantReturnPolicy\",\"merchantReturnLink\":\"https:\/\/vlatelie.com\/es\/politica-de-devolucion-y-reembolso\/\"}}]}<\/script>\n<!-- \/ Yoast SEO Premium plugin. -->","yoast_head_json":{"title":"Orden de seguimiento - VLAteli\u00ea y Ateli\u00ea da Decora\u00e7\u00e3o","robots":{"index":"index","follow":"follow","max-snippet":"max-snippet:-1","max-image-preview":"max-image-preview:large","max-video-preview":"max-video-preview:-1"},"canonical":"https:\/\/floralwhite-whale-967499.hostingersite.com\/en\/orders-tracking\/","og_locale":"es_ES","og_type":"article","og_title":"Seguir encomenda","og_description":"Rastrear Siga aqui a sua Encomenda Assim que seu pedido for despachado, voc\u00ea receber\u00e1 um-mail contendo um n\u00famero dereamento para acompanhar a sua encomendaVoc\u00ea tamb\u00e9m pode inserir seu n\u00famero de rastento no campo abaixo para verificar o status mais atualizado sua remessa. O n\u00famero de rastreamento (n\u00e3o o n\u00famero do pedido). 14 dias para devolu\u00e7\u00e3o [&hellip;]","og_url":"https:\/\/floralwhite-whale-967499.hostingersite.com\/en\/orders-tracking\/","og_site_name":"VLAteli\u00ea e Ateli\u00ea da Decora\u00e7\u00e3o","article_publisher":"https:\/\/www.facebook.com\/ateliedadecora","article_modified_time":"2025-07-25T16:47:52+00:00","og_image":[{"width":1200,"height":675,"url":"https:\/\/vlatelie.com\/wp-content\/uploads\/2025\/07\/banner_home_vlatelie.webp","type":"image\/webp"}],"twitter_card":"summary_large_image","twitter_misc":{"Tiempo de lectura":"1 minuto"},"schema":{"@context":"https:\/\/schema.org","@graph":[{"@type":"WebPage","@id":"https:\/\/floralwhite-whale-967499.hostingersite.com\/en\/orders-tracking\/","url":"https:\/\/floralwhite-whale-967499.hostingersite.com\/en\/orders-tracking\/","name":"Orden de seguimiento - VLAteli\u00ea y Ateli\u00ea da Decora\u00e7\u00e3o","isPartOf":{"@id":"https:\/\/vlatelie.com\/es\/#website"},"datePublished":"2024-06-05T11:18:09+00:00","dateModified":"2025-07-25T16:47:52+00:00","breadcrumb":{"@id":"https:\/\/floralwhite-whale-967499.hostingersite.com\/en\/orders-tracking\/#breadcrumb"},"inLanguage":"es","potentialAction":[{"@type":"ReadAction","target":["https:\/\/floralwhite-whale-967499.hostingersite.com\/en\/orders-tracking\/"]}]},{"@type":"BreadcrumbList","@id":"https:\/\/floralwhite-whale-967499.hostingersite.com\/en\/orders-tracking\/#breadcrumb","itemListElement":[{"@type":"ListItem","position":1,"name":"In\u00edcio","item":"https:\/\/vlatelie.com\/fr\/"},{"@type":"ListItem","position":2,"name":"Seguir encomenda"}]},{"@type":"WebSite","@id":"https:\/\/vlatelie.com\/es\/#website","url":"https:\/\/vlatelie.com\/es\/","name":"VLAteli\u00ea y Ateli\u00ea da Decora\u00e7\u00e3o","description":"Donde cada pieza cuenta una historia","publisher":{"@id":"https:\/\/vlatelie.com\/es\/#organization"},"alternateName":"VLAteli\u00ea","potentialAction":[{"@type":"SearchAction","target":{"@type":"EntryPoint","urlTemplate":"https:\/\/vlatelie.com\/es\/?s={search_term_string}"},"query-input":{"@type":"PropertyValueSpecification","valueRequired":true,"valueName":"search_term_string"}}],"inLanguage":"es"},{"@type":"Organization","@id":"https:\/\/vlatelie.com\/es\/#organization","name":"VLAteli\u00ea y Ateli\u00ea da Decora\u00e7\u00e3o","url":"https:\/\/vlatelie.com\/es\/","logo":{"@type":"ImageObject","inLanguage":"es","@id":"https:\/\/vlatelie.com\/es\/#\/schema\/logo\/image\/","url":"https:\/\/vlatelie.com\/wp-content\/uploads\/2024\/03\/logo_vlatelie_pink.svg","contentUrl":"https:\/\/vlatelie.com\/wp-content\/uploads\/2024\/03\/logo_vlatelie_pink.svg","width":377,"height":127,"caption":"VLAteli\u00ea e Ateli\u00ea da Decora\u00e7\u00e3o"},"image":{"@id":"https:\/\/vlatelie.com\/es\/#\/schema\/logo\/image\/"},"sameAs":["https:\/\/www.facebook.com\/ateliedadecora","https:\/\/www.instagram.com\/ateliedadecora"],"hasMerchantReturnPolicy":{"@type":"MerchantReturnPolicy","merchantReturnLink":"https:\/\/vlatelie.com\/es\/politica-de-devolucion-y-reembolso\/"}}]}},"_links":{"self":[{"href":"https:\/\/vlatelie.com\/es\/wp-json\/wp\/v2\/pages\/16452","targetHints":{"allow":["GET"]}}],"collection":[{"href":"https:\/\/vlatelie.com\/es\/wp-json\/wp\/v2\/pages"}],"about":[{"href":"https:\/\/vlatelie.com\/es\/wp-json\/wp\/v2\/types\/page"}],"author":[{"embeddable":true,"href":"https:\/\/vlatelie.com\/es\/wp-json\/wp\/v2\/users\/1"}],"replies":[{"embeddable":true,"href":"https:\/\/vlatelie.com\/es\/wp-json\/wp\/v2\/comments?post=16452"}],"version-history":[{"count":0,"href":"https:\/\/vlatelie.com\/es\/wp-json\/wp\/v2\/pages\/16452\/revisions"}],"wp:attachment":[{"href":"https:\/\/vlatelie.com\/es\/wp-json\/wp\/v2\/media?parent=16452"}],"curies":[{"name":"wp","href":"https:\/\/api.w.org\/{rel}","templated":true}]}}