{"id":18190,"date":"2025-05-16T12:04:54","date_gmt":"2025-05-16T15:04:54","guid":{"rendered":"https:\/\/vlatelie.com\/?page_id=18190"},"modified":"2025-07-28T05:47:46","modified_gmt":"2025-07-28T08:47:46","slug":"descarga-gratuita","status":"publish","type":"page","link":"https:\/\/vlatelie.com\/es\/descarga-gratuita\/","title":{"rendered":"Descargar gratis"},"content":{"rendered":"<div data-elementor-type=\"wp-page\" data-elementor-id=\"18190\" class=\"elementor elementor-18190\" data-elementor-post-type=\"page\">\n\t\t\t\t<div class=\"elementor-element elementor-element-40079f35 e-con-full e-flex e-con e-parent\" data-id=\"40079f35\" data-element_type=\"container\" data-e-type=\"container\" data-settings=\"{&quot;background_background&quot;:&quot;gradient&quot;}\">\n\t\t\t\t<div class=\"elementor-element elementor-element-16eb720f elementor-widget elementor-widget-heading\" data-id=\"16eb720f\" data-element_type=\"widget\" data-e-type=\"widget\" data-widget_type=\"heading.default\">\n\t\t\t\t<div class=\"elementor-widget-container\">\n\t\t\t\t\t<h2 class=\"elementor-heading-title elementor-size-default\">Espere a ver la imagen y el bot\u00f3n de descarga.<\/h2>\t\t\t\t<\/div>\n\t\t\t\t<\/div>\n\t\t\t\t<div class=\"elementor-element elementor-element-19d35078 elementor-widget elementor-widget-text-editor\" data-id=\"19d35078\" data-element_type=\"widget\" data-e-type=\"widget\" data-widget_type=\"text-editor.default\">\n\t\t\t\t<div class=\"elementor-widget-container\">\n\t\t\t\t\t\t\t\t\t<p>Todos los moldes que ofrecemos <strong>gratis<\/strong> est\u00e1n dise\u00f1ados para estimular la creatividad con responsabilidad.<\/p><p>En <strong>descargar<\/strong> estar\u00e1 disponible <strong>en un momento<\/strong>.<\/p><p>Gracias por valorar lo que se hace con prop\u00f3sito.<\/p>\t\t\t\t\t\t\t\t<\/div>\n\t\t\t\t<\/div>\n\t\t<div class=\"elementor-element elementor-element-5f8981f e-con-full e-flex e-con e-child\" data-id=\"5f8981f\" data-element_type=\"container\" data-e-type=\"container\">\n\t\t\t\t<div class=\"elementor-element elementor-element-d3e73f0 elementor-widget elementor-widget-counter\" data-id=\"d3e73f0\" data-element_type=\"widget\" data-e-type=\"widget\" data-widget_type=\"counter.default\">\n\t\t\t\t<div class=\"elementor-widget-container\">\n\t\t\t\t\t\t\t<div class=\"elementor-counter\">\n\t\t\t<div class=\"elementor-counter-title\">para que la imagen y el bot\u00f3n de descarga est\u00e9n disponibles.<\/div>\t\t\t<div class=\"elementor-counter-number-wrapper\">\n\t\t\t\t<span class=\"elementor-counter-number-prefix\">Falta <\/span>\n\t\t\t\t<span class=\"elementor-counter-number\" data-duration=\"5500\" data-to-value=\"0\" data-from-value=\"5\" data-delimiter=\",\">5<\/span>\n\t\t\t\t<span class=\"elementor-counter-number-suffix\">s<\/span>\n\t\t\t<\/div>\n\t\t<\/div>\n\t\t\t\t\t\t<\/div>\n\t\t\t\t<\/div>\n\t\t\t\t<\/div>\n\t\t\t\t<\/div>\n\t\t<div class=\"elementor-element elementor-element-f26eb29 animated-slow e-flex e-con-boxed elementor-invisible e-con e-parent\" data-id=\"f26eb29\" data-element_type=\"container\" data-e-type=\"container\" data-settings=\"{&quot;motion_fx_motion_fx_scrolling&quot;:&quot;yes&quot;,&quot;motion_fx_motion_fx_mouse&quot;:&quot;yes&quot;,&quot;animation&quot;:&quot;fadeIn&quot;,&quot;animation_delay&quot;:5000,&quot;motion_fx_devices&quot;:[&quot;desktop&quot;,&quot;tablet&quot;,&quot;mobile&quot;]}\">\n\t\t\t\t\t<div class=\"e-con-inner\">\n\t\t\t\t<div class=\"elementor-element elementor-element-0073f89 elementor-invisible elementor-widget elementor-widget-shortcode\" data-id=\"0073f89\" data-element_type=\"widget\" data-e-type=\"widget\" data-settings=\"{&quot;motion_fx_motion_fx_scrolling&quot;:&quot;yes&quot;,&quot;_animation&quot;:&quot;fadeIn&quot;,&quot;motion_fx_devices&quot;:[&quot;desktop&quot;,&quot;tablet&quot;,&quot;mobile&quot;]}\" data-widget_type=\"shortcode.default\">\n\t\t\t\t<div class=\"elementor-widget-container\">\n\t\t\t\t\t\t\t<div class=\"elementor-shortcode\">\t\t<div data-elementor-type=\"section\" data-elementor-id=\"18952\" class=\"elementor elementor-18952\" data-elementor-post-type=\"elementor_library\">\n\t\t\t<div class=\"elementor-element elementor-element-85c8a2b e-con-full e-flex e-con e-parent\" data-id=\"85c8a2b\" data-element_type=\"container\" data-e-type=\"container\" data-settings=\"{&quot;background_background&quot;:&quot;gradient&quot;}\">\n\t\t\t\t<div class=\"elementor-element elementor-element-2e495b9a elementor-widget__width-initial elementor-widget elementor-widget-image\" data-id=\"2e495b9a\" data-element_type=\"widget\" data-e-type=\"widget\" data-widget_type=\"image.default\">\n\t\t\t\t<div class=\"elementor-widget-container\">\n\t\t\t\t\t\t\t\t\t\t\t\t\t\t\t<img fetchpriority=\"high\" decoding=\"async\" width=\"600\" height=\"600\" src=\"https:\/\/vlatelie.com\/wp-content\/uploads\/2024\/10\/Molde-de-envelope.jpg\" class=\"attachment-full size-full wp-image-16949\" alt=\"Molde para hacer un sobre\" srcset=\"https:\/\/vlatelie.com\/wp-content\/uploads\/2024\/10\/Molde-de-envelope.jpg 600w, https:\/\/vlatelie.com\/wp-content\/smush-webp\/2024\/10\/Molde-de-envelope-300x300.jpg.webp 300w, https:\/\/vlatelie.com\/wp-content\/smush-webp\/2024\/10\/Molde-de-envelope-500x500.jpg.webp 500w, https:\/\/vlatelie.com\/wp-content\/uploads\/2024\/10\/Molde-de-envelope-150x150.jpg 150w, https:\/\/vlatelie.com\/wp-content\/uploads\/2024\/10\/Molde-de-envelope-12x12.jpg 12w, https:\/\/vlatelie.com\/wp-content\/uploads\/2024\/10\/Molde-de-envelope-60x60.jpg 60w, https:\/\/vlatelie.com\/wp-content\/uploads\/2024\/10\/Molde-de-envelope-110x110.jpg 110w\" sizes=\"(max-width: 600px) 100vw, 600px\" \/>\t\t\t\t\t\t\t\t\t\t\t\t\t\t\t<\/div>\n\t\t\t\t<\/div>\n\t\t<div class=\"elementor-element elementor-element-6b41f53c e-con-full e-flex e-con e-child\" data-id=\"6b41f53c\" data-element_type=\"container\" data-e-type=\"container\">\n\t\t\t\t<div class=\"elementor-element elementor-element-5b743fbb elementor-widget elementor-widget-heading\" data-id=\"5b743fbb\" data-element_type=\"widget\" data-e-type=\"widget\" data-widget_type=\"heading.default\">\n\t\t\t\t<div class=\"elementor-widget-container\">\n\t\t\t\t\t<p class=\"elementor-heading-title elementor-size-default\">Molde libre<\/p>\t\t\t\t<\/div>\n\t\t\t\t<\/div>\n\t\t\t\t<div class=\"elementor-element elementor-element-384bf554 elementor-widget elementor-widget-heading\" data-id=\"384bf554\" data-element_type=\"widget\" data-e-type=\"widget\" data-widget_type=\"heading.default\">\n\t\t\t\t<div class=\"elementor-widget-container\">\n\t\t\t\t\t<h2 class=\"elementor-heading-title elementor-size-default\">Molde para hacer un sobre<\/h2>\t\t\t\t<\/div>\n\t\t\t\t<\/div>\n\t\t\t\t<div class=\"elementor-element elementor-element-4b28d107 elementor-widget__width-initial elementor-widget elementor-widget-text-editor\" data-id=\"4b28d107\" data-element_type=\"widget\" data-e-type=\"widget\" data-widget_type=\"text-editor.default\">\n\t\t\t\t<div class=\"elementor-widget-container\">\n\t\t\t\t\t\t\t\t\t<p>Lo que obtienes:<\/p><p>Im\u00e1genes de alta calidad en todos los formatos: <strong>pdf<\/strong>, <strong>png<\/strong> e <strong>jpg<\/strong>.<\/p><p>\ud83d\udccf Tama\u00f1os personalizables: las im\u00e1genes est\u00e1n disponibles en formatos editables.<\/p><p>Calidad superior: Todas las im\u00e1genes se han creado cuidadosamente, lo que garantiza la m\u00e1xima calidad de impresi\u00f3n.<\/p><p>Facilidad de uso: los archivos ZIP vienen con instrucciones claras y son compatibles con los principales programas de edici\u00f3n gr\u00e1fica.<\/p><p>\ud83d\udca1 Inspiraci\u00f3n infinita: Libera tu creatividad y convierte tus ideas en realidad con estas vers\u00e1tiles im\u00e1genes.<\/p>\t\t\t\t\t\t\t\t<\/div>\n\t\t\t\t<\/div>\n\t\t\t\t<div class=\"elementor-element elementor-element-5fcbc209 elementor-align-center elementor-mobile-align-center elementor-tablet-align-center elementor-invisible elementor-widget elementor-widget-button\" data-id=\"5fcbc209\" data-element_type=\"widget\" data-e-type=\"widget\" data-settings=\"{&quot;_animation&quot;:&quot;fadeInUp&quot;}\" data-widget_type=\"button.default\">\n\t\t\t\t<div class=\"elementor-widget-container\">\n\t\t\t\t\t\t\t\t\t<div class=\"elementor-button-wrapper\">\n\t\t\t\t\t<a class=\"elementor-button elementor-button-link elementor-size-sm elementor-animation-grow\" href=\"\/es\/download\/18255\/?tmstv=1753652540\">\n\t\t\t\t\t\t<span class=\"elementor-button-content-wrapper\">\n\t\t\t\t\t\t\t\t\t<span class=\"elementor-button-text\">Descargar ahora<\/span>\n\t\t\t\t\t<\/span>\n\t\t\t\t\t<\/a>\n\t\t\t\t<\/div>\n\t\t\t\t\t\t\t\t<\/div>\n\t\t\t\t<\/div>\n\t\t\t\t<\/div>\n\t\t\t\t<\/div>\n\t\t\t\t<\/div>\n\t\t<\/div>\n\t\t\t\t\t\t<\/div>\n\t\t\t\t<\/div>\n\t\t\t\t\t<\/div>\n\t\t\t\t<\/div>\n\t\t\t\t<\/div>","protected":false},"excerpt":{"rendered":"<p>\u00a1Espere a ver la imagen y el bot\u00f3n de descarga! Todos los moldes que ponemos a su disposici\u00f3n gratuitamente est\u00e1n pensados para estimular la creatividad con responsabilidad. La imagen y el bot\u00f3n de descarga estar\u00e1n disponibles en breve. Gracias por valorar lo que se hace con prop\u00f3sito. para que la imagen y el bot\u00f3n de descarga est\u00e9n disponibles. Quedan 5 segundos<\/p>","protected":false},"author":1,"featured_media":0,"parent":0,"menu_order":0,"comment_status":"closed","ping_status":"closed","template":"elementor_theme","meta":{"footnotes":""},"class_list":["post-18190","page","type-page","status-publish","hentry"],"blocksy_meta":[],"yoast_head":"<!-- This site is optimized with the Yoast SEO Premium plugin v27.2 (Yoast SEO v27.2) - https:\/\/yoast.com\/product\/yoast-seo-premium-wordpress\/ -->\n<title>Download Gratuito - VLAteli\u00ea e Ateli\u00ea da Decora\u00e7\u00e3o<\/title>\n<meta name=\"robots\" content=\"index, follow, max-snippet:-1, max-image-preview:large, max-video-preview:-1\" \/>\n<link rel=\"canonical\" href=\"https:\/\/vlatelie.com\/es\/descarga-gratuita\/\" \/>\n<meta property=\"og:locale\" content=\"es_ES\" \/>\n<meta property=\"og:type\" content=\"article\" \/>\n<meta property=\"og:title\" content=\"Download Gratuito\" \/>\n<meta property=\"og:description\" content=\"Aguarde a imagem e o bot\u00e3o de download! Todos os moldes que disponibilizamos gratuitamente s\u00e3o pensados para estimular a criatividade com responsabilidade. A imagem e bot\u00e3o de download ficar\u00e1 dispon\u00edvel dentro de instantes. Obrigado por valorizar o que \u00e9 feito com prop\u00f3sito. para a imagem e o bot\u00e3o de download ficarem dispon\u00edveis. Faltam 5 s\" \/>\n<meta property=\"og:url\" content=\"https:\/\/vlatelie.com\/es\/descarga-gratuita\/\" \/>\n<meta property=\"og:site_name\" content=\"VLAteli\u00ea e Ateli\u00ea da Decora\u00e7\u00e3o\" \/>\n<meta property=\"article:publisher\" content=\"https:\/\/www.facebook.com\/ateliedadecora\" \/>\n<meta property=\"article:modified_time\" content=\"2025-07-28T08:47:46+00:00\" \/>\n<meta property=\"og:image\" content=\"https:\/\/vlatelie.com\/wp-content\/uploads\/2025\/07\/banner_home_vlatelie.webp\" \/>\n\t<meta property=\"og:image:width\" content=\"1200\" \/>\n\t<meta property=\"og:image:height\" content=\"675\" \/>\n\t<meta property=\"og:image:type\" content=\"image\/webp\" \/>\n<meta name=\"twitter:card\" content=\"summary_large_image\" \/>\n<meta name=\"twitter:label1\" content=\"Tiempo de lectura\" \/>\n\t<meta name=\"twitter:data1\" content=\"1 minuto\" \/>\n<script type=\"application\/ld+json\" class=\"yoast-schema-graph\">{\"@context\":\"https:\/\/schema.org\",\"@graph\":[{\"@type\":\"WebPage\",\"@id\":\"https:\/\/vlatelie.com\/download-gratuito\/\",\"url\":\"https:\/\/vlatelie.com\/download-gratuito\/\",\"name\":\"Download Gratuito - VLAteli\u00ea e Ateli\u00ea da Decora\u00e7\u00e3o\",\"isPartOf\":{\"@id\":\"https:\/\/vlatelie.com\/es\/#website\"},\"datePublished\":\"2025-05-16T15:04:54+00:00\",\"dateModified\":\"2025-07-28T08:47:46+00:00\",\"breadcrumb\":{\"@id\":\"https:\/\/vlatelie.com\/download-gratuito\/#breadcrumb\"},\"inLanguage\":\"es\",\"potentialAction\":[{\"@type\":\"ReadAction\",\"target\":[\"https:\/\/vlatelie.com\/download-gratuito\/\"]}]},{\"@type\":\"BreadcrumbList\",\"@id\":\"https:\/\/vlatelie.com\/download-gratuito\/#breadcrumb\",\"itemListElement\":[{\"@type\":\"ListItem\",\"position\":1,\"name\":\"In\u00edcio\",\"item\":\"https:\/\/vlatelie.com\/fr\/\"},{\"@type\":\"ListItem\",\"position\":2,\"name\":\"Download Gratuito\"}]},{\"@type\":\"WebSite\",\"@id\":\"https:\/\/vlatelie.com\/es\/#website\",\"url\":\"https:\/\/vlatelie.com\/es\/\",\"name\":\"VLAteli\u00ea e Ateli\u00ea da Decora\u00e7\u00e3o\",\"description\":\"Onde cada pe\u00e7a conta uma hist\u00f3ria\",\"publisher\":{\"@id\":\"https:\/\/vlatelie.com\/es\/#organization\"},\"alternateName\":\"VLAteli\u00ea\",\"potentialAction\":[{\"@type\":\"SearchAction\",\"target\":{\"@type\":\"EntryPoint\",\"urlTemplate\":\"https:\/\/vlatelie.com\/es\/?s={search_term_string}\"},\"query-input\":{\"@type\":\"PropertyValueSpecification\",\"valueRequired\":true,\"valueName\":\"search_term_string\"}}],\"inLanguage\":\"es\"},{\"@type\":\"Organization\",\"@id\":\"https:\/\/vlatelie.com\/es\/#organization\",\"name\":\"VLAteli\u00ea e Ateli\u00ea da Decora\u00e7\u00e3o\",\"url\":\"https:\/\/vlatelie.com\/es\/\",\"logo\":{\"@type\":\"ImageObject\",\"inLanguage\":\"es\",\"@id\":\"https:\/\/vlatelie.com\/es\/#\/schema\/logo\/image\/\",\"url\":\"https:\/\/vlatelie.com\/wp-content\/uploads\/2024\/03\/logo_vlatelie_pink.svg\",\"contentUrl\":\"https:\/\/vlatelie.com\/wp-content\/uploads\/2024\/03\/logo_vlatelie_pink.svg\",\"width\":377,\"height\":127,\"caption\":\"VLAteli\u00ea e Ateli\u00ea da Decora\u00e7\u00e3o\"},\"image\":{\"@id\":\"https:\/\/vlatelie.com\/es\/#\/schema\/logo\/image\/\"},\"sameAs\":[\"https:\/\/www.facebook.com\/ateliedadecora\",\"https:\/\/www.instagram.com\/ateliedadecora\"],\"hasMerchantReturnPolicy\":{\"@type\":\"MerchantReturnPolicy\",\"merchantReturnLink\":\"https:\/\/vlatelie.com\/es\/politica-de-devolucion-y-reembolso\/\"}}]}<\/script>\n<!-- \/ Yoast SEO Premium plugin. -->","yoast_head_json":{"title":"Descarga gratuita - VLAteli\u00ea y Ateli\u00ea da Decora\u00e7\u00e3o","robots":{"index":"index","follow":"follow","max-snippet":"max-snippet:-1","max-image-preview":"max-image-preview:large","max-video-preview":"max-video-preview:-1"},"canonical":"https:\/\/vlatelie.com\/es\/descarga-gratuita\/","og_locale":"es_ES","og_type":"article","og_title":"Download Gratuito","og_description":"Aguarde a imagem e o bot\u00e3o de download! Todos os moldes que disponibilizamos gratuitamente s\u00e3o pensados para estimular a criatividade com responsabilidade. A imagem e bot\u00e3o de download ficar\u00e1 dispon\u00edvel dentro de instantes. Obrigado por valorizar o que \u00e9 feito com prop\u00f3sito. para a imagem e o bot\u00e3o de download ficarem dispon\u00edveis. Faltam 5 s","og_url":"https:\/\/vlatelie.com\/es\/descarga-gratuita\/","og_site_name":"VLAteli\u00ea e Ateli\u00ea da Decora\u00e7\u00e3o","article_publisher":"https:\/\/www.facebook.com\/ateliedadecora","article_modified_time":"2025-07-28T08:47:46+00:00","og_image":[{"width":1200,"height":675,"url":"https:\/\/vlatelie.com\/wp-content\/uploads\/2025\/07\/banner_home_vlatelie.webp","type":"image\/webp"}],"twitter_card":"summary_large_image","twitter_misc":{"Tiempo de lectura":"1 minuto"},"schema":{"@context":"https:\/\/schema.org","@graph":[{"@type":"WebPage","@id":"https:\/\/vlatelie.com\/download-gratuito\/","url":"https:\/\/vlatelie.com\/download-gratuito\/","name":"Descarga gratuita - VLAteli\u00ea y Ateli\u00ea da Decora\u00e7\u00e3o","isPartOf":{"@id":"https:\/\/vlatelie.com\/es\/#website"},"datePublished":"2025-05-16T15:04:54+00:00","dateModified":"2025-07-28T08:47:46+00:00","breadcrumb":{"@id":"https:\/\/vlatelie.com\/download-gratuito\/#breadcrumb"},"inLanguage":"es","potentialAction":[{"@type":"ReadAction","target":["https:\/\/vlatelie.com\/download-gratuito\/"]}]},{"@type":"BreadcrumbList","@id":"https:\/\/vlatelie.com\/download-gratuito\/#breadcrumb","itemListElement":[{"@type":"ListItem","position":1,"name":"In\u00edcio","item":"https:\/\/vlatelie.com\/fr\/"},{"@type":"ListItem","position":2,"name":"Download Gratuito"}]},{"@type":"WebSite","@id":"https:\/\/vlatelie.com\/es\/#website","url":"https:\/\/vlatelie.com\/es\/","name":"VLAteli\u00ea y Ateli\u00ea da Decora\u00e7\u00e3o","description":"Donde cada pieza cuenta una historia","publisher":{"@id":"https:\/\/vlatelie.com\/es\/#organization"},"alternateName":"VLAteli\u00ea","potentialAction":[{"@type":"SearchAction","target":{"@type":"EntryPoint","urlTemplate":"https:\/\/vlatelie.com\/es\/?s={search_term_string}"},"query-input":{"@type":"PropertyValueSpecification","valueRequired":true,"valueName":"search_term_string"}}],"inLanguage":"es"},{"@type":"Organization","@id":"https:\/\/vlatelie.com\/es\/#organization","name":"VLAteli\u00ea y Ateli\u00ea da Decora\u00e7\u00e3o","url":"https:\/\/vlatelie.com\/es\/","logo":{"@type":"ImageObject","inLanguage":"es","@id":"https:\/\/vlatelie.com\/es\/#\/schema\/logo\/image\/","url":"https:\/\/vlatelie.com\/wp-content\/uploads\/2024\/03\/logo_vlatelie_pink.svg","contentUrl":"https:\/\/vlatelie.com\/wp-content\/uploads\/2024\/03\/logo_vlatelie_pink.svg","width":377,"height":127,"caption":"VLAteli\u00ea e Ateli\u00ea da Decora\u00e7\u00e3o"},"image":{"@id":"https:\/\/vlatelie.com\/es\/#\/schema\/logo\/image\/"},"sameAs":["https:\/\/www.facebook.com\/ateliedadecora","https:\/\/www.instagram.com\/ateliedadecora"],"hasMerchantReturnPolicy":{"@type":"MerchantReturnPolicy","merchantReturnLink":"https:\/\/vlatelie.com\/es\/politica-de-devolucion-y-reembolso\/"}}]}},"_links":{"self":[{"href":"https:\/\/vlatelie.com\/es\/wp-json\/wp\/v2\/pages\/18190","targetHints":{"allow":["GET"]}}],"collection":[{"href":"https:\/\/vlatelie.com\/es\/wp-json\/wp\/v2\/pages"}],"about":[{"href":"https:\/\/vlatelie.com\/es\/wp-json\/wp\/v2\/types\/page"}],"author":[{"embeddable":true,"href":"https:\/\/vlatelie.com\/es\/wp-json\/wp\/v2\/users\/1"}],"replies":[{"embeddable":true,"href":"https:\/\/vlatelie.com\/es\/wp-json\/wp\/v2\/comments?post=18190"}],"version-history":[{"count":0,"href":"https:\/\/vlatelie.com\/es\/wp-json\/wp\/v2\/pages\/18190\/revisions"}],"wp:attachment":[{"href":"https:\/\/vlatelie.com\/es\/wp-json\/wp\/v2\/media?parent=18190"}],"curies":[{"name":"wp","href":"https:\/\/api.w.org\/{rel}","templated":true}]}}