{"id":16270,"date":"2024-05-30T08:22:43","date_gmt":"2024-05-30T07:22:43","guid":{"rendered":"https:\/\/vlatelie.com\/?post_type=product&#038;p=16270"},"modified":"2025-07-22T20:36:53","modified_gmt":"2025-07-22T23:36:53","slug":"corazon-con-caballo-svg-descarga-instantanea-svg-png-eps-dxf-jpg-descarga-digital","status":"publish","type":"product","link":"https:\/\/vlatelie.com\/es\/tienda\/digital\/corazon-con-caballo-svg-descarga-instantanea-svg-png-eps-dxf-jpg-descarga-digital\/","title":{"rendered":"Coraz\u00f3n con caballo para descarga inmediata en SVG, PNG, EPS, DXF y JPG"},"content":{"rendered":"<h1>Coraz\u00f3n con caballo para descarga inmediata en SVG, PNG, EPS, DXF y JPG<\/h1>\n<p>\u00bfBusca una forma creativa de dar vida a sus ideas? Aqu\u00ed tienes una colecci\u00f3n de im\u00e1genes de alta calidad en formato ZIP que revolucionar\u00e1n tu creatividad.<\/p>\n<p>Lo que obtienes:<\/p>\n<p>\ud83d\udc55 Im\u00e1genes para personalizar: Una gran variedad de im\u00e1genes exclusivas, desde ilustraciones geniales hasta estampados elegantes. Puedes personalizar camisetas, tazas y mucho m\u00e1s con estas incre\u00edbles creaciones.<\/p>\n<p>\ud83d\udccf Tama\u00f1os personalizables: Las im\u00e1genes est\u00e1n disponibles en formatos editables, lo que significa que puedes ajustar el tama\u00f1o para adaptarlo a tus necesidades. Crea dise\u00f1os perfectos para tallas de camisetas, tazas o cualquier proyecto de decoraci\u00f3n.<\/p>\n<p>\ud83c\udfa8 Versatilidad creativa: Adem\u00e1s de camisetas y tazas, estas im\u00e1genes pueden utilizarse en una gran variedad de proyectos creativos, como decoraci\u00f3n de interiores, \u00e1lbumes de fotos, tarjetas personalizadas y mucho m\u00e1s.<\/p>\n<p>\u00bfPor qu\u00e9 elegir nuestros productos?<\/p>\n<p>Calidad superior: Todas las im\u00e1genes han sido cuidadosamente creadas por dise\u00f1adores de gran talento, lo que garantiza la m\u00e1xima calidad de impresi\u00f3n.<\/p>\n<p>Facilidad de uso: los archivos ZIP vienen con instrucciones claras y son compatibles con los principales programas de edici\u00f3n gr\u00e1fica. No hace falta ser un experto para crear dise\u00f1os incre\u00edbles.<\/p>\n<p>\ud83d\udca1 Inspiraci\u00f3n infinita: Libera tu creatividad y convierte tus ideas en realidad con estas vers\u00e1tiles im\u00e1genes.<\/p>\n<p>Personalizaci\u00f3n \u00fanica: haga regalos personalizados, conjuntos \u00fanicos y a\u00f1ada un toque exclusivo a su decoraci\u00f3n con facilidad.<\/p>\n<p>\ud83c\udf1f Expr\u00e9sate: Tus creaciones cobrar\u00e1n vida y contar\u00e1n tu historia de una forma \u00fanica.<\/p>\n<p>\u2728 \u00a1Deja volar tu imaginaci\u00f3n y convierte tus ideas en realidad!<\/p>","protected":false},"excerpt":{"rendered":"<p>\u00bfBusca una forma creativa de dar vida a sus ideas?<br \/>\nLe presentamos una colecci\u00f3n de im\u00e1genes de alta calidad en formato ZIP que revolucionar\u00e1n su creatividad.<br \/>\nProporcionamos un archivo de alta calidad en los siguientes formatos: svg, png, eps, dxf y jpg.<\/p>","protected":false},"featured_media":16869,"comment_status":"open","ping_status":"closed","template":"","meta":[],"product_brand":[],"product_cat":[29],"product_tag":[76,79,78,75,77,138,141,142,140,137],"class_list":{"0":"post-16270","1":"product","2":"type-product","3":"status-publish","4":"has-post-thumbnail","6":"product_cat-artigos-digitais","7":"product_tag-cavalo-coracao","8":"product_tag-coracao-cavalo-png","9":"product_tag-coracao-cavalo-svg","10":"product_tag-coracao-com-cavalo","11":"product_tag-digital-download","12":"product_tag-dxf","13":"product_tag-eps","14":"product_tag-jpg","15":"product_tag-png","16":"product_tag-svg","18":"first","19":"instock","20":"sale","21":"downloadable","22":"virtual","23":"sold-individually","24":"purchasable","25":"product-type-simple"},"ct_brands":[],"yoast_head":"<!-- This site is optimized with the Yoast SEO Premium plugin v27.2 (Yoast SEO v27.2) - https:\/\/yoast.com\/product\/yoast-seo-premium-wordpress\/ -->\n<title>Cora\u00e7\u00e3o com Cavalo para Download Imediato - VLAteli\u00ea e Ateli\u00ea da Decora\u00e7\u00e3o<\/title>\n<meta name=\"description\" content=\"Disponibilizamos um ficheiro em formato ZIP de alta qualidade nos formatos: svg, dxf e jpg, que vai revolucionar sua criatividade!\" \/>\n<meta name=\"robots\" content=\"index, follow, max-snippet:-1, max-image-preview:large, max-video-preview:-1\" \/>\n<link rel=\"canonical\" href=\"https:\/\/vlatelie.com\/es\/tienda\/digital\/corazon-con-caballo-svg-descarga-instantanea-svg-png-eps-dxf-jpg-descarga-digital\/\" \/>\n<meta property=\"og:locale\" content=\"es_ES\" \/>\n<meta property=\"og:type\" content=\"article\" \/>\n<meta property=\"og:title\" content=\"Cora\u00e7\u00e3o com Cavalo para Download Imediato em SVG, PNG, EPS, DXF e JPG\" \/>\n<meta property=\"og:description\" content=\"Disponibilizamos um ficheiro em formato ZIP de alta qualidade nos formatos: svg, dxf e jpg, que vai revolucionar sua criatividade!\" \/>\n<meta property=\"og:url\" content=\"https:\/\/vlatelie.com\/es\/tienda\/digital\/corazon-con-caballo-svg-descarga-instantanea-svg-png-eps-dxf-jpg-descarga-digital\/\" \/>\n<meta property=\"og:site_name\" content=\"VLAteli\u00ea e Ateli\u00ea da Decora\u00e7\u00e3o\" \/>\n<meta property=\"article:publisher\" content=\"https:\/\/www.facebook.com\/ateliedadecora\" \/>\n<meta property=\"article:modified_time\" content=\"2025-07-22T23:36:53+00:00\" \/>\n<meta property=\"og:image\" content=\"https:\/\/vlatelie.com\/wp-content\/uploads\/2024\/05\/CoracaoCavalo.jpg\" \/>\n\t<meta property=\"og:image:width\" content=\"600\" \/>\n\t<meta property=\"og:image:height\" content=\"600\" \/>\n\t<meta property=\"og:image:type\" content=\"image\/jpeg\" \/>\n<meta name=\"twitter:card\" content=\"summary_large_image\" \/>\n<meta name=\"twitter:label1\" content=\"Precio\" \/>\n\t<meta name=\"twitter:data1\" content=\"0,54&#036;\" \/>\n\t<meta name=\"twitter:label2\" content=\"Disponibilidad\" \/>\n\t<meta name=\"twitter:data2\" content=\"Disponible\" \/>\n<script type=\"application\/ld+json\" class=\"yoast-schema-graph\">{\"@context\":\"https:\/\/schema.org\",\"@graph\":[{\"@type\":[\"WebPage\",\"ItemPage\"],\"@id\":\"https:\/\/vlatelie.com\/es\/tienda\/digital\/corazon-con-caballo-svg-descarga-instantanea-svg-png-eps-dxf-jpg-descarga-digital\/\",\"url\":\"https:\/\/vlatelie.com\/es\/tienda\/digital\/corazon-con-caballo-svg-descarga-instantanea-svg-png-eps-dxf-jpg-descarga-digital\/\",\"name\":\"Cora\u00e7\u00e3o com Cavalo para Download Imediato - VLAteli\u00ea e Ateli\u00ea da Decora\u00e7\u00e3o\",\"isPartOf\":{\"@id\":\"https:\/\/vlatelie.com\/es\/#website\"},\"primaryImageOfPage\":{\"@id\":\"https:\/\/vlatelie.com\/es\/tienda\/digital\/corazon-con-caballo-svg-descarga-instantanea-svg-png-eps-dxf-jpg-descarga-digital\/#primaryimage\"},\"image\":{\"@id\":\"https:\/\/vlatelie.com\/es\/tienda\/digital\/corazon-con-caballo-svg-descarga-instantanea-svg-png-eps-dxf-jpg-descarga-digital\/#primaryimage\"},\"thumbnailUrl\":\"https:\/\/vlatelie.com\/wp-content\/uploads\/2024\/05\/CoracaoCavalo.jpg\",\"datePublished\":\"2024-05-30T07:22:43+00:00\",\"dateModified\":\"2025-07-22T23:36:53+00:00\",\"description\":\"Disponibilizamos um ficheiro em formato ZIP de alta qualidade nos formatos: svg, dxf e jpg, que vai revolucionar sua criatividade!\",\"breadcrumb\":{\"@id\":\"https:\/\/vlatelie.com\/es\/tienda\/digital\/corazon-con-caballo-svg-descarga-instantanea-svg-png-eps-dxf-jpg-descarga-digital\/#breadcrumb\"},\"inLanguage\":\"es\",\"potentialAction\":[{\"@type\":\"ReadAction\",\"target\":[\"https:\/\/vlatelie.com\/es\/tienda\/digital\/corazon-con-caballo-svg-descarga-instantanea-svg-png-eps-dxf-jpg-descarga-digital\/\"]}]},{\"@type\":\"ImageObject\",\"inLanguage\":\"es\",\"@id\":\"https:\/\/vlatelie.com\/es\/tienda\/digital\/corazon-con-caballo-svg-descarga-instantanea-svg-png-eps-dxf-jpg-descarga-digital\/#primaryimage\",\"url\":\"https:\/\/vlatelie.com\/wp-content\/uploads\/2024\/05\/CoracaoCavalo.jpg\",\"contentUrl\":\"https:\/\/vlatelie.com\/wp-content\/uploads\/2024\/05\/CoracaoCavalo.jpg\",\"width\":600,\"height\":600,\"caption\":\"imagem de cora\u00e7\u00e3o com cavalo dentro\"},{\"@type\":\"BreadcrumbList\",\"@id\":\"https:\/\/vlatelie.com\/es\/tienda\/digital\/corazon-con-caballo-svg-descarga-instantanea-svg-png-eps-dxf-jpg-descarga-digital\/#breadcrumb\",\"itemListElement\":[{\"@type\":\"ListItem\",\"position\":1,\"name\":\"In\u00edcio\",\"item\":\"https:\/\/vlatelie.com\/fr\/\"},{\"@type\":\"ListItem\",\"position\":2,\"name\":\"Shop\",\"item\":\"https:\/\/vlatelie.com\/es\/tienda\/\"},{\"@type\":\"ListItem\",\"position\":3,\"name\":\"Cora\u00e7\u00e3o com Cavalo para Download Imediato em SVG, PNG, EPS, DXF e JPG\"}]},{\"@type\":\"WebSite\",\"@id\":\"https:\/\/vlatelie.com\/es\/#website\",\"url\":\"https:\/\/vlatelie.com\/es\/\",\"name\":\"VLAteli\u00ea e Ateli\u00ea da Decora\u00e7\u00e3o\",\"description\":\"Onde cada pe\u00e7a conta uma hist\u00f3ria\",\"publisher\":{\"@id\":\"https:\/\/vlatelie.com\/es\/#organization\"},\"alternateName\":\"VLAteli\u00ea\",\"potentialAction\":[{\"@type\":\"SearchAction\",\"target\":{\"@type\":\"EntryPoint\",\"urlTemplate\":\"https:\/\/vlatelie.com\/es\/?s={search_term_string}\"},\"query-input\":{\"@type\":\"PropertyValueSpecification\",\"valueRequired\":true,\"valueName\":\"search_term_string\"}}],\"inLanguage\":\"es\"},{\"@type\":\"Organization\",\"@id\":\"https:\/\/vlatelie.com\/es\/#organization\",\"name\":\"VLAteli\u00ea e Ateli\u00ea da Decora\u00e7\u00e3o\",\"url\":\"https:\/\/vlatelie.com\/es\/\",\"logo\":{\"@type\":\"ImageObject\",\"inLanguage\":\"es\",\"@id\":\"https:\/\/vlatelie.com\/es\/#\/schema\/logo\/image\/\",\"url\":\"https:\/\/vlatelie.com\/wp-content\/uploads\/2024\/03\/logo_vlatelie_pink.svg\",\"contentUrl\":\"https:\/\/vlatelie.com\/wp-content\/uploads\/2024\/03\/logo_vlatelie_pink.svg\",\"width\":377,\"height\":127,\"caption\":\"VLAteli\u00ea e Ateli\u00ea da Decora\u00e7\u00e3o\"},\"image\":{\"@id\":\"https:\/\/vlatelie.com\/es\/#\/schema\/logo\/image\/\"},\"sameAs\":[\"https:\/\/www.facebook.com\/ateliedadecora\",\"https:\/\/www.instagram.com\/ateliedadecora\"],\"hasMerchantReturnPolicy\":{\"@type\":\"MerchantReturnPolicy\",\"merchantReturnLink\":\"https:\/\/vlatelie.com\/es\/politica-de-devolucion-y-reembolso\/\"}}]}<\/script>\n<meta property=\"product:price:amount\" content=\"0.54\" \/>\n<meta property=\"product:price:currency\" content=\"USD\" \/>\n<meta property=\"og:availability\" content=\"instock\" \/>\n<meta property=\"product:availability\" content=\"instock\" \/>\n<meta property=\"product:condition\" content=\"new\" \/>\n<!-- \/ Yoast SEO Premium plugin. -->","yoast_head_json":{"title":"Coraz\u00f3n con Caballo para Descarga Instant\u00e1nea - VLAteli\u00ea y Ateli\u00ea da Decora\u00e7\u00e3o","description":"Le proporcionamos un archivo ZIP de alta calidad en los siguientes formatos: svg, dxf y jpg, \u00a1que revolucionar\u00e1 su creatividad!","robots":{"index":"index","follow":"follow","max-snippet":"max-snippet:-1","max-image-preview":"max-image-preview:large","max-video-preview":"max-video-preview:-1"},"canonical":"https:\/\/vlatelie.com\/es\/tienda\/digital\/corazon-con-caballo-svg-descarga-instantanea-svg-png-eps-dxf-jpg-descarga-digital\/","og_locale":"es_ES","og_type":"article","og_title":"Cora\u00e7\u00e3o com Cavalo para Download Imediato em SVG, PNG, EPS, DXF e JPG","og_description":"Disponibilizamos um ficheiro em formato ZIP de alta qualidade nos formatos: svg, dxf e jpg, que vai revolucionar sua criatividade!","og_url":"https:\/\/vlatelie.com\/es\/tienda\/digital\/corazon-con-caballo-svg-descarga-instantanea-svg-png-eps-dxf-jpg-descarga-digital\/","og_site_name":"VLAteli\u00ea e Ateli\u00ea da Decora\u00e7\u00e3o","article_publisher":"https:\/\/www.facebook.com\/ateliedadecora","article_modified_time":"2025-07-22T23:36:53+00:00","og_image":[{"width":600,"height":600,"url":"https:\/\/vlatelie.com\/wp-content\/uploads\/2024\/05\/CoracaoCavalo.jpg","type":"image\/jpeg"}],"twitter_card":"summary_large_image","twitter_misc":{"Precio":"0,54&#36;","Disponibilidad":"Disponible"},"schema":{"@context":"https:\/\/schema.org","@graph":[{"@type":["WebPage","ItemPage"],"@id":"https:\/\/vlatelie.com\/es\/tienda\/digital\/corazon-con-caballo-svg-descarga-instantanea-svg-png-eps-dxf-jpg-descarga-digital\/","url":"https:\/\/vlatelie.com\/es\/tienda\/digital\/corazon-con-caballo-svg-descarga-instantanea-svg-png-eps-dxf-jpg-descarga-digital\/","name":"Coraz\u00f3n con Caballo para Descarga Instant\u00e1nea - VLAteli\u00ea y Ateli\u00ea da Decora\u00e7\u00e3o","isPartOf":{"@id":"https:\/\/vlatelie.com\/es\/#website"},"primaryImageOfPage":{"@id":"https:\/\/vlatelie.com\/es\/tienda\/digital\/corazon-con-caballo-svg-descarga-instantanea-svg-png-eps-dxf-jpg-descarga-digital\/#primaryimage"},"image":{"@id":"https:\/\/vlatelie.com\/es\/tienda\/digital\/corazon-con-caballo-svg-descarga-instantanea-svg-png-eps-dxf-jpg-descarga-digital\/#primaryimage"},"thumbnailUrl":"https:\/\/vlatelie.com\/wp-content\/uploads\/2024\/05\/CoracaoCavalo.jpg","datePublished":"2024-05-30T07:22:43+00:00","dateModified":"2025-07-22T23:36:53+00:00","description":"Le proporcionamos un archivo ZIP de alta calidad en los siguientes formatos: svg, dxf y jpg, \u00a1que revolucionar\u00e1 su creatividad!","breadcrumb":{"@id":"https:\/\/vlatelie.com\/es\/tienda\/digital\/corazon-con-caballo-svg-descarga-instantanea-svg-png-eps-dxf-jpg-descarga-digital\/#breadcrumb"},"inLanguage":"es","potentialAction":[{"@type":"ReadAction","target":["https:\/\/vlatelie.com\/es\/tienda\/digital\/corazon-con-caballo-svg-descarga-instantanea-svg-png-eps-dxf-jpg-descarga-digital\/"]}]},{"@type":"ImageObject","inLanguage":"es","@id":"https:\/\/vlatelie.com\/es\/tienda\/digital\/corazon-con-caballo-svg-descarga-instantanea-svg-png-eps-dxf-jpg-descarga-digital\/#primaryimage","url":"https:\/\/vlatelie.com\/wp-content\/uploads\/2024\/05\/CoracaoCavalo.jpg","contentUrl":"https:\/\/vlatelie.com\/wp-content\/uploads\/2024\/05\/CoracaoCavalo.jpg","width":600,"height":600,"caption":"imagem de cora\u00e7\u00e3o com cavalo dentro"},{"@type":"BreadcrumbList","@id":"https:\/\/vlatelie.com\/es\/tienda\/digital\/corazon-con-caballo-svg-descarga-instantanea-svg-png-eps-dxf-jpg-descarga-digital\/#breadcrumb","itemListElement":[{"@type":"ListItem","position":1,"name":"In\u00edcio","item":"https:\/\/vlatelie.com\/fr\/"},{"@type":"ListItem","position":2,"name":"Shop","item":"https:\/\/vlatelie.com\/es\/tienda\/"},{"@type":"ListItem","position":3,"name":"Cora\u00e7\u00e3o com Cavalo para Download Imediato em SVG, PNG, EPS, DXF e JPG"}]},{"@type":"WebSite","@id":"https:\/\/vlatelie.com\/es\/#website","url":"https:\/\/vlatelie.com\/es\/","name":"VLAteli\u00ea y Ateli\u00ea da Decora\u00e7\u00e3o","description":"Donde cada pieza cuenta una historia","publisher":{"@id":"https:\/\/vlatelie.com\/es\/#organization"},"alternateName":"VLAteli\u00ea","potentialAction":[{"@type":"SearchAction","target":{"@type":"EntryPoint","urlTemplate":"https:\/\/vlatelie.com\/es\/?s={search_term_string}"},"query-input":{"@type":"PropertyValueSpecification","valueRequired":true,"valueName":"search_term_string"}}],"inLanguage":"es"},{"@type":"Organization","@id":"https:\/\/vlatelie.com\/es\/#organization","name":"VLAteli\u00ea y Ateli\u00ea da Decora\u00e7\u00e3o","url":"https:\/\/vlatelie.com\/es\/","logo":{"@type":"ImageObject","inLanguage":"es","@id":"https:\/\/vlatelie.com\/es\/#\/schema\/logo\/image\/","url":"https:\/\/vlatelie.com\/wp-content\/uploads\/2024\/03\/logo_vlatelie_pink.svg","contentUrl":"https:\/\/vlatelie.com\/wp-content\/uploads\/2024\/03\/logo_vlatelie_pink.svg","width":377,"height":127,"caption":"VLAteli\u00ea e Ateli\u00ea da Decora\u00e7\u00e3o"},"image":{"@id":"https:\/\/vlatelie.com\/es\/#\/schema\/logo\/image\/"},"sameAs":["https:\/\/www.facebook.com\/ateliedadecora","https:\/\/www.instagram.com\/ateliedadecora"],"hasMerchantReturnPolicy":{"@type":"MerchantReturnPolicy","merchantReturnLink":"https:\/\/vlatelie.com\/es\/politica-de-devolucion-y-reembolso\/"}}]},"product_price_amount":"0.54","product_price_currency":"USD","og_availability":"instock","product_availability":"instock","product_condition":"new"},"_links":{"self":[{"href":"https:\/\/vlatelie.com\/es\/wp-json\/wp\/v2\/product\/16270","targetHints":{"allow":["GET"]}}],"collection":[{"href":"https:\/\/vlatelie.com\/es\/wp-json\/wp\/v2\/product"}],"about":[{"href":"https:\/\/vlatelie.com\/es\/wp-json\/wp\/v2\/types\/product"}],"replies":[{"embeddable":true,"href":"https:\/\/vlatelie.com\/es\/wp-json\/wp\/v2\/comments?post=16270"}],"version-history":[{"count":0,"href":"https:\/\/vlatelie.com\/es\/wp-json\/wp\/v2\/product\/16270\/revisions"}],"wp:featuredmedia":[{"embeddable":true,"href":"https:\/\/vlatelie.com\/es\/wp-json\/wp\/v2\/media\/16869"}],"wp:attachment":[{"href":"https:\/\/vlatelie.com\/es\/wp-json\/wp\/v2\/media?parent=16270"}],"wp:term":[{"taxonomy":"product_brand","embeddable":true,"href":"https:\/\/vlatelie.com\/es\/wp-json\/wp\/v2\/product_brand?post=16270"},{"taxonomy":"product_cat","embeddable":true,"href":"https:\/\/vlatelie.com\/es\/wp-json\/wp\/v2\/product_cat?post=16270"},{"taxonomy":"product_tag","embeddable":true,"href":"https:\/\/vlatelie.com\/es\/wp-json\/wp\/v2\/product_tag?post=16270"}],"curies":[{"name":"wp","href":"https:\/\/api.w.org\/{rel}","templated":true}]}}