{"id":16905,"date":"2024-10-01T17:58:04","date_gmt":"2024-10-01T16:58:04","guid":{"rendered":"https:\/\/vlatelie.com\/?post_type=product&#038;p=16905"},"modified":"2025-07-22T20:42:14","modified_gmt":"2025-07-22T23:42:14","slug":"coracao-riscado-descarga-instantanea-svg-png-eps-dxf-jpg-descarga-digital-7","status":"publish","type":"product","link":"https:\/\/vlatelie.com\/es\/tienda\/digital\/coracao-riscado-descarga-instantanea-svg-png-eps-dxf-jpg-descarga-digital-7\/","title":{"rendered":"Molde de caja plana para descarga inmediata en svg, dxf y pdf"},"content":{"rendered":"<h1 class=\"wt-flex-grow-xs-1 wt-break-word wt-mr-lg-4 wt-text-title-larger\" title=\"Caballo SVG Descarga instant\u00e1nea SVG, PNG, eps, dxf, jpg descarga digital\">Molde de caja plana para descarga inmediata en svg, dxf y pdf<\/h1>\n<p>\u00bfBusca una forma creativa de dar vida a sus ideas?<\/p>\n<p>Le presentamos una colecci\u00f3n de im\u00e1genes de alta calidad en formato ZIP que revolucionar\u00e1n su creatividad.<\/p>\n<p><strong>Lo que obtienes:<\/strong><\/p>\n<p>\ud83d\udccf Tama\u00f1os personalizables: Las im\u00e1genes est\u00e1n disponibles en formatos editables, lo que significa que puedes ajustar el tama\u00f1o para adaptarlo a tus necesidades.<\/p>\n<p>Calidad superior: Todas las im\u00e1genes han sido cuidadosamente creadas por dise\u00f1adores de gran talento, lo que garantiza la m\u00e1xima calidad de impresi\u00f3n.<\/p>\n<p>Facilidad de uso: los archivos ZIP vienen con instrucciones claras y son compatibles con los principales programas de edici\u00f3n gr\u00e1fica. No hace falta ser un experto para crear dise\u00f1os incre\u00edbles.<\/p>\n<p>\ud83d\udca1 Inspiraci\u00f3n infinita: Libera tu creatividad y convierte tus ideas en realidad con estas vers\u00e1tiles im\u00e1genes.<\/p>","protected":false},"excerpt":{"rendered":"<p>\u00bfBusca una forma creativa de dar vida a sus ideas? Aqu\u00ed tienes una colecci\u00f3n de im\u00e1genes de alta calidad en formato ZIP que revolucionar\u00e1n tu creatividad. Proporcionamos un archivo de alta calidad en los siguientes formatos: svg, dxf y jpg.<\/p>","protected":false},"featured_media":16963,"comment_status":"open","ping_status":"closed","template":"","meta":[],"product_brand":[],"product_cat":[29,147],"product_tag":[128,127,138,124,129,139,137],"class_list":{"0":"post-16905","1":"product","2":"type-product","3":"status-publish","4":"has-post-thumbnail","6":"product_cat-artigos-digitais","7":"product_cat-moldes","8":"product_tag-caixa-rasa","9":"product_tag-caixa-svg","10":"product_tag-dxf","11":"product_tag-molde","12":"product_tag-molde-caixa-rasa","13":"product_tag-pdf","14":"product_tag-svg","16":"first","17":"instock","18":"downloadable","19":"virtual","20":"sold-individually","21":"purchasable","22":"product-type-simple"},"ct_brands":[],"yoast_head":"<!-- This site is optimized with the Yoast SEO Premium plugin v27.2 (Yoast SEO v27.2) - https:\/\/yoast.com\/product\/yoast-seo-premium-wordpress\/ -->\n<title>Molde de Caixa Rasa para Download Imediato em svg, dxf e pdf - VLAteli\u00ea e Ateli\u00ea da Decora\u00e7\u00e3o<\/title>\n<meta name=\"robots\" content=\"index, follow, max-snippet:-1, max-image-preview:large, max-video-preview:-1\" \/>\n<link rel=\"canonical\" href=\"https:\/\/vlatelie.com\/es\/tienda\/digital\/coracao-riscado-descarga-instantanea-svg-png-eps-dxf-jpg-descarga-digital-7\/\" \/>\n<meta property=\"og:locale\" content=\"es_ES\" \/>\n<meta property=\"og:type\" content=\"article\" \/>\n<meta property=\"og:title\" content=\"Molde de Caixa Rasa para Download Imediato em svg, dxf e pdf\" \/>\n<meta property=\"og:description\" content=\"Procurando uma maneira criativa de dar vida \u00e0s suas ideias? Apresentamos uma cole\u00e7\u00e3o de imagens de alta qualidade em formato ZIP que vai revolucionar sua criatividade! Disponibilizamos um ficheiro de alta qualidade nos formatos: svg, dxf e jpg.\" \/>\n<meta property=\"og:url\" content=\"https:\/\/vlatelie.com\/es\/tienda\/digital\/coracao-riscado-descarga-instantanea-svg-png-eps-dxf-jpg-descarga-digital-7\/\" \/>\n<meta property=\"og:site_name\" content=\"VLAteli\u00ea e Ateli\u00ea da Decora\u00e7\u00e3o\" \/>\n<meta property=\"article:publisher\" content=\"https:\/\/www.facebook.com\/ateliedadecora\" \/>\n<meta property=\"article:modified_time\" content=\"2025-07-22T23:42:14+00:00\" \/>\n<meta property=\"og:image\" content=\"https:\/\/vlatelie.com\/wp-content\/uploads\/2024\/10\/caixa-rasa-150x100x20_mm.jpg\" \/>\n\t<meta property=\"og:image:width\" content=\"600\" \/>\n\t<meta property=\"og:image:height\" content=\"600\" \/>\n\t<meta property=\"og:image:type\" content=\"image\/jpeg\" \/>\n<meta name=\"twitter:card\" content=\"summary_large_image\" \/>\n<meta name=\"twitter:label1\" content=\"Precio\" \/>\n\t<meta name=\"twitter:data1\" content=\"0,95&#036;\" \/>\n\t<meta name=\"twitter:label2\" content=\"Disponibilidad\" \/>\n\t<meta name=\"twitter:data2\" content=\"Disponible\" \/>\n<script type=\"application\/ld+json\" class=\"yoast-schema-graph\">{\"@context\":\"https:\/\/schema.org\",\"@graph\":[{\"@type\":[\"WebPage\",\"ItemPage\"],\"@id\":\"https:\/\/vlatelie.com\/en\/shop\/digital\/coracao-riscado-instant-download-svg-png-eps-dxf-jpg-digital-download-7\/\",\"url\":\"https:\/\/vlatelie.com\/en\/shop\/digital\/coracao-riscado-instant-download-svg-png-eps-dxf-jpg-digital-download-7\/\",\"name\":\"Molde de Caixa Rasa para Download Imediato em svg, dxf e pdf - VLAteli\u00ea e Ateli\u00ea da Decora\u00e7\u00e3o\",\"isPartOf\":{\"@id\":\"https:\/\/vlatelie.com\/es\/#website\"},\"primaryImageOfPage\":{\"@id\":\"https:\/\/vlatelie.com\/en\/shop\/digital\/coracao-riscado-instant-download-svg-png-eps-dxf-jpg-digital-download-7\/#primaryimage\"},\"image\":{\"@id\":\"https:\/\/vlatelie.com\/en\/shop\/digital\/coracao-riscado-instant-download-svg-png-eps-dxf-jpg-digital-download-7\/#primaryimage\"},\"thumbnailUrl\":\"https:\/\/vlatelie.com\/wp-content\/uploads\/2024\/10\/caixa-rasa-150x100x20_mm.jpg\",\"datePublished\":\"2024-10-01T16:58:04+00:00\",\"dateModified\":\"2025-07-22T23:42:14+00:00\",\"breadcrumb\":{\"@id\":\"https:\/\/vlatelie.com\/en\/shop\/digital\/coracao-riscado-instant-download-svg-png-eps-dxf-jpg-digital-download-7\/#breadcrumb\"},\"inLanguage\":\"es\",\"potentialAction\":[{\"@type\":\"ReadAction\",\"target\":[\"https:\/\/vlatelie.com\/en\/shop\/digital\/coracao-riscado-instant-download-svg-png-eps-dxf-jpg-digital-download-7\/\"]}]},{\"@type\":\"ImageObject\",\"inLanguage\":\"es\",\"@id\":\"https:\/\/vlatelie.com\/en\/shop\/digital\/coracao-riscado-instant-download-svg-png-eps-dxf-jpg-digital-download-7\/#primaryimage\",\"url\":\"https:\/\/vlatelie.com\/wp-content\/uploads\/2024\/10\/caixa-rasa-150x100x20_mm.jpg\",\"contentUrl\":\"https:\/\/vlatelie.com\/wp-content\/uploads\/2024\/10\/caixa-rasa-150x100x20_mm.jpg\",\"width\":600,\"height\":600,\"caption\":\"Molde de Caixa Rasa\"},{\"@type\":\"BreadcrumbList\",\"@id\":\"https:\/\/vlatelie.com\/en\/shop\/digital\/coracao-riscado-instant-download-svg-png-eps-dxf-jpg-digital-download-7\/#breadcrumb\",\"itemListElement\":[{\"@type\":\"ListItem\",\"position\":1,\"name\":\"In\u00edcio\",\"item\":\"https:\/\/vlatelie.com\/fr\/\"},{\"@type\":\"ListItem\",\"position\":2,\"name\":\"Shop\",\"item\":\"https:\/\/vlatelie.com\/es\/tienda\/\"},{\"@type\":\"ListItem\",\"position\":3,\"name\":\"Molde de Caixa Rasa para Download Imediato em svg, dxf e pdf\"}]},{\"@type\":\"WebSite\",\"@id\":\"https:\/\/vlatelie.com\/es\/#website\",\"url\":\"https:\/\/vlatelie.com\/es\/\",\"name\":\"VLAteli\u00ea e Ateli\u00ea da Decora\u00e7\u00e3o\",\"description\":\"Onde cada pe\u00e7a conta uma hist\u00f3ria\",\"publisher\":{\"@id\":\"https:\/\/vlatelie.com\/es\/#organization\"},\"alternateName\":\"VLAteli\u00ea\",\"potentialAction\":[{\"@type\":\"SearchAction\",\"target\":{\"@type\":\"EntryPoint\",\"urlTemplate\":\"https:\/\/vlatelie.com\/es\/?s={search_term_string}\"},\"query-input\":{\"@type\":\"PropertyValueSpecification\",\"valueRequired\":true,\"valueName\":\"search_term_string\"}}],\"inLanguage\":\"es\"},{\"@type\":\"Organization\",\"@id\":\"https:\/\/vlatelie.com\/es\/#organization\",\"name\":\"VLAteli\u00ea e Ateli\u00ea da Decora\u00e7\u00e3o\",\"url\":\"https:\/\/vlatelie.com\/es\/\",\"logo\":{\"@type\":\"ImageObject\",\"inLanguage\":\"es\",\"@id\":\"https:\/\/vlatelie.com\/es\/#\/schema\/logo\/image\/\",\"url\":\"https:\/\/vlatelie.com\/wp-content\/uploads\/2024\/03\/logo_vlatelie_pink.svg\",\"contentUrl\":\"https:\/\/vlatelie.com\/wp-content\/uploads\/2024\/03\/logo_vlatelie_pink.svg\",\"width\":377,\"height\":127,\"caption\":\"VLAteli\u00ea e Ateli\u00ea da Decora\u00e7\u00e3o\"},\"image\":{\"@id\":\"https:\/\/vlatelie.com\/es\/#\/schema\/logo\/image\/\"},\"sameAs\":[\"https:\/\/www.facebook.com\/ateliedadecora\",\"https:\/\/www.instagram.com\/ateliedadecora\"],\"hasMerchantReturnPolicy\":{\"@type\":\"MerchantReturnPolicy\",\"merchantReturnLink\":\"https:\/\/vlatelie.com\/es\/politica-de-devolucion-y-reembolso\/\"}}]}<\/script>\n<meta property=\"product:price:amount\" content=\"0.95\" \/>\n<meta property=\"product:price:currency\" content=\"USD\" \/>\n<meta property=\"og:availability\" content=\"instock\" \/>\n<meta property=\"product:availability\" content=\"instock\" \/>\n<meta property=\"product:condition\" content=\"new\" \/>\n<!-- \/ Yoast SEO Premium plugin. -->","yoast_head_json":{"title":"Molde de Caja Plana para Descarga Inmediata en svg, dxf y pdf - VLAteli\u00ea e Ateli\u00ea da Decora\u00e7\u00e3o","robots":{"index":"index","follow":"follow","max-snippet":"max-snippet:-1","max-image-preview":"max-image-preview:large","max-video-preview":"max-video-preview:-1"},"canonical":"https:\/\/vlatelie.com\/es\/tienda\/digital\/coracao-riscado-descarga-instantanea-svg-png-eps-dxf-jpg-descarga-digital-7\/","og_locale":"es_ES","og_type":"article","og_title":"Molde de Caixa Rasa para Download Imediato em svg, dxf e pdf","og_description":"Procurando uma maneira criativa de dar vida \u00e0s suas ideias? Apresentamos uma cole\u00e7\u00e3o de imagens de alta qualidade em formato ZIP que vai revolucionar sua criatividade! Disponibilizamos um ficheiro de alta qualidade nos formatos: svg, dxf e jpg.","og_url":"https:\/\/vlatelie.com\/es\/tienda\/digital\/coracao-riscado-descarga-instantanea-svg-png-eps-dxf-jpg-descarga-digital-7\/","og_site_name":"VLAteli\u00ea e Ateli\u00ea da Decora\u00e7\u00e3o","article_publisher":"https:\/\/www.facebook.com\/ateliedadecora","article_modified_time":"2025-07-22T23:42:14+00:00","og_image":[{"width":600,"height":600,"url":"https:\/\/vlatelie.com\/wp-content\/uploads\/2024\/10\/caixa-rasa-150x100x20_mm.jpg","type":"image\/jpeg"}],"twitter_card":"summary_large_image","twitter_misc":{"Precio":"0,95&#36;","Disponibilidad":"Disponible"},"schema":{"@context":"https:\/\/schema.org","@graph":[{"@type":["WebPage","ItemPage"],"@id":"https:\/\/vlatelie.com\/en\/shop\/digital\/coracao-riscado-instant-download-svg-png-eps-dxf-jpg-digital-download-7\/","url":"https:\/\/vlatelie.com\/en\/shop\/digital\/coracao-riscado-instant-download-svg-png-eps-dxf-jpg-digital-download-7\/","name":"Molde de Caja Plana para Descarga Inmediata en svg, dxf y pdf - VLAteli\u00ea e Ateli\u00ea da Decora\u00e7\u00e3o","isPartOf":{"@id":"https:\/\/vlatelie.com\/es\/#website"},"primaryImageOfPage":{"@id":"https:\/\/vlatelie.com\/en\/shop\/digital\/coracao-riscado-instant-download-svg-png-eps-dxf-jpg-digital-download-7\/#primaryimage"},"image":{"@id":"https:\/\/vlatelie.com\/en\/shop\/digital\/coracao-riscado-instant-download-svg-png-eps-dxf-jpg-digital-download-7\/#primaryimage"},"thumbnailUrl":"https:\/\/vlatelie.com\/wp-content\/uploads\/2024\/10\/caixa-rasa-150x100x20_mm.jpg","datePublished":"2024-10-01T16:58:04+00:00","dateModified":"2025-07-22T23:42:14+00:00","breadcrumb":{"@id":"https:\/\/vlatelie.com\/en\/shop\/digital\/coracao-riscado-instant-download-svg-png-eps-dxf-jpg-digital-download-7\/#breadcrumb"},"inLanguage":"es","potentialAction":[{"@type":"ReadAction","target":["https:\/\/vlatelie.com\/en\/shop\/digital\/coracao-riscado-instant-download-svg-png-eps-dxf-jpg-digital-download-7\/"]}]},{"@type":"ImageObject","inLanguage":"es","@id":"https:\/\/vlatelie.com\/en\/shop\/digital\/coracao-riscado-instant-download-svg-png-eps-dxf-jpg-digital-download-7\/#primaryimage","url":"https:\/\/vlatelie.com\/wp-content\/uploads\/2024\/10\/caixa-rasa-150x100x20_mm.jpg","contentUrl":"https:\/\/vlatelie.com\/wp-content\/uploads\/2024\/10\/caixa-rasa-150x100x20_mm.jpg","width":600,"height":600,"caption":"Molde de Caixa Rasa"},{"@type":"BreadcrumbList","@id":"https:\/\/vlatelie.com\/en\/shop\/digital\/coracao-riscado-instant-download-svg-png-eps-dxf-jpg-digital-download-7\/#breadcrumb","itemListElement":[{"@type":"ListItem","position":1,"name":"In\u00edcio","item":"https:\/\/vlatelie.com\/fr\/"},{"@type":"ListItem","position":2,"name":"Shop","item":"https:\/\/vlatelie.com\/es\/tienda\/"},{"@type":"ListItem","position":3,"name":"Molde de Caixa Rasa para Download Imediato em svg, dxf e pdf"}]},{"@type":"WebSite","@id":"https:\/\/vlatelie.com\/es\/#website","url":"https:\/\/vlatelie.com\/es\/","name":"VLAteli\u00ea y Ateli\u00ea da Decora\u00e7\u00e3o","description":"Donde cada pieza cuenta una historia","publisher":{"@id":"https:\/\/vlatelie.com\/es\/#organization"},"alternateName":"VLAteli\u00ea","potentialAction":[{"@type":"SearchAction","target":{"@type":"EntryPoint","urlTemplate":"https:\/\/vlatelie.com\/es\/?s={search_term_string}"},"query-input":{"@type":"PropertyValueSpecification","valueRequired":true,"valueName":"search_term_string"}}],"inLanguage":"es"},{"@type":"Organization","@id":"https:\/\/vlatelie.com\/es\/#organization","name":"VLAteli\u00ea y Ateli\u00ea da Decora\u00e7\u00e3o","url":"https:\/\/vlatelie.com\/es\/","logo":{"@type":"ImageObject","inLanguage":"es","@id":"https:\/\/vlatelie.com\/es\/#\/schema\/logo\/image\/","url":"https:\/\/vlatelie.com\/wp-content\/uploads\/2024\/03\/logo_vlatelie_pink.svg","contentUrl":"https:\/\/vlatelie.com\/wp-content\/uploads\/2024\/03\/logo_vlatelie_pink.svg","width":377,"height":127,"caption":"VLAteli\u00ea e Ateli\u00ea da Decora\u00e7\u00e3o"},"image":{"@id":"https:\/\/vlatelie.com\/es\/#\/schema\/logo\/image\/"},"sameAs":["https:\/\/www.facebook.com\/ateliedadecora","https:\/\/www.instagram.com\/ateliedadecora"],"hasMerchantReturnPolicy":{"@type":"MerchantReturnPolicy","merchantReturnLink":"https:\/\/vlatelie.com\/es\/politica-de-devolucion-y-reembolso\/"}}]},"product_price_amount":"0.95","product_price_currency":"USD","og_availability":"instock","product_availability":"instock","product_condition":"new"},"_links":{"self":[{"href":"https:\/\/vlatelie.com\/es\/wp-json\/wp\/v2\/product\/16905","targetHints":{"allow":["GET"]}}],"collection":[{"href":"https:\/\/vlatelie.com\/es\/wp-json\/wp\/v2\/product"}],"about":[{"href":"https:\/\/vlatelie.com\/es\/wp-json\/wp\/v2\/types\/product"}],"replies":[{"embeddable":true,"href":"https:\/\/vlatelie.com\/es\/wp-json\/wp\/v2\/comments?post=16905"}],"version-history":[{"count":0,"href":"https:\/\/vlatelie.com\/es\/wp-json\/wp\/v2\/product\/16905\/revisions"}],"wp:featuredmedia":[{"embeddable":true,"href":"https:\/\/vlatelie.com\/es\/wp-json\/wp\/v2\/media\/16963"}],"wp:attachment":[{"href":"https:\/\/vlatelie.com\/es\/wp-json\/wp\/v2\/media?parent=16905"}],"wp:term":[{"taxonomy":"product_brand","embeddable":true,"href":"https:\/\/vlatelie.com\/es\/wp-json\/wp\/v2\/product_brand?post=16905"},{"taxonomy":"product_cat","embeddable":true,"href":"https:\/\/vlatelie.com\/es\/wp-json\/wp\/v2\/product_cat?post=16905"},{"taxonomy":"product_tag","embeddable":true,"href":"https:\/\/vlatelie.com\/es\/wp-json\/wp\/v2\/product_tag?post=16905"}],"curies":[{"name":"wp","href":"https:\/\/api.w.org\/{rel}","templated":true}]}}