{"id":17887,"date":"2025-04-08T07:19:23","date_gmt":"2025-04-08T10:19:23","guid":{"rendered":"https:\/\/vlatelie.com\/?post_type=product&#038;p=17887"},"modified":"2025-04-29T13:09:22","modified_gmt":"2025-04-29T16:09:22","slug":"nano-cinta-de-doble-cara-reutilizable-y-resistente","status":"publish","type":"product","link":"https:\/\/vlatelie.com\/es\/tienda\/pequenos-hallazgos\/nano-cinta-de-doble-cara-reutilizable-y-resistente\/","title":{"rendered":"Nano cinta de doble cara reutilizable y resistente"},"content":{"rendered":"<p class=\"\" data-start=\"175\" data-end=\"417\"><strong>Nano cinta de doble cara reutilizable y resistente<\/strong><\/p>\n<p class=\"\" data-start=\"175\" data-end=\"417\">A <strong data-start=\"177\" data-end=\"190\">Nano Cinta<\/strong> es la soluci\u00f3n perfecta para quienes buscan practicidad, resistencia y versatilidad a la hora de fijar objetos. Fabricado con avanzados <strong data-start=\"332\" data-end=\"354\">adhesivo de doble cara<\/strong>garantiza <strong data-start=\"368\" data-end=\"387\">fijaci\u00f3n extrema<\/strong> sin da\u00f1ar las superficies.<\/p>\n<p class=\"\" data-start=\"419\" data-end=\"942\">\u2705 <strong data-start=\"421\" data-end=\"443\">Resistente al agua:<\/strong> Ideal para su uso en entornos h\u00famedos o al aire libre, sin perder adherencia.<br data-start=\"515\" data-end=\"518\" \/>\u2705 <strong data-start=\"520\" data-end=\"533\">Vers\u00e1til:<\/strong> Perfecto para usar en casa, en el coche o en la oficina. Fija cuadros, herramientas, soportes y \u00a1mucho m\u00e1s!<br data-start=\"637\" data-end=\"640\" \/>\u2705 <strong data-start=\"642\" data-end=\"662\">Alta Fidelidad:<\/strong> Sujeta firmemente los objetos sin que resbalen ni se suelten.<br data-start=\"726\" data-end=\"729\" \/>\u2705 <strong data-start=\"731\" data-end=\"748\">Reutilizable:<\/strong> Puede retirarse y reutilizarse varias veces sin dejar residuos ni marcas.<br data-start=\"827\" data-end=\"830\" \/>\u2705 <strong data-start=\"832\" data-end=\"872\">Compatible con diversas superficies:<\/strong> Uso en <strong data-start=\"880\" data-end=\"941\">paredes lisas, vidrio, metal, pl\u00e1stico, madera y cer\u00e1mica<\/strong>.<\/p>\n<p class=\"\" data-start=\"949\" data-end=\"965\"><strong data-start=\"949\" data-end=\"963\">Modo de empleo:<\/strong><\/p>\n<ol data-start=\"966\" data-end=\"1150\">\n<li class=\"\" data-start=\"966\" data-end=\"994\">\n<p class=\"\" data-start=\"969\" data-end=\"994\">Limpie bien la superficie.<\/p>\n<\/li>\n<li class=\"\" data-start=\"966\" data-end=\"994\">\n<p class=\"\" data-start=\"969\" data-end=\"994\">Corta la cinta a medida.<\/p>\n<\/li>\n<li class=\"\" data-start=\"1034\" data-end=\"1089\">\n<p class=\"\" data-start=\"1037\" data-end=\"1089\">Presione firmemente el objeto durante unos segundos.<\/p>\n<\/li>\n<li class=\"\" data-start=\"1090\" data-end=\"1150\">\n<p class=\"\" data-start=\"1093\" data-end=\"1150\">Para retirarlo, tire suavemente sin da\u00f1ar la superficie.<\/p>\n<\/li>\n<\/ol>","protected":false},"excerpt":{"rendered":"<p>A <strong data-start=\"177\" data-end=\"190\">Nano Cinta<\/strong> es la soluci\u00f3n perfecta para quienes buscan practicidad, resistencia y versatilidad a la hora de fijar objetos. Fabricado con avanzados <strong data-start=\"332\" data-end=\"354\">adhesivo de doble cara<\/strong>garantiza <strong data-start=\"368\" data-end=\"387\">fijaci\u00f3n extrema<\/strong> sin da\u00f1ar las superficies.<\/p>","protected":false},"featured_media":17898,"comment_status":"open","ping_status":"closed","template":"","meta":[],"product_brand":[],"product_cat":[186],"product_tag":[204,203],"class_list":{"0":"post-17887","1":"product","2":"type-product","3":"status-publish","4":"has-post-thumbnail","6":"product_cat-achadinhos","7":"product_tag-fita-dupla-face","8":"product_tag-nano-fita","9":"product_shipping_class-artigo-personalizado","11":"first","12":"instock","13":"taxable","14":"shipping-taxable","15":"purchasable","16":"product-type-variable","17":"has-default-attributes"},"ct_brands":[],"yoast_head":"<!-- This site is optimized with the Yoast SEO Premium plugin v27.2 (Yoast SEO v27.2) - https:\/\/yoast.com\/product\/yoast-seo-premium-wordpress\/ -->\n<title>Nano fita dupla face reutiliz\u00e1vel e resistente - VLAteli\u00ea e Ateli\u00ea da Decora\u00e7\u00e3o<\/title>\n<meta name=\"description\" content=\"Transforme seu espa\u00e7o com praticidade e sem furos com a Nano fita dupla face reutiliz\u00e1vel e resistente. Experimente agoraa\u00e7\u00e3o inteligente para o seu dia a dia!\" \/>\n<meta name=\"robots\" content=\"index, follow, max-snippet:-1, max-image-preview:large, max-video-preview:-1\" \/>\n<link rel=\"canonical\" href=\"https:\/\/vlatelie.com\/es\/tienda\/pequenos-hallazgos\/nano-cinta-de-doble-cara-reutilizable-y-resistente\/\" \/>\n<meta property=\"og:locale\" content=\"es_ES\" \/>\n<meta property=\"og:type\" content=\"article\" \/>\n<meta property=\"og:title\" content=\"Nano fita dupla face reutiliz\u00e1vel e resistente\" \/>\n<meta property=\"og:description\" content=\"Transforme seu espa\u00e7o com praticidade e sem furos com a Nano fita dupla face reutiliz\u00e1vel e resistente. Experimente agoraa\u00e7\u00e3o inteligente para o seu dia a dia!\" \/>\n<meta property=\"og:url\" content=\"https:\/\/vlatelie.com\/es\/tienda\/pequenos-hallazgos\/nano-cinta-de-doble-cara-reutilizable-y-resistente\/\" \/>\n<meta property=\"og:site_name\" content=\"VLAteli\u00ea e Ateli\u00ea da Decora\u00e7\u00e3o\" \/>\n<meta property=\"article:publisher\" content=\"https:\/\/www.facebook.com\/ateliedadecora\" \/>\n<meta property=\"article:modified_time\" content=\"2025-04-29T16:09:22+00:00\" \/>\n<meta property=\"og:image\" content=\"https:\/\/vlatelie.com\/wp-content\/uploads\/2025\/04\/nano_fita.png\" \/>\n\t<meta property=\"og:image:width\" content=\"600\" \/>\n\t<meta property=\"og:image:height\" content=\"600\" \/>\n\t<meta property=\"og:image:type\" content=\"image\/png\" \/>\n<meta name=\"twitter:card\" content=\"summary_large_image\" \/>\n<meta name=\"twitter:label1\" content=\"Disponibilidad\" \/>\n\t<meta name=\"twitter:data1\" content=\"Disponible\" \/>\n<script type=\"application\/ld+json\" class=\"yoast-schema-graph\">{\"@context\":\"https:\/\/schema.org\",\"@graph\":[{\"@type\":[\"WebPage\",\"ItemPage\"],\"@id\":\"https:\/\/vlatelie.com\/fr\/boutique\/petites-trouvailles\/ruban-nano-double-face-reutilisable-et-resistant\/\",\"url\":\"https:\/\/vlatelie.com\/fr\/boutique\/petites-trouvailles\/ruban-nano-double-face-reutilisable-et-resistant\/\",\"name\":\"Nano fita dupla face reutiliz\u00e1vel e resistente - VLAteli\u00ea e Ateli\u00ea da Decora\u00e7\u00e3o\",\"isPartOf\":{\"@id\":\"https:\/\/vlatelie.com\/es\/#website\"},\"primaryImageOfPage\":{\"@id\":\"https:\/\/vlatelie.com\/fr\/boutique\/petites-trouvailles\/ruban-nano-double-face-reutilisable-et-resistant\/#primaryimage\"},\"image\":{\"@id\":\"https:\/\/vlatelie.com\/fr\/boutique\/petites-trouvailles\/ruban-nano-double-face-reutilisable-et-resistant\/#primaryimage\"},\"thumbnailUrl\":\"https:\/\/vlatelie.com\/wp-content\/uploads\/2025\/04\/nano_fita.png\",\"datePublished\":\"2025-04-08T10:19:23+00:00\",\"dateModified\":\"2025-04-29T16:09:22+00:00\",\"description\":\"Transforme seu espa\u00e7o com praticidade e sem furos com a Nano fita dupla face reutiliz\u00e1vel e resistente. Experimente agoraa\u00e7\u00e3o inteligente para o seu dia a dia!\",\"breadcrumb\":{\"@id\":\"https:\/\/vlatelie.com\/fr\/boutique\/petites-trouvailles\/ruban-nano-double-face-reutilisable-et-resistant\/#breadcrumb\"},\"inLanguage\":\"es\",\"potentialAction\":[{\"@type\":\"ReadAction\",\"target\":[\"https:\/\/vlatelie.com\/fr\/boutique\/petites-trouvailles\/ruban-nano-double-face-reutilisable-et-resistant\/\"]}]},{\"@type\":\"ImageObject\",\"inLanguage\":\"es\",\"@id\":\"https:\/\/vlatelie.com\/fr\/boutique\/petites-trouvailles\/ruban-nano-double-face-reutilisable-et-resistant\/#primaryimage\",\"url\":\"https:\/\/vlatelie.com\/wp-content\/uploads\/2025\/04\/nano_fita.png\",\"contentUrl\":\"https:\/\/vlatelie.com\/wp-content\/uploads\/2025\/04\/nano_fita.png\",\"width\":600,\"height\":600,\"caption\":\"Nano fita dupla face reutiliz\u00e1vel e resistente\"},{\"@type\":\"BreadcrumbList\",\"@id\":\"https:\/\/vlatelie.com\/fr\/boutique\/petites-trouvailles\/ruban-nano-double-face-reutilisable-et-resistant\/#breadcrumb\",\"itemListElement\":[{\"@type\":\"ListItem\",\"position\":1,\"name\":\"In\u00edcio\",\"item\":\"https:\/\/vlatelie.com\/fr\/\"},{\"@type\":\"ListItem\",\"position\":2,\"name\":\"Shop\",\"item\":\"https:\/\/vlatelie.com\/es\/tienda\/\"},{\"@type\":\"ListItem\",\"position\":3,\"name\":\"Nano fita dupla face reutiliz\u00e1vel e resistente\"}]},{\"@type\":\"WebSite\",\"@id\":\"https:\/\/vlatelie.com\/es\/#website\",\"url\":\"https:\/\/vlatelie.com\/es\/\",\"name\":\"VLAteli\u00ea e Ateli\u00ea da Decora\u00e7\u00e3o\",\"description\":\"Onde cada pe\u00e7a conta uma hist\u00f3ria\",\"publisher\":{\"@id\":\"https:\/\/vlatelie.com\/es\/#organization\"},\"alternateName\":\"VLAteli\u00ea\",\"potentialAction\":[{\"@type\":\"SearchAction\",\"target\":{\"@type\":\"EntryPoint\",\"urlTemplate\":\"https:\/\/vlatelie.com\/es\/?s={search_term_string}\"},\"query-input\":{\"@type\":\"PropertyValueSpecification\",\"valueRequired\":true,\"valueName\":\"search_term_string\"}}],\"inLanguage\":\"es\"},{\"@type\":\"Organization\",\"@id\":\"https:\/\/vlatelie.com\/es\/#organization\",\"name\":\"VLAteli\u00ea e Ateli\u00ea da Decora\u00e7\u00e3o\",\"url\":\"https:\/\/vlatelie.com\/es\/\",\"logo\":{\"@type\":\"ImageObject\",\"inLanguage\":\"es\",\"@id\":\"https:\/\/vlatelie.com\/es\/#\/schema\/logo\/image\/\",\"url\":\"https:\/\/vlatelie.com\/wp-content\/uploads\/2024\/03\/logo_vlatelie_pink.svg\",\"contentUrl\":\"https:\/\/vlatelie.com\/wp-content\/uploads\/2024\/03\/logo_vlatelie_pink.svg\",\"width\":377,\"height\":127,\"caption\":\"VLAteli\u00ea e Ateli\u00ea da Decora\u00e7\u00e3o\"},\"image\":{\"@id\":\"https:\/\/vlatelie.com\/es\/#\/schema\/logo\/image\/\"},\"sameAs\":[\"https:\/\/www.facebook.com\/ateliedadecora\",\"https:\/\/www.instagram.com\/ateliedadecora\"],\"hasMerchantReturnPolicy\":{\"@type\":\"MerchantReturnPolicy\",\"merchantReturnLink\":\"https:\/\/vlatelie.com\/es\/politica-de-devolucion-y-reembolso\/\"}}]}<\/script>\n<meta property=\"og:availability\" content=\"instock\" \/>\n<meta property=\"product:availability\" content=\"instock\" \/>\n<meta property=\"product:condition\" content=\"new\" \/>\n<!-- \/ Yoast SEO Premium plugin. -->","yoast_head_json":{"title":"Nano cinta de doble cara reutilizable y resistente - VLAteli\u00ea y Ateli\u00ea da Decora\u00e7\u00e3o","description":"Transforma tu espacio con practicidad y sin agujeros con la cinta de doble cara Nano, reutilizable y resistente. \u00a1Pruebe la nueva e inteligente incorporaci\u00f3n a su d\u00eda a d\u00eda!","robots":{"index":"index","follow":"follow","max-snippet":"max-snippet:-1","max-image-preview":"max-image-preview:large","max-video-preview":"max-video-preview:-1"},"canonical":"https:\/\/vlatelie.com\/es\/tienda\/pequenos-hallazgos\/nano-cinta-de-doble-cara-reutilizable-y-resistente\/","og_locale":"es_ES","og_type":"article","og_title":"Nano fita dupla face reutiliz\u00e1vel e resistente","og_description":"Transforme seu espa\u00e7o com praticidade e sem furos com a Nano fita dupla face reutiliz\u00e1vel e resistente. Experimente agoraa\u00e7\u00e3o inteligente para o seu dia a dia!","og_url":"https:\/\/vlatelie.com\/es\/tienda\/pequenos-hallazgos\/nano-cinta-de-doble-cara-reutilizable-y-resistente\/","og_site_name":"VLAteli\u00ea e Ateli\u00ea da Decora\u00e7\u00e3o","article_publisher":"https:\/\/www.facebook.com\/ateliedadecora","article_modified_time":"2025-04-29T16:09:22+00:00","og_image":[{"width":600,"height":600,"url":"https:\/\/vlatelie.com\/wp-content\/uploads\/2025\/04\/nano_fita.png","type":"image\/png"}],"twitter_card":"summary_large_image","twitter_misc":{"Disponibilidad":"Disponible"},"schema":{"@context":"https:\/\/schema.org","@graph":[{"@type":["WebPage","ItemPage"],"@id":"https:\/\/vlatelie.com\/fr\/boutique\/petites-trouvailles\/ruban-nano-double-face-reutilisable-et-resistant\/","url":"https:\/\/vlatelie.com\/fr\/boutique\/petites-trouvailles\/ruban-nano-double-face-reutilisable-et-resistant\/","name":"Nano cinta de doble cara reutilizable y resistente - VLAteli\u00ea y Ateli\u00ea da Decora\u00e7\u00e3o","isPartOf":{"@id":"https:\/\/vlatelie.com\/es\/#website"},"primaryImageOfPage":{"@id":"https:\/\/vlatelie.com\/fr\/boutique\/petites-trouvailles\/ruban-nano-double-face-reutilisable-et-resistant\/#primaryimage"},"image":{"@id":"https:\/\/vlatelie.com\/fr\/boutique\/petites-trouvailles\/ruban-nano-double-face-reutilisable-et-resistant\/#primaryimage"},"thumbnailUrl":"https:\/\/vlatelie.com\/wp-content\/uploads\/2025\/04\/nano_fita.png","datePublished":"2025-04-08T10:19:23+00:00","dateModified":"2025-04-29T16:09:22+00:00","description":"Transforma tu espacio con practicidad y sin agujeros con la cinta de doble cara Nano, reutilizable y resistente. \u00a1Pruebe la nueva e inteligente incorporaci\u00f3n a su d\u00eda a d\u00eda!","breadcrumb":{"@id":"https:\/\/vlatelie.com\/fr\/boutique\/petites-trouvailles\/ruban-nano-double-face-reutilisable-et-resistant\/#breadcrumb"},"inLanguage":"es","potentialAction":[{"@type":"ReadAction","target":["https:\/\/vlatelie.com\/fr\/boutique\/petites-trouvailles\/ruban-nano-double-face-reutilisable-et-resistant\/"]}]},{"@type":"ImageObject","inLanguage":"es","@id":"https:\/\/vlatelie.com\/fr\/boutique\/petites-trouvailles\/ruban-nano-double-face-reutilisable-et-resistant\/#primaryimage","url":"https:\/\/vlatelie.com\/wp-content\/uploads\/2025\/04\/nano_fita.png","contentUrl":"https:\/\/vlatelie.com\/wp-content\/uploads\/2025\/04\/nano_fita.png","width":600,"height":600,"caption":"Nano fita dupla face reutiliz\u00e1vel e resistente"},{"@type":"BreadcrumbList","@id":"https:\/\/vlatelie.com\/fr\/boutique\/petites-trouvailles\/ruban-nano-double-face-reutilisable-et-resistant\/#breadcrumb","itemListElement":[{"@type":"ListItem","position":1,"name":"In\u00edcio","item":"https:\/\/vlatelie.com\/fr\/"},{"@type":"ListItem","position":2,"name":"Shop","item":"https:\/\/vlatelie.com\/es\/tienda\/"},{"@type":"ListItem","position":3,"name":"Nano fita dupla face reutiliz\u00e1vel e resistente"}]},{"@type":"WebSite","@id":"https:\/\/vlatelie.com\/es\/#website","url":"https:\/\/vlatelie.com\/es\/","name":"VLAteli\u00ea y Ateli\u00ea da Decora\u00e7\u00e3o","description":"Donde cada pieza cuenta una historia","publisher":{"@id":"https:\/\/vlatelie.com\/es\/#organization"},"alternateName":"VLAteli\u00ea","potentialAction":[{"@type":"SearchAction","target":{"@type":"EntryPoint","urlTemplate":"https:\/\/vlatelie.com\/es\/?s={search_term_string}"},"query-input":{"@type":"PropertyValueSpecification","valueRequired":true,"valueName":"search_term_string"}}],"inLanguage":"es"},{"@type":"Organization","@id":"https:\/\/vlatelie.com\/es\/#organization","name":"VLAteli\u00ea y Ateli\u00ea da Decora\u00e7\u00e3o","url":"https:\/\/vlatelie.com\/es\/","logo":{"@type":"ImageObject","inLanguage":"es","@id":"https:\/\/vlatelie.com\/es\/#\/schema\/logo\/image\/","url":"https:\/\/vlatelie.com\/wp-content\/uploads\/2024\/03\/logo_vlatelie_pink.svg","contentUrl":"https:\/\/vlatelie.com\/wp-content\/uploads\/2024\/03\/logo_vlatelie_pink.svg","width":377,"height":127,"caption":"VLAteli\u00ea e Ateli\u00ea da Decora\u00e7\u00e3o"},"image":{"@id":"https:\/\/vlatelie.com\/es\/#\/schema\/logo\/image\/"},"sameAs":["https:\/\/www.facebook.com\/ateliedadecora","https:\/\/www.instagram.com\/ateliedadecora"],"hasMerchantReturnPolicy":{"@type":"MerchantReturnPolicy","merchantReturnLink":"https:\/\/vlatelie.com\/es\/politica-de-devolucion-y-reembolso\/"}}]},"og_availability":"instock","product_availability":"instock","product_condition":"new"},"_links":{"self":[{"href":"https:\/\/vlatelie.com\/es\/wp-json\/wp\/v2\/product\/17887","targetHints":{"allow":["GET"]}}],"collection":[{"href":"https:\/\/vlatelie.com\/es\/wp-json\/wp\/v2\/product"}],"about":[{"href":"https:\/\/vlatelie.com\/es\/wp-json\/wp\/v2\/types\/product"}],"replies":[{"embeddable":true,"href":"https:\/\/vlatelie.com\/es\/wp-json\/wp\/v2\/comments?post=17887"}],"version-history":[{"count":0,"href":"https:\/\/vlatelie.com\/es\/wp-json\/wp\/v2\/product\/17887\/revisions"}],"wp:featuredmedia":[{"embeddable":true,"href":"https:\/\/vlatelie.com\/es\/wp-json\/wp\/v2\/media\/17898"}],"wp:attachment":[{"href":"https:\/\/vlatelie.com\/es\/wp-json\/wp\/v2\/media?parent=17887"}],"wp:term":[{"taxonomy":"product_brand","embeddable":true,"href":"https:\/\/vlatelie.com\/es\/wp-json\/wp\/v2\/product_brand?post=17887"},{"taxonomy":"product_cat","embeddable":true,"href":"https:\/\/vlatelie.com\/es\/wp-json\/wp\/v2\/product_cat?post=17887"},{"taxonomy":"product_tag","embeddable":true,"href":"https:\/\/vlatelie.com\/es\/wp-json\/wp\/v2\/product_tag?post=17887"}],"curies":[{"name":"wp","href":"https:\/\/api.w.org\/{rel}","templated":true}]}}