{"id":18647,"date":"2025-07-22T13:22:06","date_gmt":"2025-07-22T16:22:06","guid":{"rendered":"https:\/\/vlatelie.com\/?post_type=product&#038;p=18647"},"modified":"2025-07-22T20:33:33","modified_gmt":"2025-07-22T23:33:33","slug":"envases-creativos-caramelos-sostenibles","status":"publish","type":"product","link":"https:\/\/vlatelie.com\/es\/tienda\/digital\/envases-creativos-caramelos-sostenibles\/","title":{"rendered":"Envasado creativo de caramelos - Fabricar, vender y obtener beneficios con sostenibilidad"},"content":{"rendered":"<p>Convierta sus dulces en aut\u00e9nticas experiencias con el libro electr\u00f3nico <strong>Embalaje creativo: \u00a1fabrique, venda y obtenga beneficios!<\/strong>. Aprenda a hacer <strong>envases sostenibles, hechos a mano y con encanto<\/strong> utilizando materiales asequibles como papel kraft, yute, tela y mucho m\u00e1s. Con instrucciones detalladas paso a paso, moldes pr\u00e1cticos y consejos de marketing, esta gu\u00eda es ideal para cualquiera que venda brigadeiros, brownies, cupcakes, tartas y quiera deleitar a los clientes desde la primera impresi\u00f3n. Realce su producto y destaque con envases que se venden solos.<\/p>","protected":false},"excerpt":{"rendered":"<p>Libro electr\u00f3nico con instrucciones paso a paso para crear envases sostenibles, creativos y econ\u00f3micos para dulces. Ideal para quienes fabrican y venden.<\/p>","protected":false},"featured_media":18646,"comment_status":"open","ping_status":"closed","template":"","meta":[],"product_brand":[],"product_cat":[29],"product_tag":[],"class_list":{"0":"post-18647","1":"product","2":"type-product","3":"status-publish","4":"has-post-thumbnail","6":"product_cat-artigos-digitais","8":"first","9":"instock","10":"sale","11":"downloadable","12":"virtual","13":"sold-individually","14":"taxable","15":"purchasable","16":"product-type-simple"},"ct_brands":[],"yoast_head":"<!-- This site is optimized with the Yoast SEO Premium plugin v27.2 (Yoast SEO v27.2) - https:\/\/yoast.com\/product\/yoast-seo-premium-wordpress\/ -->\n<title>Embalagens Sustent\u00e1veis e Criativas para Doces - VLAteli\u00ea<\/title>\n<meta name=\"description\" content=\"Aprenda a criar embalagens criativas e sustent\u00e1veis para doces e aumente seu lucro com este e-book completo e inspirador!\" \/>\n<meta name=\"robots\" content=\"index, follow, max-snippet:-1, max-image-preview:large, max-video-preview:-1\" \/>\n<link rel=\"canonical\" href=\"https:\/\/vlatelie.com\/es\/tienda\/digital\/envases-creativos-caramelos-sostenibles\/\" \/>\n<meta property=\"og:locale\" content=\"es_ES\" \/>\n<meta property=\"og:type\" content=\"article\" \/>\n<meta property=\"og:title\" content=\"Embalagens Criativas para Doces \u2013 Fa\u00e7a, Venda e Lucre com Sustentabilidade\" \/>\n<meta property=\"og:description\" content=\"Aprenda a criar embalagens criativas e sustent\u00e1veis para doces e aumente seu lucro com este e-book completo e inspirador!\" \/>\n<meta property=\"og:url\" content=\"https:\/\/vlatelie.com\/es\/tienda\/digital\/envases-creativos-caramelos-sostenibles\/\" \/>\n<meta property=\"og:site_name\" content=\"VLAteli\u00ea e Ateli\u00ea da Decora\u00e7\u00e3o\" \/>\n<meta property=\"article:publisher\" content=\"https:\/\/www.facebook.com\/ateliedadecora\" \/>\n<meta property=\"article:modified_time\" content=\"2025-07-22T23:33:33+00:00\" \/>\n<meta property=\"og:image\" content=\"https:\/\/vlatelie.com\/wp-content\/uploads\/2025\/07\/embalagens-criativas-faca-e-venda-com-sustentabilidade-ebook.webp\" \/>\n\t<meta property=\"og:image:width\" content=\"700\" \/>\n\t<meta property=\"og:image:height\" content=\"420\" \/>\n\t<meta property=\"og:image:type\" content=\"image\/webp\" \/>\n<meta name=\"twitter:card\" content=\"summary_large_image\" \/>\n<meta name=\"twitter:label1\" content=\"Precio\" \/>\n\t<meta name=\"twitter:data1\" content=\"8,09&#036; c\/iva\" \/>\n\t<meta name=\"twitter:label2\" content=\"Disponibilidad\" \/>\n\t<meta name=\"twitter:data2\" content=\"Disponible\" \/>\n<script type=\"application\/ld+json\" class=\"yoast-schema-graph\">{\"@context\":\"https:\/\/schema.org\",\"@graph\":[{\"@type\":[\"WebPage\",\"ItemPage\"],\"@id\":\"https:\/\/vlatelie.com\/en\/shop\/digital\/creative-packaging-sustainable-sweets\/\",\"url\":\"https:\/\/vlatelie.com\/en\/shop\/digital\/creative-packaging-sustainable-sweets\/\",\"name\":\"Embalagens Sustent\u00e1veis e Criativas para Doces - VLAteli\u00ea\",\"isPartOf\":{\"@id\":\"https:\/\/vlatelie.com\/es\/#website\"},\"primaryImageOfPage\":{\"@id\":\"https:\/\/vlatelie.com\/en\/shop\/digital\/creative-packaging-sustainable-sweets\/#primaryimage\"},\"image\":{\"@id\":\"https:\/\/vlatelie.com\/en\/shop\/digital\/creative-packaging-sustainable-sweets\/#primaryimage\"},\"thumbnailUrl\":\"https:\/\/vlatelie.com\/wp-content\/uploads\/2025\/07\/embalagens-criativas-faca-e-venda-com-sustentabilidade-ebook.webp\",\"datePublished\":\"2025-07-22T16:22:06+00:00\",\"dateModified\":\"2025-07-22T23:33:33+00:00\",\"description\":\"Aprenda a criar embalagens criativas e sustent\u00e1veis para doces e aumente seu lucro com este e-book completo e inspirador!\",\"breadcrumb\":{\"@id\":\"https:\/\/vlatelie.com\/en\/shop\/digital\/creative-packaging-sustainable-sweets\/#breadcrumb\"},\"inLanguage\":\"es\",\"potentialAction\":[{\"@type\":\"ReadAction\",\"target\":[\"https:\/\/vlatelie.com\/en\/shop\/digital\/creative-packaging-sustainable-sweets\/\"]}]},{\"@type\":\"ImageObject\",\"inLanguage\":\"es\",\"@id\":\"https:\/\/vlatelie.com\/en\/shop\/digital\/creative-packaging-sustainable-sweets\/#primaryimage\",\"url\":\"https:\/\/vlatelie.com\/wp-content\/uploads\/2025\/07\/embalagens-criativas-faca-e-venda-com-sustentabilidade-ebook.webp\",\"contentUrl\":\"https:\/\/vlatelie.com\/wp-content\/uploads\/2025\/07\/embalagens-criativas-faca-e-venda-com-sustentabilidade-ebook.webp\",\"width\":700,\"height\":420,\"caption\":\"ebook de embalagens criativas\"},{\"@type\":\"BreadcrumbList\",\"@id\":\"https:\/\/vlatelie.com\/en\/shop\/digital\/creative-packaging-sustainable-sweets\/#breadcrumb\",\"itemListElement\":[{\"@type\":\"ListItem\",\"position\":1,\"name\":\"In\u00edcio\",\"item\":\"https:\/\/vlatelie.com\/fr\/\"},{\"@type\":\"ListItem\",\"position\":2,\"name\":\"Shop\",\"item\":\"https:\/\/vlatelie.com\/es\/tienda\/\"},{\"@type\":\"ListItem\",\"position\":3,\"name\":\"Embalagens Criativas para Doces \u2013 Fa\u00e7a, Venda e Lucre com Sustentabilidade\"}]},{\"@type\":\"WebSite\",\"@id\":\"https:\/\/vlatelie.com\/es\/#website\",\"url\":\"https:\/\/vlatelie.com\/es\/\",\"name\":\"VLAteli\u00ea e Ateli\u00ea da Decora\u00e7\u00e3o\",\"description\":\"Onde cada pe\u00e7a conta uma hist\u00f3ria\",\"publisher\":{\"@id\":\"https:\/\/vlatelie.com\/es\/#organization\"},\"alternateName\":\"VLAteli\u00ea\",\"potentialAction\":[{\"@type\":\"SearchAction\",\"target\":{\"@type\":\"EntryPoint\",\"urlTemplate\":\"https:\/\/vlatelie.com\/es\/?s={search_term_string}\"},\"query-input\":{\"@type\":\"PropertyValueSpecification\",\"valueRequired\":true,\"valueName\":\"search_term_string\"}}],\"inLanguage\":\"es\"},{\"@type\":\"Organization\",\"@id\":\"https:\/\/vlatelie.com\/es\/#organization\",\"name\":\"VLAteli\u00ea e Ateli\u00ea da Decora\u00e7\u00e3o\",\"url\":\"https:\/\/vlatelie.com\/es\/\",\"logo\":{\"@type\":\"ImageObject\",\"inLanguage\":\"es\",\"@id\":\"https:\/\/vlatelie.com\/es\/#\/schema\/logo\/image\/\",\"url\":\"https:\/\/vlatelie.com\/wp-content\/uploads\/2024\/03\/logo_vlatelie_pink.svg\",\"contentUrl\":\"https:\/\/vlatelie.com\/wp-content\/uploads\/2024\/03\/logo_vlatelie_pink.svg\",\"width\":377,\"height\":127,\"caption\":\"VLAteli\u00ea e Ateli\u00ea da Decora\u00e7\u00e3o\"},\"image\":{\"@id\":\"https:\/\/vlatelie.com\/es\/#\/schema\/logo\/image\/\"},\"sameAs\":[\"https:\/\/www.facebook.com\/ateliedadecora\",\"https:\/\/www.instagram.com\/ateliedadecora\"],\"hasMerchantReturnPolicy\":{\"@type\":\"MerchantReturnPolicy\",\"merchantReturnLink\":\"https:\/\/vlatelie.com\/es\/politica-de-devolucion-y-reembolso\/\"}}]}<\/script>\n<meta property=\"product:price:amount\" content=\"8.09\" \/>\n<meta property=\"product:price:currency\" content=\"USD\" \/>\n<meta property=\"og:availability\" content=\"instock\" \/>\n<meta property=\"product:availability\" content=\"instock\" \/>\n<meta property=\"product:condition\" content=\"new\" \/>\n<!-- \/ Yoast SEO Premium plugin. -->","yoast_head_json":{"title":"Envasado sostenible y creativo para dulces - VLAteli\u00ea","description":"Aprenda a crear envases creativos y sostenibles para dulces y aumente sus beneficios con este completo e inspirador libro electr\u00f3nico.","robots":{"index":"index","follow":"follow","max-snippet":"max-snippet:-1","max-image-preview":"max-image-preview:large","max-video-preview":"max-video-preview:-1"},"canonical":"https:\/\/vlatelie.com\/es\/tienda\/digital\/envases-creativos-caramelos-sostenibles\/","og_locale":"es_ES","og_type":"article","og_title":"Embalagens Criativas para Doces \u2013 Fa\u00e7a, Venda e Lucre com Sustentabilidade","og_description":"Aprenda a criar embalagens criativas e sustent\u00e1veis para doces e aumente seu lucro com este e-book completo e inspirador!","og_url":"https:\/\/vlatelie.com\/es\/tienda\/digital\/envases-creativos-caramelos-sostenibles\/","og_site_name":"VLAteli\u00ea e Ateli\u00ea da Decora\u00e7\u00e3o","article_publisher":"https:\/\/www.facebook.com\/ateliedadecora","article_modified_time":"2025-07-22T23:33:33+00:00","og_image":[{"width":700,"height":420,"url":"https:\/\/vlatelie.com\/wp-content\/uploads\/2025\/07\/embalagens-criativas-faca-e-venda-com-sustentabilidade-ebook.webp","type":"image\/webp"}],"twitter_card":"summary_large_image","twitter_misc":{"Precio":"8,09&#36; c\/iva","Disponibilidad":"Disponible"},"schema":{"@context":"https:\/\/schema.org","@graph":[{"@type":["WebPage","ItemPage"],"@id":"https:\/\/vlatelie.com\/en\/shop\/digital\/creative-packaging-sustainable-sweets\/","url":"https:\/\/vlatelie.com\/en\/shop\/digital\/creative-packaging-sustainable-sweets\/","name":"Envasado sostenible y creativo para dulces - VLAteli\u00ea","isPartOf":{"@id":"https:\/\/vlatelie.com\/es\/#website"},"primaryImageOfPage":{"@id":"https:\/\/vlatelie.com\/en\/shop\/digital\/creative-packaging-sustainable-sweets\/#primaryimage"},"image":{"@id":"https:\/\/vlatelie.com\/en\/shop\/digital\/creative-packaging-sustainable-sweets\/#primaryimage"},"thumbnailUrl":"https:\/\/vlatelie.com\/wp-content\/uploads\/2025\/07\/embalagens-criativas-faca-e-venda-com-sustentabilidade-ebook.webp","datePublished":"2025-07-22T16:22:06+00:00","dateModified":"2025-07-22T23:33:33+00:00","description":"Aprenda a crear envases creativos y sostenibles para dulces y aumente sus beneficios con este completo e inspirador libro electr\u00f3nico.","breadcrumb":{"@id":"https:\/\/vlatelie.com\/en\/shop\/digital\/creative-packaging-sustainable-sweets\/#breadcrumb"},"inLanguage":"es","potentialAction":[{"@type":"ReadAction","target":["https:\/\/vlatelie.com\/en\/shop\/digital\/creative-packaging-sustainable-sweets\/"]}]},{"@type":"ImageObject","inLanguage":"es","@id":"https:\/\/vlatelie.com\/en\/shop\/digital\/creative-packaging-sustainable-sweets\/#primaryimage","url":"https:\/\/vlatelie.com\/wp-content\/uploads\/2025\/07\/embalagens-criativas-faca-e-venda-com-sustentabilidade-ebook.webp","contentUrl":"https:\/\/vlatelie.com\/wp-content\/uploads\/2025\/07\/embalagens-criativas-faca-e-venda-com-sustentabilidade-ebook.webp","width":700,"height":420,"caption":"ebook de embalagens criativas"},{"@type":"BreadcrumbList","@id":"https:\/\/vlatelie.com\/en\/shop\/digital\/creative-packaging-sustainable-sweets\/#breadcrumb","itemListElement":[{"@type":"ListItem","position":1,"name":"In\u00edcio","item":"https:\/\/vlatelie.com\/fr\/"},{"@type":"ListItem","position":2,"name":"Shop","item":"https:\/\/vlatelie.com\/es\/tienda\/"},{"@type":"ListItem","position":3,"name":"Embalagens Criativas para Doces \u2013 Fa\u00e7a, Venda e Lucre com Sustentabilidade"}]},{"@type":"WebSite","@id":"https:\/\/vlatelie.com\/es\/#website","url":"https:\/\/vlatelie.com\/es\/","name":"VLAteli\u00ea y Ateli\u00ea da Decora\u00e7\u00e3o","description":"Donde cada pieza cuenta una historia","publisher":{"@id":"https:\/\/vlatelie.com\/es\/#organization"},"alternateName":"VLAteli\u00ea","potentialAction":[{"@type":"SearchAction","target":{"@type":"EntryPoint","urlTemplate":"https:\/\/vlatelie.com\/es\/?s={search_term_string}"},"query-input":{"@type":"PropertyValueSpecification","valueRequired":true,"valueName":"search_term_string"}}],"inLanguage":"es"},{"@type":"Organization","@id":"https:\/\/vlatelie.com\/es\/#organization","name":"VLAteli\u00ea y Ateli\u00ea da Decora\u00e7\u00e3o","url":"https:\/\/vlatelie.com\/es\/","logo":{"@type":"ImageObject","inLanguage":"es","@id":"https:\/\/vlatelie.com\/es\/#\/schema\/logo\/image\/","url":"https:\/\/vlatelie.com\/wp-content\/uploads\/2024\/03\/logo_vlatelie_pink.svg","contentUrl":"https:\/\/vlatelie.com\/wp-content\/uploads\/2024\/03\/logo_vlatelie_pink.svg","width":377,"height":127,"caption":"VLAteli\u00ea e Ateli\u00ea da Decora\u00e7\u00e3o"},"image":{"@id":"https:\/\/vlatelie.com\/es\/#\/schema\/logo\/image\/"},"sameAs":["https:\/\/www.facebook.com\/ateliedadecora","https:\/\/www.instagram.com\/ateliedadecora"],"hasMerchantReturnPolicy":{"@type":"MerchantReturnPolicy","merchantReturnLink":"https:\/\/vlatelie.com\/es\/politica-de-devolucion-y-reembolso\/"}}]},"product_price_amount":"8.09","product_price_currency":"USD","og_availability":"instock","product_availability":"instock","product_condition":"new"},"_links":{"self":[{"href":"https:\/\/vlatelie.com\/es\/wp-json\/wp\/v2\/product\/18647","targetHints":{"allow":["GET"]}}],"collection":[{"href":"https:\/\/vlatelie.com\/es\/wp-json\/wp\/v2\/product"}],"about":[{"href":"https:\/\/vlatelie.com\/es\/wp-json\/wp\/v2\/types\/product"}],"replies":[{"embeddable":true,"href":"https:\/\/vlatelie.com\/es\/wp-json\/wp\/v2\/comments?post=18647"}],"version-history":[{"count":0,"href":"https:\/\/vlatelie.com\/es\/wp-json\/wp\/v2\/product\/18647\/revisions"}],"wp:featuredmedia":[{"embeddable":true,"href":"https:\/\/vlatelie.com\/es\/wp-json\/wp\/v2\/media\/18646"}],"wp:attachment":[{"href":"https:\/\/vlatelie.com\/es\/wp-json\/wp\/v2\/media?parent=18647"}],"wp:term":[{"taxonomy":"product_brand","embeddable":true,"href":"https:\/\/vlatelie.com\/es\/wp-json\/wp\/v2\/product_brand?post=18647"},{"taxonomy":"product_cat","embeddable":true,"href":"https:\/\/vlatelie.com\/es\/wp-json\/wp\/v2\/product_cat?post=18647"},{"taxonomy":"product_tag","embeddable":true,"href":"https:\/\/vlatelie.com\/es\/wp-json\/wp\/v2\/product_tag?post=18647"}],"curies":[{"name":"wp","href":"https:\/\/api.w.org\/{rel}","templated":true}]}}