{"id":15939,"date":"2024-04-07T20:55:01","date_gmt":"2024-04-07T19:55:01","guid":{"rendered":"https:\/\/vlatelie.com\/politica-de-cookies-ue\/"},"modified":"2025-07-25T13:47:02","modified_gmt":"2025-07-25T16:47:02","slug":"politique-en-matiere-de-cookies-2","status":"publish","type":"page","link":"https:\/\/vlatelie.com\/fr\/politique-en-matiere-de-cookies-2\/","title":{"rendered":"Politique en mati\u00e8re de cookies"},"content":{"rendered":"<div data-elementor-type=\"wp-page\" data-elementor-id=\"15939\" class=\"elementor elementor-15939\" data-elementor-post-type=\"page\">\n\t\t\t\t<div class=\"elementor-element elementor-element-c0f643e e-flex e-con-boxed e-con e-parent\" data-id=\"c0f643e\" data-element_type=\"container\" data-e-type=\"container\">\n\t\t\t\t\t<div class=\"e-con-inner\">\n\t\t<div class=\"elementor-element elementor-element-cdb5302 e-con-full e-flex e-con e-child\" data-id=\"cdb5302\" data-element_type=\"container\" data-e-type=\"container\">\n\t\t<div class=\"elementor-element elementor-element-05c409a e-con-full e-flex e-con e-child\" data-id=\"05c409a\" data-element_type=\"container\" data-e-type=\"container\">\n\t\t<div class=\"elementor-element elementor-element-943afcb e-con-full e-flex e-con e-child\" data-id=\"943afcb\" data-element_type=\"container\" data-e-type=\"container\" data-settings=\"{&quot;background_background&quot;:&quot;classic&quot;}\">\n\t\t\t\t<div class=\"elementor-element elementor-element-d8cb609 elementor-widget elementor-widget-icon-box\" data-id=\"d8cb609\" data-element_type=\"widget\" data-e-type=\"widget\" data-widget_type=\"icon-box.default\">\n\t\t\t\t<div class=\"elementor-widget-container\">\n\t\t\t\t\t\t\t<div class=\"elementor-icon-box-wrapper\">\n\n\t\t\t\n\t\t\t\t\t\t<div class=\"elementor-icon-box-content\">\n\n\t\t\t\t\t\t\t\t\t<h1 class=\"elementor-icon-box-title\">\n\t\t\t\t\t\t<span  >\n\t\t\t\t\t\t\tPolitique en mati\u00e8re de cookies\t\t\t\t\t\t<\/span>\n\t\t\t\t\t<\/h1>\n\t\t\t\t\n\t\t\t\t\t\t\t\t\t<p class=\"elementor-icon-box-description\">\n\t\t\t\t\t\t18 mars 2025\t\t\t\t\t<\/p>\n\t\t\t\t\n\t\t\t<\/div>\n\t\t\t\n\t\t<\/div>\n\t\t\t\t\t\t<\/div>\n\t\t\t\t<\/div>\n\t\t\t\t<\/div>\n\t\t\t\t<\/div>\n\t\t<div class=\"elementor-element elementor-element-dd8e332 e-con-full e-flex e-con e-child\" data-id=\"dd8e332\" data-element_type=\"container\" data-e-type=\"container\">\n\t\t<div class=\"elementor-element elementor-element-00e14a0 e-con-full e-flex e-con e-child\" data-id=\"00e14a0\" data-element_type=\"container\" data-e-type=\"container\" data-settings=\"{&quot;background_background&quot;:&quot;classic&quot;}\">\n\t\t\t\t<div class=\"elementor-element elementor-element-46330b3 elementor-widget__width-inherit elementor-widget elementor-widget-text-editor\" data-id=\"46330b3\" data-element_type=\"widget\" data-e-type=\"widget\" data-widget_type=\"text-editor.default\">\n\t\t\t\t<div class=\"elementor-widget-container\">\n\t\t\t\t\t\t\t\t\t<p><strong>Politique en mati\u00e8re de cookies<\/strong><br \/><strong>Derni\u00e8re mise \u00e0 jour :<\/strong> 18 mars 2025<\/p><p>Le pr\u00e9sent <strong>Politique en mati\u00e8re de cookies<\/strong> explique ce que sont les cookies et comment nous les utilisons sur notre site web <strong>(<a href=\"https:\/\/vlatelie.com\/fr\/\">https:\/\/vlatelie.com\/<\/a>)<\/strong> et comment vous pouvez les g\u00e9rer.<\/p><hr \/><h2>1. <strong>Qu'est-ce qu'un biscuit ?<\/strong><\/h2><p>Les cookies sont de petits fichiers texte stock\u00e9s sur votre appareil lorsque vous visitez un site web. Ils permettent d'am\u00e9liorer l'exp\u00e9rience de l'utilisateur en stockant ses pr\u00e9f\u00e9rences et en fournissant des informations pour l'optimisation du site.<\/p><hr \/><h2>2. <strong>Comment utilisons-nous les cookies ?<\/strong><\/h2><p>Nous utilisons des cookies pour :<\/p><ul><li>Am\u00e9liorer l'exp\u00e9rience de navigation.<\/li><li>Stockage des pr\u00e9f\u00e9rences de l'utilisateur.<\/li><li>Analyser les performances du site.<\/li><li>Afficher un contenu personnalis\u00e9 et des publicit\u00e9s pertinentes.<\/li><\/ul><p>Les cookies que nous utilisons sont divis\u00e9s en plusieurs cat\u00e9gories :<\/p><h3><strong>2.1 Cookies essentiels<\/strong><\/h3><p>N\u00e9cessaires au fonctionnement du site, comme la connexion et la s\u00e9curit\u00e9.<\/p><h3><strong>2.2 Cookies de performance<\/strong><\/h3><p>Ils recueillent des donn\u00e9es sur la mani\u00e8re dont les visiteurs interagissent avec le site, ce qui permet d'optimiser son fonctionnement.<\/p><h3><strong>2.3 Cookies fonctionnels<\/strong><\/h3><p>Ils vous permettent de m\u00e9moriser les pr\u00e9f\u00e9rences de l'utilisateur, telles que la langue et la r\u00e9gion.<\/p><h3><strong>2.4 Cookies publicitaires<\/strong><\/h3><p>Utilis\u00e9 pour fournir des publicit\u00e9s pertinentes bas\u00e9es sur le comportement de l'utilisateur.<\/p><hr \/><h2>3. <strong>Gestion des cookies<\/strong><\/h2><p>Vous pouvez configurer ou d\u00e9sactiver les cookies \u00e0 tout moment via les param\u00e8tres de votre navigateur :<\/p><ul><li><strong>Google Chrome<\/strong>: <a href=\"https:\/\/support.google.com\/chrome\/answer\/95647?hl=pt\">Gestion des cookies<\/a><\/li><li><strong>Mozilla Firefox<\/strong>: <a href=\"https:\/\/support.mozilla.org\/pt-BR\/kb\/ativando-e-desativando-cookies\">Gestion des cookies<\/a><\/li><li><strong>Microsoft Edge<\/strong>: <a href=\"https:\/\/support.microsoft.com\/pt-br\/microsoft-edge\/excluir-cookies-para-remover-informa%C3%A7%C3%B5es-que-os-sites-salvaram-no-seu-pc-0f0be746-32c0-4353-b6f0-b0ea1175c3a6\">Gestion des cookies<\/a><\/li><li><strong>Safari<\/strong>: <a href=\"https:\/\/support.apple.com\/pt-br\/guide\/safari\/sfri11471\/mac\">Gestion des cookies<\/a><\/li><\/ul><p>Vous pouvez \u00e9galement d\u00e9finir vos pr\u00e9f\u00e9rences directement sur notre site web via la page <strong>banni\u00e8re de consentement aux cookies<\/strong>.<\/p><hr \/><h2>4. <strong>Modifications de la pr\u00e9sente politique<\/strong><\/h2><p>Nous pouvons le mettre \u00e0 jour <strong>Politique en mati\u00e8re de cookies<\/strong> \u00e0 tout moment. Nous vous recommandons de la consulter r\u00e9guli\u00e8rement pour rester inform\u00e9.<\/p><hr \/><h2>5. <strong>Contact<\/strong><\/h2><p>Si vous avez des questions concernant cette politique, veuillez nous contacter :<\/p><p>VLAteli\u00ea<br \/>87 rue Casa do Povo<br \/>Almeirim, 2080-222, Portugal<br \/>E-mail : <a href=\"mailto:geral@vlatelie.com\">geral@vlatelie.com<\/a><\/p>\t\t\t\t\t\t\t\t<\/div>\n\t\t\t\t<\/div>\n\t\t\t\t<\/div>\n\t\t<div class=\"elementor-element elementor-element-bdf755f e-con-full elementor-hidden-tablet elementor-hidden-mobile e-flex e-con e-child\" data-id=\"bdf755f\" data-element_type=\"container\" data-e-type=\"container\">\n\t\t<div class=\"elementor-element elementor-element-1c72a1c e-con-full e-flex e-con e-child\" data-id=\"1c72a1c\" data-element_type=\"container\" data-e-type=\"container\" data-settings=\"{&quot;background_background&quot;:&quot;classic&quot;}\">\n\t\t\t\t<div class=\"elementor-element elementor-element-e6ca7a8 elementor-nav-menu--dropdown-none elementor-widget elementor-widget-nav-menu\" data-id=\"e6ca7a8\" data-element_type=\"widget\" data-e-type=\"widget\" data-settings=\"{&quot;layout&quot;:&quot;vertical&quot;,&quot;submenu_icon&quot;:{&quot;value&quot;:&quot;&lt;svg aria-hidden=\\&quot;true\\&quot; class=\\&quot;e-font-icon-svg e-fas-caret-down\\&quot; viewBox=\\&quot;0 0 320 512\\&quot; xmlns=\\&quot;http:\\\/\\\/www.w3.org\\\/2000\\\/svg\\&quot;&gt;&lt;path d=\\&quot;M31.3 192h257.3c17.8 0 26.7 21.5 14.1 34.1L174.1 354.8c-7.8 7.8-20.5 7.8-28.3 0L17.2 226.1C4.6 213.5 13.5 192 31.3 192z\\&quot;&gt;&lt;\\\/path&gt;&lt;\\\/svg&gt;&quot;,&quot;library&quot;:&quot;fa-solid&quot;}}\" data-widget_type=\"nav-menu.default\">\n\t\t\t\t<div class=\"elementor-widget-container\">\n\t\t\t\t\t\t\t\t<nav aria-label=\"Politiques\" class=\"elementor-nav-menu--main elementor-nav-menu__container elementor-nav-menu--layout-vertical e--pointer-background e--animation-fade\">\n\t\t\t\t<ul id=\"menu-1-e6ca7a8\" class=\"elementor-nav-menu sm-vertical\"><li class=\"menu-item menu-item-type-post_type menu-item-object-page menu-item-privacy-policy menu-item-16257\"><a rel=\"privacy-policy\" href=\"https:\/\/vlatelie.com\/fr\/politique-de-confidentialite\/\" class=\"elementor-item\">Politique de confidentialit\u00e9<\/a><\/li>\n<li class=\"menu-item menu-item-type-post_type menu-item-object-page menu-item-16220\"><a href=\"https:\/\/vlatelie.com\/fr\/conditions-generales\/\" class=\"elementor-item\">Conditions d'utilisation<\/a><\/li>\n<li class=\"menu-item menu-item-type-post_type menu-item-object-page menu-item-16221\"><a href=\"https:\/\/vlatelie.com\/fr\/politique-en-matiere-de-cookies-2\/\" class=\"elementor-item\">Politique en mati\u00e8re de cookies<\/a><\/li>\n<li class=\"menu-item menu-item-type-post_type menu-item-object-page menu-item-16218\"><a href=\"https:\/\/vlatelie.com\/fr\/expedition-et-livraison\/\" class=\"elementor-item\">Politique d'exp\u00e9dition et de livraison<\/a><\/li>\n<li class=\"menu-item menu-item-type-post_type menu-item-object-page menu-item-16219\"><a href=\"https:\/\/vlatelie.com\/fr\/politique-de-retour-et-de-remboursement\/\" class=\"elementor-item\">Politique de retour et de remboursement<\/a><\/li>\n<\/ul>\t\t\t<\/nav>\n\t\t\t\t\t\t<nav class=\"elementor-nav-menu--dropdown elementor-nav-menu__container\" aria-hidden=\"true\">\n\t\t\t\t<ul id=\"menu-2-e6ca7a8\" class=\"elementor-nav-menu sm-vertical\"><li class=\"menu-item menu-item-type-post_type menu-item-object-page menu-item-privacy-policy menu-item-16257\"><a rel=\"privacy-policy\" href=\"https:\/\/vlatelie.com\/fr\/politique-de-confidentialite\/\" class=\"elementor-item\" tabindex=\"-1\">Politique de confidentialit\u00e9<\/a><\/li>\n<li class=\"menu-item menu-item-type-post_type menu-item-object-page menu-item-16220\"><a href=\"https:\/\/vlatelie.com\/fr\/conditions-generales\/\" class=\"elementor-item\" tabindex=\"-1\">Conditions d'utilisation<\/a><\/li>\n<li class=\"menu-item menu-item-type-post_type menu-item-object-page menu-item-16221\"><a href=\"https:\/\/vlatelie.com\/fr\/politique-en-matiere-de-cookies-2\/\" class=\"elementor-item\" tabindex=\"-1\">Politique en mati\u00e8re de cookies<\/a><\/li>\n<li class=\"menu-item menu-item-type-post_type menu-item-object-page menu-item-16218\"><a href=\"https:\/\/vlatelie.com\/fr\/expedition-et-livraison\/\" class=\"elementor-item\" tabindex=\"-1\">Politique d'exp\u00e9dition et de livraison<\/a><\/li>\n<li class=\"menu-item menu-item-type-post_type menu-item-object-page menu-item-16219\"><a href=\"https:\/\/vlatelie.com\/fr\/politique-de-retour-et-de-remboursement\/\" class=\"elementor-item\" tabindex=\"-1\">Politique de retour et de remboursement<\/a><\/li>\n<\/ul>\t\t\t<\/nav>\n\t\t\t\t\t\t<\/div>\n\t\t\t\t<\/div>\n\t\t\t\t<\/div>\n\t\t\t\t<\/div>\n\t\t\t\t<\/div>\n\t\t\t\t<\/div>\n\t\t\t\t\t<\/div>\n\t\t\t\t<\/div>\n\t\t\t\t<\/div>","protected":false},"excerpt":{"rendered":"<p>Pol\u00edtica de Cookies 18 de mar\u00e7o de 2025 Pol\u00edtica de Cookies\u00daltima atualiza\u00e7\u00e3o: 18 de mar\u00e7o de 2025 Esta Pol\u00edtica de Cookies explica o que s\u00e3o cookies, como os utilizamos em nosso site (https:\/\/vlatelie.com\/) e como voc\u00ea pode gerenci\u00e1-los. 1. O que s\u00e3o Cookies? Cookies s\u00e3o pequenos arquivos de texto armazenados no seu dispositivo quando voc\u00ea [&hellip;]<\/p>","protected":false},"author":1,"featured_media":0,"parent":0,"menu_order":0,"comment_status":"closed","ping_status":"closed","template":"","meta":{"footnotes":""},"class_list":["post-15939","page","type-page","status-publish","hentry"],"blocksy_meta":[],"yoast_head":"<!-- This site is optimized with the Yoast SEO Premium plugin v27.2 (Yoast SEO v27.2) - https:\/\/yoast.com\/product\/yoast-seo-premium-wordpress\/ -->\n<title>Pol\u00edtica de Cookies - VLAteli\u00ea e Ateli\u00ea da Decora\u00e7\u00e3o<\/title>\n<meta name=\"robots\" content=\"noindex, nofollow\" \/>\n<meta property=\"og:locale\" content=\"fr_FR\" \/>\n<meta property=\"og:type\" content=\"article\" \/>\n<meta property=\"og:title\" content=\"Pol\u00edtica de Cookies\" \/>\n<meta property=\"og:description\" content=\"Pol\u00edtica de Cookies 18 de mar\u00e7o de 2025 Pol\u00edtica de Cookies\u00daltima atualiza\u00e7\u00e3o: 18 de mar\u00e7o de 2025 Esta Pol\u00edtica de Cookies explica o que s\u00e3o cookies, como os utilizamos em nosso site (https:\/\/vlatelie.com\/) e como voc\u00ea pode gerenci\u00e1-los. 1. O que s\u00e3o Cookies? Cookies s\u00e3o pequenos arquivos de texto armazenados no seu dispositivo quando voc\u00ea [&hellip;]\" \/>\n<meta property=\"og:url\" content=\"https:\/\/vlatelie.com\/fr\/politique-en-matiere-de-cookies-2\/\" \/>\n<meta property=\"og:site_name\" content=\"VLAteli\u00ea e Ateli\u00ea da Decora\u00e7\u00e3o\" \/>\n<meta property=\"article:publisher\" content=\"https:\/\/www.facebook.com\/ateliedadecora\" \/>\n<meta property=\"article:modified_time\" content=\"2025-07-25T16:47:02+00:00\" \/>\n<meta property=\"og:image\" content=\"https:\/\/vlatelie.com\/wp-content\/uploads\/2025\/07\/banner_home_vlatelie.webp\" \/>\n\t<meta property=\"og:image:width\" content=\"1200\" \/>\n\t<meta property=\"og:image:height\" content=\"675\" \/>\n\t<meta property=\"og:image:type\" content=\"image\/webp\" \/>\n<meta name=\"twitter:card\" content=\"summary_large_image\" \/>\n<meta name=\"twitter:label1\" content=\"Dur\u00e9e de lecture estim\u00e9e\" \/>\n\t<meta name=\"twitter:data1\" content=\"2 minutes\" \/>\n<script type=\"application\/ld+json\" class=\"yoast-schema-graph\">{\"@context\":\"https:\/\/schema.org\",\"@graph\":[{\"@type\":\"WebPage\",\"@id\":\"https:\/\/vlatelie.com\/es\/politica-de-cookies\/\",\"url\":\"https:\/\/vlatelie.com\/es\/politica-de-cookies\/\",\"name\":\"Pol\u00edtica de Cookies - VLAteli\u00ea e Ateli\u00ea da Decora\u00e7\u00e3o\",\"isPartOf\":{\"@id\":\"https:\/\/vlatelie.com\/es\/#website\"},\"datePublished\":\"2024-04-07T19:55:01+00:00\",\"dateModified\":\"2025-07-25T16:47:02+00:00\",\"breadcrumb\":{\"@id\":\"https:\/\/vlatelie.com\/es\/politica-de-cookies\/#breadcrumb\"},\"inLanguage\":\"fr-FR\",\"potentialAction\":[{\"@type\":\"ReadAction\",\"target\":[\"https:\/\/vlatelie.com\/es\/politica-de-cookies\/\"]}]},{\"@type\":\"BreadcrumbList\",\"@id\":\"https:\/\/vlatelie.com\/es\/politica-de-cookies\/#breadcrumb\",\"itemListElement\":[{\"@type\":\"ListItem\",\"position\":1,\"name\":\"In\u00edcio\",\"item\":\"https:\/\/vlatelie.com\/fr\/\"},{\"@type\":\"ListItem\",\"position\":2,\"name\":\"Pol\u00edtica de Cookies\"}]},{\"@type\":\"WebSite\",\"@id\":\"https:\/\/vlatelie.com\/es\/#website\",\"url\":\"https:\/\/vlatelie.com\/es\/\",\"name\":\"VLAteli\u00ea e Ateli\u00ea da Decora\u00e7\u00e3o\",\"description\":\"Onde cada pe\u00e7a conta uma hist\u00f3ria\",\"publisher\":{\"@id\":\"https:\/\/vlatelie.com\/es\/#organization\"},\"alternateName\":\"VLAteli\u00ea\",\"potentialAction\":[{\"@type\":\"SearchAction\",\"target\":{\"@type\":\"EntryPoint\",\"urlTemplate\":\"https:\/\/vlatelie.com\/es\/?s={search_term_string}\"},\"query-input\":{\"@type\":\"PropertyValueSpecification\",\"valueRequired\":true,\"valueName\":\"search_term_string\"}}],\"inLanguage\":\"fr-FR\"},{\"@type\":\"Organization\",\"@id\":\"https:\/\/vlatelie.com\/es\/#organization\",\"name\":\"VLAteli\u00ea e Ateli\u00ea da Decora\u00e7\u00e3o\",\"url\":\"https:\/\/vlatelie.com\/es\/\",\"logo\":{\"@type\":\"ImageObject\",\"inLanguage\":\"fr-FR\",\"@id\":\"https:\/\/vlatelie.com\/es\/#\/schema\/logo\/image\/\",\"url\":\"https:\/\/vlatelie.com\/wp-content\/uploads\/2024\/03\/logo_vlatelie_pink.svg\",\"contentUrl\":\"https:\/\/vlatelie.com\/wp-content\/uploads\/2024\/03\/logo_vlatelie_pink.svg\",\"width\":377,\"height\":127,\"caption\":\"VLAteli\u00ea e Ateli\u00ea da Decora\u00e7\u00e3o\"},\"image\":{\"@id\":\"https:\/\/vlatelie.com\/es\/#\/schema\/logo\/image\/\"},\"sameAs\":[\"https:\/\/www.facebook.com\/ateliedadecora\",\"https:\/\/www.instagram.com\/ateliedadecora\"],\"hasMerchantReturnPolicy\":{\"@type\":\"MerchantReturnPolicy\",\"merchantReturnLink\":\"https:\/\/vlatelie.com\/fr\/politique-de-retour-et-de-remboursement\/\"}}]}<\/script>\n<!-- \/ Yoast SEO Premium plugin. -->","yoast_head_json":{"title":"Politique en mati\u00e8re de cookies - VLAteli\u00ea et Ateli\u00ea da Decora\u00e7\u00e3o","robots":{"index":"noindex","follow":"nofollow"},"og_locale":"fr_FR","og_type":"article","og_title":"Pol\u00edtica de Cookies","og_description":"Pol\u00edtica de Cookies 18 de mar\u00e7o de 2025 Pol\u00edtica de Cookies\u00daltima atualiza\u00e7\u00e3o: 18 de mar\u00e7o de 2025 Esta Pol\u00edtica de Cookies explica o que s\u00e3o cookies, como os utilizamos em nosso site (https:\/\/vlatelie.com\/) e como voc\u00ea pode gerenci\u00e1-los. 1. O que s\u00e3o Cookies? Cookies s\u00e3o pequenos arquivos de texto armazenados no seu dispositivo quando voc\u00ea [&hellip;]","og_url":"https:\/\/vlatelie.com\/fr\/politique-en-matiere-de-cookies-2\/","og_site_name":"VLAteli\u00ea e Ateli\u00ea da Decora\u00e7\u00e3o","article_publisher":"https:\/\/www.facebook.com\/ateliedadecora","article_modified_time":"2025-07-25T16:47:02+00:00","og_image":[{"width":1200,"height":675,"url":"https:\/\/vlatelie.com\/wp-content\/uploads\/2025\/07\/banner_home_vlatelie.webp","type":"image\/webp"}],"twitter_card":"summary_large_image","twitter_misc":{"Dur\u00e9e de lecture estim\u00e9e":"2 minutes"},"schema":{"@context":"https:\/\/schema.org","@graph":[{"@type":"WebPage","@id":"https:\/\/vlatelie.com\/es\/politica-de-cookies\/","url":"https:\/\/vlatelie.com\/es\/politica-de-cookies\/","name":"Politique en mati\u00e8re de cookies - VLAteli\u00ea et Ateli\u00ea da Decora\u00e7\u00e3o","isPartOf":{"@id":"https:\/\/vlatelie.com\/es\/#website"},"datePublished":"2024-04-07T19:55:01+00:00","dateModified":"2025-07-25T16:47:02+00:00","breadcrumb":{"@id":"https:\/\/vlatelie.com\/es\/politica-de-cookies\/#breadcrumb"},"inLanguage":"fr-FR","potentialAction":[{"@type":"ReadAction","target":["https:\/\/vlatelie.com\/es\/politica-de-cookies\/"]}]},{"@type":"BreadcrumbList","@id":"https:\/\/vlatelie.com\/es\/politica-de-cookies\/#breadcrumb","itemListElement":[{"@type":"ListItem","position":1,"name":"In\u00edcio","item":"https:\/\/vlatelie.com\/fr\/"},{"@type":"ListItem","position":2,"name":"Pol\u00edtica de Cookies"}]},{"@type":"WebSite","@id":"https:\/\/vlatelie.com\/es\/#website","url":"https:\/\/vlatelie.com\/es\/","name":"VLAteli\u00ea et Ateli\u00ea da Decora\u00e7\u00e3o","description":"O\u00f9 chaque pi\u00e8ce raconte une histoire","publisher":{"@id":"https:\/\/vlatelie.com\/es\/#organization"},"alternateName":"VLAteli\u00ea","potentialAction":[{"@type":"SearchAction","target":{"@type":"EntryPoint","urlTemplate":"https:\/\/vlatelie.com\/es\/?s={search_term_string}"},"query-input":{"@type":"PropertyValueSpecification","valueRequired":true,"valueName":"search_term_string"}}],"inLanguage":"fr-FR"},{"@type":"Organization","@id":"https:\/\/vlatelie.com\/es\/#organization","name":"VLAteli\u00ea et Ateli\u00ea da Decora\u00e7\u00e3o","url":"https:\/\/vlatelie.com\/es\/","logo":{"@type":"ImageObject","inLanguage":"fr-FR","@id":"https:\/\/vlatelie.com\/es\/#\/schema\/logo\/image\/","url":"https:\/\/vlatelie.com\/wp-content\/uploads\/2024\/03\/logo_vlatelie_pink.svg","contentUrl":"https:\/\/vlatelie.com\/wp-content\/uploads\/2024\/03\/logo_vlatelie_pink.svg","width":377,"height":127,"caption":"VLAteli\u00ea e Ateli\u00ea da Decora\u00e7\u00e3o"},"image":{"@id":"https:\/\/vlatelie.com\/es\/#\/schema\/logo\/image\/"},"sameAs":["https:\/\/www.facebook.com\/ateliedadecora","https:\/\/www.instagram.com\/ateliedadecora"],"hasMerchantReturnPolicy":{"@type":"MerchantReturnPolicy","merchantReturnLink":"https:\/\/vlatelie.com\/fr\/politique-de-retour-et-de-remboursement\/"}}]}},"_links":{"self":[{"href":"https:\/\/vlatelie.com\/fr\/wp-json\/wp\/v2\/pages\/15939","targetHints":{"allow":["GET"]}}],"collection":[{"href":"https:\/\/vlatelie.com\/fr\/wp-json\/wp\/v2\/pages"}],"about":[{"href":"https:\/\/vlatelie.com\/fr\/wp-json\/wp\/v2\/types\/page"}],"author":[{"embeddable":true,"href":"https:\/\/vlatelie.com\/fr\/wp-json\/wp\/v2\/users\/1"}],"replies":[{"embeddable":true,"href":"https:\/\/vlatelie.com\/fr\/wp-json\/wp\/v2\/comments?post=15939"}],"version-history":[{"count":0,"href":"https:\/\/vlatelie.com\/fr\/wp-json\/wp\/v2\/pages\/15939\/revisions"}],"wp:attachment":[{"href":"https:\/\/vlatelie.com\/fr\/wp-json\/wp\/v2\/media?parent=15939"}],"curies":[{"name":"wp","href":"https:\/\/api.w.org\/{rel}","templated":true}]}}