{"id":15940,"date":"2024-04-07T20:55:01","date_gmt":"2024-04-07T19:55:01","guid":{"rendered":"https:\/\/vlatelie.com\/declaracao-de-privacidade-ue\/"},"modified":"2025-08-26T10:53:27","modified_gmt":"2025-08-26T13:53:27","slug":"politique-de-confidentialite","status":"publish","type":"page","link":"https:\/\/vlatelie.com\/fr\/politique-de-confidentialite\/","title":{"rendered":"Politique de confidentialit\u00e9"},"content":{"rendered":"<div data-elementor-type=\"wp-page\" data-elementor-id=\"15940\" class=\"elementor elementor-15940\" data-elementor-post-type=\"page\">\n\t\t\t\t<div class=\"elementor-element elementor-element-2a9efc6 e-flex e-con-boxed e-con e-parent\" data-id=\"2a9efc6\" data-element_type=\"container\" data-e-type=\"container\">\n\t\t\t\t\t<div class=\"e-con-inner\">\n\t\t<div class=\"elementor-element elementor-element-2c13dc2 e-con-full e-flex e-con e-child\" data-id=\"2c13dc2\" data-element_type=\"container\" data-e-type=\"container\" data-settings=\"{&quot;background_background&quot;:&quot;classic&quot;}\">\n\t\t\t\t<div class=\"elementor-element elementor-element-16115edc elementor-widget__width-inherit elementor-widget elementor-widget-text-editor\" data-id=\"16115edc\" data-element_type=\"widget\" data-e-type=\"widget\" data-widget_type=\"text-editor.default\">\n\t\t\t\t<div class=\"elementor-widget-container\">\n\t\t\t\t\t\t\t\t\t<h1><strong>Politique de confidentialit\u00e9<\/strong><\/h1><p><br \/><strong>Derni\u00e8re mise \u00e0 jour :<\/strong> 26 ao\u00fbt 2025<br \/><strong>Date d'entr\u00e9e en vigueur :<\/strong> 18 mars 2025<\/p><p>Le pr\u00e9sent <strong>Politique de confidentialit\u00e9<\/strong> d\u00e9crit comment <strong>VLAteli\u00ea<\/strong>, situ\u00e9 \u00e0 l'adresse suivante<\/p><p>VLAteli\u00ea<br \/>87 rue Casa do Povo<br \/>Almeirim, 2080-222, Portugal<br \/>E-mail : <a href=\"mailto:geral@vlatelie.com\">geral@vlatelie.com<\/a><br \/>T\u00e9l\u00e9phone : +351 910 976 622<\/p><p>A <strong>VLAteli\u00ea et Ateli\u00ea da Decora\u00e7\u00e3o<\/strong> respecte votre vie priv\u00e9e et s'engage \u00e0 prot\u00e9ger les donn\u00e9es personnelles de ses clients et visiteurs. La pr\u00e9sente politique de confidentialit\u00e9 d\u00e9crit la mani\u00e8re dont nous recueillons, utilisons, stockons et partageons vos informations lorsque vous utilisez notre site web <strong><a href=\"https:\/\/vlatelie.com\/fr\/\">https:\/\/vlatelie.com<\/a><\/strong>conform\u00e9ment \u00e0 la <strong>Loi g\u00e9n\u00e9rale sur la protection des donn\u00e9es (LGPD - loi 13.709\/2018)<\/strong>avec le <strong>R\u00e8glement europ\u00e9en sur la protection des donn\u00e9es (GDPR)<\/strong> et avec le <strong>Meta pour les d\u00e9veloppeurs Termes<\/strong>.<\/p><p>\u00a0<\/p><h2><strong>Informations collect\u00e9es<\/strong><\/h2><p>Nous pouvons collecter les types d'informations suivants :<\/p><ul><li><strong>Inscription et connexion<\/strong>nom, adresse \u00e9lectronique et donn\u00e9es relatives aux r\u00e9seaux sociaux lorsque vous utilisez le site web. <strong>Nextend Social Login<\/strong> (connexion via Facebook, Google, etc.).<\/li><li><strong>Achats<\/strong>nom, CPF\/CNPJ, adresse, num\u00e9ro de t\u00e9l\u00e9phone, donn\u00e9es de facturation et historique des commandes, collect\u00e9s via <strong>WooCommerce<\/strong> e <strong>Taxe WooCommerce<\/strong>.<\/li><li><strong>Paiements<\/strong>trait\u00e9 par <strong>Rayure<\/strong>. Nous ne conservons pas les num\u00e9ros de cartes de cr\u00e9dit.<\/li><li><strong>Navigation<\/strong>Adresse IP, navigateur, appareil et pages visit\u00e9es.<\/li><li><strong>S\u00e9curit\u00e9<\/strong>: les donn\u00e9es collect\u00e9es par <strong>hCaptcha<\/strong> pour pr\u00e9venir la fraude et l'acc\u00e8s automatis\u00e9.<\/li><li><strong>Commentaires<\/strong>les informations envoy\u00e9es sous forme de formulaires, prot\u00e9g\u00e9es par <strong>Akismet<\/strong> contre le spam.<\/li><li><strong>Images<\/strong>optimis\u00e9e automatiquement par <strong>WP Smush<\/strong> (n'implique pas la collecte de donn\u00e9es \u00e0 caract\u00e8re personnel).<\/li><li><strong>Publicit\u00e9<\/strong>les cookies anonymes utilis\u00e9s par <strong>Advanced Ads Pro<\/strong> pour l'affichage de publicit\u00e9s.<\/li><li><strong>Traduction<\/strong>contenu trait\u00e9 par <strong>Loco Translate<\/strong>sans collecter de donn\u00e9es personnelles.<\/li><\/ul><p>\u00a0<\/p><h2><strong>Finalit\u00e9 de l'utilisation des donn\u00e9es<\/strong><\/h2><p>Nous utilisons les donn\u00e9es pour<\/p><ul><li>Permettre la cr\u00e9ation d'un compte et une connexion s\u00e9curis\u00e9e.<\/li><li>Traiter les commandes et livrer les produits num\u00e9riques.<\/li><li>Garantir la s\u00e9curit\u00e9 et la pr\u00e9vention de la fraude.<\/li><li>Respecter les obligations l\u00e9gales et fiscales.<\/li><li>Am\u00e9liorer l'exp\u00e9rience de navigation.<\/li><li>Afficher des annonces personnalis\u00e9es.<\/li><li>remplir des obligations contractuelles avec des tiers (Stripe, hCaptcha, social login).<\/li><\/ul><p>\u00a0<\/p><h2><strong>Partage d'informations<\/strong><\/h2><p>Vos donn\u00e9es peuvent \u00eatre partag\u00e9es avec<\/p><ul><li><strong>Plateformes de connexion sociale<\/strong> (Facebook, Google, etc.).<\/li><li><strong>Prestataires de services de paiement<\/strong> (Rayure).<\/li><li><strong>Services de s\u00e9curit\u00e9<\/strong> (hCaptcha, Akismet).<\/li><li><strong>Services d'h\u00e9bergement et de CDN<\/strong>.<\/li><li><strong>Autorit\u00e9s juridiques et fiscales<\/strong>le cas \u00e9ch\u00e9ant.<\/li><\/ul><p>Nous ne vendons jamais vos informations personnelles.<\/p><p>\u00a0<\/p><h2><strong>Base juridique du traitement des donn\u00e9es<\/strong><\/h2><p>Nous traitons vos donn\u00e9es sur la base de :<\/p><ul><li><strong>Ex\u00e9cution du contrat<\/strong> - le traitement des achats.<\/li><li><strong>Consentement<\/strong> - social login, publicit\u00e9s et communications marketing.<\/li><li><strong>Obligation l\u00e9gale<\/strong> - l'\u00e9mission de factures et les obligations fiscales.<\/li><li><strong>Int\u00e9r\u00eat l\u00e9gitime<\/strong> - la pr\u00e9vention des fraudes et l'am\u00e9lioration de l'exp\u00e9rience du site web.<\/li><\/ul><p>\u00a0<\/p><h2><strong>Droits du titulaire<\/strong><\/h2><p>Vous avez droit \u00e0 :<\/p><ul><li>Confirmer que nous traitons vos donn\u00e9es.<\/li><li>Acc\u00e9der \u00e0 vos donn\u00e9es personnelles.<\/li><li>Corriger les donn\u00e9es incompl\u00e8tes ou incorrectes.<\/li><li>Demander la suppression des donn\u00e9es inutiles.<\/li><li>R\u00e9voquer le consentement \u00e0 tout moment.<\/li><li>Demander la portabilit\u00e9 des donn\u00e9es.<\/li><\/ul><p>Pour exercer vos droits, envoyez une demande \u00e0 l'adresse suivante :<br \/>\ud83d\udce7 <strong>geral@vlatelie.com<\/strong><\/p><p>\u00a0<\/p><h2><strong>Stockage et s\u00e9curit\u00e9<\/strong><\/h2><ul><li>Nous utilisons le cryptage SSL\/TLS sur l'ensemble du site.<\/li><li>Vos donn\u00e9es sont conserv\u00e9es en toute s\u00e9curit\u00e9 pendant la dur\u00e9e n\u00e9cessaire.<\/li><li>Nous appliquons des mesures techniques contre l'acc\u00e8s non autoris\u00e9.<\/li><\/ul><p>\u00a0<\/p><h2><strong>Suppression des donn\u00e9es<\/strong><\/h2><p>Vous pouvez \u00e0 tout moment demander la suppression de vos donn\u00e9es personnelles en envoyant un courrier \u00e9lectronique \u00e0 l'adresse suivante <strong>geral@vlatelie.com<\/strong>.<br \/>La suppression sera effectu\u00e9e dans un d\u00e9lai de <strong>30 jours<\/strong>\u00e0 moins qu'il n'y ait une obligation l\u00e9gale de ne pas les divulguer.<\/p><p>\u00a0<\/p><h2><strong>Utilisation de cookies<\/strong><\/h2><p>Nous utilisons des cookies pour :<\/p><ul><li>M\u00e9morisez vos pr\u00e9f\u00e9rences de connexion.<\/li><li>Maintenir le panier actif.<\/li><li>Analyse du trafic et des performances du site web.<\/li><li>Afficher des publicit\u00e9s pertinentes avec <strong>Advanced Ads Pro<\/strong>.<\/li><\/ul><p>Vous pouvez d\u00e9sactiver les cookies dans votre navigateur, mais certaines fonctionnalit\u00e9s risquent de ne pas fonctionner correctement.<\/p><p>\u00a0<\/p><h2><strong>Modifications de cette politique<\/strong><\/h2><p>Nous pouvons mettre \u00e0 jour cette politique de temps \u00e0 autre.<br \/>La derni\u00e8re version sera toujours disponible \u00e0 l'adresse suivante<br \/>\ud83d\udc49 <a href=\"https:\/\/vlatelie.com\/fr\/politique-de-confidentialite\/\">https:\/\/vlatelie.com\/politica-privacidade\/<\/a><\/p><p>\u00a0<\/p><h2><strong>Contact<\/strong><\/h2><p>Si vous avez des questions concernant cette politique ou l'utilisation de vos donn\u00e9es personnelles, veuillez nous contacter :<\/p><p>\ud83d\udce7 <strong>privacidade@vlatelie.com<\/strong><br \/>\ud83c\udf10 <strong><a href=\"https:\/\/vlatelie.com\/fr\/\">https:\/\/vlatelie.com<\/a><\/strong><\/p><p data-start=\"291\" data-end=\"783\">\u00a0<\/p>\t\t\t\t\t\t\t\t<\/div>\n\t\t\t\t<\/div>\n\t\t\t\t<\/div>\n\t\t<div class=\"elementor-element elementor-element-1e9ae43 e-con-full elementor-hidden-tablet elementor-hidden-mobile e-flex e-con e-child\" data-id=\"1e9ae43\" data-element_type=\"container\" data-e-type=\"container\">\n\t\t<div class=\"elementor-element elementor-element-be20f9f e-con-full e-flex e-con e-child\" data-id=\"be20f9f\" data-element_type=\"container\" data-e-type=\"container\" data-settings=\"{&quot;background_background&quot;:&quot;classic&quot;}\">\n\t\t\t\t<div class=\"elementor-element elementor-element-da01173 elementor-nav-menu--dropdown-tablet elementor-nav-menu__text-align-aside elementor-nav-menu--toggle elementor-nav-menu--burger elementor-widget elementor-widget-nav-menu\" data-id=\"da01173\" data-element_type=\"widget\" data-e-type=\"widget\" data-settings=\"{&quot;layout&quot;:&quot;vertical&quot;,&quot;submenu_icon&quot;:{&quot;value&quot;:&quot;&lt;svg aria-hidden=\\&quot;true\\&quot; class=\\&quot;e-font-icon-svg e-fas-caret-down\\&quot; viewBox=\\&quot;0 0 320 512\\&quot; xmlns=\\&quot;http:\\\/\\\/www.w3.org\\\/2000\\\/svg\\&quot;&gt;&lt;path d=\\&quot;M31.3 192h257.3c17.8 0 26.7 21.5 14.1 34.1L174.1 354.8c-7.8 7.8-20.5 7.8-28.3 0L17.2 226.1C4.6 213.5 13.5 192 31.3 192z\\&quot;&gt;&lt;\\\/path&gt;&lt;\\\/svg&gt;&quot;,&quot;library&quot;:&quot;fa-solid&quot;},&quot;toggle&quot;:&quot;burger&quot;}\" data-widget_type=\"nav-menu.default\">\n\t\t\t\t<div class=\"elementor-widget-container\">\n\t\t\t\t\t\t\t\t<nav aria-label=\"Menu\" class=\"elementor-nav-menu--main elementor-nav-menu__container elementor-nav-menu--layout-vertical e--pointer-background e--animation-fade\">\n\t\t\t\t<ul id=\"menu-1-da01173\" class=\"elementor-nav-menu sm-vertical\"><li class=\"menu-item menu-item-type-post_type menu-item-object-page menu-item-privacy-policy menu-item-16257\"><a rel=\"privacy-policy\" href=\"https:\/\/vlatelie.com\/fr\/politique-de-confidentialite\/\" class=\"elementor-item\">Politique de confidentialit\u00e9<\/a><\/li>\n<li class=\"menu-item menu-item-type-post_type menu-item-object-page menu-item-16220\"><a href=\"https:\/\/vlatelie.com\/fr\/conditions-generales\/\" class=\"elementor-item\">Conditions d'utilisation<\/a><\/li>\n<li class=\"menu-item menu-item-type-post_type menu-item-object-page menu-item-16221\"><a href=\"https:\/\/vlatelie.com\/fr\/politique-en-matiere-de-cookies-2\/\" class=\"elementor-item\">Politique en mati\u00e8re de cookies<\/a><\/li>\n<li class=\"menu-item menu-item-type-post_type menu-item-object-page menu-item-16218\"><a href=\"https:\/\/vlatelie.com\/fr\/expedition-et-livraison\/\" class=\"elementor-item\">Politique d'exp\u00e9dition et de livraison<\/a><\/li>\n<li class=\"menu-item menu-item-type-post_type menu-item-object-page menu-item-16219\"><a href=\"https:\/\/vlatelie.com\/fr\/politique-de-retour-et-de-remboursement\/\" class=\"elementor-item\">Politique de retour et de remboursement<\/a><\/li>\n<\/ul>\t\t\t<\/nav>\n\t\t\t\t\t<div class=\"elementor-menu-toggle\" role=\"button\" tabindex=\"0\" aria-label=\"Menu Toggle\" aria-expanded=\"false\">\n\t\t\t<svg aria-hidden=\"true\" role=\"presentation\" class=\"elementor-menu-toggle__icon--open e-font-icon-svg e-eicon-menu-bar\" viewbox=\"0 0 1000 1000\" xmlns=\"http:\/\/www.w3.org\/2000\/svg\"><path d=\"M104 333H896C929 333 958 304 958 271S929 208 896 208H104C71 208 42 237 42 271S71 333 104 333ZM104 583H896C929 583 958 554 958 521S929 458 896 458H104C71 458 42 487 42 521S71 583 104 583ZM104 833H896C929 833 958 804 958 771S929 708 896 708H104C71 708 42 737 42 771S71 833 104 833Z\"><\/path><\/svg><svg aria-hidden=\"true\" role=\"presentation\" class=\"elementor-menu-toggle__icon--close e-font-icon-svg e-eicon-close\" viewbox=\"0 0 1000 1000\" xmlns=\"http:\/\/www.w3.org\/2000\/svg\"><path d=\"M742 167L500 408 258 167C246 154 233 150 217 150 196 150 179 158 167 167 154 179 150 196 150 212 150 229 154 242 171 254L408 500 167 742C138 771 138 800 167 829 196 858 225 858 254 829L496 587 738 829C750 842 767 846 783 846 800 846 817 842 829 829 842 817 846 804 846 783 846 767 842 750 829 737L588 500 833 258C863 229 863 200 833 171 804 137 775 137 742 167Z\"><\/path><\/svg>\t\t<\/div>\n\t\t\t\t\t<nav class=\"elementor-nav-menu--dropdown elementor-nav-menu__container\" aria-hidden=\"true\">\n\t\t\t\t<ul id=\"menu-2-da01173\" class=\"elementor-nav-menu sm-vertical\"><li class=\"menu-item menu-item-type-post_type menu-item-object-page menu-item-privacy-policy menu-item-16257\"><a rel=\"privacy-policy\" href=\"https:\/\/vlatelie.com\/fr\/politique-de-confidentialite\/\" class=\"elementor-item\" tabindex=\"-1\">Politique de confidentialit\u00e9<\/a><\/li>\n<li class=\"menu-item menu-item-type-post_type menu-item-object-page menu-item-16220\"><a href=\"https:\/\/vlatelie.com\/fr\/conditions-generales\/\" class=\"elementor-item\" tabindex=\"-1\">Conditions d'utilisation<\/a><\/li>\n<li class=\"menu-item menu-item-type-post_type menu-item-object-page menu-item-16221\"><a href=\"https:\/\/vlatelie.com\/fr\/politique-en-matiere-de-cookies-2\/\" class=\"elementor-item\" tabindex=\"-1\">Politique en mati\u00e8re de cookies<\/a><\/li>\n<li class=\"menu-item menu-item-type-post_type menu-item-object-page menu-item-16218\"><a href=\"https:\/\/vlatelie.com\/fr\/expedition-et-livraison\/\" class=\"elementor-item\" tabindex=\"-1\">Politique d'exp\u00e9dition et de livraison<\/a><\/li>\n<li class=\"menu-item menu-item-type-post_type menu-item-object-page menu-item-16219\"><a href=\"https:\/\/vlatelie.com\/fr\/politique-de-retour-et-de-remboursement\/\" class=\"elementor-item\" tabindex=\"-1\">Politique de retour et de remboursement<\/a><\/li>\n<\/ul>\t\t\t<\/nav>\n\t\t\t\t\t\t<\/div>\n\t\t\t\t<\/div>\n\t\t\t\t<\/div>\n\t\t\t\t<\/div>\n\t\t\t\t\t<\/div>\n\t\t\t\t<\/div>\n\t\t\t\t<\/div>","protected":false},"excerpt":{"rendered":"<p>Pol\u00edtica de Privacidade \u00daltima atualiza\u00e7\u00e3o: 26 de agosto de 2025 Data de vig\u00eancia: 18 de mar\u00e7o de 2025 A presente Pol\u00edtica de Privacidade descreve como a VLAteli\u00ea, localizada em: VLAteli\u00ea Rua Casa do Povo, 87 Almeirim, 2080-222, Portugal E-mail: geral@vlatelie.com Telefone: +351 910 976 622 A VLAteli\u00ea e Ateli\u00ea da Decora\u00e7\u00e3o valoriza a sua privacidade [&hellip;]<\/p>","protected":false},"author":1,"featured_media":19049,"parent":0,"menu_order":0,"comment_status":"closed","ping_status":"closed","template":"","meta":{"footnotes":""},"class_list":["post-15940","page","type-page","status-publish","has-post-thumbnail","hentry"],"blocksy_meta":[],"yoast_head":"<!-- This site is optimized with the Yoast SEO Premium plugin v27.2 (Yoast SEO v27.2) - https:\/\/yoast.com\/product\/yoast-seo-premium-wordpress\/ -->\n<title>Pol\u00edtica de Privacidade - VLAteli\u00ea e Ateli\u00ea da Decora\u00e7\u00e3o<\/title>\n<meta name=\"description\" content=\"Confira a pol\u00edtica de privacidade e saiba como protegemos suas informa\u00e7\u00f5es, garantindo transpar\u00eancia, seguran\u00e7a e confian\u00e7a em cada intera\u00e7\u00e3o.\" \/>\n<meta name=\"robots\" content=\"index, follow, max-snippet:-1, max-image-preview:large, max-video-preview:-1\" \/>\n<link rel=\"canonical\" href=\"https:\/\/vlatelie.com\/fr\/politique-de-confidentialite\/\" \/>\n<meta property=\"og:locale\" content=\"fr_FR\" \/>\n<meta property=\"og:type\" content=\"article\" \/>\n<meta property=\"og:title\" content=\"Pol\u00edtica de Privacidade\" \/>\n<meta property=\"og:description\" content=\"Confira a pol\u00edtica de privacidade e saiba como protegemos suas informa\u00e7\u00f5es, garantindo transpar\u00eancia, seguran\u00e7a e confian\u00e7a em cada intera\u00e7\u00e3o.\" \/>\n<meta property=\"og:url\" content=\"https:\/\/vlatelie.com\/fr\/politique-de-confidentialite\/\" \/>\n<meta property=\"og:site_name\" content=\"VLAteli\u00ea e Ateli\u00ea da Decora\u00e7\u00e3o\" \/>\n<meta property=\"article:publisher\" content=\"https:\/\/www.facebook.com\/ateliedadecora\" \/>\n<meta property=\"article:modified_time\" content=\"2025-08-26T13:53:27+00:00\" \/>\n<meta property=\"og:image\" content=\"https:\/\/vlatelie.com\/wp-content\/uploads\/2025\/08\/politica-privacidade.webp\" \/>\n\t<meta property=\"og:image:width\" content=\"1536\" \/>\n\t<meta property=\"og:image:height\" content=\"640\" \/>\n\t<meta property=\"og:image:type\" content=\"image\/webp\" \/>\n<meta name=\"twitter:card\" content=\"summary_large_image\" \/>\n<meta name=\"twitter:label1\" content=\"Dur\u00e9e de lecture estim\u00e9e\" \/>\n\t<meta name=\"twitter:data1\" content=\"4 minutes\" \/>\n<script type=\"application\/ld+json\" class=\"yoast-schema-graph\">{\"@context\":\"https:\/\/schema.org\",\"@graph\":[{\"@type\":[\"WebPage\",\"AboutPage\"],\"@id\":\"https:\/\/vlatelie.com\/politica-privacidade\/\",\"url\":\"https:\/\/vlatelie.com\/politica-privacidade\/\",\"name\":\"Pol\u00edtica de Privacidade - VLAteli\u00ea e Ateli\u00ea da Decora\u00e7\u00e3o\",\"isPartOf\":{\"@id\":\"https:\/\/vlatelie.com\/es\/#website\"},\"primaryImageOfPage\":{\"@id\":\"https:\/\/vlatelie.com\/politica-privacidade\/#primaryimage\"},\"image\":{\"@id\":\"https:\/\/vlatelie.com\/politica-privacidade\/#primaryimage\"},\"thumbnailUrl\":\"https:\/\/vlatelie.com\/wp-content\/uploads\/2025\/08\/politica-privacidade.webp\",\"datePublished\":\"2024-04-07T19:55:01+00:00\",\"dateModified\":\"2025-08-26T13:53:27+00:00\",\"description\":\"Confira a pol\u00edtica de privacidade e saiba como protegemos suas informa\u00e7\u00f5es, garantindo transpar\u00eancia, seguran\u00e7a e confian\u00e7a em cada intera\u00e7\u00e3o.\",\"breadcrumb\":{\"@id\":\"https:\/\/vlatelie.com\/politica-privacidade\/#breadcrumb\"},\"inLanguage\":\"fr-FR\",\"potentialAction\":[{\"@type\":\"ReadAction\",\"target\":[\"https:\/\/vlatelie.com\/politica-privacidade\/\"]}]},{\"@type\":\"ImageObject\",\"inLanguage\":\"fr-FR\",\"@id\":\"https:\/\/vlatelie.com\/politica-privacidade\/#primaryimage\",\"url\":\"https:\/\/vlatelie.com\/wp-content\/uploads\/2025\/08\/politica-privacidade.webp\",\"contentUrl\":\"https:\/\/vlatelie.com\/wp-content\/uploads\/2025\/08\/politica-privacidade.webp\",\"width\":1536,\"height\":640,\"caption\":\"pol\u00edtica de privacidade do vlatelie\"},{\"@type\":\"BreadcrumbList\",\"@id\":\"https:\/\/vlatelie.com\/politica-privacidade\/#breadcrumb\",\"itemListElement\":[{\"@type\":\"ListItem\",\"position\":1,\"name\":\"In\u00edcio\",\"item\":\"https:\/\/vlatelie.com\/fr\/\"},{\"@type\":\"ListItem\",\"position\":2,\"name\":\"Pol\u00edtica de Privacidade\"}]},{\"@type\":\"WebSite\",\"@id\":\"https:\/\/vlatelie.com\/es\/#website\",\"url\":\"https:\/\/vlatelie.com\/es\/\",\"name\":\"VLAteli\u00ea e Ateli\u00ea da Decora\u00e7\u00e3o\",\"description\":\"Onde cada pe\u00e7a conta uma hist\u00f3ria\",\"publisher\":{\"@id\":\"https:\/\/vlatelie.com\/es\/#organization\"},\"alternateName\":\"VLAteli\u00ea\",\"potentialAction\":[{\"@type\":\"SearchAction\",\"target\":{\"@type\":\"EntryPoint\",\"urlTemplate\":\"https:\/\/vlatelie.com\/es\/?s={search_term_string}\"},\"query-input\":{\"@type\":\"PropertyValueSpecification\",\"valueRequired\":true,\"valueName\":\"search_term_string\"}}],\"inLanguage\":\"fr-FR\"},{\"@type\":\"Organization\",\"@id\":\"https:\/\/vlatelie.com\/es\/#organization\",\"name\":\"VLAteli\u00ea e Ateli\u00ea da Decora\u00e7\u00e3o\",\"url\":\"https:\/\/vlatelie.com\/es\/\",\"logo\":{\"@type\":\"ImageObject\",\"inLanguage\":\"fr-FR\",\"@id\":\"https:\/\/vlatelie.com\/es\/#\/schema\/logo\/image\/\",\"url\":\"https:\/\/vlatelie.com\/wp-content\/uploads\/2024\/03\/logo_vlatelie_pink.svg\",\"contentUrl\":\"https:\/\/vlatelie.com\/wp-content\/uploads\/2024\/03\/logo_vlatelie_pink.svg\",\"width\":377,\"height\":127,\"caption\":\"VLAteli\u00ea e Ateli\u00ea da Decora\u00e7\u00e3o\"},\"image\":{\"@id\":\"https:\/\/vlatelie.com\/es\/#\/schema\/logo\/image\/\"},\"sameAs\":[\"https:\/\/www.facebook.com\/ateliedadecora\",\"https:\/\/www.instagram.com\/ateliedadecora\"],\"hasMerchantReturnPolicy\":{\"@type\":\"MerchantReturnPolicy\",\"merchantReturnLink\":\"https:\/\/vlatelie.com\/fr\/politique-de-retour-et-de-remboursement\/\"}}]}<\/script>\n<!-- \/ Yoast SEO Premium plugin. -->","yoast_head_json":{"title":"Politique de confidentialit\u00e9 - VLAteli\u00ea et Ateli\u00ea da Decora\u00e7\u00e3o","description":"Consultez notre politique de confidentialit\u00e9 et d\u00e9couvrez comment nous prot\u00e9geons vos informations, en garantissant la transparence, la s\u00e9curit\u00e9 et la confiance dans chaque interaction.","robots":{"index":"index","follow":"follow","max-snippet":"max-snippet:-1","max-image-preview":"max-image-preview:large","max-video-preview":"max-video-preview:-1"},"canonical":"https:\/\/vlatelie.com\/fr\/politique-de-confidentialite\/","og_locale":"fr_FR","og_type":"article","og_title":"Pol\u00edtica de Privacidade","og_description":"Confira a pol\u00edtica de privacidade e saiba como protegemos suas informa\u00e7\u00f5es, garantindo transpar\u00eancia, seguran\u00e7a e confian\u00e7a em cada intera\u00e7\u00e3o.","og_url":"https:\/\/vlatelie.com\/fr\/politique-de-confidentialite\/","og_site_name":"VLAteli\u00ea e Ateli\u00ea da Decora\u00e7\u00e3o","article_publisher":"https:\/\/www.facebook.com\/ateliedadecora","article_modified_time":"2025-08-26T13:53:27+00:00","og_image":[{"width":1536,"height":640,"url":"https:\/\/vlatelie.com\/wp-content\/uploads\/2025\/08\/politica-privacidade.webp","type":"image\/webp"}],"twitter_card":"summary_large_image","twitter_misc":{"Dur\u00e9e de lecture estim\u00e9e":"4 minutes"},"schema":{"@context":"https:\/\/schema.org","@graph":[{"@type":["WebPage","AboutPage"],"@id":"https:\/\/vlatelie.com\/politica-privacidade\/","url":"https:\/\/vlatelie.com\/politica-privacidade\/","name":"Politique de confidentialit\u00e9 - VLAteli\u00ea et Ateli\u00ea da Decora\u00e7\u00e3o","isPartOf":{"@id":"https:\/\/vlatelie.com\/es\/#website"},"primaryImageOfPage":{"@id":"https:\/\/vlatelie.com\/politica-privacidade\/#primaryimage"},"image":{"@id":"https:\/\/vlatelie.com\/politica-privacidade\/#primaryimage"},"thumbnailUrl":"https:\/\/vlatelie.com\/wp-content\/uploads\/2025\/08\/politica-privacidade.webp","datePublished":"2024-04-07T19:55:01+00:00","dateModified":"2025-08-26T13:53:27+00:00","description":"Consultez notre politique de confidentialit\u00e9 et d\u00e9couvrez comment nous prot\u00e9geons vos informations, en garantissant la transparence, la s\u00e9curit\u00e9 et la confiance dans chaque interaction.","breadcrumb":{"@id":"https:\/\/vlatelie.com\/politica-privacidade\/#breadcrumb"},"inLanguage":"fr-FR","potentialAction":[{"@type":"ReadAction","target":["https:\/\/vlatelie.com\/politica-privacidade\/"]}]},{"@type":"ImageObject","inLanguage":"fr-FR","@id":"https:\/\/vlatelie.com\/politica-privacidade\/#primaryimage","url":"https:\/\/vlatelie.com\/wp-content\/uploads\/2025\/08\/politica-privacidade.webp","contentUrl":"https:\/\/vlatelie.com\/wp-content\/uploads\/2025\/08\/politica-privacidade.webp","width":1536,"height":640,"caption":"pol\u00edtica de privacidade do vlatelie"},{"@type":"BreadcrumbList","@id":"https:\/\/vlatelie.com\/politica-privacidade\/#breadcrumb","itemListElement":[{"@type":"ListItem","position":1,"name":"In\u00edcio","item":"https:\/\/vlatelie.com\/fr\/"},{"@type":"ListItem","position":2,"name":"Pol\u00edtica de Privacidade"}]},{"@type":"WebSite","@id":"https:\/\/vlatelie.com\/es\/#website","url":"https:\/\/vlatelie.com\/es\/","name":"VLAteli\u00ea et Ateli\u00ea da Decora\u00e7\u00e3o","description":"O\u00f9 chaque pi\u00e8ce raconte une histoire","publisher":{"@id":"https:\/\/vlatelie.com\/es\/#organization"},"alternateName":"VLAteli\u00ea","potentialAction":[{"@type":"SearchAction","target":{"@type":"EntryPoint","urlTemplate":"https:\/\/vlatelie.com\/es\/?s={search_term_string}"},"query-input":{"@type":"PropertyValueSpecification","valueRequired":true,"valueName":"search_term_string"}}],"inLanguage":"fr-FR"},{"@type":"Organization","@id":"https:\/\/vlatelie.com\/es\/#organization","name":"VLAteli\u00ea et Ateli\u00ea da Decora\u00e7\u00e3o","url":"https:\/\/vlatelie.com\/es\/","logo":{"@type":"ImageObject","inLanguage":"fr-FR","@id":"https:\/\/vlatelie.com\/es\/#\/schema\/logo\/image\/","url":"https:\/\/vlatelie.com\/wp-content\/uploads\/2024\/03\/logo_vlatelie_pink.svg","contentUrl":"https:\/\/vlatelie.com\/wp-content\/uploads\/2024\/03\/logo_vlatelie_pink.svg","width":377,"height":127,"caption":"VLAteli\u00ea e Ateli\u00ea da Decora\u00e7\u00e3o"},"image":{"@id":"https:\/\/vlatelie.com\/es\/#\/schema\/logo\/image\/"},"sameAs":["https:\/\/www.facebook.com\/ateliedadecora","https:\/\/www.instagram.com\/ateliedadecora"],"hasMerchantReturnPolicy":{"@type":"MerchantReturnPolicy","merchantReturnLink":"https:\/\/vlatelie.com\/fr\/politique-de-retour-et-de-remboursement\/"}}]}},"_links":{"self":[{"href":"https:\/\/vlatelie.com\/fr\/wp-json\/wp\/v2\/pages\/15940","targetHints":{"allow":["GET"]}}],"collection":[{"href":"https:\/\/vlatelie.com\/fr\/wp-json\/wp\/v2\/pages"}],"about":[{"href":"https:\/\/vlatelie.com\/fr\/wp-json\/wp\/v2\/types\/page"}],"author":[{"embeddable":true,"href":"https:\/\/vlatelie.com\/fr\/wp-json\/wp\/v2\/users\/1"}],"replies":[{"embeddable":true,"href":"https:\/\/vlatelie.com\/fr\/wp-json\/wp\/v2\/comments?post=15940"}],"version-history":[{"count":0,"href":"https:\/\/vlatelie.com\/fr\/wp-json\/wp\/v2\/pages\/15940\/revisions"}],"wp:featuredmedia":[{"embeddable":true,"href":"https:\/\/vlatelie.com\/fr\/wp-json\/wp\/v2\/media\/19049"}],"wp:attachment":[{"href":"https:\/\/vlatelie.com\/fr\/wp-json\/wp\/v2\/media?parent=15940"}],"curies":[{"name":"wp","href":"https:\/\/api.w.org\/{rel}","templated":true}]}}