{"id":15947,"date":"2024-04-07T22:38:21","date_gmt":"2024-04-07T21:38:21","guid":{"rendered":"https:\/\/vlatelie.com\/termos-e-condicoes\/"},"modified":"2025-07-25T13:47:26","modified_gmt":"2025-07-25T16:47:26","slug":"conditions-generales","status":"publish","type":"page","link":"https:\/\/vlatelie.com\/fr\/conditions-generales\/","title":{"rendered":"Conditions d'utilisation"},"content":{"rendered":"<div data-elementor-type=\"wp-page\" data-elementor-id=\"15947\" class=\"elementor elementor-15947\" data-elementor-post-type=\"page\">\n\t\t\t\t<div class=\"elementor-element elementor-element-2d1ec014 e-flex e-con-boxed e-con e-parent\" data-id=\"2d1ec014\" data-element_type=\"container\" data-e-type=\"container\">\n\t\t\t\t\t<div class=\"e-con-inner\">\n\t\t<div class=\"elementor-element elementor-element-34584c7 e-con-full e-flex e-con e-child\" data-id=\"34584c7\" data-element_type=\"container\" data-e-type=\"container\">\n\t\t<div class=\"elementor-element elementor-element-3c30c29 e-con-full e-flex e-con e-child\" data-id=\"3c30c29\" data-element_type=\"container\" data-e-type=\"container\" data-settings=\"{&quot;background_background&quot;:&quot;classic&quot;}\">\n\t\t\t\t<div class=\"elementor-element elementor-element-789690e elementor-widget elementor-widget-icon-box\" data-id=\"789690e\" data-element_type=\"widget\" data-e-type=\"widget\" data-widget_type=\"icon-box.default\">\n\t\t\t\t<div class=\"elementor-widget-container\">\n\t\t\t\t\t\t\t<div class=\"elementor-icon-box-wrapper\">\n\n\t\t\t\n\t\t\t\t\t\t<div class=\"elementor-icon-box-content\">\n\n\t\t\t\t\t\t\t\t\t<h1 class=\"elementor-icon-box-title\">\n\t\t\t\t\t\t<span  >\n\t\t\t\t\t\t\tConditions d'utilisation\t\t\t\t\t\t<\/span>\n\t\t\t\t\t<\/h1>\n\t\t\t\t\n\t\t\t\t\t\t\t\t\t<p class=\"elementor-icon-box-description\">\n\t\t\t\t\t\t18 mars 2025\t\t\t\t\t<\/p>\n\t\t\t\t\n\t\t\t<\/div>\n\t\t\t\n\t\t<\/div>\n\t\t\t\t\t\t<\/div>\n\t\t\t\t<\/div>\n\t\t\t\t<\/div>\n\t\t\t\t<\/div>\n\t\t<div class=\"elementor-element elementor-element-d5bce99 e-con-full e-flex e-con e-child\" data-id=\"d5bce99\" data-element_type=\"container\" data-e-type=\"container\">\n\t\t<div class=\"elementor-element elementor-element-dc3d4ed e-con-full e-flex e-con e-child\" data-id=\"dc3d4ed\" data-element_type=\"container\" data-e-type=\"container\" data-settings=\"{&quot;background_background&quot;:&quot;classic&quot;}\">\n\t\t\t\t<div class=\"elementor-element elementor-element-aacb2d4 elementor-widget__width-inherit elementor-widget elementor-widget-text-editor\" data-id=\"aacb2d4\" data-element_type=\"widget\" data-e-type=\"widget\" data-widget_type=\"text-editor.default\">\n\t\t\t\t<div class=\"elementor-widget-container\">\n\t\t\t\t\t\t\t\t\t<p><strong>Conditions d'utilisation<\/strong><br \/><strong>Derni\u00e8re mise \u00e0 jour :<\/strong> 18 mars 2025<\/p><p>Ces <strong>Conditions d'utilisation<\/strong> r\u00e9glementer l'utilisation du site <strong>(<a href=\"https:\/\/vlatelie.com\/fr\/\">https:\/\/vlatelie.com\/<\/a>)<\/strong> et ses services. En acc\u00e9dant au site ou en l'utilisant, vous acceptez les conditions \u00e9nonc\u00e9es ici. Si vous n'\u00eates pas d'accord, veuillez ne pas utiliser nos services.<\/p><hr \/><h2>1. <strong>D\u00e9finitions<\/strong><\/h2><ul><li><strong>VLAteli\u00ea<\/strong>Nom de l'entreprise responsable du site et des services.<\/li><li><strong>Utilisateur<\/strong>Toute personne acc\u00e9dant au site ou l'utilisant.<\/li><li><strong>Produits num\u00e9riques<\/strong>Les articles vendus sur le site web sont livr\u00e9s par voie \u00e9lectronique.<\/li><\/ul><hr \/><h2>2. <strong>Utilisation du site web<\/strong><\/h2><p>Vous vous engagez \u00e0 :<\/p><ul><li>N'utiliser le site web qu'\u00e0 des fins l\u00e9gales.<\/li><li>Fournir des informations v\u00e9ridiques lors d'un achat.<\/li><li>Ne pas utiliser le site \u00e0 des fins frauduleuses ou abusives.<\/li><\/ul><p>Nous nous r\u00e9servons le droit de suspendre ou de r\u00e9silier votre compte en cas de violation des pr\u00e9sentes conditions.<\/p><hr \/><h2>3. <strong>Achats et paiements<\/strong><\/h2><ul><li>Les produits num\u00e9riques seront livr\u00e9s par e-mail ou par l'interm\u00e9diaire de l'espace client apr\u00e8s confirmation du paiement.<\/li><li>Nous ne remboursons pas les produits num\u00e9riques d\u00e9j\u00e0 livr\u00e9s, sauf dans les cas pr\u00e9vus par la loi.<\/li><li>Les paiements sont trait\u00e9s par des tiers tels que PayPal et Stripe. Nous ne conservons pas les donn\u00e9es financi\u00e8res des utilisateurs.<\/li><\/ul><hr \/><h2>4. <strong>Propri\u00e9t\u00e9 intellectuelle<\/strong><\/h2><p>Tout le contenu du site, y compris les textes, les images et les produits, est prot\u00e9g\u00e9 par le droit d'auteur. Toute copie ou distribution non autoris\u00e9e est interdite.<\/p><hr \/><h2>5. <strong>Responsabilit\u00e9<\/strong><\/h2><p>Nous ne sommes pas responsables de :<\/p><ul><li>Erreurs ou interruptions dans le fonctionnement du site web.<\/li><li>Les dommages caus\u00e9s par une mauvaise utilisation de nos produits.<\/li><li>D\u00e9faillances des services tiers utilis\u00e9s pour les paiements.<\/li><\/ul><hr \/><h2>6. <strong>Modifications des conditions<\/strong><\/h2><p>Nous pouvons modifier ces <strong>Conditions d'utilisation<\/strong> \u00e0 tout moment. Les modifications prendront effet \u00e0 la date de publication. Nous vous recommandons de revoir p\u00e9riodiquement le pr\u00e9sent document.<\/p><hr \/><h2>7. <strong>Contact<\/strong><\/h2><p>Si vous avez des questions ou si vous avez besoin d'aide, n'h\u00e9sitez pas \u00e0 nous contacter :<\/p><p>VLAteli\u00ea<br \/>87 rue Casa do Povo<br \/>Almeirim, 2080-222, Portugal<br \/>E-mail : <a href=\"mailto:geral@vlatelie.com\">geral@vlatelie.com<\/a><\/p>\t\t\t\t\t\t\t\t<\/div>\n\t\t\t\t<\/div>\n\t\t\t\t<\/div>\n\t\t<div class=\"elementor-element elementor-element-c80abd7 e-con-full elementor-hidden-tablet elementor-hidden-mobile e-flex e-con e-child\" data-id=\"c80abd7\" data-element_type=\"container\" data-e-type=\"container\">\n\t\t<div class=\"elementor-element elementor-element-93a007e e-con-full e-flex e-con e-child\" data-id=\"93a007e\" data-element_type=\"container\" data-e-type=\"container\" data-settings=\"{&quot;background_background&quot;:&quot;classic&quot;}\">\n\t\t\t\t<div class=\"elementor-element elementor-element-dde44f0 elementor-nav-menu--dropdown-none elementor-widget elementor-widget-nav-menu\" data-id=\"dde44f0\" data-element_type=\"widget\" data-e-type=\"widget\" data-settings=\"{&quot;layout&quot;:&quot;vertical&quot;,&quot;submenu_icon&quot;:{&quot;value&quot;:&quot;&lt;svg aria-hidden=\\&quot;true\\&quot; class=\\&quot;e-font-icon-svg e-fas-caret-down\\&quot; viewBox=\\&quot;0 0 320 512\\&quot; xmlns=\\&quot;http:\\\/\\\/www.w3.org\\\/2000\\\/svg\\&quot;&gt;&lt;path d=\\&quot;M31.3 192h257.3c17.8 0 26.7 21.5 14.1 34.1L174.1 354.8c-7.8 7.8-20.5 7.8-28.3 0L17.2 226.1C4.6 213.5 13.5 192 31.3 192z\\&quot;&gt;&lt;\\\/path&gt;&lt;\\\/svg&gt;&quot;,&quot;library&quot;:&quot;fa-solid&quot;}}\" data-widget_type=\"nav-menu.default\">\n\t\t\t\t<div class=\"elementor-widget-container\">\n\t\t\t\t\t\t\t\t<nav aria-label=\"Politiques\" class=\"elementor-nav-menu--main elementor-nav-menu__container elementor-nav-menu--layout-vertical e--pointer-background e--animation-fade\">\n\t\t\t\t<ul id=\"menu-1-dde44f0\" class=\"elementor-nav-menu sm-vertical\"><li class=\"menu-item menu-item-type-post_type menu-item-object-page menu-item-privacy-policy menu-item-16257\"><a rel=\"privacy-policy\" href=\"https:\/\/vlatelie.com\/fr\/politique-de-confidentialite\/\" class=\"elementor-item\">Politique de confidentialit\u00e9<\/a><\/li>\n<li class=\"menu-item menu-item-type-post_type menu-item-object-page menu-item-16220\"><a href=\"https:\/\/vlatelie.com\/fr\/conditions-generales\/\" class=\"elementor-item\">Conditions d'utilisation<\/a><\/li>\n<li class=\"menu-item menu-item-type-post_type menu-item-object-page menu-item-16221\"><a href=\"https:\/\/vlatelie.com\/fr\/politique-en-matiere-de-cookies-2\/\" class=\"elementor-item\">Politique en mati\u00e8re de cookies<\/a><\/li>\n<li class=\"menu-item menu-item-type-post_type menu-item-object-page menu-item-16218\"><a href=\"https:\/\/vlatelie.com\/fr\/expedition-et-livraison\/\" class=\"elementor-item\">Politique d'exp\u00e9dition et de livraison<\/a><\/li>\n<li class=\"menu-item menu-item-type-post_type menu-item-object-page menu-item-16219\"><a href=\"https:\/\/vlatelie.com\/fr\/politique-de-retour-et-de-remboursement\/\" class=\"elementor-item\">Politique de retour et de remboursement<\/a><\/li>\n<\/ul>\t\t\t<\/nav>\n\t\t\t\t\t\t<nav class=\"elementor-nav-menu--dropdown elementor-nav-menu__container\" aria-hidden=\"true\">\n\t\t\t\t<ul id=\"menu-2-dde44f0\" class=\"elementor-nav-menu sm-vertical\"><li class=\"menu-item menu-item-type-post_type menu-item-object-page menu-item-privacy-policy menu-item-16257\"><a rel=\"privacy-policy\" href=\"https:\/\/vlatelie.com\/fr\/politique-de-confidentialite\/\" class=\"elementor-item\" tabindex=\"-1\">Politique de confidentialit\u00e9<\/a><\/li>\n<li class=\"menu-item menu-item-type-post_type menu-item-object-page menu-item-16220\"><a href=\"https:\/\/vlatelie.com\/fr\/conditions-generales\/\" class=\"elementor-item\" tabindex=\"-1\">Conditions d'utilisation<\/a><\/li>\n<li class=\"menu-item menu-item-type-post_type menu-item-object-page menu-item-16221\"><a href=\"https:\/\/vlatelie.com\/fr\/politique-en-matiere-de-cookies-2\/\" class=\"elementor-item\" tabindex=\"-1\">Politique en mati\u00e8re de cookies<\/a><\/li>\n<li class=\"menu-item menu-item-type-post_type menu-item-object-page menu-item-16218\"><a href=\"https:\/\/vlatelie.com\/fr\/expedition-et-livraison\/\" class=\"elementor-item\" tabindex=\"-1\">Politique d'exp\u00e9dition et de livraison<\/a><\/li>\n<li class=\"menu-item menu-item-type-post_type menu-item-object-page menu-item-16219\"><a href=\"https:\/\/vlatelie.com\/fr\/politique-de-retour-et-de-remboursement\/\" class=\"elementor-item\" tabindex=\"-1\">Politique de retour et de remboursement<\/a><\/li>\n<\/ul>\t\t\t<\/nav>\n\t\t\t\t\t\t<\/div>\n\t\t\t\t<\/div>\n\t\t\t\t<\/div>\n\t\t\t\t<\/div>\n\t\t\t\t<\/div>\n\t\t\t\t\t<\/div>\n\t\t\t\t<\/div>\n\t\t\t\t<\/div>","protected":false},"excerpt":{"rendered":"<p>Termos e Condi\u00e7\u00f5es 18 de mar\u00e7o de 2025 Termos e Condi\u00e7\u00f5es\u00daltima atualiza\u00e7\u00e3o: 18 de mar\u00e7o de 2025 Estes Termos e Condi\u00e7\u00f5es regulam o uso do site (https:\/\/vlatelie.com\/) e de seus servi\u00e7os. Ao acessar ou utilizar o site, voc\u00ea concorda com as condi\u00e7\u00f5es aqui estabelecidas. Caso n\u00e3o concorde, n\u00e3o utilize nossos servi\u00e7os. 1. Defini\u00e7\u00f5es VLAteli\u00ea: Nome [&hellip;]<\/p>","protected":false},"author":1,"featured_media":0,"parent":0,"menu_order":0,"comment_status":"closed","ping_status":"closed","template":"","meta":{"footnotes":""},"class_list":["post-15947","page","type-page","status-publish","hentry"],"blocksy_meta":[],"yoast_head":"<!-- This site is optimized with the Yoast SEO Premium plugin v27.2 (Yoast SEO v27.2) - https:\/\/yoast.com\/product\/yoast-seo-premium-wordpress\/ -->\n<title>Termos e Condi\u00e7\u00f5es - VLAteli\u00ea e Ateli\u00ea da Decora\u00e7\u00e3o<\/title>\n<meta name=\"robots\" content=\"noindex, nofollow\" \/>\n<meta property=\"og:locale\" content=\"fr_FR\" \/>\n<meta property=\"og:type\" content=\"article\" \/>\n<meta property=\"og:title\" content=\"Termos e Condi\u00e7\u00f5es\" \/>\n<meta property=\"og:description\" content=\"Termos e Condi\u00e7\u00f5es 18 de mar\u00e7o de 2025 Termos e Condi\u00e7\u00f5es\u00daltima atualiza\u00e7\u00e3o: 18 de mar\u00e7o de 2025 Estes Termos e Condi\u00e7\u00f5es regulam o uso do site (https:\/\/vlatelie.com\/) e de seus servi\u00e7os. Ao acessar ou utilizar o site, voc\u00ea concorda com as condi\u00e7\u00f5es aqui estabelecidas. Caso n\u00e3o concorde, n\u00e3o utilize nossos servi\u00e7os. 1. Defini\u00e7\u00f5es VLAteli\u00ea: Nome [&hellip;]\" \/>\n<meta property=\"og:url\" content=\"https:\/\/vlatelie.com\/fr\/conditions-generales\/\" \/>\n<meta property=\"og:site_name\" content=\"VLAteli\u00ea e Ateli\u00ea da Decora\u00e7\u00e3o\" \/>\n<meta property=\"article:publisher\" content=\"https:\/\/www.facebook.com\/ateliedadecora\" \/>\n<meta property=\"article:modified_time\" content=\"2025-07-25T16:47:26+00:00\" \/>\n<meta property=\"og:image\" content=\"https:\/\/vlatelie.com\/wp-content\/uploads\/2025\/07\/banner_home_vlatelie.webp\" \/>\n\t<meta property=\"og:image:width\" content=\"1200\" \/>\n\t<meta property=\"og:image:height\" content=\"675\" \/>\n\t<meta property=\"og:image:type\" content=\"image\/webp\" \/>\n<meta name=\"twitter:card\" content=\"summary_large_image\" \/>\n<meta name=\"twitter:label1\" content=\"Dur\u00e9e de lecture estim\u00e9e\" \/>\n\t<meta name=\"twitter:data1\" content=\"2 minutes\" \/>\n<script type=\"application\/ld+json\" class=\"yoast-schema-graph\">{\"@context\":\"https:\/\/schema.org\",\"@graph\":[{\"@type\":\"WebPage\",\"@id\":\"https:\/\/vlatelie.com\/termos-condicoes\/\",\"url\":\"https:\/\/vlatelie.com\/termos-condicoes\/\",\"name\":\"Termos e Condi\u00e7\u00f5es - VLAteli\u00ea e Ateli\u00ea da Decora\u00e7\u00e3o\",\"isPartOf\":{\"@id\":\"https:\/\/vlatelie.com\/es\/#website\"},\"datePublished\":\"2024-04-07T21:38:21+00:00\",\"dateModified\":\"2025-07-25T16:47:26+00:00\",\"breadcrumb\":{\"@id\":\"https:\/\/vlatelie.com\/termos-condicoes\/#breadcrumb\"},\"inLanguage\":\"fr-FR\",\"potentialAction\":[{\"@type\":\"ReadAction\",\"target\":[\"https:\/\/vlatelie.com\/termos-condicoes\/\"]}]},{\"@type\":\"BreadcrumbList\",\"@id\":\"https:\/\/vlatelie.com\/termos-condicoes\/#breadcrumb\",\"itemListElement\":[{\"@type\":\"ListItem\",\"position\":1,\"name\":\"In\u00edcio\",\"item\":\"https:\/\/vlatelie.com\/fr\/\"},{\"@type\":\"ListItem\",\"position\":2,\"name\":\"Termos e Condi\u00e7\u00f5es\"}]},{\"@type\":\"WebSite\",\"@id\":\"https:\/\/vlatelie.com\/es\/#website\",\"url\":\"https:\/\/vlatelie.com\/es\/\",\"name\":\"VLAteli\u00ea e Ateli\u00ea da Decora\u00e7\u00e3o\",\"description\":\"Onde cada pe\u00e7a conta uma hist\u00f3ria\",\"publisher\":{\"@id\":\"https:\/\/vlatelie.com\/es\/#organization\"},\"alternateName\":\"VLAteli\u00ea\",\"potentialAction\":[{\"@type\":\"SearchAction\",\"target\":{\"@type\":\"EntryPoint\",\"urlTemplate\":\"https:\/\/vlatelie.com\/es\/?s={search_term_string}\"},\"query-input\":{\"@type\":\"PropertyValueSpecification\",\"valueRequired\":true,\"valueName\":\"search_term_string\"}}],\"inLanguage\":\"fr-FR\"},{\"@type\":\"Organization\",\"@id\":\"https:\/\/vlatelie.com\/es\/#organization\",\"name\":\"VLAteli\u00ea e Ateli\u00ea da Decora\u00e7\u00e3o\",\"url\":\"https:\/\/vlatelie.com\/es\/\",\"logo\":{\"@type\":\"ImageObject\",\"inLanguage\":\"fr-FR\",\"@id\":\"https:\/\/vlatelie.com\/es\/#\/schema\/logo\/image\/\",\"url\":\"https:\/\/vlatelie.com\/wp-content\/uploads\/2024\/03\/logo_vlatelie_pink.svg\",\"contentUrl\":\"https:\/\/vlatelie.com\/wp-content\/uploads\/2024\/03\/logo_vlatelie_pink.svg\",\"width\":377,\"height\":127,\"caption\":\"VLAteli\u00ea e Ateli\u00ea da Decora\u00e7\u00e3o\"},\"image\":{\"@id\":\"https:\/\/vlatelie.com\/es\/#\/schema\/logo\/image\/\"},\"sameAs\":[\"https:\/\/www.facebook.com\/ateliedadecora\",\"https:\/\/www.instagram.com\/ateliedadecora\"],\"hasMerchantReturnPolicy\":{\"@type\":\"MerchantReturnPolicy\",\"merchantReturnLink\":\"https:\/\/vlatelie.com\/fr\/politique-de-retour-et-de-remboursement\/\"}}]}<\/script>\n<!-- \/ Yoast SEO Premium plugin. -->","yoast_head_json":{"title":"Conditions g\u00e9n\u00e9rales - VLAteli\u00ea et Ateli\u00ea da Decora\u00e7\u00e3o","robots":{"index":"noindex","follow":"nofollow"},"og_locale":"fr_FR","og_type":"article","og_title":"Termos e Condi\u00e7\u00f5es","og_description":"Termos e Condi\u00e7\u00f5es 18 de mar\u00e7o de 2025 Termos e Condi\u00e7\u00f5es\u00daltima atualiza\u00e7\u00e3o: 18 de mar\u00e7o de 2025 Estes Termos e Condi\u00e7\u00f5es regulam o uso do site (https:\/\/vlatelie.com\/) e de seus servi\u00e7os. Ao acessar ou utilizar o site, voc\u00ea concorda com as condi\u00e7\u00f5es aqui estabelecidas. Caso n\u00e3o concorde, n\u00e3o utilize nossos servi\u00e7os. 1. Defini\u00e7\u00f5es VLAteli\u00ea: Nome [&hellip;]","og_url":"https:\/\/vlatelie.com\/fr\/conditions-generales\/","og_site_name":"VLAteli\u00ea e Ateli\u00ea da Decora\u00e7\u00e3o","article_publisher":"https:\/\/www.facebook.com\/ateliedadecora","article_modified_time":"2025-07-25T16:47:26+00:00","og_image":[{"width":1200,"height":675,"url":"https:\/\/vlatelie.com\/wp-content\/uploads\/2025\/07\/banner_home_vlatelie.webp","type":"image\/webp"}],"twitter_card":"summary_large_image","twitter_misc":{"Dur\u00e9e de lecture estim\u00e9e":"2 minutes"},"schema":{"@context":"https:\/\/schema.org","@graph":[{"@type":"WebPage","@id":"https:\/\/vlatelie.com\/termos-condicoes\/","url":"https:\/\/vlatelie.com\/termos-condicoes\/","name":"Conditions g\u00e9n\u00e9rales - VLAteli\u00ea et Ateli\u00ea da Decora\u00e7\u00e3o","isPartOf":{"@id":"https:\/\/vlatelie.com\/es\/#website"},"datePublished":"2024-04-07T21:38:21+00:00","dateModified":"2025-07-25T16:47:26+00:00","breadcrumb":{"@id":"https:\/\/vlatelie.com\/termos-condicoes\/#breadcrumb"},"inLanguage":"fr-FR","potentialAction":[{"@type":"ReadAction","target":["https:\/\/vlatelie.com\/termos-condicoes\/"]}]},{"@type":"BreadcrumbList","@id":"https:\/\/vlatelie.com\/termos-condicoes\/#breadcrumb","itemListElement":[{"@type":"ListItem","position":1,"name":"In\u00edcio","item":"https:\/\/vlatelie.com\/fr\/"},{"@type":"ListItem","position":2,"name":"Termos e Condi\u00e7\u00f5es"}]},{"@type":"WebSite","@id":"https:\/\/vlatelie.com\/es\/#website","url":"https:\/\/vlatelie.com\/es\/","name":"VLAteli\u00ea et Ateli\u00ea da Decora\u00e7\u00e3o","description":"O\u00f9 chaque pi\u00e8ce raconte une histoire","publisher":{"@id":"https:\/\/vlatelie.com\/es\/#organization"},"alternateName":"VLAteli\u00ea","potentialAction":[{"@type":"SearchAction","target":{"@type":"EntryPoint","urlTemplate":"https:\/\/vlatelie.com\/es\/?s={search_term_string}"},"query-input":{"@type":"PropertyValueSpecification","valueRequired":true,"valueName":"search_term_string"}}],"inLanguage":"fr-FR"},{"@type":"Organization","@id":"https:\/\/vlatelie.com\/es\/#organization","name":"VLAteli\u00ea et Ateli\u00ea da Decora\u00e7\u00e3o","url":"https:\/\/vlatelie.com\/es\/","logo":{"@type":"ImageObject","inLanguage":"fr-FR","@id":"https:\/\/vlatelie.com\/es\/#\/schema\/logo\/image\/","url":"https:\/\/vlatelie.com\/wp-content\/uploads\/2024\/03\/logo_vlatelie_pink.svg","contentUrl":"https:\/\/vlatelie.com\/wp-content\/uploads\/2024\/03\/logo_vlatelie_pink.svg","width":377,"height":127,"caption":"VLAteli\u00ea e Ateli\u00ea da Decora\u00e7\u00e3o"},"image":{"@id":"https:\/\/vlatelie.com\/es\/#\/schema\/logo\/image\/"},"sameAs":["https:\/\/www.facebook.com\/ateliedadecora","https:\/\/www.instagram.com\/ateliedadecora"],"hasMerchantReturnPolicy":{"@type":"MerchantReturnPolicy","merchantReturnLink":"https:\/\/vlatelie.com\/fr\/politique-de-retour-et-de-remboursement\/"}}]}},"_links":{"self":[{"href":"https:\/\/vlatelie.com\/fr\/wp-json\/wp\/v2\/pages\/15947","targetHints":{"allow":["GET"]}}],"collection":[{"href":"https:\/\/vlatelie.com\/fr\/wp-json\/wp\/v2\/pages"}],"about":[{"href":"https:\/\/vlatelie.com\/fr\/wp-json\/wp\/v2\/types\/page"}],"author":[{"embeddable":true,"href":"https:\/\/vlatelie.com\/fr\/wp-json\/wp\/v2\/users\/1"}],"replies":[{"embeddable":true,"href":"https:\/\/vlatelie.com\/fr\/wp-json\/wp\/v2\/comments?post=15947"}],"version-history":[{"count":0,"href":"https:\/\/vlatelie.com\/fr\/wp-json\/wp\/v2\/pages\/15947\/revisions"}],"wp:attachment":[{"href":"https:\/\/vlatelie.com\/fr\/wp-json\/wp\/v2\/media?parent=15947"}],"curies":[{"name":"wp","href":"https:\/\/api.w.org\/{rel}","templated":true}]}}