{"id":16207,"date":"2024-05-18T16:19:10","date_gmt":"2024-05-18T15:19:10","guid":{"rendered":"https:\/\/vlatelie.com\/?page_id=16207"},"modified":"2025-07-25T07:15:56","modified_gmt":"2025-07-25T10:15:56","slug":"expedition-et-livraison","status":"publish","type":"page","link":"https:\/\/vlatelie.com\/fr\/expedition-et-livraison\/","title":{"rendered":"Politique d'exp\u00e9dition et de livraison"},"content":{"rendered":"<div data-elementor-type=\"wp-page\" data-elementor-id=\"16207\" class=\"elementor elementor-16207\" data-elementor-post-type=\"page\">\n\t\t\t\t<div class=\"elementor-element elementor-element-7d82e3e e-con-full e-flex e-con e-parent\" data-id=\"7d82e3e\" data-element_type=\"container\" data-e-type=\"container\" data-settings=\"{&quot;background_background&quot;:&quot;classic&quot;}\">\n\t\t\t\t<div class=\"elementor-element elementor-element-709e3aa elementor-widget elementor-widget-icon-box\" data-id=\"709e3aa\" data-element_type=\"widget\" data-e-type=\"widget\" data-widget_type=\"icon-box.default\">\n\t\t\t\t<div class=\"elementor-widget-container\">\n\t\t\t\t\t\t\t<div class=\"elementor-icon-box-wrapper\">\n\n\t\t\t\n\t\t\t\t\t\t<div class=\"elementor-icon-box-content\">\n\n\t\t\t\t\t\t\t\t\t<h1 class=\"elementor-icon-box-title\">\n\t\t\t\t\t\t<span  >\n\t\t\t\t\t\t\tPolitique d'exp\u00e9dition et de livraison\t\t\t\t\t\t<\/span>\n\t\t\t\t\t<\/h1>\n\t\t\t\t\n\t\t\t\t\n\t\t\t<\/div>\n\t\t\t\n\t\t<\/div>\n\t\t\t\t\t\t<\/div>\n\t\t\t\t<\/div>\n\t\t\t\t<\/div>\n\t\t<div class=\"elementor-element elementor-element-c23373a e-flex e-con-boxed e-con e-parent\" data-id=\"c23373a\" data-element_type=\"container\" data-e-type=\"container\">\n\t\t\t\t\t<div class=\"e-con-inner\">\n\t\t\t\t<div class=\"elementor-element elementor-element-e950d0b elementor-widget elementor-widget-spacer\" data-id=\"e950d0b\" data-element_type=\"widget\" data-e-type=\"widget\" data-widget_type=\"spacer.default\">\n\t\t\t\t<div class=\"elementor-widget-container\">\n\t\t\t\t\t\t\t<div class=\"elementor-spacer\">\n\t\t\t<div class=\"elementor-spacer-inner\"><\/div>\n\t\t<\/div>\n\t\t\t\t\t\t<\/div>\n\t\t\t\t<\/div>\n\t\t\t\t<div class=\"elementor-element elementor-element-7b854be elementor-widget elementor-widget-heading\" data-id=\"7b854be\" data-element_type=\"widget\" data-e-type=\"widget\" data-widget_type=\"heading.default\">\n\t\t\t\t<div class=\"elementor-widget-container\">\n\t\t\t\t\t<h3 class=\"elementor-heading-title elementor-size-default\">Articles physiques<\/h3>\t\t\t\t<\/div>\n\t\t\t\t<\/div>\n\t\t\t\t\t<\/div>\n\t\t\t\t<\/div>\n\t\t<div class=\"elementor-element elementor-element-b7e1d50 e-flex e-con-boxed e-con e-parent\" data-id=\"b7e1d50\" data-element_type=\"container\" data-e-type=\"container\">\n\t\t\t\t\t<div class=\"e-con-inner\">\n\t\t<div class=\"elementor-element elementor-element-981451e e-con-full e-flex e-con e-child\" data-id=\"981451e\" data-element_type=\"container\" data-e-type=\"container\">\n\t\t\t\t<div class=\"elementor-element elementor-element-0100577 elementor-widget elementor-widget-text-editor\" data-id=\"0100577\" data-element_type=\"widget\" data-e-type=\"widget\" data-widget_type=\"text-editor.default\">\n\t\t\t\t<div class=\"elementor-widget-container\">\n\t\t\t\t\t\t\t\t\t<h4>Traitement des commandes<\/h4><p>Toutes les commandes sont trait\u00e9es dans les deux jours ouvrables suivant la confirmation du paiement.<br \/>Les commandes pass\u00e9es le week-end ou les jours f\u00e9ri\u00e9s seront trait\u00e9es le jour ouvrable suivant.<br \/>Les articles n\u00e9cessitant une personnalisation sont exp\u00e9di\u00e9s dans un d\u00e9lai de 5 jours.<\/p><h4>M\u00e9thodes d'exp\u00e9dition<\/h4><p>La plupart de nos produits ont un d\u00e9lai de pr\u00e9paration de 24\/48. Il est m\u00eame possible que votre commande soit exp\u00e9di\u00e9e le jour ouvrable suivant si elle ne comprend que des produits \u00e0 exp\u00e9dition imm\u00e9diate et qu'elle a \u00e9t\u00e9 pay\u00e9e avant midi.<br \/>Le d\u00e9lai de livraison d\u00e9pend de la compagnie de transport du pays de destination. Veuillez noter que les d\u00e9lais indiqu\u00e9s sont indicatifs et correspondent \u00e0 des jours ouvrables, \u00e0 l'exclusion des week-ends et des jours f\u00e9ri\u00e9s.<\/p><h4>Frais d'exp\u00e9dition<\/h4><p>Les frais de port sont calcul\u00e9s en fonction du poids total de la commande et du lieu de livraison. Les tarifs seront affich\u00e9s lors de la commande.<br \/>La livraison est gratuite \u00e0 partir de 50 euros au Portugal et de 150 euros \u00e0 l'\u00e9tranger.<\/p>\t\t\t\t\t\t\t\t<\/div>\n\t\t\t\t<\/div>\n\t\t\t\t<\/div>\n\t\t<div class=\"elementor-element elementor-element-457e08d e-con-full e-flex e-con e-child\" data-id=\"457e08d\" data-element_type=\"container\" data-e-type=\"container\">\n\t\t\t\t<div class=\"elementor-element elementor-element-189b18b elementor-widget elementor-widget-text-editor\" data-id=\"189b18b\" data-element_type=\"widget\" data-e-type=\"widget\" data-widget_type=\"text-editor.default\">\n\t\t\t\t<div class=\"elementor-widget-container\">\n\t\t\t\t\t\t\t\t\t<h4>Suivi des colis<\/h4><p>D\u00e8s que votre commande est exp\u00e9di\u00e9e, vous recevez un e-mail de confirmation avec un num\u00e9ro de suivi.<br \/>Vous pouvez suivre la livraison de votre commande sur le site web du transporteur ou sur notre site web.<\/p><h4>Livraison<\/h4><p>La livraison sera effectu\u00e9e \u00e0 l'adresse fournie au moment de l'achat. Assurez-vous que l'adresse est correcte pour \u00e9viter tout retard.<br \/>Si personne n'est disponible pour r\u00e9ceptionner le colis, le transporteur laissera une notification avec des instructions pour une nouvelle tentative de livraison ou un enl\u00e8vement au lieu le plus proche.<\/p><h4>Probl\u00e8mes de livraison<\/h4><p>Si votre commande n'arrive pas dans les d\u00e9lais pr\u00e9vus, veuillez contacter notre service client\u00e8le \u00e0 l'adresse geral@vlatelie.com.<br \/>En cas de produits endommag\u00e9s ou perdus, nous nous efforcerons de r\u00e9soudre rapidement la situation en proposant un remboursement ou une r\u00e9exp\u00e9dition.<\/p>\t\t\t\t\t\t\t\t<\/div>\n\t\t\t\t<\/div>\n\t\t\t\t<\/div>\n\t\t\t\t\t<\/div>\n\t\t\t\t<\/div>\n\t\t<div class=\"elementor-element elementor-element-a1766be e-flex e-con-boxed e-con e-parent\" data-id=\"a1766be\" data-element_type=\"container\" data-e-type=\"container\">\n\t\t\t\t\t<div class=\"e-con-inner\">\n\t\t\t\t<div class=\"elementor-element elementor-element-c8ed6f7 elementor-widget-divider--separator-type-pattern elementor-widget-divider--no-spacing elementor-widget-divider--view-line elementor-widget elementor-widget-divider\" data-id=\"c8ed6f7\" data-element_type=\"widget\" data-e-type=\"widget\" data-widget_type=\"divider.default\">\n\t\t\t\t<div class=\"elementor-widget-container\">\n\t\t\t\t\t\t\t<div class=\"elementor-divider\" style=\"--divider-pattern-url: url(&quot;data:image\/svg+xml,%3Csvg xmlns=&#039;http:\/\/www.w3.org\/2000\/svg&#039; preserveAspectRatio=&#039;xMidYMid meet&#039; overflow=&#039;visible&#039; height=&#039;100%&#039; viewBox=&#039;0 0 126 26&#039; fill=&#039;black&#039; stroke=&#039;none&#039;%3E%3Cpath d=&#039;M111.9,18.3v3.4H109v-3.4H111.9z M90.8,18.3v3.4H88v-3.4H90.8z M69.8,18.3v3.4h-2.9v-3.4H69.8z M48.8,18.3v3.4h-2.9v-3.4H48.8z M27.7,18.3v3.4h-2.9v-3.4H27.7z M6.7,18.3v3.4H3.8v-3.4H6.7z M46.4,4l4.3,4.8l-1.8,0l3.5,4.4l-2.2-0.1l3,3.3l-11,0.4l3.6-3.8l-2.9-0.1l3.1-4.2l-1.9,0L46.4,4z M111.4,4l2.4,4.8l-1.8,0l3.5,4.4l-2.5-0.1l3.3,3.3h-11l3.1-3.4l-2.5-0.1l3.1-4.2l-1.9,0L111.4,4z M89.9,4l2.9,4.8l-1.9,0l3.2,4.2l-2.5,0l3.5,3.5l-11-0.4l3-3.1l-2.4,0L88,8.8l-1.9,0L89.9,4z M68.6,4l3,4.4l-1.9,0.1l3.4,4.1l-2.7,0.1l3.8,3.7H63.8l2.9-3.6l-2.9,0.1L67,8.7l-2,0.1L68.6,4z M26.5,4l3,4.4l-1.9,0.1l3.7,4.7l-2.5-0.1l3.3,3.3H21l3.1-3.4l-2.5-0.1l3.2-4.3l-2,0.1L26.5,4z M4.9,4l3.7,4.8l-1.5,0l3.1,4.2L7.6,13l3.4,3.4H0l3-3.3l-2.3,0.1l3.5-4.4l-2.3,0L4.9,4z&#039;\/%3E%3C\/svg%3E&quot;);\">\n\t\t\t<span class=\"elementor-divider-separator\">\n\t\t\t\t\t\t<\/span>\n\t\t<\/div>\n\t\t\t\t\t\t<\/div>\n\t\t\t\t<\/div>\n\t\t\t\t\t<\/div>\n\t\t\t\t<\/div>\n\t\t<div class=\"elementor-element elementor-element-9d1f65a e-flex e-con-boxed e-con e-parent\" data-id=\"9d1f65a\" data-element_type=\"container\" data-e-type=\"container\">\n\t\t\t\t\t<div class=\"e-con-inner\">\n\t\t\t\t<div class=\"elementor-element elementor-element-8fd5d2a elementor-widget elementor-widget-heading\" data-id=\"8fd5d2a\" data-element_type=\"widget\" data-e-type=\"widget\" data-widget_type=\"heading.default\">\n\t\t\t\t<div class=\"elementor-widget-container\">\n\t\t\t\t\t<h3 class=\"elementor-heading-title elementor-size-default\">Articles num\u00e9riques<\/h3>\t\t\t\t<\/div>\n\t\t\t\t<\/div>\n\t\t\t\t\t<\/div>\n\t\t\t\t<\/div>\n\t\t<div class=\"elementor-element elementor-element-fb12f39 e-flex e-con-boxed e-con e-parent\" data-id=\"fb12f39\" data-element_type=\"container\" data-e-type=\"container\">\n\t\t\t\t\t<div class=\"e-con-inner\">\n\t\t<div class=\"elementor-element elementor-element-d081b7a e-con-full e-flex e-con e-child\" data-id=\"d081b7a\" data-element_type=\"container\" data-e-type=\"container\">\n\t\t\t\t<div class=\"elementor-element elementor-element-8d51554 elementor-widget elementor-widget-text-editor\" data-id=\"8d51554\" data-element_type=\"widget\" data-e-type=\"widget\" data-widget_type=\"text-editor.default\">\n\t\t\t\t<div class=\"elementor-widget-container\">\n\t\t\t\t\t\t\t\t\t<h4>Propri\u00e9t\u00e9 du contenu<\/h4><p>Tout le contenu num\u00e9rique disponible dans notre boutique est la propri\u00e9t\u00e9 exclusive de VLAteli\u00ea.<br \/>Les clients n'acqui\u00e8rent qu'une licence d'utilisation du contenu, ils n'en acqui\u00e8rent pas les droits d'auteur.<\/p><h4>Licence<\/h4><p>En achetant du contenu num\u00e9rique dans notre boutique, les clients re\u00e7oivent une licence non exclusive pour un usage personnel ou commercial, conform\u00e9ment aux conditions \u00e9tablies au moment de l'achat.<br \/>Les clients ne sont pas autoris\u00e9s \u00e0 revendre, redistribuer ou partager le contenu achet\u00e9 dans notre boutique sans l'autorisation expresse de VLAteli\u00ea.<\/p><h4><br \/>Envoi automatique et disponibilit\u00e9 des comptes<\/h4><p>Apr\u00e8s avoir effectu\u00e9 l'achat, les clients recevront automatiquement un lien de t\u00e9l\u00e9chargement ou des instructions pour acc\u00e9der au contenu num\u00e9rique qu'ils ont achet\u00e9.<br \/>En outre, le lien de t\u00e9l\u00e9chargement sera disponible dans le compte du client dans la section \"T\u00e9l\u00e9chargements\", pour un acc\u00e8s ult\u00e9rieur si n\u00e9cessaire.<br \/>L'envoi automatique se fera \u00e0 l'adresse \u00e9lectronique fournie lors de la proc\u00e9dure d'achat. Veillez \u00e0 fournir une adresse \u00e9lectronique valide pour garantir la bonne livraison des produits achet\u00e9s.<\/p><h4>Formats disponibles<\/h4><p>Le contenu num\u00e9rique disponible dans notre boutique est fourni dans diff\u00e9rents formats, notamment SVG, PNG, JPG, EPS et autres, comme indiqu\u00e9 dans la description du produit.<br \/>Les clients sont autoris\u00e9s \u00e0 t\u00e9l\u00e9charger et \u00e0 utiliser les formats fournis en fonction de leurs besoins sp\u00e9cifiques.<\/p>\t\t\t\t\t\t\t\t<\/div>\n\t\t\t\t<\/div>\n\t\t\t\t<\/div>\n\t\t<div class=\"elementor-element elementor-element-4edd842 e-con-full e-flex e-con e-child\" data-id=\"4edd842\" data-element_type=\"container\" data-e-type=\"container\">\n\t\t\t\t<div class=\"elementor-element elementor-element-50cc232 elementor-widget elementor-widget-text-editor\" data-id=\"50cc232\" data-element_type=\"widget\" data-e-type=\"widget\" data-widget_type=\"text-editor.default\">\n\t\t\t\t<div class=\"elementor-widget-container\">\n\t\t\t\t\t\t\t\t\t<h4>Utilisation responsable<\/h4><p>Les clients acceptent d'utiliser le contenu num\u00e9rique qu'ils ach\u00e8tent de mani\u00e8re responsable et \u00e9thique, sans enfreindre les droits d'auteur de tiers ni utiliser le contenu de mani\u00e8re diffamatoire, obsc\u00e8ne ou ill\u00e9gale.<\/p><h4><br \/>Droit d'auteur<\/h4><p>Tous les droits d'auteur et de propri\u00e9t\u00e9 intellectuelle sur le contenu num\u00e9rique restent la propri\u00e9t\u00e9 de VLAteli\u00ea.<br \/>Les clients ne sont pas autoris\u00e9s \u00e0 revendiquer la propri\u00e9t\u00e9 des contenus achet\u00e9s ou \u00e0 supprimer les attributions de paternit\u00e9 qui y sont associ\u00e9es.<\/p><h4><br \/>Soutien \u00e0 la client\u00e8le<\/h4><p>Nous nous engageons \u00e0 fournir une assistance \u00e0 la client\u00e8le pour les questions li\u00e9es au contenu num\u00e9rique achet\u00e9 dans notre boutique.<br \/>Les clients peuvent nous contacter via les canaux d'assistance sp\u00e9cifi\u00e9s sur notre site web pour obtenir de l'aide concernant les produits qu'ils ont achet\u00e9s.<\/p><h4><br \/>Remboursements et \u00e9changes<\/h4><p>Nous n'offrons des remboursements ou des \u00e9changes de contenu num\u00e9rique qu'en cas de d\u00e9fauts techniques ou d'\u00e9checs de livraison.<br \/>Les clients doivent nous contacter dans les 7 jours suivant l'achat pour demander un remboursement ou un \u00e9change et fournir des d\u00e9tails pertinents sur le probl\u00e8me rencontr\u00e9.<\/p><h4><br \/>Modifications de la politique<\/h4><p>Nous nous r\u00e9servons le droit de modifier cette politique \u00e0 tout moment et sans pr\u00e9avis.<br \/>Les modifications entreront en vigueur imm\u00e9diatement apr\u00e8s leur publication sur notre site web, et les clients sont encourag\u00e9s \u00e0 consulter r\u00e9guli\u00e8rement notre politique pour prendre connaissance des \u00e9ventuelles mises \u00e0 jour.<\/p>\t\t\t\t\t\t\t\t<\/div>\n\t\t\t\t<\/div>\n\t\t\t\t<\/div>\n\t\t\t\t\t<\/div>\n\t\t\t\t<\/div>\n\t\t\t\t<\/div>","protected":false},"excerpt":{"rendered":"<p>Pol\u00edtica de Envio e Entrega Artigos f\u00edsicos Processamento do Pedido Todos os pedidos s\u00e3o processados em at\u00e9 2 dias \u00fateis ap\u00f3s a confirma\u00e7\u00e3o do pagamento.Pedidos realizados aos fins de semana ou feriados ser\u00e3o processados no pr\u00f3ximo dia \u00fatil.Artigos que requerem personaliza\u00e7\u00e3o a estimativa \u00e9 que sejam processados o envio em at\u00e9 5 dias. M\u00e9todos de [&hellip;]<\/p>","protected":false},"author":1,"featured_media":0,"parent":0,"menu_order":0,"comment_status":"closed","ping_status":"closed","template":"","meta":{"footnotes":""},"class_list":["post-16207","page","type-page","status-publish","hentry"],"blocksy_meta":[],"yoast_head":"<!-- This site is optimized with the Yoast SEO Premium plugin v27.2 (Yoast SEO v27.2) - https:\/\/yoast.com\/product\/yoast-seo-premium-wordpress\/ -->\n<title>Pol\u00edtica de Envio e Entrega - VLAteli\u00ea e Ateli\u00ea da Decora\u00e7\u00e3o<\/title>\n<meta name=\"robots\" content=\"index, follow, max-snippet:-1, max-image-preview:large, max-video-preview:-1\" \/>\n<link rel=\"canonical\" href=\"https:\/\/vlatelie.com\/fr\/expedition-et-livraison\/\" \/>\n<meta property=\"og:locale\" content=\"fr_FR\" \/>\n<meta property=\"og:type\" content=\"article\" \/>\n<meta property=\"og:title\" content=\"Pol\u00edtica de Envio e Entrega\" \/>\n<meta property=\"og:description\" content=\"Pol\u00edtica de Envio e Entrega Artigos f\u00edsicos Processamento do Pedido Todos os pedidos s\u00e3o processados em at\u00e9 2 dias \u00fateis ap\u00f3s a confirma\u00e7\u00e3o do pagamento.Pedidos realizados aos fins de semana ou feriados ser\u00e3o processados no pr\u00f3ximo dia \u00fatil.Artigos que requerem personaliza\u00e7\u00e3o a estimativa \u00e9 que sejam processados o envio em at\u00e9 5 dias. M\u00e9todos de [&hellip;]\" \/>\n<meta property=\"og:url\" content=\"https:\/\/vlatelie.com\/fr\/expedition-et-livraison\/\" \/>\n<meta property=\"og:site_name\" content=\"VLAteli\u00ea e Ateli\u00ea da Decora\u00e7\u00e3o\" \/>\n<meta property=\"article:publisher\" content=\"https:\/\/www.facebook.com\/ateliedadecora\" \/>\n<meta property=\"article:modified_time\" content=\"2025-07-25T10:15:56+00:00\" \/>\n<meta property=\"og:image\" content=\"https:\/\/vlatelie.com\/wp-content\/uploads\/2025\/07\/banner_home_vlatelie.webp\" \/>\n\t<meta property=\"og:image:width\" content=\"1200\" \/>\n\t<meta property=\"og:image:height\" content=\"675\" \/>\n\t<meta property=\"og:image:type\" content=\"image\/webp\" \/>\n<meta name=\"twitter:card\" content=\"summary_large_image\" \/>\n<meta name=\"twitter:label1\" content=\"Dur\u00e9e de lecture estim\u00e9e\" \/>\n\t<meta name=\"twitter:data1\" content=\"5 minutes\" \/>\n<script type=\"application\/ld+json\" class=\"yoast-schema-graph\">{\"@context\":\"https:\/\/schema.org\",\"@graph\":[{\"@type\":\"WebPage\",\"@id\":\"https:\/\/vlatelie.com\/fr\/expedition-et-livraison\/\",\"url\":\"https:\/\/vlatelie.com\/fr\/expedition-et-livraison\/\",\"name\":\"Pol\u00edtica de Envio e Entrega - VLAteli\u00ea e Ateli\u00ea da Decora\u00e7\u00e3o\",\"isPartOf\":{\"@id\":\"https:\/\/vlatelie.com\/es\/#website\"},\"datePublished\":\"2024-05-18T15:19:10+00:00\",\"dateModified\":\"2025-07-25T10:15:56+00:00\",\"breadcrumb\":{\"@id\":\"https:\/\/vlatelie.com\/fr\/expedition-et-livraison\/#breadcrumb\"},\"inLanguage\":\"fr-FR\",\"potentialAction\":[{\"@type\":\"ReadAction\",\"target\":[\"https:\/\/vlatelie.com\/fr\/expedition-et-livraison\/\"]}]},{\"@type\":\"BreadcrumbList\",\"@id\":\"https:\/\/vlatelie.com\/fr\/expedition-et-livraison\/#breadcrumb\",\"itemListElement\":[{\"@type\":\"ListItem\",\"position\":1,\"name\":\"In\u00edcio\",\"item\":\"https:\/\/vlatelie.com\/fr\/\"},{\"@type\":\"ListItem\",\"position\":2,\"name\":\"Pol\u00edtica de Envio e Entrega\"}]},{\"@type\":\"WebSite\",\"@id\":\"https:\/\/vlatelie.com\/es\/#website\",\"url\":\"https:\/\/vlatelie.com\/es\/\",\"name\":\"VLAteli\u00ea e Ateli\u00ea da Decora\u00e7\u00e3o\",\"description\":\"Onde cada pe\u00e7a conta uma hist\u00f3ria\",\"publisher\":{\"@id\":\"https:\/\/vlatelie.com\/es\/#organization\"},\"alternateName\":\"VLAteli\u00ea\",\"potentialAction\":[{\"@type\":\"SearchAction\",\"target\":{\"@type\":\"EntryPoint\",\"urlTemplate\":\"https:\/\/vlatelie.com\/es\/?s={search_term_string}\"},\"query-input\":{\"@type\":\"PropertyValueSpecification\",\"valueRequired\":true,\"valueName\":\"search_term_string\"}}],\"inLanguage\":\"fr-FR\"},{\"@type\":\"Organization\",\"@id\":\"https:\/\/vlatelie.com\/es\/#organization\",\"name\":\"VLAteli\u00ea e Ateli\u00ea da Decora\u00e7\u00e3o\",\"url\":\"https:\/\/vlatelie.com\/es\/\",\"logo\":{\"@type\":\"ImageObject\",\"inLanguage\":\"fr-FR\",\"@id\":\"https:\/\/vlatelie.com\/es\/#\/schema\/logo\/image\/\",\"url\":\"https:\/\/vlatelie.com\/wp-content\/uploads\/2024\/03\/logo_vlatelie_pink.svg\",\"contentUrl\":\"https:\/\/vlatelie.com\/wp-content\/uploads\/2024\/03\/logo_vlatelie_pink.svg\",\"width\":377,\"height\":127,\"caption\":\"VLAteli\u00ea e Ateli\u00ea da Decora\u00e7\u00e3o\"},\"image\":{\"@id\":\"https:\/\/vlatelie.com\/es\/#\/schema\/logo\/image\/\"},\"sameAs\":[\"https:\/\/www.facebook.com\/ateliedadecora\",\"https:\/\/www.instagram.com\/ateliedadecora\"],\"hasMerchantReturnPolicy\":{\"@type\":\"MerchantReturnPolicy\",\"merchantReturnLink\":\"https:\/\/vlatelie.com\/fr\/politique-de-retour-et-de-remboursement\/\"}}]}<\/script>\n<!-- \/ Yoast SEO Premium plugin. -->","yoast_head_json":{"title":"Politique d'exp\u00e9dition et de livraison - VLAteli\u00ea et Ateli\u00ea da Decora\u00e7\u00e3o","robots":{"index":"index","follow":"follow","max-snippet":"max-snippet:-1","max-image-preview":"max-image-preview:large","max-video-preview":"max-video-preview:-1"},"canonical":"https:\/\/vlatelie.com\/fr\/expedition-et-livraison\/","og_locale":"fr_FR","og_type":"article","og_title":"Pol\u00edtica de Envio e Entrega","og_description":"Pol\u00edtica de Envio e Entrega Artigos f\u00edsicos Processamento do Pedido Todos os pedidos s\u00e3o processados em at\u00e9 2 dias \u00fateis ap\u00f3s a confirma\u00e7\u00e3o do pagamento.Pedidos realizados aos fins de semana ou feriados ser\u00e3o processados no pr\u00f3ximo dia \u00fatil.Artigos que requerem personaliza\u00e7\u00e3o a estimativa \u00e9 que sejam processados o envio em at\u00e9 5 dias. M\u00e9todos de [&hellip;]","og_url":"https:\/\/vlatelie.com\/fr\/expedition-et-livraison\/","og_site_name":"VLAteli\u00ea e Ateli\u00ea da Decora\u00e7\u00e3o","article_publisher":"https:\/\/www.facebook.com\/ateliedadecora","article_modified_time":"2025-07-25T10:15:56+00:00","og_image":[{"width":1200,"height":675,"url":"https:\/\/vlatelie.com\/wp-content\/uploads\/2025\/07\/banner_home_vlatelie.webp","type":"image\/webp"}],"twitter_card":"summary_large_image","twitter_misc":{"Dur\u00e9e de lecture estim\u00e9e":"5 minutes"},"schema":{"@context":"https:\/\/schema.org","@graph":[{"@type":"WebPage","@id":"https:\/\/vlatelie.com\/fr\/expedition-et-livraison\/","url":"https:\/\/vlatelie.com\/fr\/expedition-et-livraison\/","name":"Politique d'exp\u00e9dition et de livraison - VLAteli\u00ea et Ateli\u00ea da Decora\u00e7\u00e3o","isPartOf":{"@id":"https:\/\/vlatelie.com\/es\/#website"},"datePublished":"2024-05-18T15:19:10+00:00","dateModified":"2025-07-25T10:15:56+00:00","breadcrumb":{"@id":"https:\/\/vlatelie.com\/fr\/expedition-et-livraison\/#breadcrumb"},"inLanguage":"fr-FR","potentialAction":[{"@type":"ReadAction","target":["https:\/\/vlatelie.com\/fr\/expedition-et-livraison\/"]}]},{"@type":"BreadcrumbList","@id":"https:\/\/vlatelie.com\/fr\/expedition-et-livraison\/#breadcrumb","itemListElement":[{"@type":"ListItem","position":1,"name":"In\u00edcio","item":"https:\/\/vlatelie.com\/fr\/"},{"@type":"ListItem","position":2,"name":"Pol\u00edtica de Envio e Entrega"}]},{"@type":"WebSite","@id":"https:\/\/vlatelie.com\/es\/#website","url":"https:\/\/vlatelie.com\/es\/","name":"VLAteli\u00ea et Ateli\u00ea da Decora\u00e7\u00e3o","description":"O\u00f9 chaque pi\u00e8ce raconte une histoire","publisher":{"@id":"https:\/\/vlatelie.com\/es\/#organization"},"alternateName":"VLAteli\u00ea","potentialAction":[{"@type":"SearchAction","target":{"@type":"EntryPoint","urlTemplate":"https:\/\/vlatelie.com\/es\/?s={search_term_string}"},"query-input":{"@type":"PropertyValueSpecification","valueRequired":true,"valueName":"search_term_string"}}],"inLanguage":"fr-FR"},{"@type":"Organization","@id":"https:\/\/vlatelie.com\/es\/#organization","name":"VLAteli\u00ea et Ateli\u00ea da Decora\u00e7\u00e3o","url":"https:\/\/vlatelie.com\/es\/","logo":{"@type":"ImageObject","inLanguage":"fr-FR","@id":"https:\/\/vlatelie.com\/es\/#\/schema\/logo\/image\/","url":"https:\/\/vlatelie.com\/wp-content\/uploads\/2024\/03\/logo_vlatelie_pink.svg","contentUrl":"https:\/\/vlatelie.com\/wp-content\/uploads\/2024\/03\/logo_vlatelie_pink.svg","width":377,"height":127,"caption":"VLAteli\u00ea e Ateli\u00ea da Decora\u00e7\u00e3o"},"image":{"@id":"https:\/\/vlatelie.com\/es\/#\/schema\/logo\/image\/"},"sameAs":["https:\/\/www.facebook.com\/ateliedadecora","https:\/\/www.instagram.com\/ateliedadecora"],"hasMerchantReturnPolicy":{"@type":"MerchantReturnPolicy","merchantReturnLink":"https:\/\/vlatelie.com\/fr\/politique-de-retour-et-de-remboursement\/"}}]}},"_links":{"self":[{"href":"https:\/\/vlatelie.com\/fr\/wp-json\/wp\/v2\/pages\/16207","targetHints":{"allow":["GET"]}}],"collection":[{"href":"https:\/\/vlatelie.com\/fr\/wp-json\/wp\/v2\/pages"}],"about":[{"href":"https:\/\/vlatelie.com\/fr\/wp-json\/wp\/v2\/types\/page"}],"author":[{"embeddable":true,"href":"https:\/\/vlatelie.com\/fr\/wp-json\/wp\/v2\/users\/1"}],"replies":[{"embeddable":true,"href":"https:\/\/vlatelie.com\/fr\/wp-json\/wp\/v2\/comments?post=16207"}],"version-history":[{"count":0,"href":"https:\/\/vlatelie.com\/fr\/wp-json\/wp\/v2\/pages\/16207\/revisions"}],"wp:attachment":[{"href":"https:\/\/vlatelie.com\/fr\/wp-json\/wp\/v2\/media?parent=16207"}],"curies":[{"name":"wp","href":"https:\/\/api.w.org\/{rel}","templated":true}]}}