{"id":47,"date":"2024-08-26T12:22:07","date_gmt":"2024-08-26T11:22:07","guid":{"rendered":"http:\/\/dummy.xtemos.com\/woodmart2\/elementor\/?page_id=47"},"modified":"2025-07-22T20:19:02","modified_gmt":"2025-07-22T23:19:02","slug":"boutique","status":"publish","type":"page","link":"https:\/\/vlatelie.com\/fr\/boutique\/","title":{"rendered":"Boutique"},"content":{"rendered":"","protected":false},"excerpt":{"rendered":"","protected":false},"author":1,"featured_media":423,"parent":0,"menu_order":0,"comment_status":"closed","ping_status":"closed","template":"","meta":{"footnotes":""},"class_list":["post-47","page","type-page","status-publish","has-post-thumbnail","hentry"],"blocksy_meta":[],"yoast_head":"<!-- This site is optimized with the Yoast SEO Premium plugin v27.2 (Yoast SEO v27.2) - https:\/\/yoast.com\/product\/yoast-seo-premium-wordpress\/ -->\n<title>Arquivo Pages - VLAteli\u00ea e Ateli\u00ea da Decora\u00e7\u00e3o<\/title>\n<meta name=\"description\" content=\"Onde cada pe\u00e7a conta uma hist\u00f3ria, cada aroma inspira uma jornada. Encontre a decora\u00e7\u00e3o ideal para seu lar.\" \/>\n<meta name=\"robots\" content=\"index, follow, max-snippet:-1, max-image-preview:large, max-video-preview:-1\" \/>\n<link rel=\"canonical\" href=\"https:\/\/floralwhite-whale-967499.hostingersite.com\/en\/shop\/\" \/>\n<meta property=\"og:locale\" content=\"fr_FR\" \/>\n<meta property=\"og:type\" content=\"article\" \/>\n<meta property=\"og:title\" content=\"Shop\" \/>\n<meta property=\"og:description\" content=\"Onde cada pe\u00e7a conta uma hist\u00f3ria, cada aroma inspira uma jornada. Encontre a decora\u00e7\u00e3o ideal para seu lar.\" \/>\n<meta property=\"og:url\" content=\"https:\/\/floralwhite-whale-967499.hostingersite.com\/en\/shop\/\" \/>\n<meta property=\"og:site_name\" content=\"VLAteli\u00ea e Ateli\u00ea da Decora\u00e7\u00e3o\" \/>\n<meta property=\"article:publisher\" content=\"https:\/\/www.facebook.com\/ateliedadecora\" \/>\n<meta property=\"article:modified_time\" content=\"2025-07-22T23:19:02+00:00\" \/>\n<meta property=\"og:image\" content=\"https:\/\/floralwhite-whale-967499.hostingersite.com\/wp-content\/uploads\/2024\/05\/shop-hero-image.webp\" \/>\n\t<meta property=\"og:image:width\" content=\"1943\" \/>\n\t<meta property=\"og:image:height\" content=\"525\" \/>\n\t<meta property=\"og:image:type\" content=\"image\/webp\" \/>\n<meta name=\"twitter:card\" content=\"summary_large_image\" \/>\n<meta name=\"twitter:label1\" content=\"Dur\u00e9e de lecture estim\u00e9e\" \/>\n\t<meta name=\"twitter:data1\" content=\"1 minute\" \/>\n<script type=\"application\/ld+json\" class=\"yoast-schema-graph\">{\"@context\":\"https:\/\/schema.org\",\"@graph\":[{\"@type\":\"WebPage\",\"@id\":\"https:\/\/floralwhite-whale-967499.hostingersite.com\/en\/shop\/\",\"url\":\"https:\/\/floralwhite-whale-967499.hostingersite.com\/en\/shop\/\",\"name\":\"Arquivo Pages - VLAteli\u00ea e Ateli\u00ea da Decora\u00e7\u00e3o\",\"isPartOf\":{\"@id\":\"https:\/\/vlatelie.com\/en\/#website\"},\"primaryImageOfPage\":{\"@id\":\"https:\/\/floralwhite-whale-967499.hostingersite.com\/en\/shop\/#primaryimage\"},\"image\":{\"@id\":\"https:\/\/floralwhite-whale-967499.hostingersite.com\/en\/shop\/#primaryimage\"},\"thumbnailUrl\":\"https:\/\/vlatelie.com\/wp-content\/uploads\/2024\/05\/shop-hero-image.webp\",\"datePublished\":\"2024-08-26T11:22:07+00:00\",\"dateModified\":\"2025-07-22T23:19:02+00:00\",\"description\":\"Onde cada pe\u00e7a conta uma hist\u00f3ria, cada aroma inspira uma jornada. Encontre a decora\u00e7\u00e3o ideal para seu lar.\",\"breadcrumb\":{\"@id\":\"https:\/\/floralwhite-whale-967499.hostingersite.com\/en\/shop\/#breadcrumb\"},\"inLanguage\":\"fr-FR\",\"potentialAction\":[{\"@type\":\"ReadAction\",\"target\":[\"https:\/\/floralwhite-whale-967499.hostingersite.com\/en\/shop\/\"]}]},{\"@type\":\"ImageObject\",\"inLanguage\":\"fr-FR\",\"@id\":\"https:\/\/floralwhite-whale-967499.hostingersite.com\/en\/shop\/#primaryimage\",\"url\":\"https:\/\/vlatelie.com\/wp-content\/uploads\/2024\/05\/shop-hero-image.webp\",\"contentUrl\":\"https:\/\/vlatelie.com\/wp-content\/uploads\/2024\/05\/shop-hero-image.webp\",\"width\":1943,\"height\":525,\"caption\":\"poltronas e cadeiras somente no VLAteli\u00ea\"},{\"@type\":\"BreadcrumbList\",\"@id\":\"https:\/\/floralwhite-whale-967499.hostingersite.com\/en\/shop\/#breadcrumb\",\"itemListElement\":[{\"@type\":\"ListItem\",\"position\":1,\"name\":\"In\u00edcio\",\"item\":\"https:\/\/vlatelie.com\/en\/\"},{\"@type\":\"ListItem\",\"position\":2,\"name\":\"Shop\"}]},{\"@type\":\"WebSite\",\"@id\":\"https:\/\/vlatelie.com\/en\/#website\",\"url\":\"https:\/\/vlatelie.com\/en\/\",\"name\":\"VLAteli\u00ea e Ateli\u00ea da Decora\u00e7\u00e3o\",\"description\":\"Onde cada pe\u00e7a conta uma hist\u00f3ria\",\"publisher\":{\"@id\":\"https:\/\/vlatelie.com\/en\/#organization\"},\"alternateName\":\"VLAteli\u00ea\",\"potentialAction\":[{\"@type\":\"SearchAction\",\"target\":{\"@type\":\"EntryPoint\",\"urlTemplate\":\"https:\/\/vlatelie.com\/en\/?s={search_term_string}\"},\"query-input\":{\"@type\":\"PropertyValueSpecification\",\"valueRequired\":true,\"valueName\":\"search_term_string\"}}],\"inLanguage\":\"fr-FR\"},{\"@type\":\"Organization\",\"@id\":\"https:\/\/vlatelie.com\/en\/#organization\",\"name\":\"VLAteli\u00ea e Ateli\u00ea da Decora\u00e7\u00e3o\",\"url\":\"https:\/\/vlatelie.com\/en\/\",\"logo\":{\"@type\":\"ImageObject\",\"inLanguage\":\"fr-FR\",\"@id\":\"https:\/\/vlatelie.com\/en\/#\/schema\/logo\/image\/\",\"url\":\"https:\/\/vlatelie.com\/wp-content\/uploads\/2024\/03\/logo_vlatelie_pink.svg\",\"contentUrl\":\"https:\/\/vlatelie.com\/wp-content\/uploads\/2024\/03\/logo_vlatelie_pink.svg\",\"width\":377,\"height\":127,\"caption\":\"VLAteli\u00ea e Ateli\u00ea da Decora\u00e7\u00e3o\"},\"image\":{\"@id\":\"https:\/\/vlatelie.com\/en\/#\/schema\/logo\/image\/\"},\"sameAs\":[\"https:\/\/www.facebook.com\/ateliedadecora\",\"https:\/\/www.instagram.com\/ateliedadecora\"],\"hasMerchantReturnPolicy\":{\"@type\":\"MerchantReturnPolicy\",\"merchantReturnLink\":\"https:\/\/vlatelie.com\/fr\/politique-de-retour-et-de-remboursement\/\"}}]}<\/script>\n<!-- \/ Yoast SEO Premium plugin. -->","yoast_head_json":{"title":"Pages d'archives - VLAteli\u00ea et Ateli\u00ea da Decora\u00e7\u00e3o","description":"L\u00e0 o\u00f9 chaque pi\u00e8ce raconte une histoire, chaque parfum inspire un voyage. Trouvez la d\u00e9coration id\u00e9ale pour votre maison.","robots":{"index":"index","follow":"follow","max-snippet":"max-snippet:-1","max-image-preview":"max-image-preview:large","max-video-preview":"max-video-preview:-1"},"canonical":"https:\/\/floralwhite-whale-967499.hostingersite.com\/en\/shop\/","og_locale":"fr_FR","og_type":"article","og_title":"Shop","og_description":"Onde cada pe\u00e7a conta uma hist\u00f3ria, cada aroma inspira uma jornada. Encontre a decora\u00e7\u00e3o ideal para seu lar.","og_url":"https:\/\/floralwhite-whale-967499.hostingersite.com\/en\/shop\/","og_site_name":"VLAteli\u00ea e Ateli\u00ea da Decora\u00e7\u00e3o","article_publisher":"https:\/\/www.facebook.com\/ateliedadecora","article_modified_time":"2025-07-22T23:19:02+00:00","og_image":[{"width":1943,"height":525,"url":"https:\/\/floralwhite-whale-967499.hostingersite.com\/wp-content\/uploads\/2024\/05\/shop-hero-image.webp","type":"image\/webp"}],"twitter_card":"summary_large_image","twitter_misc":{"Dur\u00e9e de lecture estim\u00e9e":"1 minute"},"schema":{"@context":"https:\/\/schema.org","@graph":[{"@type":"WebPage","@id":"https:\/\/floralwhite-whale-967499.hostingersite.com\/en\/shop\/","url":"https:\/\/floralwhite-whale-967499.hostingersite.com\/en\/shop\/","name":"Pages d'archives - VLAteli\u00ea et Ateli\u00ea da Decora\u00e7\u00e3o","isPartOf":{"@id":"https:\/\/vlatelie.com\/en\/#website"},"primaryImageOfPage":{"@id":"https:\/\/floralwhite-whale-967499.hostingersite.com\/en\/shop\/#primaryimage"},"image":{"@id":"https:\/\/floralwhite-whale-967499.hostingersite.com\/en\/shop\/#primaryimage"},"thumbnailUrl":"https:\/\/vlatelie.com\/wp-content\/uploads\/2024\/05\/shop-hero-image.webp","datePublished":"2024-08-26T11:22:07+00:00","dateModified":"2025-07-22T23:19:02+00:00","description":"L\u00e0 o\u00f9 chaque pi\u00e8ce raconte une histoire, chaque parfum inspire un voyage. Trouvez la d\u00e9coration id\u00e9ale pour votre maison.","breadcrumb":{"@id":"https:\/\/floralwhite-whale-967499.hostingersite.com\/en\/shop\/#breadcrumb"},"inLanguage":"fr-FR","potentialAction":[{"@type":"ReadAction","target":["https:\/\/floralwhite-whale-967499.hostingersite.com\/en\/shop\/"]}]},{"@type":"ImageObject","inLanguage":"fr-FR","@id":"https:\/\/floralwhite-whale-967499.hostingersite.com\/en\/shop\/#primaryimage","url":"https:\/\/vlatelie.com\/wp-content\/uploads\/2024\/05\/shop-hero-image.webp","contentUrl":"https:\/\/vlatelie.com\/wp-content\/uploads\/2024\/05\/shop-hero-image.webp","width":1943,"height":525,"caption":"poltronas e cadeiras somente no VLAteli\u00ea"},{"@type":"BreadcrumbList","@id":"https:\/\/floralwhite-whale-967499.hostingersite.com\/en\/shop\/#breadcrumb","itemListElement":[{"@type":"ListItem","position":1,"name":"In\u00edcio","item":"https:\/\/vlatelie.com\/en\/"},{"@type":"ListItem","position":2,"name":"Shop"}]},{"@type":"WebSite","@id":"https:\/\/vlatelie.com\/en\/#website","url":"https:\/\/vlatelie.com\/en\/","name":"VLAteli\u00ea et Ateli\u00ea da Decora\u00e7\u00e3o","description":"O\u00f9 chaque pi\u00e8ce raconte une histoire","publisher":{"@id":"https:\/\/vlatelie.com\/en\/#organization"},"alternateName":"VLAteli\u00ea","potentialAction":[{"@type":"SearchAction","target":{"@type":"EntryPoint","urlTemplate":"https:\/\/vlatelie.com\/en\/?s={search_term_string}"},"query-input":{"@type":"PropertyValueSpecification","valueRequired":true,"valueName":"search_term_string"}}],"inLanguage":"fr-FR"},{"@type":"Organization","@id":"https:\/\/vlatelie.com\/en\/#organization","name":"VLAteli\u00ea et Ateli\u00ea da Decora\u00e7\u00e3o","url":"https:\/\/vlatelie.com\/en\/","logo":{"@type":"ImageObject","inLanguage":"fr-FR","@id":"https:\/\/vlatelie.com\/en\/#\/schema\/logo\/image\/","url":"https:\/\/vlatelie.com\/wp-content\/uploads\/2024\/03\/logo_vlatelie_pink.svg","contentUrl":"https:\/\/vlatelie.com\/wp-content\/uploads\/2024\/03\/logo_vlatelie_pink.svg","width":377,"height":127,"caption":"VLAteli\u00ea e Ateli\u00ea da Decora\u00e7\u00e3o"},"image":{"@id":"https:\/\/vlatelie.com\/en\/#\/schema\/logo\/image\/"},"sameAs":["https:\/\/www.facebook.com\/ateliedadecora","https:\/\/www.instagram.com\/ateliedadecora"],"hasMerchantReturnPolicy":{"@type":"MerchantReturnPolicy","merchantReturnLink":"https:\/\/vlatelie.com\/fr\/politique-de-retour-et-de-remboursement\/"}}]}},"_links":{"self":[{"href":"https:\/\/vlatelie.com\/fr\/wp-json\/wp\/v2\/pages\/47","targetHints":{"allow":["GET"]}}],"collection":[{"href":"https:\/\/vlatelie.com\/fr\/wp-json\/wp\/v2\/pages"}],"about":[{"href":"https:\/\/vlatelie.com\/fr\/wp-json\/wp\/v2\/types\/page"}],"author":[{"embeddable":true,"href":"https:\/\/vlatelie.com\/fr\/wp-json\/wp\/v2\/users\/1"}],"replies":[{"embeddable":true,"href":"https:\/\/vlatelie.com\/fr\/wp-json\/wp\/v2\/comments?post=47"}],"version-history":[{"count":0,"href":"https:\/\/vlatelie.com\/fr\/wp-json\/wp\/v2\/pages\/47\/revisions"}],"wp:featuredmedia":[{"embeddable":true,"href":"https:\/\/vlatelie.com\/fr\/wp-json\/wp\/v2\/media\/423"}],"wp:attachment":[{"href":"https:\/\/vlatelie.com\/fr\/wp-json\/wp\/v2\/media?parent=47"}],"curies":[{"name":"wp","href":"https:\/\/api.w.org\/{rel}","templated":true}]}}