{"id":16845,"date":"2024-07-08T22:10:21","date_gmt":"2024-07-08T21:10:21","guid":{"rendered":"https:\/\/vlatelie.com\/?post_type=product&#038;p=16845"},"modified":"2025-07-22T20:44:03","modified_gmt":"2025-07-22T23:44:03","slug":"coracao-riscado-telechargement-instantane-svg-png-eps-dxf-jpg-telechargement-numerique-2","status":"publish","type":"product","link":"https:\/\/vlatelie.com\/fr\/boutique\/articles-numeriques\/coracao-riscado-telechargement-instantane-svg-png-eps-dxf-jpg-telechargement-numerique-2\/","title":{"rendered":"Joyeuse citrouille \u00e0 t\u00e9l\u00e9charger instantan\u00e9ment en SVG, PNG, EPS, DXF et JPG"},"content":{"rendered":"<h1 class=\"wt-flex-grow-xs-1 wt-break-word wt-mr-lg-4 wt-text-title-larger\" title=\"SVG cheval T\u00e9l\u00e9chargement instantan\u00e9 SVG, PNG, eps, dxf, jpg t\u00e9l\u00e9chargement num\u00e9rique\">Joyeuse citrouille \u00e0 t\u00e9l\u00e9charger instantan\u00e9ment en SVG, PNG, EPS, DXF et JPG<\/h1>\n<p>Vous cherchez un moyen cr\u00e9atif de donner vie \u00e0 vos id\u00e9es ? Voici une collection d'images de haute qualit\u00e9 au format ZIP qui va r\u00e9volutionner votre cr\u00e9ativit\u00e9 !<\/p>\n<p>Ce que vous obtenez :<\/p>\n<p>\ud83d\udc55 Images \u00e0 personnaliser : une vari\u00e9t\u00e9 d'images exclusives, des illustrations sympas aux imprim\u00e9s \u00e9l\u00e9gants. Vous pouvez personnaliser des T-shirts, des mugs et bien plus encore avec ces incroyables cr\u00e9ations.<\/p>\n<p>\ud83d\udccf Tailles personnalisables : les images sont disponibles dans des formats modifiables, ce qui signifie que vous pouvez ajuster la taille en fonction de vos besoins. Cr\u00e9ez des designs parfaits pour des tailles de t-shirts, des mugs ou tout autre projet de d\u00e9coration.<\/p>\n<p>\ud83c\udfa8 Polyvalence cr\u00e9ative : outre les T-shirts et les mugs, ces images peuvent \u00eatre utilis\u00e9es dans une vari\u00e9t\u00e9 de projets cr\u00e9atifs, tels que la d\u00e9coration int\u00e9rieure, les albums photo, les cartes personnalis\u00e9es et bien plus encore.<\/p>\n<p>Pourquoi choisir nos produits ?<\/p>\n<p>Qualit\u00e9 sup\u00e9rieure : toutes les images ont \u00e9t\u00e9 soigneusement cr\u00e9\u00e9es par des designers talentueux, ce qui garantit une qualit\u00e9 d'impression optimale.<\/p>\n<p>Facilit\u00e9 d'utilisation : les fichiers ZIP sont accompagn\u00e9s d'instructions claires et sont compatibles avec les principaux programmes d'\u00e9dition graphique. Il n'est pas n\u00e9cessaire d'\u00eatre un expert pour cr\u00e9er des dessins \u00e9tonnants.<\/p>\n<p>\ud83d\udca1 Inspiration infinie : Lib\u00e9rez votre cr\u00e9ativit\u00e9 et concr\u00e9tisez vos id\u00e9es gr\u00e2ce \u00e0 ces images polyvalentes.<\/p>\n<p>Personnalisation unique : faites des cadeaux personnalis\u00e9s, des tenues uniques et ajoutez une touche d'exclusivit\u00e9 \u00e0 votre d\u00e9cor en toute simplicit\u00e9.<\/p>\n<p>\ud83c\udf1f Exprimez-vous : Vos cr\u00e9ations prendront vie et raconteront votre histoire de mani\u00e8re unique.<\/p>\n<p>\u2728 Laissez libre cours \u00e0 votre imagination et transformez vos id\u00e9es en r\u00e9alit\u00e9 !<\/p>","protected":false},"excerpt":{"rendered":"<p>Vous cherchez un moyen cr\u00e9atif de donner vie \u00e0 vos id\u00e9es ?<br \/>\nNous vous pr\u00e9sentons une collection d'images de haute qualit\u00e9 au format ZIP qui vont r\u00e9volutionner votre cr\u00e9ativit\u00e9 !<br \/>\nNous fournissons un fichier de haute qualit\u00e9 dans les formats suivants : svg, png, eps, dxf et jpg.<\/p>","protected":false},"featured_media":16846,"comment_status":"open","ping_status":"closed","template":"","meta":[],"product_brand":[],"product_cat":[29],"product_tag":[120,123,122,121,77,138,141,142,140,137],"class_list":{"0":"post-16845","1":"product","2":"type-product","3":"status-publish","4":"has-post-thumbnail","6":"product_cat-artigos-digitais","7":"product_tag-abobora-feliz","8":"product_tag-abobora-jpg","9":"product_tag-abobora-png","10":"product_tag-abobora-svg","11":"product_tag-digital-download","12":"product_tag-dxf","13":"product_tag-eps","14":"product_tag-jpg","15":"product_tag-png","16":"product_tag-svg","18":"first","19":"instock","20":"downloadable","21":"virtual","22":"sold-individually","23":"purchasable","24":"product-type-simple"},"ct_brands":[],"yoast_head":"<!-- This site is optimized with the Yoast SEO Premium plugin v27.2 (Yoast SEO v27.2) - https:\/\/yoast.com\/product\/yoast-seo-premium-wordpress\/ -->\n<title>Ab\u00f3bora Feliz para Download Imediato SVG PNG EPS DXF JPG - VLAteli\u00ea e Ateli\u00ea da Decora\u00e7\u00e3o<\/title>\n<meta name=\"description\" content=\"Abobora feliz em ficheiros nos formatos svg, png, eps, dxf e jpg. Procurando uma maneira criativa de dar vida \u00e0s suas ideias? Visite nosso site!\" \/>\n<meta name=\"robots\" content=\"index, follow, max-snippet:-1, max-image-preview:large, max-video-preview:-1\" \/>\n<link rel=\"canonical\" href=\"https:\/\/vlatelie.com\/fr\/boutique\/articles-numeriques\/coracao-riscado-telechargement-instantane-svg-png-eps-dxf-jpg-telechargement-numerique-2\/\" \/>\n<meta property=\"og:locale\" content=\"fr_FR\" \/>\n<meta property=\"og:type\" content=\"article\" \/>\n<meta property=\"og:title\" content=\"Ab\u00f3bora Feliz para Download Imediato em SVG, PNG, EPS, DXF e JPG\" \/>\n<meta property=\"og:description\" content=\"Abobora feliz em ficheiros nos formatos svg, png, eps, dxf e jpg. Procurando uma maneira criativa de dar vida \u00e0s suas ideias? Visite nosso site!\" \/>\n<meta property=\"og:url\" content=\"https:\/\/vlatelie.com\/fr\/boutique\/articles-numeriques\/coracao-riscado-telechargement-instantane-svg-png-eps-dxf-jpg-telechargement-numerique-2\/\" \/>\n<meta property=\"og:site_name\" content=\"VLAteli\u00ea e Ateli\u00ea da Decora\u00e7\u00e3o\" \/>\n<meta property=\"article:publisher\" content=\"https:\/\/www.facebook.com\/ateliedadecora\" \/>\n<meta property=\"article:modified_time\" content=\"2025-07-22T23:44:03+00:00\" \/>\n<meta property=\"og:image\" content=\"https:\/\/vlatelie.com\/wp-content\/uploads\/2024\/07\/abobora_feliz.jpg\" \/>\n\t<meta property=\"og:image:width\" content=\"600\" \/>\n\t<meta property=\"og:image:height\" content=\"600\" \/>\n\t<meta property=\"og:image:type\" content=\"image\/jpeg\" \/>\n<meta name=\"twitter:card\" content=\"summary_large_image\" \/>\n<meta name=\"twitter:label1\" content=\"Prix\" \/>\n\t<meta name=\"twitter:data1\" content=\"0,81&#036;\" \/>\n\t<meta name=\"twitter:label2\" content=\"Disponibilit\u00e9\" \/>\n\t<meta name=\"twitter:data2\" content=\"En stock\" \/>\n<script type=\"application\/ld+json\" class=\"yoast-schema-graph\">{\"@context\":\"https:\/\/schema.org\",\"@graph\":[{\"@type\":[\"WebPage\",\"ItemPage\"],\"@id\":\"https:\/\/vlatelie.com\/fr\/boutique\/articles-numeriques\/coracao-riscado-telechargement-instantane-svg-png-eps-dxf-jpg-telechargement-numerique-2\/\",\"url\":\"https:\/\/vlatelie.com\/fr\/boutique\/articles-numeriques\/coracao-riscado-telechargement-instantane-svg-png-eps-dxf-jpg-telechargement-numerique-2\/\",\"name\":\"Ab\u00f3bora Feliz para Download Imediato SVG PNG EPS DXF JPG - VLAteli\u00ea e Ateli\u00ea da Decora\u00e7\u00e3o\",\"isPartOf\":{\"@id\":\"https:\/\/vlatelie.com\/es\/#website\"},\"primaryImageOfPage\":{\"@id\":\"https:\/\/vlatelie.com\/fr\/boutique\/articles-numeriques\/coracao-riscado-telechargement-instantane-svg-png-eps-dxf-jpg-telechargement-numerique-2\/#primaryimage\"},\"image\":{\"@id\":\"https:\/\/vlatelie.com\/fr\/boutique\/articles-numeriques\/coracao-riscado-telechargement-instantane-svg-png-eps-dxf-jpg-telechargement-numerique-2\/#primaryimage\"},\"thumbnailUrl\":\"https:\/\/vlatelie.com\/wp-content\/uploads\/2024\/07\/abobora_feliz.jpg\",\"datePublished\":\"2024-07-08T21:10:21+00:00\",\"dateModified\":\"2025-07-22T23:44:03+00:00\",\"description\":\"Abobora feliz em ficheiros nos formatos svg, png, eps, dxf e jpg. Procurando uma maneira criativa de dar vida \u00e0s suas ideias? Visite nosso site!\",\"breadcrumb\":{\"@id\":\"https:\/\/vlatelie.com\/fr\/boutique\/articles-numeriques\/coracao-riscado-telechargement-instantane-svg-png-eps-dxf-jpg-telechargement-numerique-2\/#breadcrumb\"},\"inLanguage\":\"fr-FR\",\"potentialAction\":[{\"@type\":\"ReadAction\",\"target\":[\"https:\/\/vlatelie.com\/fr\/boutique\/articles-numeriques\/coracao-riscado-telechargement-instantane-svg-png-eps-dxf-jpg-telechargement-numerique-2\/\"]}]},{\"@type\":\"ImageObject\",\"inLanguage\":\"fr-FR\",\"@id\":\"https:\/\/vlatelie.com\/fr\/boutique\/articles-numeriques\/coracao-riscado-telechargement-instantane-svg-png-eps-dxf-jpg-telechargement-numerique-2\/#primaryimage\",\"url\":\"https:\/\/vlatelie.com\/wp-content\/uploads\/2024\/07\/abobora_feliz.jpg\",\"contentUrl\":\"https:\/\/vlatelie.com\/wp-content\/uploads\/2024\/07\/abobora_feliz.jpg\",\"width\":600,\"height\":600,\"caption\":\"abobora feliz, ficheiro png svg jpg\"},{\"@type\":\"BreadcrumbList\",\"@id\":\"https:\/\/vlatelie.com\/fr\/boutique\/articles-numeriques\/coracao-riscado-telechargement-instantane-svg-png-eps-dxf-jpg-telechargement-numerique-2\/#breadcrumb\",\"itemListElement\":[{\"@type\":\"ListItem\",\"position\":1,\"name\":\"In\u00edcio\",\"item\":\"https:\/\/vlatelie.com\/fr\/\"},{\"@type\":\"ListItem\",\"position\":2,\"name\":\"Shop\",\"item\":\"https:\/\/vlatelie.com\/es\/tienda\/\"},{\"@type\":\"ListItem\",\"position\":3,\"name\":\"Ab\u00f3bora Feliz para Download Imediato em SVG, PNG, EPS, DXF e JPG\"}]},{\"@type\":\"WebSite\",\"@id\":\"https:\/\/vlatelie.com\/es\/#website\",\"url\":\"https:\/\/vlatelie.com\/es\/\",\"name\":\"VLAteli\u00ea e Ateli\u00ea da Decora\u00e7\u00e3o\",\"description\":\"Onde cada pe\u00e7a conta uma hist\u00f3ria\",\"publisher\":{\"@id\":\"https:\/\/vlatelie.com\/es\/#organization\"},\"alternateName\":\"VLAteli\u00ea\",\"potentialAction\":[{\"@type\":\"SearchAction\",\"target\":{\"@type\":\"EntryPoint\",\"urlTemplate\":\"https:\/\/vlatelie.com\/es\/?s={search_term_string}\"},\"query-input\":{\"@type\":\"PropertyValueSpecification\",\"valueRequired\":true,\"valueName\":\"search_term_string\"}}],\"inLanguage\":\"fr-FR\"},{\"@type\":\"Organization\",\"@id\":\"https:\/\/vlatelie.com\/es\/#organization\",\"name\":\"VLAteli\u00ea e Ateli\u00ea da Decora\u00e7\u00e3o\",\"url\":\"https:\/\/vlatelie.com\/es\/\",\"logo\":{\"@type\":\"ImageObject\",\"inLanguage\":\"fr-FR\",\"@id\":\"https:\/\/vlatelie.com\/es\/#\/schema\/logo\/image\/\",\"url\":\"https:\/\/vlatelie.com\/wp-content\/uploads\/2024\/03\/logo_vlatelie_pink.svg\",\"contentUrl\":\"https:\/\/vlatelie.com\/wp-content\/uploads\/2024\/03\/logo_vlatelie_pink.svg\",\"width\":377,\"height\":127,\"caption\":\"VLAteli\u00ea e Ateli\u00ea da Decora\u00e7\u00e3o\"},\"image\":{\"@id\":\"https:\/\/vlatelie.com\/es\/#\/schema\/logo\/image\/\"},\"sameAs\":[\"https:\/\/www.facebook.com\/ateliedadecora\",\"https:\/\/www.instagram.com\/ateliedadecora\"],\"hasMerchantReturnPolicy\":{\"@type\":\"MerchantReturnPolicy\",\"merchantReturnLink\":\"https:\/\/vlatelie.com\/fr\/politique-de-retour-et-de-remboursement\/\"}}]}<\/script>\n<meta property=\"product:price:amount\" content=\"0.81\" \/>\n<meta property=\"product:price:currency\" content=\"USD\" \/>\n<meta property=\"og:availability\" content=\"instock\" \/>\n<meta property=\"product:availability\" content=\"instock\" \/>\n<meta property=\"product:condition\" content=\"new\" \/>\n<!-- \/ Yoast SEO Premium plugin. -->","yoast_head_json":{"title":"Citrouille heureuse pour t\u00e9l\u00e9chargement instantan\u00e9 SVG PNG EPS DXF JPG - VLAteli\u00ea et Ateli\u00ea da Decora\u00e7\u00e3o","description":"Joyeuse citrouille aux formats svg, png, eps, dxf et jpg. Vous cherchez un moyen cr\u00e9atif de donner vie \u00e0 vos id\u00e9es ? Visitez notre site web !","robots":{"index":"index","follow":"follow","max-snippet":"max-snippet:-1","max-image-preview":"max-image-preview:large","max-video-preview":"max-video-preview:-1"},"canonical":"https:\/\/vlatelie.com\/fr\/boutique\/articles-numeriques\/coracao-riscado-telechargement-instantane-svg-png-eps-dxf-jpg-telechargement-numerique-2\/","og_locale":"fr_FR","og_type":"article","og_title":"Ab\u00f3bora Feliz para Download Imediato em SVG, PNG, EPS, DXF e JPG","og_description":"Abobora feliz em ficheiros nos formatos svg, png, eps, dxf e jpg. Procurando uma maneira criativa de dar vida \u00e0s suas ideias? Visite nosso site!","og_url":"https:\/\/vlatelie.com\/fr\/boutique\/articles-numeriques\/coracao-riscado-telechargement-instantane-svg-png-eps-dxf-jpg-telechargement-numerique-2\/","og_site_name":"VLAteli\u00ea e Ateli\u00ea da Decora\u00e7\u00e3o","article_publisher":"https:\/\/www.facebook.com\/ateliedadecora","article_modified_time":"2025-07-22T23:44:03+00:00","og_image":[{"width":600,"height":600,"url":"https:\/\/vlatelie.com\/wp-content\/uploads\/2024\/07\/abobora_feliz.jpg","type":"image\/jpeg"}],"twitter_card":"summary_large_image","twitter_misc":{"Prix":"0,81&#36;","Disponibilit\u00e9":"En stock"},"schema":{"@context":"https:\/\/schema.org","@graph":[{"@type":["WebPage","ItemPage"],"@id":"https:\/\/vlatelie.com\/fr\/boutique\/articles-numeriques\/coracao-riscado-telechargement-instantane-svg-png-eps-dxf-jpg-telechargement-numerique-2\/","url":"https:\/\/vlatelie.com\/fr\/boutique\/articles-numeriques\/coracao-riscado-telechargement-instantane-svg-png-eps-dxf-jpg-telechargement-numerique-2\/","name":"Citrouille heureuse pour t\u00e9l\u00e9chargement instantan\u00e9 SVG PNG EPS DXF JPG - VLAteli\u00ea et Ateli\u00ea da Decora\u00e7\u00e3o","isPartOf":{"@id":"https:\/\/vlatelie.com\/es\/#website"},"primaryImageOfPage":{"@id":"https:\/\/vlatelie.com\/fr\/boutique\/articles-numeriques\/coracao-riscado-telechargement-instantane-svg-png-eps-dxf-jpg-telechargement-numerique-2\/#primaryimage"},"image":{"@id":"https:\/\/vlatelie.com\/fr\/boutique\/articles-numeriques\/coracao-riscado-telechargement-instantane-svg-png-eps-dxf-jpg-telechargement-numerique-2\/#primaryimage"},"thumbnailUrl":"https:\/\/vlatelie.com\/wp-content\/uploads\/2024\/07\/abobora_feliz.jpg","datePublished":"2024-07-08T21:10:21+00:00","dateModified":"2025-07-22T23:44:03+00:00","description":"Joyeuse citrouille aux formats svg, png, eps, dxf et jpg. Vous cherchez un moyen cr\u00e9atif de donner vie \u00e0 vos id\u00e9es ? Visitez notre site web !","breadcrumb":{"@id":"https:\/\/vlatelie.com\/fr\/boutique\/articles-numeriques\/coracao-riscado-telechargement-instantane-svg-png-eps-dxf-jpg-telechargement-numerique-2\/#breadcrumb"},"inLanguage":"fr-FR","potentialAction":[{"@type":"ReadAction","target":["https:\/\/vlatelie.com\/fr\/boutique\/articles-numeriques\/coracao-riscado-telechargement-instantane-svg-png-eps-dxf-jpg-telechargement-numerique-2\/"]}]},{"@type":"ImageObject","inLanguage":"fr-FR","@id":"https:\/\/vlatelie.com\/fr\/boutique\/articles-numeriques\/coracao-riscado-telechargement-instantane-svg-png-eps-dxf-jpg-telechargement-numerique-2\/#primaryimage","url":"https:\/\/vlatelie.com\/wp-content\/uploads\/2024\/07\/abobora_feliz.jpg","contentUrl":"https:\/\/vlatelie.com\/wp-content\/uploads\/2024\/07\/abobora_feliz.jpg","width":600,"height":600,"caption":"abobora feliz, ficheiro png svg jpg"},{"@type":"BreadcrumbList","@id":"https:\/\/vlatelie.com\/fr\/boutique\/articles-numeriques\/coracao-riscado-telechargement-instantane-svg-png-eps-dxf-jpg-telechargement-numerique-2\/#breadcrumb","itemListElement":[{"@type":"ListItem","position":1,"name":"In\u00edcio","item":"https:\/\/vlatelie.com\/fr\/"},{"@type":"ListItem","position":2,"name":"Shop","item":"https:\/\/vlatelie.com\/es\/tienda\/"},{"@type":"ListItem","position":3,"name":"Ab\u00f3bora Feliz para Download Imediato em SVG, PNG, EPS, DXF e JPG"}]},{"@type":"WebSite","@id":"https:\/\/vlatelie.com\/es\/#website","url":"https:\/\/vlatelie.com\/es\/","name":"VLAteli\u00ea et Ateli\u00ea da Decora\u00e7\u00e3o","description":"O\u00f9 chaque pi\u00e8ce raconte une histoire","publisher":{"@id":"https:\/\/vlatelie.com\/es\/#organization"},"alternateName":"VLAteli\u00ea","potentialAction":[{"@type":"SearchAction","target":{"@type":"EntryPoint","urlTemplate":"https:\/\/vlatelie.com\/es\/?s={search_term_string}"},"query-input":{"@type":"PropertyValueSpecification","valueRequired":true,"valueName":"search_term_string"}}],"inLanguage":"fr-FR"},{"@type":"Organization","@id":"https:\/\/vlatelie.com\/es\/#organization","name":"VLAteli\u00ea et Ateli\u00ea da Decora\u00e7\u00e3o","url":"https:\/\/vlatelie.com\/es\/","logo":{"@type":"ImageObject","inLanguage":"fr-FR","@id":"https:\/\/vlatelie.com\/es\/#\/schema\/logo\/image\/","url":"https:\/\/vlatelie.com\/wp-content\/uploads\/2024\/03\/logo_vlatelie_pink.svg","contentUrl":"https:\/\/vlatelie.com\/wp-content\/uploads\/2024\/03\/logo_vlatelie_pink.svg","width":377,"height":127,"caption":"VLAteli\u00ea e Ateli\u00ea da Decora\u00e7\u00e3o"},"image":{"@id":"https:\/\/vlatelie.com\/es\/#\/schema\/logo\/image\/"},"sameAs":["https:\/\/www.facebook.com\/ateliedadecora","https:\/\/www.instagram.com\/ateliedadecora"],"hasMerchantReturnPolicy":{"@type":"MerchantReturnPolicy","merchantReturnLink":"https:\/\/vlatelie.com\/fr\/politique-de-retour-et-de-remboursement\/"}}]},"product_price_amount":"0.81","product_price_currency":"USD","og_availability":"instock","product_availability":"instock","product_condition":"new"},"_links":{"self":[{"href":"https:\/\/vlatelie.com\/fr\/wp-json\/wp\/v2\/product\/16845","targetHints":{"allow":["GET"]}}],"collection":[{"href":"https:\/\/vlatelie.com\/fr\/wp-json\/wp\/v2\/product"}],"about":[{"href":"https:\/\/vlatelie.com\/fr\/wp-json\/wp\/v2\/types\/product"}],"replies":[{"embeddable":true,"href":"https:\/\/vlatelie.com\/fr\/wp-json\/wp\/v2\/comments?post=16845"}],"version-history":[{"count":0,"href":"https:\/\/vlatelie.com\/fr\/wp-json\/wp\/v2\/product\/16845\/revisions"}],"wp:featuredmedia":[{"embeddable":true,"href":"https:\/\/vlatelie.com\/fr\/wp-json\/wp\/v2\/media\/16846"}],"wp:attachment":[{"href":"https:\/\/vlatelie.com\/fr\/wp-json\/wp\/v2\/media?parent=16845"}],"wp:term":[{"taxonomy":"product_brand","embeddable":true,"href":"https:\/\/vlatelie.com\/fr\/wp-json\/wp\/v2\/product_brand?post=16845"},{"taxonomy":"product_cat","embeddable":true,"href":"https:\/\/vlatelie.com\/fr\/wp-json\/wp\/v2\/product_cat?post=16845"},{"taxonomy":"product_tag","embeddable":true,"href":"https:\/\/vlatelie.com\/fr\/wp-json\/wp\/v2\/product_tag?post=16845"}],"curies":[{"name":"wp","href":"https:\/\/api.w.org\/{rel}","templated":true}]}}