{"id":16895,"date":"2024-10-01T16:06:26","date_gmt":"2024-10-01T15:06:26","guid":{"rendered":"https:\/\/vlatelie.com\/?post_type=product&#038;p=16895"},"modified":"2025-07-22T20:42:57","modified_gmt":"2025-07-22T23:42:57","slug":"coracao-riscado-telechargement-instantane-svg-png-eps-dxf-jpg-telechargement-numerique-3","status":"publish","type":"product","link":"https:\/\/vlatelie.com\/fr\/boutique\/articles-numeriques\/coracao-riscado-telechargement-instantane-svg-png-eps-dxf-jpg-telechargement-numerique-3\/","title":{"rendered":"Moule pour bo\u00eete ronde \u00e0 t\u00e9l\u00e9charger imm\u00e9diatement en svg, dxf et pdf"},"content":{"rendered":"<h1 class=\"wt-flex-grow-xs-1 wt-break-word wt-mr-lg-4 wt-text-title-larger\" title=\"SVG cheval T\u00e9l\u00e9chargement instantan\u00e9 SVG, PNG, eps, dxf, jpg t\u00e9l\u00e9chargement num\u00e9rique\">Moule pour bo\u00eete ronde \u00e0 t\u00e9l\u00e9charger imm\u00e9diatement en svg, dxf et pdf<\/h1>\n<p>Vous cherchez un moyen cr\u00e9atif de donner vie \u00e0 vos id\u00e9es ?<\/p>\n<p>Nous vous pr\u00e9sentons une collection d'images de haute qualit\u00e9 au format ZIP qui vont r\u00e9volutionner votre cr\u00e9ativit\u00e9 !<\/p>\n<p><strong>Ce que vous obtenez :<\/strong><\/p>\n<p>\ud83d\udccf Tailles personnalisables : les images sont disponibles dans des formats modifiables, ce qui signifie que vous pouvez ajuster la taille en fonction de vos besoins.<\/p>\n<p>Qualit\u00e9 sup\u00e9rieure : toutes les images ont \u00e9t\u00e9 soigneusement cr\u00e9\u00e9es par des designers talentueux, ce qui garantit une qualit\u00e9 d'impression optimale.<\/p>\n<p>Facilit\u00e9 d'utilisation : les fichiers ZIP sont accompagn\u00e9s d'instructions claires et sont compatibles avec les principaux programmes d'\u00e9dition graphique. Il n'est pas n\u00e9cessaire d'\u00eatre un expert pour cr\u00e9er des dessins \u00e9tonnants.<\/p>\n<p>\ud83d\udca1 Inspiration infinie : Lib\u00e9rez votre cr\u00e9ativit\u00e9 et concr\u00e9tisez vos id\u00e9es gr\u00e2ce \u00e0 ces images polyvalentes.<\/p>","protected":false},"excerpt":{"rendered":"<p>Vous cherchez un moyen cr\u00e9atif de donner vie \u00e0 vos id\u00e9es ? Voici une collection d'images de haute qualit\u00e9 au format ZIP qui va r\u00e9volutionner votre cr\u00e9ativit\u00e9 ! Nous fournissons un fichier de haute qualit\u00e9 dans les formats suivants : svg, dxf et jpg.<\/p>","protected":false},"featured_media":16960,"comment_status":"open","ping_status":"closed","template":"","meta":[],"product_brand":[],"product_cat":[29,147],"product_tag":[125,126,127,124],"class_list":{"0":"post-16895","1":"product","2":"type-product","3":"status-publish","4":"has-post-thumbnail","6":"product_cat-artigos-digitais","7":"product_cat-moldes","8":"product_tag-caixa-redonda-molde","9":"product_tag-caixa-redonda-pdf","10":"product_tag-caixa-svg","11":"product_tag-molde","13":"first","14":"instock","15":"downloadable","16":"virtual","17":"sold-individually","18":"purchasable","19":"product-type-simple"},"ct_brands":[],"yoast_head":"<!-- This site is optimized with the Yoast SEO Premium plugin v27.2 (Yoast SEO v27.2) - https:\/\/yoast.com\/product\/yoast-seo-premium-wordpress\/ -->\n<title>Molde de Caixa Redonda para Download Imediato em svg, dxf e pdf - VLAteli\u00ea e Ateli\u00ea da Decora\u00e7\u00e3o<\/title>\n<meta name=\"description\" content=\"Disponibilizamos um ficheiro em formato ZIP de alta qualidade nos formatos: svg, dxf e jpg, que vai revolucionar sua criatividade!\" \/>\n<meta name=\"robots\" content=\"index, follow, max-snippet:-1, max-image-preview:large, max-video-preview:-1\" \/>\n<link rel=\"canonical\" href=\"https:\/\/vlatelie.com\/fr\/boutique\/articles-numeriques\/coracao-riscado-telechargement-instantane-svg-png-eps-dxf-jpg-telechargement-numerique-3\/\" \/>\n<meta property=\"og:locale\" content=\"fr_FR\" \/>\n<meta property=\"og:type\" content=\"article\" \/>\n<meta property=\"og:title\" content=\"Molde de Caixa Redonda para Download Imediato em svg, dxf e pdf\" \/>\n<meta property=\"og:description\" content=\"Disponibilizamos um ficheiro em formato ZIP de alta qualidade nos formatos: svg, dxf e jpg, que vai revolucionar sua criatividade!\" \/>\n<meta property=\"og:url\" content=\"https:\/\/vlatelie.com\/fr\/boutique\/articles-numeriques\/coracao-riscado-telechargement-instantane-svg-png-eps-dxf-jpg-telechargement-numerique-3\/\" \/>\n<meta property=\"og:site_name\" content=\"VLAteli\u00ea e Ateli\u00ea da Decora\u00e7\u00e3o\" \/>\n<meta property=\"article:publisher\" content=\"https:\/\/www.facebook.com\/ateliedadecora\" \/>\n<meta property=\"article:modified_time\" content=\"2025-07-22T23:42:57+00:00\" \/>\n<meta property=\"og:image\" content=\"https:\/\/vlatelie.com\/wp-content\/uploads\/2024\/10\/caixa-redonda-60xD80_mm.jpg\" \/>\n\t<meta property=\"og:image:width\" content=\"600\" \/>\n\t<meta property=\"og:image:height\" content=\"600\" \/>\n\t<meta property=\"og:image:type\" content=\"image\/jpeg\" \/>\n<meta name=\"twitter:card\" content=\"summary_large_image\" \/>\n<meta name=\"twitter:label1\" content=\"Prix\" \/>\n\t<meta name=\"twitter:data1\" content=\"0,92&#036;\" \/>\n\t<meta name=\"twitter:label2\" content=\"Disponibilit\u00e9\" \/>\n\t<meta name=\"twitter:data2\" content=\"En stock\" \/>\n<script type=\"application\/ld+json\" class=\"yoast-schema-graph\">{\"@context\":\"https:\/\/schema.org\",\"@graph\":[{\"@type\":[\"WebPage\",\"ItemPage\"],\"@id\":\"https:\/\/vlatelie.com\/shop\/artigos-digitais\/molde-de-caixa-redonda-para-download-svg-dxf-pdf\/\",\"url\":\"https:\/\/vlatelie.com\/shop\/artigos-digitais\/molde-de-caixa-redonda-para-download-svg-dxf-pdf\/\",\"name\":\"Molde de Caixa Redonda para Download Imediato em svg, dxf e pdf - VLAteli\u00ea e Ateli\u00ea da Decora\u00e7\u00e3o\",\"isPartOf\":{\"@id\":\"https:\/\/floralwhite-whale-967499.hostingersite.com\/#website\"},\"primaryImageOfPage\":{\"@id\":\"https:\/\/vlatelie.com\/shop\/artigos-digitais\/molde-de-caixa-redonda-para-download-svg-dxf-pdf\/#primaryimage\"},\"image\":{\"@id\":\"https:\/\/vlatelie.com\/shop\/artigos-digitais\/molde-de-caixa-redonda-para-download-svg-dxf-pdf\/#primaryimage\"},\"thumbnailUrl\":\"https:\/\/vlatelie.com\/wp-content\/uploads\/2024\/10\/caixa-redonda-60xD80_mm.jpg\",\"datePublished\":\"2024-10-01T15:06:26+00:00\",\"dateModified\":\"2025-07-22T23:42:57+00:00\",\"description\":\"Disponibilizamos um ficheiro em formato ZIP de alta qualidade nos formatos: svg, dxf e jpg, que vai revolucionar sua criatividade!\",\"breadcrumb\":{\"@id\":\"https:\/\/vlatelie.com\/shop\/artigos-digitais\/molde-de-caixa-redonda-para-download-svg-dxf-pdf\/#breadcrumb\"},\"inLanguage\":\"fr-FR\",\"potentialAction\":[{\"@type\":\"ReadAction\",\"target\":[\"https:\/\/vlatelie.com\/shop\/artigos-digitais\/molde-de-caixa-redonda-para-download-svg-dxf-pdf\/\"]}]},{\"@type\":\"ImageObject\",\"inLanguage\":\"fr-FR\",\"@id\":\"https:\/\/vlatelie.com\/shop\/artigos-digitais\/molde-de-caixa-redonda-para-download-svg-dxf-pdf\/#primaryimage\",\"url\":\"https:\/\/vlatelie.com\/wp-content\/uploads\/2024\/10\/caixa-redonda-60xD80_mm.jpg\",\"contentUrl\":\"https:\/\/vlatelie.com\/wp-content\/uploads\/2024\/10\/caixa-redonda-60xD80_mm.jpg\",\"width\":600,\"height\":600,\"caption\":\"Molde de caixa redonda preta e rosa\"},{\"@type\":\"BreadcrumbList\",\"@id\":\"https:\/\/vlatelie.com\/shop\/artigos-digitais\/molde-de-caixa-redonda-para-download-svg-dxf-pdf\/#breadcrumb\",\"itemListElement\":[{\"@type\":\"ListItem\",\"position\":1,\"name\":\"In\u00edcio\",\"item\":\"https:\/\/floralwhite-whale-967499.hostingersite.com\/\"},{\"@type\":\"ListItem\",\"position\":2,\"name\":\"Shop\",\"item\":\"https:\/\/floralwhite-whale-967499.hostingersite.com\/shop\/\"},{\"@type\":\"ListItem\",\"position\":3,\"name\":\"Molde de Caixa Redonda para Download Imediato em svg, dxf e pdf\"}]},{\"@type\":\"WebSite\",\"@id\":\"https:\/\/floralwhite-whale-967499.hostingersite.com\/#website\",\"url\":\"https:\/\/floralwhite-whale-967499.hostingersite.com\/\",\"name\":\"VLAteli\u00ea e Ateli\u00ea da Decora\u00e7\u00e3o\",\"description\":\"Onde cada pe\u00e7a conta uma hist\u00f3ria\",\"publisher\":{\"@id\":\"https:\/\/floralwhite-whale-967499.hostingersite.com\/#organization\"},\"alternateName\":\"VLAteli\u00ea\",\"potentialAction\":[{\"@type\":\"SearchAction\",\"target\":{\"@type\":\"EntryPoint\",\"urlTemplate\":\"https:\/\/floralwhite-whale-967499.hostingersite.com\/?s={search_term_string}\"},\"query-input\":{\"@type\":\"PropertyValueSpecification\",\"valueRequired\":true,\"valueName\":\"search_term_string\"}}],\"inLanguage\":\"fr-FR\"},{\"@type\":\"Organization\",\"@id\":\"https:\/\/floralwhite-whale-967499.hostingersite.com\/#organization\",\"name\":\"VLAteli\u00ea e Ateli\u00ea da Decora\u00e7\u00e3o\",\"url\":\"https:\/\/floralwhite-whale-967499.hostingersite.com\/\",\"logo\":{\"@type\":\"ImageObject\",\"inLanguage\":\"fr-FR\",\"@id\":\"https:\/\/floralwhite-whale-967499.hostingersite.com\/#\/schema\/logo\/image\/\",\"url\":\"https:\/\/vlatelie.com\/wp-content\/uploads\/2024\/03\/logo_vlatelie_pink.svg\",\"contentUrl\":\"https:\/\/vlatelie.com\/wp-content\/uploads\/2024\/03\/logo_vlatelie_pink.svg\",\"width\":377,\"height\":127,\"caption\":\"VLAteli\u00ea e Ateli\u00ea da Decora\u00e7\u00e3o\"},\"image\":{\"@id\":\"https:\/\/floralwhite-whale-967499.hostingersite.com\/#\/schema\/logo\/image\/\"},\"sameAs\":[\"https:\/\/www.facebook.com\/ateliedadecora\",\"https:\/\/www.instagram.com\/ateliedadecora\"],\"hasMerchantReturnPolicy\":{\"@type\":\"MerchantReturnPolicy\",\"merchantReturnLink\":\"https:\/\/vlatelie.com\/fr\/politique-de-retour-et-de-remboursement\/\"}}]}<\/script>\n<meta property=\"product:price:amount\" content=\"0.92\" \/>\n<meta property=\"product:price:currency\" content=\"USD\" \/>\n<meta property=\"og:availability\" content=\"instock\" \/>\n<meta property=\"product:availability\" content=\"instock\" \/>\n<meta property=\"product:condition\" content=\"new\" \/>\n<!-- \/ Yoast SEO Premium plugin. -->","yoast_head_json":{"title":"Moule pour bo\u00eete ronde \u00e0 t\u00e9l\u00e9charger instantan\u00e9ment en svg, dxf et pdf - VLAteli\u00ea e Ateli\u00ea da Decora\u00e7\u00e3o","description":"Nous fournissons un fichier ZIP de haute qualit\u00e9 dans les formats suivants : svg, dxf et jpg, qui va r\u00e9volutionner votre cr\u00e9ativit\u00e9 !","robots":{"index":"index","follow":"follow","max-snippet":"max-snippet:-1","max-image-preview":"max-image-preview:large","max-video-preview":"max-video-preview:-1"},"canonical":"https:\/\/vlatelie.com\/fr\/boutique\/articles-numeriques\/coracao-riscado-telechargement-instantane-svg-png-eps-dxf-jpg-telechargement-numerique-3\/","og_locale":"fr_FR","og_type":"article","og_title":"Molde de Caixa Redonda para Download Imediato em svg, dxf e pdf","og_description":"Disponibilizamos um ficheiro em formato ZIP de alta qualidade nos formatos: svg, dxf e jpg, que vai revolucionar sua criatividade!","og_url":"https:\/\/vlatelie.com\/fr\/boutique\/articles-numeriques\/coracao-riscado-telechargement-instantane-svg-png-eps-dxf-jpg-telechargement-numerique-3\/","og_site_name":"VLAteli\u00ea e Ateli\u00ea da Decora\u00e7\u00e3o","article_publisher":"https:\/\/www.facebook.com\/ateliedadecora","article_modified_time":"2025-07-22T23:42:57+00:00","og_image":[{"width":600,"height":600,"url":"https:\/\/vlatelie.com\/wp-content\/uploads\/2024\/10\/caixa-redonda-60xD80_mm.jpg","type":"image\/jpeg"}],"twitter_card":"summary_large_image","twitter_misc":{"Prix":"0,92&#36;","Disponibilit\u00e9":"En stock"},"schema":{"@context":"https:\/\/schema.org","@graph":[{"@type":["WebPage","ItemPage"],"@id":"https:\/\/vlatelie.com\/shop\/artigos-digitais\/molde-de-caixa-redonda-para-download-svg-dxf-pdf\/","url":"https:\/\/vlatelie.com\/shop\/artigos-digitais\/molde-de-caixa-redonda-para-download-svg-dxf-pdf\/","name":"Moule pour bo\u00eete ronde \u00e0 t\u00e9l\u00e9charger instantan\u00e9ment en svg, dxf et pdf - VLAteli\u00ea e Ateli\u00ea da Decora\u00e7\u00e3o","isPartOf":{"@id":"https:\/\/floralwhite-whale-967499.hostingersite.com\/#website"},"primaryImageOfPage":{"@id":"https:\/\/vlatelie.com\/shop\/artigos-digitais\/molde-de-caixa-redonda-para-download-svg-dxf-pdf\/#primaryimage"},"image":{"@id":"https:\/\/vlatelie.com\/shop\/artigos-digitais\/molde-de-caixa-redonda-para-download-svg-dxf-pdf\/#primaryimage"},"thumbnailUrl":"https:\/\/vlatelie.com\/wp-content\/uploads\/2024\/10\/caixa-redonda-60xD80_mm.jpg","datePublished":"2024-10-01T15:06:26+00:00","dateModified":"2025-07-22T23:42:57+00:00","description":"Nous fournissons un fichier ZIP de haute qualit\u00e9 dans les formats suivants : svg, dxf et jpg, qui va r\u00e9volutionner votre cr\u00e9ativit\u00e9 !","breadcrumb":{"@id":"https:\/\/vlatelie.com\/shop\/artigos-digitais\/molde-de-caixa-redonda-para-download-svg-dxf-pdf\/#breadcrumb"},"inLanguage":"fr-FR","potentialAction":[{"@type":"ReadAction","target":["https:\/\/vlatelie.com\/shop\/artigos-digitais\/molde-de-caixa-redonda-para-download-svg-dxf-pdf\/"]}]},{"@type":"ImageObject","inLanguage":"fr-FR","@id":"https:\/\/vlatelie.com\/shop\/artigos-digitais\/molde-de-caixa-redonda-para-download-svg-dxf-pdf\/#primaryimage","url":"https:\/\/vlatelie.com\/wp-content\/uploads\/2024\/10\/caixa-redonda-60xD80_mm.jpg","contentUrl":"https:\/\/vlatelie.com\/wp-content\/uploads\/2024\/10\/caixa-redonda-60xD80_mm.jpg","width":600,"height":600,"caption":"Molde de caixa redonda preta e rosa"},{"@type":"BreadcrumbList","@id":"https:\/\/vlatelie.com\/shop\/artigos-digitais\/molde-de-caixa-redonda-para-download-svg-dxf-pdf\/#breadcrumb","itemListElement":[{"@type":"ListItem","position":1,"name":"In\u00edcio","item":"https:\/\/floralwhite-whale-967499.hostingersite.com\/"},{"@type":"ListItem","position":2,"name":"Shop","item":"https:\/\/floralwhite-whale-967499.hostingersite.com\/shop\/"},{"@type":"ListItem","position":3,"name":"Molde de Caixa Redonda para Download Imediato em svg, dxf e pdf"}]},{"@type":"WebSite","@id":"https:\/\/floralwhite-whale-967499.hostingersite.com\/#website","url":"https:\/\/floralwhite-whale-967499.hostingersite.com\/","name":"VLAteli\u00ea et Ateli\u00ea da Decora\u00e7\u00e3o","description":"O\u00f9 chaque pi\u00e8ce raconte une histoire","publisher":{"@id":"https:\/\/floralwhite-whale-967499.hostingersite.com\/#organization"},"alternateName":"VLAteli\u00ea","potentialAction":[{"@type":"SearchAction","target":{"@type":"EntryPoint","urlTemplate":"https:\/\/floralwhite-whale-967499.hostingersite.com\/?s={search_term_string}"},"query-input":{"@type":"PropertyValueSpecification","valueRequired":true,"valueName":"search_term_string"}}],"inLanguage":"fr-FR"},{"@type":"Organization","@id":"https:\/\/floralwhite-whale-967499.hostingersite.com\/#organization","name":"VLAteli\u00ea et Ateli\u00ea da Decora\u00e7\u00e3o","url":"https:\/\/floralwhite-whale-967499.hostingersite.com\/","logo":{"@type":"ImageObject","inLanguage":"fr-FR","@id":"https:\/\/floralwhite-whale-967499.hostingersite.com\/#\/schema\/logo\/image\/","url":"https:\/\/vlatelie.com\/wp-content\/uploads\/2024\/03\/logo_vlatelie_pink.svg","contentUrl":"https:\/\/vlatelie.com\/wp-content\/uploads\/2024\/03\/logo_vlatelie_pink.svg","width":377,"height":127,"caption":"VLAteli\u00ea e Ateli\u00ea da Decora\u00e7\u00e3o"},"image":{"@id":"https:\/\/floralwhite-whale-967499.hostingersite.com\/#\/schema\/logo\/image\/"},"sameAs":["https:\/\/www.facebook.com\/ateliedadecora","https:\/\/www.instagram.com\/ateliedadecora"],"hasMerchantReturnPolicy":{"@type":"MerchantReturnPolicy","merchantReturnLink":"https:\/\/vlatelie.com\/fr\/politique-de-retour-et-de-remboursement\/"}}]},"product_price_amount":"0.92","product_price_currency":"USD","og_availability":"instock","product_availability":"instock","product_condition":"new"},"_links":{"self":[{"href":"https:\/\/vlatelie.com\/fr\/wp-json\/wp\/v2\/product\/16895","targetHints":{"allow":["GET"]}}],"collection":[{"href":"https:\/\/vlatelie.com\/fr\/wp-json\/wp\/v2\/product"}],"about":[{"href":"https:\/\/vlatelie.com\/fr\/wp-json\/wp\/v2\/types\/product"}],"replies":[{"embeddable":true,"href":"https:\/\/vlatelie.com\/fr\/wp-json\/wp\/v2\/comments?post=16895"}],"version-history":[{"count":0,"href":"https:\/\/vlatelie.com\/fr\/wp-json\/wp\/v2\/product\/16895\/revisions"}],"wp:featuredmedia":[{"embeddable":true,"href":"https:\/\/vlatelie.com\/fr\/wp-json\/wp\/v2\/media\/16960"}],"wp:attachment":[{"href":"https:\/\/vlatelie.com\/fr\/wp-json\/wp\/v2\/media?parent=16895"}],"wp:term":[{"taxonomy":"product_brand","embeddable":true,"href":"https:\/\/vlatelie.com\/fr\/wp-json\/wp\/v2\/product_brand?post=16895"},{"taxonomy":"product_cat","embeddable":true,"href":"https:\/\/vlatelie.com\/fr\/wp-json\/wp\/v2\/product_cat?post=16895"},{"taxonomy":"product_tag","embeddable":true,"href":"https:\/\/vlatelie.com\/fr\/wp-json\/wp\/v2\/product_tag?post=16895"}],"curies":[{"name":"wp","href":"https:\/\/api.w.org\/{rel}","templated":true}]}}