{"id":17400,"date":"2024-11-24T13:56:50","date_gmt":"2024-11-24T13:56:50","guid":{"rendered":"https:\/\/vlatelie.com\/?post_type=product&#038;p=17400"},"modified":"2025-07-22T20:40:35","modified_gmt":"2025-07-22T23:40:35","slug":"les-mamans-au-bureau-a-domicile","status":"publish","type":"product","link":"https:\/\/vlatelie.com\/fr\/boutique\/articles-numeriques\/les-mamans-au-bureau-a-domicile\/","title":{"rendered":"Les mamans au minist\u00e8re de l'int\u00e9rieur"},"content":{"rendered":"<p>D\u00e9couvrez tous les secrets du travail \u00e0 domicile et des revenus compl\u00e9mentaires pour transformer votre vie.<\/p>\n<p>Mums in the Home Office s'adresse \u00e0 des gens ordinaires comme vous et moi qui ont commenc\u00e9 \u00e0 croire qu'il est possible de changer de vie en travaillant \u00e0 domicile. Sans se montrer, sans exposer sa famille et sans risque. Commencez \u00e0 gagner vos propres revenus sans d\u00e9pendre de personne. De plus, l'e-book vous donnera un aper\u00e7u de la mani\u00e8re dont les gens gagnent de l'argent en ligne. Une excellente id\u00e9e pour commencer \u00e0 gagner l'argent dont vous avez d\u00e9sesp\u00e9r\u00e9ment besoin.<\/p>","protected":false},"excerpt":{"rendered":"<p>D\u00e9couvrez tous les secrets du travail \u00e0 domicile et des revenus compl\u00e9mentaires pour transformer votre vie.<\/p>","protected":false},"featured_media":17395,"comment_status":"open","ping_status":"closed","template":"","meta":[],"product_brand":[],"product_cat":[29],"product_tag":[],"class_list":{"0":"post-17400","1":"product","2":"type-product","3":"status-publish","4":"has-post-thumbnail","6":"product_cat-artigos-digitais","8":"first","9":"instock","10":"sale","11":"downloadable","12":"virtual","13":"sold-individually","14":"purchasable","15":"product-type-simple"},"ct_brands":[],"yoast_head":"<!-- This site is optimized with the Yoast SEO Premium plugin v27.2 (Yoast SEO v27.2) - https:\/\/yoast.com\/product\/yoast-seo-premium-wordpress\/ -->\n<title>Mam\u00e3es no Home Office - VLAteli\u00ea e Ateli\u00ea da Decora\u00e7\u00e3o<\/title>\n<meta name=\"description\" content=\"Este \u00e9 um e-book para pessoas comuns como eu e voc\u00ea que come\u00e7aram a acreditar que \u00e9 poss\u00edvel mudar de vida trabalhando de casa.\" \/>\n<meta name=\"robots\" content=\"index, follow, max-snippet:-1, max-image-preview:large, max-video-preview:-1\" \/>\n<link rel=\"canonical\" href=\"https:\/\/vlatelie.com\/fr\/boutique\/articles-numeriques\/les-mamans-au-bureau-a-domicile\/\" \/>\n<meta property=\"og:locale\" content=\"fr_FR\" \/>\n<meta property=\"og:type\" content=\"article\" \/>\n<meta property=\"og:title\" content=\"Mam\u00e3es no Home Office\" \/>\n<meta property=\"og:description\" content=\"Este \u00e9 um e-book para pessoas comuns como eu e voc\u00ea que come\u00e7aram a acreditar que \u00e9 poss\u00edvel mudar de vida trabalhando de casa.\" \/>\n<meta property=\"og:url\" content=\"https:\/\/vlatelie.com\/fr\/boutique\/articles-numeriques\/les-mamans-au-bureau-a-domicile\/\" \/>\n<meta property=\"og:site_name\" content=\"VLAteli\u00ea e Ateli\u00ea da Decora\u00e7\u00e3o\" \/>\n<meta property=\"article:publisher\" content=\"https:\/\/www.facebook.com\/ateliedadecora\" \/>\n<meta property=\"article:modified_time\" content=\"2025-07-22T23:40:35+00:00\" \/>\n<meta property=\"og:image\" content=\"https:\/\/vlatelie.com\/wp-content\/uploads\/2024\/11\/MamaesNoHomeOffice_ebook.jpg\" \/>\n\t<meta property=\"og:image:width\" content=\"600\" \/>\n\t<meta property=\"og:image:height\" content=\"600\" \/>\n\t<meta property=\"og:image:type\" content=\"image\/jpeg\" \/>\n<meta name=\"twitter:card\" content=\"summary_large_image\" \/>\n<meta name=\"twitter:label1\" content=\"Prix\" \/>\n\t<meta name=\"twitter:data1\" content=\"8,11&#036;\" \/>\n\t<meta name=\"twitter:label2\" content=\"Disponibilit\u00e9\" \/>\n\t<meta name=\"twitter:data2\" content=\"En stock\" \/>\n<script type=\"application\/ld+json\" class=\"yoast-schema-graph\">{\"@context\":\"https:\/\/schema.org\",\"@graph\":[{\"@type\":[\"WebPage\",\"ItemPage\"],\"@id\":\"https:\/\/vlatelie.com\/fr\/boutique\/articles-numeriques\/les-mamans-au-bureau-a-domicile\/\",\"url\":\"https:\/\/vlatelie.com\/fr\/boutique\/articles-numeriques\/les-mamans-au-bureau-a-domicile\/\",\"name\":\"Mam\u00e3es no Home Office - VLAteli\u00ea e Ateli\u00ea da Decora\u00e7\u00e3o\",\"isPartOf\":{\"@id\":\"https:\/\/vlatelie.com\/en\/#website\"},\"primaryImageOfPage\":{\"@id\":\"https:\/\/vlatelie.com\/fr\/boutique\/articles-numeriques\/les-mamans-au-bureau-a-domicile\/#primaryimage\"},\"image\":{\"@id\":\"https:\/\/vlatelie.com\/fr\/boutique\/articles-numeriques\/les-mamans-au-bureau-a-domicile\/#primaryimage\"},\"thumbnailUrl\":\"https:\/\/vlatelie.com\/wp-content\/uploads\/2024\/11\/MamaesNoHomeOffice_ebook.jpg\",\"datePublished\":\"2024-11-24T13:56:50+00:00\",\"dateModified\":\"2025-07-22T23:40:35+00:00\",\"description\":\"Este \u00e9 um e-book para pessoas comuns como eu e voc\u00ea que come\u00e7aram a acreditar que \u00e9 poss\u00edvel mudar de vida trabalhando de casa.\",\"breadcrumb\":{\"@id\":\"https:\/\/vlatelie.com\/fr\/boutique\/articles-numeriques\/les-mamans-au-bureau-a-domicile\/#breadcrumb\"},\"inLanguage\":\"fr-FR\",\"potentialAction\":[{\"@type\":\"ReadAction\",\"target\":[\"https:\/\/vlatelie.com\/fr\/boutique\/articles-numeriques\/les-mamans-au-bureau-a-domicile\/\"]}]},{\"@type\":\"ImageObject\",\"inLanguage\":\"fr-FR\",\"@id\":\"https:\/\/vlatelie.com\/fr\/boutique\/articles-numeriques\/les-mamans-au-bureau-a-domicile\/#primaryimage\",\"url\":\"https:\/\/vlatelie.com\/wp-content\/uploads\/2024\/11\/MamaesNoHomeOffice_ebook.jpg\",\"contentUrl\":\"https:\/\/vlatelie.com\/wp-content\/uploads\/2024\/11\/MamaesNoHomeOffice_ebook.jpg\",\"width\":600,\"height\":600,\"caption\":\"capa ebook mam\u00e3es no home office\"},{\"@type\":\"BreadcrumbList\",\"@id\":\"https:\/\/vlatelie.com\/fr\/boutique\/articles-numeriques\/les-mamans-au-bureau-a-domicile\/#breadcrumb\",\"itemListElement\":[{\"@type\":\"ListItem\",\"position\":1,\"name\":\"In\u00edcio\",\"item\":\"https:\/\/vlatelie.com\/en\/\"},{\"@type\":\"ListItem\",\"position\":2,\"name\":\"Shop\",\"item\":\"https:\/\/floralwhite-whale-967499.hostingersite.com\/en\/shop\/\"},{\"@type\":\"ListItem\",\"position\":3,\"name\":\"Mam\u00e3es no Home Office\"}]},{\"@type\":\"WebSite\",\"@id\":\"https:\/\/vlatelie.com\/en\/#website\",\"url\":\"https:\/\/vlatelie.com\/en\/\",\"name\":\"VLAteli\u00ea e Ateli\u00ea da Decora\u00e7\u00e3o\",\"description\":\"Onde cada pe\u00e7a conta uma hist\u00f3ria\",\"publisher\":{\"@id\":\"https:\/\/vlatelie.com\/en\/#organization\"},\"alternateName\":\"VLAteli\u00ea\",\"potentialAction\":[{\"@type\":\"SearchAction\",\"target\":{\"@type\":\"EntryPoint\",\"urlTemplate\":\"https:\/\/vlatelie.com\/en\/?s={search_term_string}\"},\"query-input\":{\"@type\":\"PropertyValueSpecification\",\"valueRequired\":true,\"valueName\":\"search_term_string\"}}],\"inLanguage\":\"fr-FR\"},{\"@type\":\"Organization\",\"@id\":\"https:\/\/vlatelie.com\/en\/#organization\",\"name\":\"VLAteli\u00ea e Ateli\u00ea da Decora\u00e7\u00e3o\",\"url\":\"https:\/\/vlatelie.com\/en\/\",\"logo\":{\"@type\":\"ImageObject\",\"inLanguage\":\"fr-FR\",\"@id\":\"https:\/\/vlatelie.com\/en\/#\/schema\/logo\/image\/\",\"url\":\"https:\/\/vlatelie.com\/wp-content\/uploads\/2024\/03\/logo_vlatelie_pink.svg\",\"contentUrl\":\"https:\/\/vlatelie.com\/wp-content\/uploads\/2024\/03\/logo_vlatelie_pink.svg\",\"width\":377,\"height\":127,\"caption\":\"VLAteli\u00ea e Ateli\u00ea da Decora\u00e7\u00e3o\"},\"image\":{\"@id\":\"https:\/\/vlatelie.com\/en\/#\/schema\/logo\/image\/\"},\"sameAs\":[\"https:\/\/www.facebook.com\/ateliedadecora\",\"https:\/\/www.instagram.com\/ateliedadecora\"],\"hasMerchantReturnPolicy\":{\"@type\":\"MerchantReturnPolicy\",\"merchantReturnLink\":\"https:\/\/vlatelie.com\/fr\/politique-de-retour-et-de-remboursement\/\"}}]}<\/script>\n<meta property=\"product:price:amount\" content=\"8.11\" \/>\n<meta property=\"product:price:currency\" content=\"USD\" \/>\n<meta property=\"og:availability\" content=\"instock\" \/>\n<meta property=\"product:availability\" content=\"instock\" \/>\n<meta property=\"product:condition\" content=\"new\" \/>\n<!-- \/ Yoast SEO Premium plugin. -->","yoast_head_json":{"title":"Les mamans au minist\u00e8re de l'int\u00e9rieur - VLAteli\u00ea et Ateli\u00ea da Decora\u00e7\u00e3o","description":"Il s'agit d'un livre \u00e9lectronique destin\u00e9 aux personnes ordinaires comme vous et moi qui ont commenc\u00e9 \u00e0 croire qu'il est possible de changer de vie en travaillant \u00e0 domicile.","robots":{"index":"index","follow":"follow","max-snippet":"max-snippet:-1","max-image-preview":"max-image-preview:large","max-video-preview":"max-video-preview:-1"},"canonical":"https:\/\/vlatelie.com\/fr\/boutique\/articles-numeriques\/les-mamans-au-bureau-a-domicile\/","og_locale":"fr_FR","og_type":"article","og_title":"Mam\u00e3es no Home Office","og_description":"Este \u00e9 um e-book para pessoas comuns como eu e voc\u00ea que come\u00e7aram a acreditar que \u00e9 poss\u00edvel mudar de vida trabalhando de casa.","og_url":"https:\/\/vlatelie.com\/fr\/boutique\/articles-numeriques\/les-mamans-au-bureau-a-domicile\/","og_site_name":"VLAteli\u00ea e Ateli\u00ea da Decora\u00e7\u00e3o","article_publisher":"https:\/\/www.facebook.com\/ateliedadecora","article_modified_time":"2025-07-22T23:40:35+00:00","og_image":[{"width":600,"height":600,"url":"https:\/\/vlatelie.com\/wp-content\/uploads\/2024\/11\/MamaesNoHomeOffice_ebook.jpg","type":"image\/jpeg"}],"twitter_card":"summary_large_image","twitter_misc":{"Prix":"8,11&#36;","Disponibilit\u00e9":"En stock"},"schema":{"@context":"https:\/\/schema.org","@graph":[{"@type":["WebPage","ItemPage"],"@id":"https:\/\/vlatelie.com\/fr\/boutique\/articles-numeriques\/les-mamans-au-bureau-a-domicile\/","url":"https:\/\/vlatelie.com\/fr\/boutique\/articles-numeriques\/les-mamans-au-bureau-a-domicile\/","name":"Les mamans au minist\u00e8re de l'int\u00e9rieur - VLAteli\u00ea et Ateli\u00ea da Decora\u00e7\u00e3o","isPartOf":{"@id":"https:\/\/vlatelie.com\/en\/#website"},"primaryImageOfPage":{"@id":"https:\/\/vlatelie.com\/fr\/boutique\/articles-numeriques\/les-mamans-au-bureau-a-domicile\/#primaryimage"},"image":{"@id":"https:\/\/vlatelie.com\/fr\/boutique\/articles-numeriques\/les-mamans-au-bureau-a-domicile\/#primaryimage"},"thumbnailUrl":"https:\/\/vlatelie.com\/wp-content\/uploads\/2024\/11\/MamaesNoHomeOffice_ebook.jpg","datePublished":"2024-11-24T13:56:50+00:00","dateModified":"2025-07-22T23:40:35+00:00","description":"Il s'agit d'un livre \u00e9lectronique destin\u00e9 aux personnes ordinaires comme vous et moi qui ont commenc\u00e9 \u00e0 croire qu'il est possible de changer de vie en travaillant \u00e0 domicile.","breadcrumb":{"@id":"https:\/\/vlatelie.com\/fr\/boutique\/articles-numeriques\/les-mamans-au-bureau-a-domicile\/#breadcrumb"},"inLanguage":"fr-FR","potentialAction":[{"@type":"ReadAction","target":["https:\/\/vlatelie.com\/fr\/boutique\/articles-numeriques\/les-mamans-au-bureau-a-domicile\/"]}]},{"@type":"ImageObject","inLanguage":"fr-FR","@id":"https:\/\/vlatelie.com\/fr\/boutique\/articles-numeriques\/les-mamans-au-bureau-a-domicile\/#primaryimage","url":"https:\/\/vlatelie.com\/wp-content\/uploads\/2024\/11\/MamaesNoHomeOffice_ebook.jpg","contentUrl":"https:\/\/vlatelie.com\/wp-content\/uploads\/2024\/11\/MamaesNoHomeOffice_ebook.jpg","width":600,"height":600,"caption":"capa ebook mam\u00e3es no home office"},{"@type":"BreadcrumbList","@id":"https:\/\/vlatelie.com\/fr\/boutique\/articles-numeriques\/les-mamans-au-bureau-a-domicile\/#breadcrumb","itemListElement":[{"@type":"ListItem","position":1,"name":"In\u00edcio","item":"https:\/\/vlatelie.com\/en\/"},{"@type":"ListItem","position":2,"name":"Shop","item":"https:\/\/floralwhite-whale-967499.hostingersite.com\/en\/shop\/"},{"@type":"ListItem","position":3,"name":"Mam\u00e3es no Home Office"}]},{"@type":"WebSite","@id":"https:\/\/vlatelie.com\/en\/#website","url":"https:\/\/vlatelie.com\/en\/","name":"VLAteli\u00ea et Ateli\u00ea da Decora\u00e7\u00e3o","description":"O\u00f9 chaque pi\u00e8ce raconte une histoire","publisher":{"@id":"https:\/\/vlatelie.com\/en\/#organization"},"alternateName":"VLAteli\u00ea","potentialAction":[{"@type":"SearchAction","target":{"@type":"EntryPoint","urlTemplate":"https:\/\/vlatelie.com\/en\/?s={search_term_string}"},"query-input":{"@type":"PropertyValueSpecification","valueRequired":true,"valueName":"search_term_string"}}],"inLanguage":"fr-FR"},{"@type":"Organization","@id":"https:\/\/vlatelie.com\/en\/#organization","name":"VLAteli\u00ea et Ateli\u00ea da Decora\u00e7\u00e3o","url":"https:\/\/vlatelie.com\/en\/","logo":{"@type":"ImageObject","inLanguage":"fr-FR","@id":"https:\/\/vlatelie.com\/en\/#\/schema\/logo\/image\/","url":"https:\/\/vlatelie.com\/wp-content\/uploads\/2024\/03\/logo_vlatelie_pink.svg","contentUrl":"https:\/\/vlatelie.com\/wp-content\/uploads\/2024\/03\/logo_vlatelie_pink.svg","width":377,"height":127,"caption":"VLAteli\u00ea e Ateli\u00ea da Decora\u00e7\u00e3o"},"image":{"@id":"https:\/\/vlatelie.com\/en\/#\/schema\/logo\/image\/"},"sameAs":["https:\/\/www.facebook.com\/ateliedadecora","https:\/\/www.instagram.com\/ateliedadecora"],"hasMerchantReturnPolicy":{"@type":"MerchantReturnPolicy","merchantReturnLink":"https:\/\/vlatelie.com\/fr\/politique-de-retour-et-de-remboursement\/"}}]},"product_price_amount":"8.11","product_price_currency":"USD","og_availability":"instock","product_availability":"instock","product_condition":"new"},"_links":{"self":[{"href":"https:\/\/vlatelie.com\/fr\/wp-json\/wp\/v2\/product\/17400","targetHints":{"allow":["GET"]}}],"collection":[{"href":"https:\/\/vlatelie.com\/fr\/wp-json\/wp\/v2\/product"}],"about":[{"href":"https:\/\/vlatelie.com\/fr\/wp-json\/wp\/v2\/types\/product"}],"replies":[{"embeddable":true,"href":"https:\/\/vlatelie.com\/fr\/wp-json\/wp\/v2\/comments?post=17400"}],"version-history":[{"count":0,"href":"https:\/\/vlatelie.com\/fr\/wp-json\/wp\/v2\/product\/17400\/revisions"}],"wp:featuredmedia":[{"embeddable":true,"href":"https:\/\/vlatelie.com\/fr\/wp-json\/wp\/v2\/media\/17395"}],"wp:attachment":[{"href":"https:\/\/vlatelie.com\/fr\/wp-json\/wp\/v2\/media?parent=17400"}],"wp:term":[{"taxonomy":"product_brand","embeddable":true,"href":"https:\/\/vlatelie.com\/fr\/wp-json\/wp\/v2\/product_brand?post=17400"},{"taxonomy":"product_cat","embeddable":true,"href":"https:\/\/vlatelie.com\/fr\/wp-json\/wp\/v2\/product_cat?post=17400"},{"taxonomy":"product_tag","embeddable":true,"href":"https:\/\/vlatelie.com\/fr\/wp-json\/wp\/v2\/product_tag?post=17400"}],"curies":[{"name":"wp","href":"https:\/\/api.w.org\/{rel}","templated":true}]}}