{"id":17914,"date":"2025-04-25T15:28:27","date_gmt":"2025-04-25T18:28:27","guid":{"rendered":"https:\/\/vlatelie.com\/?post_type=product&#038;p=17914"},"modified":"2025-07-22T20:39:42","modified_gmt":"2025-07-22T23:39:42","slug":"boite-fete-des-meres-pdf-jpg-png","status":"publish","type":"product","link":"https:\/\/vlatelie.com\/fr\/boutique\/articles-numeriques\/boite-fete-des-meres-pdf-jpg-png\/","title":{"rendered":"Bo\u00eete de f\u00eate des m\u00e8res \u00e0 t\u00e9l\u00e9charger aux formats pdf, jpg et png"},"content":{"rendered":"<h2>Bo\u00eete de f\u00eate des m\u00e8res \u00e0 t\u00e9l\u00e9charger aux formats pdf, jpg et png<\/h2>\n<h3><strong>Ce que vous obtenez :<\/strong><\/h3>\n<p>\ud83d\udccf Tailles personnalisables : les images sont disponibles dans des formats modifiables, ce qui signifie que vous pouvez ajuster la taille en fonction de vos besoins.<\/p>\n<p>Qualit\u00e9 sup\u00e9rieure : toutes les images ont \u00e9t\u00e9 soigneusement cr\u00e9\u00e9es par des designers talentueux, ce qui garantit une qualit\u00e9 d'impression optimale.<\/p>\n<p>Facilit\u00e9 d'utilisation : les fichiers ZIP sont accompagn\u00e9s d'instructions claires et sont compatibles avec les principaux programmes d'\u00e9dition graphique. Il n'est pas n\u00e9cessaire d'\u00eatre un expert pour cr\u00e9er des dessins \u00e9tonnants.<\/p>\n<p>\ud83d\udca1 Inspiration infinie : Lib\u00e9rez votre cr\u00e9ativit\u00e9 et concr\u00e9tisez vos id\u00e9es gr\u00e2ce \u00e0 ces images polyvalentes.<\/p>","protected":false},"excerpt":{"rendered":"<p>Vous cherchez un moyen cr\u00e9atif de donner vie \u00e0 vos id\u00e9es ? Voici une collection d'images de haute qualit\u00e9 au format ZIP qui va r\u00e9volutionner votre cr\u00e9ativit\u00e9 ! Nous fournissons un fichier de haute qualit\u00e9 dans les formats suivants : pdf, png et jpg.<\/p>","protected":false},"featured_media":17916,"comment_status":"open","ping_status":"closed","template":"","meta":[],"product_brand":[],"product_cat":[29],"product_tag":[205,142,124,139,140],"class_list":{"0":"post-17914","1":"product","2":"type-product","3":"status-publish","4":"has-post-thumbnail","6":"product_cat-artigos-digitais","7":"product_tag-cartao-pascoa","8":"product_tag-jpg","9":"product_tag-molde","10":"product_tag-pdf","11":"product_tag-png","13":"first","14":"instock","15":"downloadable","16":"virtual","17":"sold-individually","18":"purchasable","19":"product-type-simple"},"ct_brands":[],"yoast_head":"<!-- This site is optimized with the Yoast SEO Premium plugin v27.2 (Yoast SEO v27.2) - https:\/\/yoast.com\/product\/yoast-seo-premium-wordpress\/ -->\n<title>Caixa Dia das M\u00e3es para download em pdf, jpg e png - VLAteli\u00ea e Ateli\u00ea da Decora\u00e7\u00e3o<\/title>\n<meta name=\"robots\" content=\"index, follow, max-snippet:-1, max-image-preview:large, max-video-preview:-1\" \/>\n<link rel=\"canonical\" href=\"https:\/\/vlatelie.com\/fr\/boutique\/articles-numeriques\/boite-fete-des-meres-pdf-jpg-png\/\" \/>\n<meta property=\"og:locale\" content=\"fr_FR\" \/>\n<meta property=\"og:type\" content=\"article\" \/>\n<meta property=\"og:title\" content=\"Caixa Dia das M\u00e3es para download em pdf, jpg e png\" \/>\n<meta property=\"og:description\" content=\"Procurando uma maneira criativa de dar vida \u00e0s suas ideias? Apresentamos uma cole\u00e7\u00e3o de imagens de alta qualidade em formato ZIP que vai revolucionar sua criatividade! Disponibilizamos um ficheiro de alta qualidade nos formatos: pdf, png e jpg.\" \/>\n<meta property=\"og:url\" content=\"https:\/\/vlatelie.com\/fr\/boutique\/articles-numeriques\/boite-fete-des-meres-pdf-jpg-png\/\" \/>\n<meta property=\"og:site_name\" content=\"VLAteli\u00ea e Ateli\u00ea da Decora\u00e7\u00e3o\" \/>\n<meta property=\"article:publisher\" content=\"https:\/\/www.facebook.com\/ateliedadecora\" \/>\n<meta property=\"article:modified_time\" content=\"2025-07-22T23:39:42+00:00\" \/>\n<meta property=\"og:image\" content=\"https:\/\/vlatelie.com\/wp-content\/uploads\/2025\/04\/caixa_dia_mae_1.jpg\" \/>\n\t<meta property=\"og:image:width\" content=\"600\" \/>\n\t<meta property=\"og:image:height\" content=\"600\" \/>\n\t<meta property=\"og:image:type\" content=\"image\/jpeg\" \/>\n<meta name=\"twitter:card\" content=\"summary_large_image\" \/>\n<meta name=\"twitter:label1\" content=\"Prix\" \/>\n\t<meta name=\"twitter:data1\" content=\"1,35&#036;\" \/>\n\t<meta name=\"twitter:label2\" content=\"Disponibilit\u00e9\" \/>\n\t<meta name=\"twitter:data2\" content=\"En stock\" \/>\n<script type=\"application\/ld+json\" class=\"yoast-schema-graph\">{\"@context\":\"https:\/\/schema.org\",\"@graph\":[{\"@type\":[\"WebPage\",\"ItemPage\"],\"@id\":\"https:\/\/vlatelie.com\/es\/tienda\/digital\/caja-dia-de-la-madre-pdf-jpg-png\/\",\"url\":\"https:\/\/vlatelie.com\/es\/tienda\/digital\/caja-dia-de-la-madre-pdf-jpg-png\/\",\"name\":\"Caixa Dia das M\u00e3es para download em pdf, jpg e png - VLAteli\u00ea e Ateli\u00ea da Decora\u00e7\u00e3o\",\"isPartOf\":{\"@id\":\"https:\/\/vlatelie.com\/es\/#website\"},\"primaryImageOfPage\":{\"@id\":\"https:\/\/vlatelie.com\/es\/tienda\/digital\/caja-dia-de-la-madre-pdf-jpg-png\/#primaryimage\"},\"image\":{\"@id\":\"https:\/\/vlatelie.com\/es\/tienda\/digital\/caja-dia-de-la-madre-pdf-jpg-png\/#primaryimage\"},\"thumbnailUrl\":\"https:\/\/vlatelie.com\/wp-content\/uploads\/2025\/04\/caixa_dia_mae_1.jpg\",\"datePublished\":\"2025-04-25T18:28:27+00:00\",\"dateModified\":\"2025-07-22T23:39:42+00:00\",\"breadcrumb\":{\"@id\":\"https:\/\/vlatelie.com\/es\/tienda\/digital\/caja-dia-de-la-madre-pdf-jpg-png\/#breadcrumb\"},\"inLanguage\":\"fr-FR\",\"potentialAction\":[{\"@type\":\"ReadAction\",\"target\":[\"https:\/\/vlatelie.com\/es\/tienda\/digital\/caja-dia-de-la-madre-pdf-jpg-png\/\"]}]},{\"@type\":\"ImageObject\",\"inLanguage\":\"fr-FR\",\"@id\":\"https:\/\/vlatelie.com\/es\/tienda\/digital\/caja-dia-de-la-madre-pdf-jpg-png\/#primaryimage\",\"url\":\"https:\/\/vlatelie.com\/wp-content\/uploads\/2025\/04\/caixa_dia_mae_1.jpg\",\"contentUrl\":\"https:\/\/vlatelie.com\/wp-content\/uploads\/2025\/04\/caixa_dia_mae_1.jpg\",\"width\":600,\"height\":600,\"caption\":\"Caixa Dia das M\u00e3es, moldes.\"},{\"@type\":\"BreadcrumbList\",\"@id\":\"https:\/\/vlatelie.com\/es\/tienda\/digital\/caja-dia-de-la-madre-pdf-jpg-png\/#breadcrumb\",\"itemListElement\":[{\"@type\":\"ListItem\",\"position\":1,\"name\":\"In\u00edcio\",\"item\":\"https:\/\/vlatelie.com\/fr\/\"},{\"@type\":\"ListItem\",\"position\":2,\"name\":\"Shop\",\"item\":\"https:\/\/vlatelie.com\/es\/tienda\/\"},{\"@type\":\"ListItem\",\"position\":3,\"name\":\"Caixa Dia das M\u00e3es para download em pdf, jpg e png\"}]},{\"@type\":\"WebSite\",\"@id\":\"https:\/\/vlatelie.com\/es\/#website\",\"url\":\"https:\/\/vlatelie.com\/es\/\",\"name\":\"VLAteli\u00ea e Ateli\u00ea da Decora\u00e7\u00e3o\",\"description\":\"Onde cada pe\u00e7a conta uma hist\u00f3ria\",\"publisher\":{\"@id\":\"https:\/\/vlatelie.com\/es\/#organization\"},\"alternateName\":\"VLAteli\u00ea\",\"potentialAction\":[{\"@type\":\"SearchAction\",\"target\":{\"@type\":\"EntryPoint\",\"urlTemplate\":\"https:\/\/vlatelie.com\/es\/?s={search_term_string}\"},\"query-input\":{\"@type\":\"PropertyValueSpecification\",\"valueRequired\":true,\"valueName\":\"search_term_string\"}}],\"inLanguage\":\"fr-FR\"},{\"@type\":\"Organization\",\"@id\":\"https:\/\/vlatelie.com\/es\/#organization\",\"name\":\"VLAteli\u00ea e Ateli\u00ea da Decora\u00e7\u00e3o\",\"url\":\"https:\/\/vlatelie.com\/es\/\",\"logo\":{\"@type\":\"ImageObject\",\"inLanguage\":\"fr-FR\",\"@id\":\"https:\/\/vlatelie.com\/es\/#\/schema\/logo\/image\/\",\"url\":\"https:\/\/vlatelie.com\/wp-content\/uploads\/2024\/03\/logo_vlatelie_pink.svg\",\"contentUrl\":\"https:\/\/vlatelie.com\/wp-content\/uploads\/2024\/03\/logo_vlatelie_pink.svg\",\"width\":377,\"height\":127,\"caption\":\"VLAteli\u00ea e Ateli\u00ea da Decora\u00e7\u00e3o\"},\"image\":{\"@id\":\"https:\/\/vlatelie.com\/es\/#\/schema\/logo\/image\/\"},\"sameAs\":[\"https:\/\/www.facebook.com\/ateliedadecora\",\"https:\/\/www.instagram.com\/ateliedadecora\"],\"hasMerchantReturnPolicy\":{\"@type\":\"MerchantReturnPolicy\",\"merchantReturnLink\":\"https:\/\/vlatelie.com\/fr\/politique-de-retour-et-de-remboursement\/\"}}]}<\/script>\n<meta property=\"product:price:amount\" content=\"1.35\" \/>\n<meta property=\"product:price:currency\" content=\"USD\" \/>\n<meta property=\"og:availability\" content=\"instock\" \/>\n<meta property=\"product:availability\" content=\"instock\" \/>\n<meta property=\"product:condition\" content=\"new\" \/>\n<!-- \/ Yoast SEO Premium plugin. -->","yoast_head_json":{"title":"Coffret f\u00eate des m\u00e8res \u00e0 t\u00e9l\u00e9charger en pdf, jpg et png - VLAteli\u00ea et Ateli\u00ea da Decora\u00e7\u00e3o","robots":{"index":"index","follow":"follow","max-snippet":"max-snippet:-1","max-image-preview":"max-image-preview:large","max-video-preview":"max-video-preview:-1"},"canonical":"https:\/\/vlatelie.com\/fr\/boutique\/articles-numeriques\/boite-fete-des-meres-pdf-jpg-png\/","og_locale":"fr_FR","og_type":"article","og_title":"Caixa Dia das M\u00e3es para download em pdf, jpg e png","og_description":"Procurando uma maneira criativa de dar vida \u00e0s suas ideias? Apresentamos uma cole\u00e7\u00e3o de imagens de alta qualidade em formato ZIP que vai revolucionar sua criatividade! Disponibilizamos um ficheiro de alta qualidade nos formatos: pdf, png e jpg.","og_url":"https:\/\/vlatelie.com\/fr\/boutique\/articles-numeriques\/boite-fete-des-meres-pdf-jpg-png\/","og_site_name":"VLAteli\u00ea e Ateli\u00ea da Decora\u00e7\u00e3o","article_publisher":"https:\/\/www.facebook.com\/ateliedadecora","article_modified_time":"2025-07-22T23:39:42+00:00","og_image":[{"width":600,"height":600,"url":"https:\/\/vlatelie.com\/wp-content\/uploads\/2025\/04\/caixa_dia_mae_1.jpg","type":"image\/jpeg"}],"twitter_card":"summary_large_image","twitter_misc":{"Prix":"1,35&#36;","Disponibilit\u00e9":"En stock"},"schema":{"@context":"https:\/\/schema.org","@graph":[{"@type":["WebPage","ItemPage"],"@id":"https:\/\/vlatelie.com\/es\/tienda\/digital\/caja-dia-de-la-madre-pdf-jpg-png\/","url":"https:\/\/vlatelie.com\/es\/tienda\/digital\/caja-dia-de-la-madre-pdf-jpg-png\/","name":"Coffret f\u00eate des m\u00e8res \u00e0 t\u00e9l\u00e9charger en pdf, jpg et png - VLAteli\u00ea et Ateli\u00ea da Decora\u00e7\u00e3o","isPartOf":{"@id":"https:\/\/vlatelie.com\/es\/#website"},"primaryImageOfPage":{"@id":"https:\/\/vlatelie.com\/es\/tienda\/digital\/caja-dia-de-la-madre-pdf-jpg-png\/#primaryimage"},"image":{"@id":"https:\/\/vlatelie.com\/es\/tienda\/digital\/caja-dia-de-la-madre-pdf-jpg-png\/#primaryimage"},"thumbnailUrl":"https:\/\/vlatelie.com\/wp-content\/uploads\/2025\/04\/caixa_dia_mae_1.jpg","datePublished":"2025-04-25T18:28:27+00:00","dateModified":"2025-07-22T23:39:42+00:00","breadcrumb":{"@id":"https:\/\/vlatelie.com\/es\/tienda\/digital\/caja-dia-de-la-madre-pdf-jpg-png\/#breadcrumb"},"inLanguage":"fr-FR","potentialAction":[{"@type":"ReadAction","target":["https:\/\/vlatelie.com\/es\/tienda\/digital\/caja-dia-de-la-madre-pdf-jpg-png\/"]}]},{"@type":"ImageObject","inLanguage":"fr-FR","@id":"https:\/\/vlatelie.com\/es\/tienda\/digital\/caja-dia-de-la-madre-pdf-jpg-png\/#primaryimage","url":"https:\/\/vlatelie.com\/wp-content\/uploads\/2025\/04\/caixa_dia_mae_1.jpg","contentUrl":"https:\/\/vlatelie.com\/wp-content\/uploads\/2025\/04\/caixa_dia_mae_1.jpg","width":600,"height":600,"caption":"Caixa Dia das M\u00e3es, moldes."},{"@type":"BreadcrumbList","@id":"https:\/\/vlatelie.com\/es\/tienda\/digital\/caja-dia-de-la-madre-pdf-jpg-png\/#breadcrumb","itemListElement":[{"@type":"ListItem","position":1,"name":"In\u00edcio","item":"https:\/\/vlatelie.com\/fr\/"},{"@type":"ListItem","position":2,"name":"Shop","item":"https:\/\/vlatelie.com\/es\/tienda\/"},{"@type":"ListItem","position":3,"name":"Caixa Dia das M\u00e3es para download em pdf, jpg e png"}]},{"@type":"WebSite","@id":"https:\/\/vlatelie.com\/es\/#website","url":"https:\/\/vlatelie.com\/es\/","name":"VLAteli\u00ea et Ateli\u00ea da Decora\u00e7\u00e3o","description":"O\u00f9 chaque pi\u00e8ce raconte une histoire","publisher":{"@id":"https:\/\/vlatelie.com\/es\/#organization"},"alternateName":"VLAteli\u00ea","potentialAction":[{"@type":"SearchAction","target":{"@type":"EntryPoint","urlTemplate":"https:\/\/vlatelie.com\/es\/?s={search_term_string}"},"query-input":{"@type":"PropertyValueSpecification","valueRequired":true,"valueName":"search_term_string"}}],"inLanguage":"fr-FR"},{"@type":"Organization","@id":"https:\/\/vlatelie.com\/es\/#organization","name":"VLAteli\u00ea et Ateli\u00ea da Decora\u00e7\u00e3o","url":"https:\/\/vlatelie.com\/es\/","logo":{"@type":"ImageObject","inLanguage":"fr-FR","@id":"https:\/\/vlatelie.com\/es\/#\/schema\/logo\/image\/","url":"https:\/\/vlatelie.com\/wp-content\/uploads\/2024\/03\/logo_vlatelie_pink.svg","contentUrl":"https:\/\/vlatelie.com\/wp-content\/uploads\/2024\/03\/logo_vlatelie_pink.svg","width":377,"height":127,"caption":"VLAteli\u00ea e Ateli\u00ea da Decora\u00e7\u00e3o"},"image":{"@id":"https:\/\/vlatelie.com\/es\/#\/schema\/logo\/image\/"},"sameAs":["https:\/\/www.facebook.com\/ateliedadecora","https:\/\/www.instagram.com\/ateliedadecora"],"hasMerchantReturnPolicy":{"@type":"MerchantReturnPolicy","merchantReturnLink":"https:\/\/vlatelie.com\/fr\/politique-de-retour-et-de-remboursement\/"}}]},"product_price_amount":"1.35","product_price_currency":"USD","og_availability":"instock","product_availability":"instock","product_condition":"new"},"_links":{"self":[{"href":"https:\/\/vlatelie.com\/fr\/wp-json\/wp\/v2\/product\/17914","targetHints":{"allow":["GET"]}}],"collection":[{"href":"https:\/\/vlatelie.com\/fr\/wp-json\/wp\/v2\/product"}],"about":[{"href":"https:\/\/vlatelie.com\/fr\/wp-json\/wp\/v2\/types\/product"}],"replies":[{"embeddable":true,"href":"https:\/\/vlatelie.com\/fr\/wp-json\/wp\/v2\/comments?post=17914"}],"version-history":[{"count":0,"href":"https:\/\/vlatelie.com\/fr\/wp-json\/wp\/v2\/product\/17914\/revisions"}],"wp:featuredmedia":[{"embeddable":true,"href":"https:\/\/vlatelie.com\/fr\/wp-json\/wp\/v2\/media\/17916"}],"wp:attachment":[{"href":"https:\/\/vlatelie.com\/fr\/wp-json\/wp\/v2\/media?parent=17914"}],"wp:term":[{"taxonomy":"product_brand","embeddable":true,"href":"https:\/\/vlatelie.com\/fr\/wp-json\/wp\/v2\/product_brand?post=17914"},{"taxonomy":"product_cat","embeddable":true,"href":"https:\/\/vlatelie.com\/fr\/wp-json\/wp\/v2\/product_cat?post=17914"},{"taxonomy":"product_tag","embeddable":true,"href":"https:\/\/vlatelie.com\/fr\/wp-json\/wp\/v2\/product_tag?post=17914"}],"curies":[{"name":"wp","href":"https:\/\/api.w.org\/{rel}","templated":true}]}}