{"id":18647,"date":"2025-07-22T13:22:06","date_gmt":"2025-07-22T16:22:06","guid":{"rendered":"https:\/\/vlatelie.com\/?post_type=product&#038;p=18647"},"modified":"2025-07-22T20:33:33","modified_gmt":"2025-07-22T23:33:33","slug":"emballage-creatif-bonbons-durables","status":"publish","type":"product","link":"https:\/\/vlatelie.com\/fr\/boutique\/articles-numeriques\/emballage-creatif-bonbons-durables\/","title":{"rendered":"Emballage cr\u00e9atif des bonbons - Fabriquer, vendre et rentabiliser gr\u00e2ce au d\u00e9veloppement durable"},"content":{"rendered":"<p>Transformez vos friandises en v\u00e9ritables exp\u00e9riences gr\u00e2ce \u00e0 l'e-book <strong>Emballages cr\u00e9atifs : faites, vendez et profitez !<\/strong>. Apprenez \u00e0 faire <strong>emballage durable, fait \u00e0 la main et charmant<\/strong> en utilisant des mat\u00e9riaux abordables tels que le papier kraft, la toile de jute, le tissu et bien d'autres encore. Avec des instructions d\u00e9taill\u00e9es \u00e9tape par \u00e9tape, des moules pratiques et des conseils de marketing, ce guide est id\u00e9al pour tous ceux qui vendent des brigadeiros, des brownies, des cupcakes, des tartes et qui veulent ravir les clients d\u00e8s la premi\u00e8re impression. Mettez en valeur votre produit et d\u00e9marquez-vous avec un emballage qui se vend tout seul.<\/p>","protected":false},"excerpt":{"rendered":"<p>E-book contenant des instructions \u00e9tape par \u00e9tape pour cr\u00e9er des emballages durables, cr\u00e9atifs et \u00e9conomiques pour les bonbons. Id\u00e9al pour ceux qui fabriquent et vendent.<\/p>","protected":false},"featured_media":18646,"comment_status":"open","ping_status":"closed","template":"","meta":[],"product_brand":[],"product_cat":[29],"product_tag":[],"class_list":{"0":"post-18647","1":"product","2":"type-product","3":"status-publish","4":"has-post-thumbnail","6":"product_cat-artigos-digitais","8":"first","9":"instock","10":"sale","11":"downloadable","12":"virtual","13":"sold-individually","14":"taxable","15":"purchasable","16":"product-type-simple"},"ct_brands":[],"yoast_head":"<!-- This site is optimized with the Yoast SEO Premium plugin v27.2 (Yoast SEO v27.2) - https:\/\/yoast.com\/product\/yoast-seo-premium-wordpress\/ -->\n<title>Embalagens Sustent\u00e1veis e Criativas para Doces - VLAteli\u00ea<\/title>\n<meta name=\"description\" content=\"Aprenda a criar embalagens criativas e sustent\u00e1veis para doces e aumente seu lucro com este e-book completo e inspirador!\" \/>\n<meta name=\"robots\" content=\"index, follow, max-snippet:-1, max-image-preview:large, max-video-preview:-1\" \/>\n<link rel=\"canonical\" href=\"https:\/\/vlatelie.com\/fr\/boutique\/articles-numeriques\/emballage-creatif-bonbons-durables\/\" \/>\n<meta property=\"og:locale\" content=\"fr_FR\" \/>\n<meta property=\"og:type\" content=\"article\" \/>\n<meta property=\"og:title\" content=\"Embalagens Criativas para Doces \u2013 Fa\u00e7a, Venda e Lucre com Sustentabilidade\" \/>\n<meta property=\"og:description\" content=\"Aprenda a criar embalagens criativas e sustent\u00e1veis para doces e aumente seu lucro com este e-book completo e inspirador!\" \/>\n<meta property=\"og:url\" content=\"https:\/\/vlatelie.com\/fr\/boutique\/articles-numeriques\/emballage-creatif-bonbons-durables\/\" \/>\n<meta property=\"og:site_name\" content=\"VLAteli\u00ea e Ateli\u00ea da Decora\u00e7\u00e3o\" \/>\n<meta property=\"article:publisher\" content=\"https:\/\/www.facebook.com\/ateliedadecora\" \/>\n<meta property=\"article:modified_time\" content=\"2025-07-22T23:33:33+00:00\" \/>\n<meta property=\"og:image\" content=\"https:\/\/vlatelie.com\/wp-content\/uploads\/2025\/07\/embalagens-criativas-faca-e-venda-com-sustentabilidade-ebook.webp\" \/>\n\t<meta property=\"og:image:width\" content=\"700\" \/>\n\t<meta property=\"og:image:height\" content=\"420\" \/>\n\t<meta property=\"og:image:type\" content=\"image\/webp\" \/>\n<meta name=\"twitter:card\" content=\"summary_large_image\" \/>\n<meta name=\"twitter:label1\" content=\"Prix\" \/>\n\t<meta name=\"twitter:data1\" content=\"8,12&#036; c\/iva\" \/>\n\t<meta name=\"twitter:label2\" content=\"Disponibilit\u00e9\" \/>\n\t<meta name=\"twitter:data2\" content=\"En stock\" \/>\n<script type=\"application\/ld+json\" class=\"yoast-schema-graph\">{\"@context\":\"https:\/\/schema.org\",\"@graph\":[{\"@type\":[\"WebPage\",\"ItemPage\"],\"@id\":\"https:\/\/vlatelie.com\/en\/shop\/digital\/creative-packaging-sustainable-sweets\/\",\"url\":\"https:\/\/vlatelie.com\/en\/shop\/digital\/creative-packaging-sustainable-sweets\/\",\"name\":\"Embalagens Sustent\u00e1veis e Criativas para Doces - VLAteli\u00ea\",\"isPartOf\":{\"@id\":\"https:\/\/vlatelie.com\/es\/#website\"},\"primaryImageOfPage\":{\"@id\":\"https:\/\/vlatelie.com\/en\/shop\/digital\/creative-packaging-sustainable-sweets\/#primaryimage\"},\"image\":{\"@id\":\"https:\/\/vlatelie.com\/en\/shop\/digital\/creative-packaging-sustainable-sweets\/#primaryimage\"},\"thumbnailUrl\":\"https:\/\/vlatelie.com\/wp-content\/uploads\/2025\/07\/embalagens-criativas-faca-e-venda-com-sustentabilidade-ebook.webp\",\"datePublished\":\"2025-07-22T16:22:06+00:00\",\"dateModified\":\"2025-07-22T23:33:33+00:00\",\"description\":\"Aprenda a criar embalagens criativas e sustent\u00e1veis para doces e aumente seu lucro com este e-book completo e inspirador!\",\"breadcrumb\":{\"@id\":\"https:\/\/vlatelie.com\/en\/shop\/digital\/creative-packaging-sustainable-sweets\/#breadcrumb\"},\"inLanguage\":\"fr-FR\",\"potentialAction\":[{\"@type\":\"ReadAction\",\"target\":[\"https:\/\/vlatelie.com\/en\/shop\/digital\/creative-packaging-sustainable-sweets\/\"]}]},{\"@type\":\"ImageObject\",\"inLanguage\":\"fr-FR\",\"@id\":\"https:\/\/vlatelie.com\/en\/shop\/digital\/creative-packaging-sustainable-sweets\/#primaryimage\",\"url\":\"https:\/\/vlatelie.com\/wp-content\/uploads\/2025\/07\/embalagens-criativas-faca-e-venda-com-sustentabilidade-ebook.webp\",\"contentUrl\":\"https:\/\/vlatelie.com\/wp-content\/uploads\/2025\/07\/embalagens-criativas-faca-e-venda-com-sustentabilidade-ebook.webp\",\"width\":700,\"height\":420,\"caption\":\"ebook de embalagens criativas\"},{\"@type\":\"BreadcrumbList\",\"@id\":\"https:\/\/vlatelie.com\/en\/shop\/digital\/creative-packaging-sustainable-sweets\/#breadcrumb\",\"itemListElement\":[{\"@type\":\"ListItem\",\"position\":1,\"name\":\"In\u00edcio\",\"item\":\"https:\/\/vlatelie.com\/fr\/\"},{\"@type\":\"ListItem\",\"position\":2,\"name\":\"Shop\",\"item\":\"https:\/\/vlatelie.com\/es\/tienda\/\"},{\"@type\":\"ListItem\",\"position\":3,\"name\":\"Embalagens Criativas para Doces \u2013 Fa\u00e7a, Venda e Lucre com Sustentabilidade\"}]},{\"@type\":\"WebSite\",\"@id\":\"https:\/\/vlatelie.com\/es\/#website\",\"url\":\"https:\/\/vlatelie.com\/es\/\",\"name\":\"VLAteli\u00ea e Ateli\u00ea da Decora\u00e7\u00e3o\",\"description\":\"Onde cada pe\u00e7a conta uma hist\u00f3ria\",\"publisher\":{\"@id\":\"https:\/\/vlatelie.com\/es\/#organization\"},\"alternateName\":\"VLAteli\u00ea\",\"potentialAction\":[{\"@type\":\"SearchAction\",\"target\":{\"@type\":\"EntryPoint\",\"urlTemplate\":\"https:\/\/vlatelie.com\/es\/?s={search_term_string}\"},\"query-input\":{\"@type\":\"PropertyValueSpecification\",\"valueRequired\":true,\"valueName\":\"search_term_string\"}}],\"inLanguage\":\"fr-FR\"},{\"@type\":\"Organization\",\"@id\":\"https:\/\/vlatelie.com\/es\/#organization\",\"name\":\"VLAteli\u00ea e Ateli\u00ea da Decora\u00e7\u00e3o\",\"url\":\"https:\/\/vlatelie.com\/es\/\",\"logo\":{\"@type\":\"ImageObject\",\"inLanguage\":\"fr-FR\",\"@id\":\"https:\/\/vlatelie.com\/es\/#\/schema\/logo\/image\/\",\"url\":\"https:\/\/vlatelie.com\/wp-content\/uploads\/2024\/03\/logo_vlatelie_pink.svg\",\"contentUrl\":\"https:\/\/vlatelie.com\/wp-content\/uploads\/2024\/03\/logo_vlatelie_pink.svg\",\"width\":377,\"height\":127,\"caption\":\"VLAteli\u00ea e Ateli\u00ea da Decora\u00e7\u00e3o\"},\"image\":{\"@id\":\"https:\/\/vlatelie.com\/es\/#\/schema\/logo\/image\/\"},\"sameAs\":[\"https:\/\/www.facebook.com\/ateliedadecora\",\"https:\/\/www.instagram.com\/ateliedadecora\"],\"hasMerchantReturnPolicy\":{\"@type\":\"MerchantReturnPolicy\",\"merchantReturnLink\":\"https:\/\/vlatelie.com\/fr\/politique-de-retour-et-de-remboursement\/\"}}]}<\/script>\n<meta property=\"product:price:amount\" content=\"8.12\" \/>\n<meta property=\"product:price:currency\" content=\"USD\" \/>\n<meta property=\"og:availability\" content=\"instock\" \/>\n<meta property=\"product:availability\" content=\"instock\" \/>\n<meta property=\"product:condition\" content=\"new\" \/>\n<!-- \/ Yoast SEO Premium plugin. -->","yoast_head_json":{"title":"Emballages durables et cr\u00e9atifs pour les sucreries - VLAteli\u00ea","description":"Apprenez \u00e0 cr\u00e9er des emballages cr\u00e9atifs et durables pour les bonbons et augmentez vos profits gr\u00e2ce \u00e0 cet e-book complet et inspirant !","robots":{"index":"index","follow":"follow","max-snippet":"max-snippet:-1","max-image-preview":"max-image-preview:large","max-video-preview":"max-video-preview:-1"},"canonical":"https:\/\/vlatelie.com\/fr\/boutique\/articles-numeriques\/emballage-creatif-bonbons-durables\/","og_locale":"fr_FR","og_type":"article","og_title":"Embalagens Criativas para Doces \u2013 Fa\u00e7a, Venda e Lucre com Sustentabilidade","og_description":"Aprenda a criar embalagens criativas e sustent\u00e1veis para doces e aumente seu lucro com este e-book completo e inspirador!","og_url":"https:\/\/vlatelie.com\/fr\/boutique\/articles-numeriques\/emballage-creatif-bonbons-durables\/","og_site_name":"VLAteli\u00ea e Ateli\u00ea da Decora\u00e7\u00e3o","article_publisher":"https:\/\/www.facebook.com\/ateliedadecora","article_modified_time":"2025-07-22T23:33:33+00:00","og_image":[{"width":700,"height":420,"url":"https:\/\/vlatelie.com\/wp-content\/uploads\/2025\/07\/embalagens-criativas-faca-e-venda-com-sustentabilidade-ebook.webp","type":"image\/webp"}],"twitter_card":"summary_large_image","twitter_misc":{"Prix":"8,12&#36; c\/iva","Disponibilit\u00e9":"En stock"},"schema":{"@context":"https:\/\/schema.org","@graph":[{"@type":["WebPage","ItemPage"],"@id":"https:\/\/vlatelie.com\/en\/shop\/digital\/creative-packaging-sustainable-sweets\/","url":"https:\/\/vlatelie.com\/en\/shop\/digital\/creative-packaging-sustainable-sweets\/","name":"Emballages durables et cr\u00e9atifs pour les sucreries - VLAteli\u00ea","isPartOf":{"@id":"https:\/\/vlatelie.com\/es\/#website"},"primaryImageOfPage":{"@id":"https:\/\/vlatelie.com\/en\/shop\/digital\/creative-packaging-sustainable-sweets\/#primaryimage"},"image":{"@id":"https:\/\/vlatelie.com\/en\/shop\/digital\/creative-packaging-sustainable-sweets\/#primaryimage"},"thumbnailUrl":"https:\/\/vlatelie.com\/wp-content\/uploads\/2025\/07\/embalagens-criativas-faca-e-venda-com-sustentabilidade-ebook.webp","datePublished":"2025-07-22T16:22:06+00:00","dateModified":"2025-07-22T23:33:33+00:00","description":"Apprenez \u00e0 cr\u00e9er des emballages cr\u00e9atifs et durables pour les bonbons et augmentez vos profits gr\u00e2ce \u00e0 cet e-book complet et inspirant !","breadcrumb":{"@id":"https:\/\/vlatelie.com\/en\/shop\/digital\/creative-packaging-sustainable-sweets\/#breadcrumb"},"inLanguage":"fr-FR","potentialAction":[{"@type":"ReadAction","target":["https:\/\/vlatelie.com\/en\/shop\/digital\/creative-packaging-sustainable-sweets\/"]}]},{"@type":"ImageObject","inLanguage":"fr-FR","@id":"https:\/\/vlatelie.com\/en\/shop\/digital\/creative-packaging-sustainable-sweets\/#primaryimage","url":"https:\/\/vlatelie.com\/wp-content\/uploads\/2025\/07\/embalagens-criativas-faca-e-venda-com-sustentabilidade-ebook.webp","contentUrl":"https:\/\/vlatelie.com\/wp-content\/uploads\/2025\/07\/embalagens-criativas-faca-e-venda-com-sustentabilidade-ebook.webp","width":700,"height":420,"caption":"ebook de embalagens criativas"},{"@type":"BreadcrumbList","@id":"https:\/\/vlatelie.com\/en\/shop\/digital\/creative-packaging-sustainable-sweets\/#breadcrumb","itemListElement":[{"@type":"ListItem","position":1,"name":"In\u00edcio","item":"https:\/\/vlatelie.com\/fr\/"},{"@type":"ListItem","position":2,"name":"Shop","item":"https:\/\/vlatelie.com\/es\/tienda\/"},{"@type":"ListItem","position":3,"name":"Embalagens Criativas para Doces \u2013 Fa\u00e7a, Venda e Lucre com Sustentabilidade"}]},{"@type":"WebSite","@id":"https:\/\/vlatelie.com\/es\/#website","url":"https:\/\/vlatelie.com\/es\/","name":"VLAteli\u00ea et Ateli\u00ea da Decora\u00e7\u00e3o","description":"O\u00f9 chaque pi\u00e8ce raconte une histoire","publisher":{"@id":"https:\/\/vlatelie.com\/es\/#organization"},"alternateName":"VLAteli\u00ea","potentialAction":[{"@type":"SearchAction","target":{"@type":"EntryPoint","urlTemplate":"https:\/\/vlatelie.com\/es\/?s={search_term_string}"},"query-input":{"@type":"PropertyValueSpecification","valueRequired":true,"valueName":"search_term_string"}}],"inLanguage":"fr-FR"},{"@type":"Organization","@id":"https:\/\/vlatelie.com\/es\/#organization","name":"VLAteli\u00ea et Ateli\u00ea da Decora\u00e7\u00e3o","url":"https:\/\/vlatelie.com\/es\/","logo":{"@type":"ImageObject","inLanguage":"fr-FR","@id":"https:\/\/vlatelie.com\/es\/#\/schema\/logo\/image\/","url":"https:\/\/vlatelie.com\/wp-content\/uploads\/2024\/03\/logo_vlatelie_pink.svg","contentUrl":"https:\/\/vlatelie.com\/wp-content\/uploads\/2024\/03\/logo_vlatelie_pink.svg","width":377,"height":127,"caption":"VLAteli\u00ea e Ateli\u00ea da Decora\u00e7\u00e3o"},"image":{"@id":"https:\/\/vlatelie.com\/es\/#\/schema\/logo\/image\/"},"sameAs":["https:\/\/www.facebook.com\/ateliedadecora","https:\/\/www.instagram.com\/ateliedadecora"],"hasMerchantReturnPolicy":{"@type":"MerchantReturnPolicy","merchantReturnLink":"https:\/\/vlatelie.com\/fr\/politique-de-retour-et-de-remboursement\/"}}]},"product_price_amount":"8.12","product_price_currency":"USD","og_availability":"instock","product_availability":"instock","product_condition":"new"},"_links":{"self":[{"href":"https:\/\/vlatelie.com\/fr\/wp-json\/wp\/v2\/product\/18647","targetHints":{"allow":["GET"]}}],"collection":[{"href":"https:\/\/vlatelie.com\/fr\/wp-json\/wp\/v2\/product"}],"about":[{"href":"https:\/\/vlatelie.com\/fr\/wp-json\/wp\/v2\/types\/product"}],"replies":[{"embeddable":true,"href":"https:\/\/vlatelie.com\/fr\/wp-json\/wp\/v2\/comments?post=18647"}],"version-history":[{"count":0,"href":"https:\/\/vlatelie.com\/fr\/wp-json\/wp\/v2\/product\/18647\/revisions"}],"wp:featuredmedia":[{"embeddable":true,"href":"https:\/\/vlatelie.com\/fr\/wp-json\/wp\/v2\/media\/18646"}],"wp:attachment":[{"href":"https:\/\/vlatelie.com\/fr\/wp-json\/wp\/v2\/media?parent=18647"}],"wp:term":[{"taxonomy":"product_brand","embeddable":true,"href":"https:\/\/vlatelie.com\/fr\/wp-json\/wp\/v2\/product_brand?post=18647"},{"taxonomy":"product_cat","embeddable":true,"href":"https:\/\/vlatelie.com\/fr\/wp-json\/wp\/v2\/product_cat?post=18647"},{"taxonomy":"product_tag","embeddable":true,"href":"https:\/\/vlatelie.com\/fr\/wp-json\/wp\/v2\/product_tag?post=18647"}],"curies":[{"name":"wp","href":"https:\/\/api.w.org\/{rel}","templated":true}]}}